{"id":213172,"date":"2025-10-13T21:12:09","date_gmt":"2025-10-13T19:12:09","guid":{"rendered":"https:\/\/www.voustensports.com\/stone-island-sweat-shirt-a-capuche-zippe-gris-plomb-41528\/"},"modified":"2026-02-05T12:36:22","modified_gmt":"2026-02-05T11:36:22","slug":"stone-island-sweat-shirt-a-capuche-zippe-gris-plomb-41528","status":"publish","type":"product","link":"https:\/\/www.voustensports.com\/fr\/stone-island-sweat-shirt-a-capuche-zippe-gris-plomb-41528\/","title":{"rendered":"STONE ISLAND &#8211; SWEAT-SHIRT \u00c0 CAPUCHE ZIPP\u00c9 GRIS PLOMB (41528)"},"content":{"rendered":"<div>D\u00c9TAILS DU PRODUIT<\/div>\n<div>Sweat-shirt \u00e0 capuche zipp\u00e9 en molleton de coton biologique. Teint en pi\u00e8ce.<\/div>\n<div><\/div>\n<div>STYLE<\/div>\n<ul>\n<li>Capuche avec cordon de serrage.<\/li>\n<li>Poches plaqu\u00e9es \u00e0 ouverture oblique.<\/li>\n<li>\u00c9cusson Stone Island sur la manche gauche.<\/li>\n<li>Poignets et bas c\u00f4tel\u00e9s \u00e9lastiqu\u00e9s.<\/li>\n<li>Fermeture zipp\u00e9e.<\/li>\n<li>Coupe standard.<\/li>\n<\/ul>\n<div>COMPOSITION<\/div>\n<ul>\n<li>Tissu ext\u00e9rieur : 100 % coton.<\/li>\n<li>Bord-c\u00f4te : 98 % coton, 2 % \u00e9lasthanne \/ \u00e9lasthanne<\/li>\n<li>Stone Island : 6100061 0065<\/li>\n<li>R\u00e9f\u00e9rence : 41528<\/li>\n<\/ul>\n","protected":false},"excerpt":{"rendered":"<p>D\u00c9TAILS DU PRODUIT Sweat-shirt \u00e0 capuche zipp\u00e9 en molleton de coton biologique. Teint en pi\u00e8ce. STYLE Capuche avec cordon de serrage. Poches plaqu\u00e9es \u00e0 ouverture oblique. \u00c9cusson Stone Island sur la manche gauche. Poignets et bas c\u00f4tel\u00e9s \u00e9lastiqu\u00e9s. Fermeture zipp\u00e9e. Coupe standard. COMPOSITION Tissu ext\u00e9rieur : 100 % coton. Bord-c\u00f4te : 98 % coton, 2 [&#8230;]\n","protected":false},"featured_media":213160,"comment_status":"open","ping_status":"closed","template":"","meta":{"rank_math_lock_modified_date":false},"product_cat":[482,677,694,759,446,450,462],"product_tag":[],"class_list":{"0":"post-213172","1":"product","2":"type-product","3":"status-publish","4":"has-post-thumbnail","6":"product_cat-stone-island-fr-2","7":"product_cat-gilets-fr","8":"product_cat-truien-vesten-fr-2","9":"product_cat-hoodies-fr","10":"product_cat-kleding-fr","11":"product_cat-heren-fr","12":"product_cat-vousten-sports-fr-2","14":"first","15":"outofstock","16":"taxable","17":"shipping-taxable","18":"purchasable","19":"product-type-variable"},"acf":[],"yoast_head":"<!-- This site is optimized with the Yoast SEO plugin v23.9 - https:\/\/yoast.com\/wordpress\/plugins\/seo\/ -->\n<title>STONE ISLAND - SWEAT-SHIRT \u00c0 CAPUCHE ZIPP\u00c9 GRIS PLOMB (41528) - Vousten Sports<\/title>\n<meta name=\"robots\" content=\"index, follow, max-snippet:-1, max-image-preview:large, max-video-preview:-1\" \/>\n<link rel=\"canonical\" href=\"https:\/\/www.voustensports.com\/fr\/stone-island-sweat-shirt-a-capuche-zippe-gris-plomb-41528\/\" \/>\n<meta property=\"og:locale\" content=\"fr_FR\" \/>\n<meta property=\"og:type\" content=\"article\" \/>\n<meta property=\"og:title\" content=\"STONE ISLAND - SWEAT-SHIRT \u00c0 CAPUCHE ZIPP\u00c9 GRIS PLOMB (41528) - Vousten Sports\" \/>\n<meta property=\"og:description\" content=\"D\u00c9TAILS DU PRODUIT Sweat-shirt \u00e0 capuche zipp\u00e9 en molleton de coton biologique. Teint en pi\u00e8ce. STYLE Capuche avec cordon de serrage. Poches plaqu\u00e9es \u00e0 ouverture oblique. \u00c9cusson Stone Island sur la manche gauche. Poignets et bas c\u00f4tel\u00e9s \u00e9lastiqu\u00e9s. Fermeture zipp\u00e9e. Coupe standard. COMPOSITION Tissu ext\u00e9rieur : 100 % coton. Bord-c\u00f4te : 98 % coton, 2 [...]\" \/>\n<meta property=\"og:url\" content=\"https:\/\/www.voustensports.com\/fr\/stone-island-sweat-shirt-a-capuche-zippe-gris-plomb-41528\/\" \/>\n<meta property=\"og:site_name\" content=\"Vousten Sports\" \/>\n<meta property=\"article:modified_time\" content=\"2026-02-05T11:36:22+00:00\" \/>\n<meta property=\"og:image\" content=\"https:\/\/www.voustensports.com\/wp-content\/uploads\/2023\/06\/ZIP-UP-HOODED-SWEATSHIRT-LEAD-GRAY-415281.jpg\" \/>\n\t<meta property=\"og:image:width\" content=\"1365\" \/>\n\t<meta property=\"og:image:height\" content=\"2048\" \/>\n\t<meta property=\"og:image:type\" content=\"image\/jpeg\" \/>\n<meta name=\"twitter:card\" content=\"summary_large_image\" \/>\n<script type=\"application\/ld+json\" class=\"yoast-schema-graph\">{\"@context\":\"https:\/\/schema.org\",\"@graph\":[{\"@type\":\"WebPage\",\"@id\":\"https:\/\/www.voustensports.com\/fr\/stone-island-sweat-shirt-a-capuche-zippe-gris-plomb-41528\/\",\"url\":\"https:\/\/www.voustensports.com\/fr\/stone-island-sweat-shirt-a-capuche-zippe-gris-plomb-41528\/\",\"name\":\"STONE ISLAND - SWEAT-SHIRT \u00c0 CAPUCHE ZIPP\u00c9 GRIS PLOMB (41528) - Vousten Sports\",\"isPartOf\":{\"@id\":\"https:\/\/www.voustensports.com\/nl\/#website\"},\"primaryImageOfPage\":{\"@id\":\"https:\/\/www.voustensports.com\/fr\/stone-island-sweat-shirt-a-capuche-zippe-gris-plomb-41528\/#primaryimage\"},\"image\":{\"@id\":\"https:\/\/www.voustensports.com\/fr\/stone-island-sweat-shirt-a-capuche-zippe-gris-plomb-41528\/#primaryimage\"},\"thumbnailUrl\":\"https:\/\/www.voustensports.com\/wp-content\/uploads\/2023\/06\/ZIP-UP-HOODED-SWEATSHIRT-LEAD-GRAY-415281.jpg\",\"datePublished\":\"2025-10-13T19:12:09+00:00\",\"dateModified\":\"2026-02-05T11:36:22+00:00\",\"breadcrumb\":{\"@id\":\"https:\/\/www.voustensports.com\/fr\/stone-island-sweat-shirt-a-capuche-zippe-gris-plomb-41528\/#breadcrumb\"},\"inLanguage\":\"fr-FR\",\"potentialAction\":[{\"@type\":\"ReadAction\",\"target\":[\"https:\/\/www.voustensports.com\/fr\/stone-island-sweat-shirt-a-capuche-zippe-gris-plomb-41528\/\"]}]},{\"@type\":\"ImageObject\",\"inLanguage\":\"fr-FR\",\"@id\":\"https:\/\/www.voustensports.com\/fr\/stone-island-sweat-shirt-a-capuche-zippe-gris-plomb-41528\/#primaryimage\",\"url\":\"https:\/\/www.voustensports.com\/wp-content\/uploads\/2023\/06\/ZIP-UP-HOODED-SWEATSHIRT-LEAD-GRAY-415281.jpg\",\"contentUrl\":\"https:\/\/www.voustensports.com\/wp-content\/uploads\/2023\/06\/ZIP-UP-HOODED-SWEATSHIRT-LEAD-GRAY-415281.jpg\",\"width\":1365,\"height\":2048},{\"@type\":\"BreadcrumbList\",\"@id\":\"https:\/\/www.voustensports.com\/fr\/stone-island-sweat-shirt-a-capuche-zippe-gris-plomb-41528\/#breadcrumb\",\"itemListElement\":[{\"@type\":\"ListItem\",\"position\":1,\"name\":\"Home\",\"item\":\"https:\/\/www.voustensports.com\/fr\/\"},{\"@type\":\"ListItem\",\"position\":2,\"name\":\"Boutique\",\"item\":\"https:\/\/www.voustensports.com\/fr\/shop\/\"},{\"@type\":\"ListItem\",\"position\":3,\"name\":\"STONE ISLAND &#8211; SWEAT-SHIRT \u00c0 CAPUCHE ZIPP\u00c9 GRIS PLOMB (41528)\"}]},{\"@type\":\"WebSite\",\"@id\":\"https:\/\/www.voustensports.com\/nl\/#website\",\"url\":\"https:\/\/www.voustensports.com\/nl\/\",\"name\":\"Vousten Sports\",\"description\":\"\",\"potentialAction\":[{\"@type\":\"SearchAction\",\"target\":{\"@type\":\"EntryPoint\",\"urlTemplate\":\"https:\/\/www.voustensports.com\/nl\/?s={search_term_string}\"},\"query-input\":{\"@type\":\"PropertyValueSpecification\",\"valueRequired\":true,\"valueName\":\"search_term_string\"}}],\"inLanguage\":\"fr-FR\"}]}<\/script>\n<!-- \/ Yoast SEO plugin. -->","yoast_head_json":{"title":"STONE ISLAND - SWEAT-SHIRT \u00c0 CAPUCHE ZIPP\u00c9 GRIS PLOMB (41528) - Vousten Sports","robots":{"index":"index","follow":"follow","max-snippet":"max-snippet:-1","max-image-preview":"max-image-preview:large","max-video-preview":"max-video-preview:-1"},"canonical":"https:\/\/www.voustensports.com\/fr\/stone-island-sweat-shirt-a-capuche-zippe-gris-plomb-41528\/","og_locale":"fr_FR","og_type":"article","og_title":"STONE ISLAND - SWEAT-SHIRT \u00c0 CAPUCHE ZIPP\u00c9 GRIS PLOMB (41528) - Vousten Sports","og_description":"D\u00c9TAILS DU PRODUIT Sweat-shirt \u00e0 capuche zipp\u00e9 en molleton de coton biologique. Teint en pi\u00e8ce. STYLE Capuche avec cordon de serrage. Poches plaqu\u00e9es \u00e0 ouverture oblique. \u00c9cusson Stone Island sur la manche gauche. Poignets et bas c\u00f4tel\u00e9s \u00e9lastiqu\u00e9s. Fermeture zipp\u00e9e. Coupe standard. COMPOSITION Tissu ext\u00e9rieur : 100 % coton. Bord-c\u00f4te : 98 % coton, 2 [...]","og_url":"https:\/\/www.voustensports.com\/fr\/stone-island-sweat-shirt-a-capuche-zippe-gris-plomb-41528\/","og_site_name":"Vousten Sports","article_modified_time":"2026-02-05T11:36:22+00:00","og_image":[{"width":1365,"height":2048,"url":"https:\/\/www.voustensports.com\/wp-content\/uploads\/2023\/06\/ZIP-UP-HOODED-SWEATSHIRT-LEAD-GRAY-415281.jpg","type":"image\/jpeg"}],"twitter_card":"summary_large_image","schema":{"@context":"https:\/\/schema.org","@graph":[{"@type":"WebPage","@id":"https:\/\/www.voustensports.com\/fr\/stone-island-sweat-shirt-a-capuche-zippe-gris-plomb-41528\/","url":"https:\/\/www.voustensports.com\/fr\/stone-island-sweat-shirt-a-capuche-zippe-gris-plomb-41528\/","name":"STONE ISLAND - SWEAT-SHIRT \u00c0 CAPUCHE ZIPP\u00c9 GRIS PLOMB (41528) - Vousten Sports","isPartOf":{"@id":"https:\/\/www.voustensports.com\/nl\/#website"},"primaryImageOfPage":{"@id":"https:\/\/www.voustensports.com\/fr\/stone-island-sweat-shirt-a-capuche-zippe-gris-plomb-41528\/#primaryimage"},"image":{"@id":"https:\/\/www.voustensports.com\/fr\/stone-island-sweat-shirt-a-capuche-zippe-gris-plomb-41528\/#primaryimage"},"thumbnailUrl":"https:\/\/www.voustensports.com\/wp-content\/uploads\/2023\/06\/ZIP-UP-HOODED-SWEATSHIRT-LEAD-GRAY-415281.jpg","datePublished":"2025-10-13T19:12:09+00:00","dateModified":"2026-02-05T11:36:22+00:00","breadcrumb":{"@id":"https:\/\/www.voustensports.com\/fr\/stone-island-sweat-shirt-a-capuche-zippe-gris-plomb-41528\/#breadcrumb"},"inLanguage":"fr-FR","potentialAction":[{"@type":"ReadAction","target":["https:\/\/www.voustensports.com\/fr\/stone-island-sweat-shirt-a-capuche-zippe-gris-plomb-41528\/"]}]},{"@type":"ImageObject","inLanguage":"fr-FR","@id":"https:\/\/www.voustensports.com\/fr\/stone-island-sweat-shirt-a-capuche-zippe-gris-plomb-41528\/#primaryimage","url":"https:\/\/www.voustensports.com\/wp-content\/uploads\/2023\/06\/ZIP-UP-HOODED-SWEATSHIRT-LEAD-GRAY-415281.jpg","contentUrl":"https:\/\/www.voustensports.com\/wp-content\/uploads\/2023\/06\/ZIP-UP-HOODED-SWEATSHIRT-LEAD-GRAY-415281.jpg","width":1365,"height":2048},{"@type":"BreadcrumbList","@id":"https:\/\/www.voustensports.com\/fr\/stone-island-sweat-shirt-a-capuche-zippe-gris-plomb-41528\/#breadcrumb","itemListElement":[{"@type":"ListItem","position":1,"name":"Home","item":"https:\/\/www.voustensports.com\/fr\/"},{"@type":"ListItem","position":2,"name":"Boutique","item":"https:\/\/www.voustensports.com\/fr\/shop\/"},{"@type":"ListItem","position":3,"name":"STONE ISLAND &#8211; SWEAT-SHIRT \u00c0 CAPUCHE ZIPP\u00c9 GRIS PLOMB (41528)"}]},{"@type":"WebSite","@id":"https:\/\/www.voustensports.com\/nl\/#website","url":"https:\/\/www.voustensports.com\/nl\/","name":"Vousten Sports","description":"","potentialAction":[{"@type":"SearchAction","target":{"@type":"EntryPoint","urlTemplate":"https:\/\/www.voustensports.com\/nl\/?s={search_term_string}"},"query-input":{"@type":"PropertyValueSpecification","valueRequired":true,"valueName":"search_term_string"}}],"inLanguage":"fr-FR"}]}},"_links":{"self":[{"href":"https:\/\/www.voustensports.com\/fr\/wp-json\/wp\/v2\/product\/213172","targetHints":{"allow":["GET"]}}],"collection":[{"href":"https:\/\/www.voustensports.com\/fr\/wp-json\/wp\/v2\/product"}],"about":[{"href":"https:\/\/www.voustensports.com\/fr\/wp-json\/wp\/v2\/types\/product"}],"replies":[{"embeddable":true,"href":"https:\/\/www.voustensports.com\/fr\/wp-json\/wp\/v2\/comments?post=213172"}],"wp:featuredmedia":[{"embeddable":true,"href":"https:\/\/www.voustensports.com\/fr\/wp-json\/wp\/v2\/media\/213160"}],"wp:attachment":[{"href":"https:\/\/www.voustensports.com\/fr\/wp-json\/wp\/v2\/media?parent=213172"}],"wp:term":[{"taxonomy":"product_cat","embeddable":true,"href":"https:\/\/www.voustensports.com\/fr\/wp-json\/wp\/v2\/product_cat?post=213172"},{"taxonomy":"product_tag","embeddable":true,"href":"https:\/\/www.voustensports.com\/fr\/wp-json\/wp\/v2\/product_tag?post=213172"}],"curies":[{"name":"wp","href":"https:\/\/api.w.org\/{rel}","templated":true}]}}