{"id":213034,"date":"2025-10-13T12:39:12","date_gmt":"2025-10-13T10:39:12","guid":{"rendered":"https:\/\/www.voustensports.com\/c-p-company-pull-col-montant-gris-41736\/"},"modified":"2026-04-07T06:30:05","modified_gmt":"2026-04-07T04:30:05","slug":"c-p-company-pull-col-montant-gris-41736","status":"publish","type":"product","link":"https:\/\/www.voustensports.com\/fr\/c-p-company-pull-col-montant-gris-41736\/","title":{"rendered":"C.P. Company &#8211; Pull col montant gris (41736)"},"content":{"rendered":"<div>D\u00c9TAILS PRODUIT<\/div>\n<div>Pull col montant en laine m\u00e9rinos extrafine. Ce tricot arbore le motif embl\u00e9matique Lens de C.P. Company. Poignets et ourlet c\u00f4tel\u00e9s. Jauge 3. Coupe standard.<\/div>\n<div><\/div>\n<div>STYLE<\/div>\n<ul>\n<li>Col montant c\u00f4tel\u00e9<\/li>\n<li>D\u00e9tail Lens<\/li>\n<li>Poignets et ourlet c\u00f4tel\u00e9s<\/li>\n<li>Maillage jauge 3<\/li>\n<li>Coupe standard<\/li>\n<\/ul>\n<div>COMPOSITION<\/div>\n<ul>\n<li>Tissu ext\u00e9rieur : 85 % laine, 13 % polyamide\/nylon, 2 % \u00e9lasthanne\/\u00e9lasthanne<\/li>\n<\/ul>\n","protected":false},"excerpt":{"rendered":"<p>D\u00c9TAILS PRODUIT Pull col montant en laine m\u00e9rinos extrafine. Ce tricot arbore le motif embl\u00e9matique Lens de C.P. Company. Poignets et ourlet c\u00f4tel\u00e9s. Jauge 3. Coupe standard. STYLE Col montant c\u00f4tel\u00e9 D\u00e9tail Lens Poignets et ourlet c\u00f4tel\u00e9s Maillage jauge 3 Coupe standard COMPOSITION Tissu ext\u00e9rieur : 85 % laine, 13 % polyamide\/nylon, 2 % \u00e9lasthanne\/\u00e9lasthanne<\/p>\n","protected":false},"featured_media":213018,"comment_status":"open","ping_status":"closed","template":"","meta":{"rank_math_lock_modified_date":false},"product_cat":[697,438,446,450,462,534,538,694],"product_tag":[],"class_list":{"0":"post-213034","1":"product","2":"type-product","3":"status-publish","4":"has-post-thumbnail","6":"product_cat-sweaters-fr-2","7":"product_cat-cp-company-fr","8":"product_cat-kleding-fr","9":"product_cat-heren-fr","10":"product_cat-vousten-sports-fr-2","11":"product_cat-truien-fr-2","12":"product_cat-knitwear-fr","13":"product_cat-truien-vesten-fr-2","15":"first","16":"instock","17":"taxable","18":"shipping-taxable","19":"purchasable","20":"product-type-variable"},"acf":[],"yoast_head":"<!-- This site is optimized with the Yoast SEO plugin v23.9 - https:\/\/yoast.com\/wordpress\/plugins\/seo\/ -->\n<title>C.P. Company - Pull col montant gris (41736) - Vousten Sports<\/title>\n<meta name=\"robots\" content=\"index, follow, max-snippet:-1, max-image-preview:large, max-video-preview:-1\" \/>\n<link rel=\"canonical\" href=\"https:\/\/www.voustensports.com\/fr\/c-p-company-pull-col-montant-gris-41736\/\" \/>\n<meta property=\"og:locale\" content=\"fr_FR\" \/>\n<meta property=\"og:type\" content=\"article\" \/>\n<meta property=\"og:title\" content=\"C.P. Company - Pull col montant gris (41736) - Vousten Sports\" \/>\n<meta property=\"og:description\" content=\"D\u00c9TAILS PRODUIT Pull col montant en laine m\u00e9rinos extrafine. Ce tricot arbore le motif embl\u00e9matique Lens de C.P. Company. Poignets et ourlet c\u00f4tel\u00e9s. Jauge 3. Coupe standard. STYLE Col montant c\u00f4tel\u00e9 D\u00e9tail Lens Poignets et ourlet c\u00f4tel\u00e9s Maillage jauge 3 Coupe standard COMPOSITION Tissu ext\u00e9rieur : 85 % laine, 13 % polyamide\/nylon, 2 % \u00e9lasthanne\/\u00e9lasthanne\" \/>\n<meta property=\"og:url\" content=\"https:\/\/www.voustensports.com\/fr\/c-p-company-pull-col-montant-gris-41736\/\" \/>\n<meta property=\"og:site_name\" content=\"Vousten Sports\" \/>\n<meta property=\"article:modified_time\" content=\"2026-04-07T04:30:05+00:00\" \/>\n<meta property=\"og:image\" content=\"https:\/\/www.voustensports.com\/wp-content\/uploads\/2023\/06\/Mockneck-sweater-grijs-417361.jpg\" \/>\n\t<meta property=\"og:image:width\" content=\"1638\" \/>\n\t<meta property=\"og:image:height\" content=\"2048\" \/>\n\t<meta property=\"og:image:type\" content=\"image\/jpeg\" \/>\n<meta name=\"twitter:card\" content=\"summary_large_image\" \/>\n<script type=\"application\/ld+json\" class=\"yoast-schema-graph\">{\"@context\":\"https:\/\/schema.org\",\"@graph\":[{\"@type\":\"WebPage\",\"@id\":\"https:\/\/www.voustensports.com\/fr\/c-p-company-pull-col-montant-gris-41736\/\",\"url\":\"https:\/\/www.voustensports.com\/fr\/c-p-company-pull-col-montant-gris-41736\/\",\"name\":\"C.P. Company - Pull col montant gris (41736) - Vousten Sports\",\"isPartOf\":{\"@id\":\"https:\/\/www.voustensports.com\/nl\/#website\"},\"primaryImageOfPage\":{\"@id\":\"https:\/\/www.voustensports.com\/fr\/c-p-company-pull-col-montant-gris-41736\/#primaryimage\"},\"image\":{\"@id\":\"https:\/\/www.voustensports.com\/fr\/c-p-company-pull-col-montant-gris-41736\/#primaryimage\"},\"thumbnailUrl\":\"https:\/\/www.voustensports.com\/wp-content\/uploads\/2023\/06\/Mockneck-sweater-grijs-417361.jpg\",\"datePublished\":\"2025-10-13T10:39:12+00:00\",\"dateModified\":\"2026-04-07T04:30:05+00:00\",\"breadcrumb\":{\"@id\":\"https:\/\/www.voustensports.com\/fr\/c-p-company-pull-col-montant-gris-41736\/#breadcrumb\"},\"inLanguage\":\"fr-FR\",\"potentialAction\":[{\"@type\":\"ReadAction\",\"target\":[\"https:\/\/www.voustensports.com\/fr\/c-p-company-pull-col-montant-gris-41736\/\"]}]},{\"@type\":\"ImageObject\",\"inLanguage\":\"fr-FR\",\"@id\":\"https:\/\/www.voustensports.com\/fr\/c-p-company-pull-col-montant-gris-41736\/#primaryimage\",\"url\":\"https:\/\/www.voustensports.com\/wp-content\/uploads\/2023\/06\/Mockneck-sweater-grijs-417361.jpg\",\"contentUrl\":\"https:\/\/www.voustensports.com\/wp-content\/uploads\/2023\/06\/Mockneck-sweater-grijs-417361.jpg\",\"width\":1638,\"height\":2048},{\"@type\":\"BreadcrumbList\",\"@id\":\"https:\/\/www.voustensports.com\/fr\/c-p-company-pull-col-montant-gris-41736\/#breadcrumb\",\"itemListElement\":[{\"@type\":\"ListItem\",\"position\":1,\"name\":\"Home\",\"item\":\"https:\/\/www.voustensports.com\/fr\/\"},{\"@type\":\"ListItem\",\"position\":2,\"name\":\"Boutique\",\"item\":\"https:\/\/www.voustensports.com\/fr\/shop\/\"},{\"@type\":\"ListItem\",\"position\":3,\"name\":\"C.P. Company &#8211; Pull col montant gris (41736)\"}]},{\"@type\":\"WebSite\",\"@id\":\"https:\/\/www.voustensports.com\/nl\/#website\",\"url\":\"https:\/\/www.voustensports.com\/nl\/\",\"name\":\"Vousten Sports\",\"description\":\"\",\"potentialAction\":[{\"@type\":\"SearchAction\",\"target\":{\"@type\":\"EntryPoint\",\"urlTemplate\":\"https:\/\/www.voustensports.com\/nl\/?s={search_term_string}\"},\"query-input\":{\"@type\":\"PropertyValueSpecification\",\"valueRequired\":true,\"valueName\":\"search_term_string\"}}],\"inLanguage\":\"fr-FR\"}]}<\/script>\n<!-- \/ Yoast SEO plugin. -->","yoast_head_json":{"title":"C.P. Company - Pull col montant gris (41736) - Vousten Sports","robots":{"index":"index","follow":"follow","max-snippet":"max-snippet:-1","max-image-preview":"max-image-preview:large","max-video-preview":"max-video-preview:-1"},"canonical":"https:\/\/www.voustensports.com\/fr\/c-p-company-pull-col-montant-gris-41736\/","og_locale":"fr_FR","og_type":"article","og_title":"C.P. Company - Pull col montant gris (41736) - Vousten Sports","og_description":"D\u00c9TAILS PRODUIT Pull col montant en laine m\u00e9rinos extrafine. Ce tricot arbore le motif embl\u00e9matique Lens de C.P. Company. Poignets et ourlet c\u00f4tel\u00e9s. Jauge 3. Coupe standard. STYLE Col montant c\u00f4tel\u00e9 D\u00e9tail Lens Poignets et ourlet c\u00f4tel\u00e9s Maillage jauge 3 Coupe standard COMPOSITION Tissu ext\u00e9rieur : 85 % laine, 13 % polyamide\/nylon, 2 % \u00e9lasthanne\/\u00e9lasthanne","og_url":"https:\/\/www.voustensports.com\/fr\/c-p-company-pull-col-montant-gris-41736\/","og_site_name":"Vousten Sports","article_modified_time":"2026-04-07T04:30:05+00:00","og_image":[{"width":1638,"height":2048,"url":"https:\/\/www.voustensports.com\/wp-content\/uploads\/2023\/06\/Mockneck-sweater-grijs-417361.jpg","type":"image\/jpeg"}],"twitter_card":"summary_large_image","schema":{"@context":"https:\/\/schema.org","@graph":[{"@type":"WebPage","@id":"https:\/\/www.voustensports.com\/fr\/c-p-company-pull-col-montant-gris-41736\/","url":"https:\/\/www.voustensports.com\/fr\/c-p-company-pull-col-montant-gris-41736\/","name":"C.P. Company - Pull col montant gris (41736) - Vousten Sports","isPartOf":{"@id":"https:\/\/www.voustensports.com\/nl\/#website"},"primaryImageOfPage":{"@id":"https:\/\/www.voustensports.com\/fr\/c-p-company-pull-col-montant-gris-41736\/#primaryimage"},"image":{"@id":"https:\/\/www.voustensports.com\/fr\/c-p-company-pull-col-montant-gris-41736\/#primaryimage"},"thumbnailUrl":"https:\/\/www.voustensports.com\/wp-content\/uploads\/2023\/06\/Mockneck-sweater-grijs-417361.jpg","datePublished":"2025-10-13T10:39:12+00:00","dateModified":"2026-04-07T04:30:05+00:00","breadcrumb":{"@id":"https:\/\/www.voustensports.com\/fr\/c-p-company-pull-col-montant-gris-41736\/#breadcrumb"},"inLanguage":"fr-FR","potentialAction":[{"@type":"ReadAction","target":["https:\/\/www.voustensports.com\/fr\/c-p-company-pull-col-montant-gris-41736\/"]}]},{"@type":"ImageObject","inLanguage":"fr-FR","@id":"https:\/\/www.voustensports.com\/fr\/c-p-company-pull-col-montant-gris-41736\/#primaryimage","url":"https:\/\/www.voustensports.com\/wp-content\/uploads\/2023\/06\/Mockneck-sweater-grijs-417361.jpg","contentUrl":"https:\/\/www.voustensports.com\/wp-content\/uploads\/2023\/06\/Mockneck-sweater-grijs-417361.jpg","width":1638,"height":2048},{"@type":"BreadcrumbList","@id":"https:\/\/www.voustensports.com\/fr\/c-p-company-pull-col-montant-gris-41736\/#breadcrumb","itemListElement":[{"@type":"ListItem","position":1,"name":"Home","item":"https:\/\/www.voustensports.com\/fr\/"},{"@type":"ListItem","position":2,"name":"Boutique","item":"https:\/\/www.voustensports.com\/fr\/shop\/"},{"@type":"ListItem","position":3,"name":"C.P. Company &#8211; Pull col montant gris (41736)"}]},{"@type":"WebSite","@id":"https:\/\/www.voustensports.com\/nl\/#website","url":"https:\/\/www.voustensports.com\/nl\/","name":"Vousten Sports","description":"","potentialAction":[{"@type":"SearchAction","target":{"@type":"EntryPoint","urlTemplate":"https:\/\/www.voustensports.com\/nl\/?s={search_term_string}"},"query-input":{"@type":"PropertyValueSpecification","valueRequired":true,"valueName":"search_term_string"}}],"inLanguage":"fr-FR"}]}},"_links":{"self":[{"href":"https:\/\/www.voustensports.com\/fr\/wp-json\/wp\/v2\/product\/213034","targetHints":{"allow":["GET"]}}],"collection":[{"href":"https:\/\/www.voustensports.com\/fr\/wp-json\/wp\/v2\/product"}],"about":[{"href":"https:\/\/www.voustensports.com\/fr\/wp-json\/wp\/v2\/types\/product"}],"replies":[{"embeddable":true,"href":"https:\/\/www.voustensports.com\/fr\/wp-json\/wp\/v2\/comments?post=213034"}],"wp:featuredmedia":[{"embeddable":true,"href":"https:\/\/www.voustensports.com\/fr\/wp-json\/wp\/v2\/media\/213018"}],"wp:attachment":[{"href":"https:\/\/www.voustensports.com\/fr\/wp-json\/wp\/v2\/media?parent=213034"}],"wp:term":[{"taxonomy":"product_cat","embeddable":true,"href":"https:\/\/www.voustensports.com\/fr\/wp-json\/wp\/v2\/product_cat?post=213034"},{"taxonomy":"product_tag","embeddable":true,"href":"https:\/\/www.voustensports.com\/fr\/wp-json\/wp\/v2\/product_tag?post=213034"}],"curies":[{"name":"wp","href":"https:\/\/api.w.org\/{rel}","templated":true}]}}