{"id":212991,"date":"2025-10-13T08:54:11","date_gmt":"2025-10-13T06:54:11","guid":{"rendered":"https:\/\/www.voustensports.com\/c-p-company-pull-ras-du-cou-taupe-41737\/"},"modified":"2026-02-05T12:39:13","modified_gmt":"2026-02-05T11:39:13","slug":"c-p-company-pull-ras-du-cou-taupe-41737","status":"publish","type":"product","link":"https:\/\/www.voustensports.com\/fr\/c-p-company-pull-ras-du-cou-taupe-41737\/","title":{"rendered":"C.P. Company &#8211; Pull ras du cou taupe (41737)"},"content":{"rendered":"<div>D\u00c9TAILS PRODUIT<\/div>\n<div>Pull ras du cou en coton doux et extensible. Ce tissu assure souplesse et confort tout en conservant une allure raffin\u00e9e. Il arbore le logo embl\u00e9matique de C.P. Company et des surpiq\u00fbres contrast\u00e9es aux emmanchures. Jauge 7. Coupe standard.<\/div>\n<div><\/div>\n<div>STYLE<\/div>\n<ul>\n<li>Col ras du cou c\u00f4tel\u00e9<\/li>\n<li>Surpiq\u00fbres contrast\u00e9es aux emmanchures<\/li>\n<li>D\u00e9tail de la lentille<\/li>\n<li>Maille jauge 7<\/li>\n<li>Coupe standard<\/li>\n<\/ul>\n<div>COMPOSITION<\/div>\n<ul>\n<li>Tissu ext\u00e9rieur : 53 % coton, 27 % polyester, 20 % polyamide\/nylon<\/li>\n<\/ul>\n","protected":false},"excerpt":{"rendered":"<p>D\u00c9TAILS PRODUIT Pull ras du cou en coton doux et extensible. Ce tissu assure souplesse et confort tout en conservant une allure raffin\u00e9e. Il arbore le logo embl\u00e9matique de C.P. Company et des surpiq\u00fbres contrast\u00e9es aux emmanchures. Jauge 7. Coupe standard. STYLE Col ras du cou c\u00f4tel\u00e9 Surpiq\u00fbres contrast\u00e9es aux emmanchures D\u00e9tail de la lentille [&#8230;]\n","protected":false},"featured_media":212983,"comment_status":"open","ping_status":"closed","template":"","meta":{"rank_math_lock_modified_date":false},"product_cat":[438,446,450,462,534,538,694,697],"product_tag":[],"class_list":{"0":"post-212991","1":"product","2":"type-product","3":"status-publish","4":"has-post-thumbnail","6":"product_cat-cp-company-fr","7":"product_cat-kleding-fr","8":"product_cat-heren-fr","9":"product_cat-vousten-sports-fr-2","10":"product_cat-truien-fr-2","11":"product_cat-knitwear-fr","12":"product_cat-truien-vesten-fr-2","13":"product_cat-sweaters-fr-2","15":"first","16":"outofstock","17":"taxable","18":"shipping-taxable","19":"purchasable","20":"product-type-variable"},"acf":[],"yoast_head":"<!-- This site is optimized with the Yoast SEO plugin v23.9 - https:\/\/yoast.com\/wordpress\/plugins\/seo\/ -->\n<title>C.P. Company - Pull ras du cou taupe (41737) - Vousten Sports<\/title>\n<meta name=\"robots\" content=\"index, follow, max-snippet:-1, max-image-preview:large, max-video-preview:-1\" \/>\n<link rel=\"canonical\" href=\"https:\/\/www.voustensports.com\/fr\/c-p-company-pull-ras-du-cou-taupe-41737\/\" \/>\n<meta property=\"og:locale\" content=\"fr_FR\" \/>\n<meta property=\"og:type\" content=\"article\" \/>\n<meta property=\"og:title\" content=\"C.P. Company - Pull ras du cou taupe (41737) - Vousten Sports\" \/>\n<meta property=\"og:description\" content=\"D\u00c9TAILS PRODUIT Pull ras du cou en coton doux et extensible. Ce tissu assure souplesse et confort tout en conservant une allure raffin\u00e9e. Il arbore le logo embl\u00e9matique de C.P. Company et des surpiq\u00fbres contrast\u00e9es aux emmanchures. Jauge 7. Coupe standard. STYLE Col ras du cou c\u00f4tel\u00e9 Surpiq\u00fbres contrast\u00e9es aux emmanchures D\u00e9tail de la lentille [...]\" \/>\n<meta property=\"og:url\" content=\"https:\/\/www.voustensports.com\/fr\/c-p-company-pull-ras-du-cou-taupe-41737\/\" \/>\n<meta property=\"og:site_name\" content=\"Vousten Sports\" \/>\n<meta property=\"article:modified_time\" content=\"2026-02-05T11:39:13+00:00\" \/>\n<meta property=\"og:image\" content=\"https:\/\/www.voustensports.com\/wp-content\/uploads\/2023\/06\/Crewneck-Sweater-taupe-417371.png\" \/>\n\t<meta property=\"og:image:width\" content=\"1630\" \/>\n\t<meta property=\"og:image:height\" content=\"2048\" \/>\n\t<meta property=\"og:image:type\" content=\"image\/png\" \/>\n<meta name=\"twitter:card\" content=\"summary_large_image\" \/>\n<script type=\"application\/ld+json\" class=\"yoast-schema-graph\">{\"@context\":\"https:\/\/schema.org\",\"@graph\":[{\"@type\":\"WebPage\",\"@id\":\"https:\/\/www.voustensports.com\/fr\/c-p-company-pull-ras-du-cou-taupe-41737\/\",\"url\":\"https:\/\/www.voustensports.com\/fr\/c-p-company-pull-ras-du-cou-taupe-41737\/\",\"name\":\"C.P. Company - Pull ras du cou taupe (41737) - Vousten Sports\",\"isPartOf\":{\"@id\":\"https:\/\/www.voustensports.com\/nl\/#website\"},\"primaryImageOfPage\":{\"@id\":\"https:\/\/www.voustensports.com\/fr\/c-p-company-pull-ras-du-cou-taupe-41737\/#primaryimage\"},\"image\":{\"@id\":\"https:\/\/www.voustensports.com\/fr\/c-p-company-pull-ras-du-cou-taupe-41737\/#primaryimage\"},\"thumbnailUrl\":\"https:\/\/www.voustensports.com\/wp-content\/uploads\/2023\/06\/Crewneck-Sweater-taupe-417371.png\",\"datePublished\":\"2025-10-13T06:54:11+00:00\",\"dateModified\":\"2026-02-05T11:39:13+00:00\",\"breadcrumb\":{\"@id\":\"https:\/\/www.voustensports.com\/fr\/c-p-company-pull-ras-du-cou-taupe-41737\/#breadcrumb\"},\"inLanguage\":\"fr-FR\",\"potentialAction\":[{\"@type\":\"ReadAction\",\"target\":[\"https:\/\/www.voustensports.com\/fr\/c-p-company-pull-ras-du-cou-taupe-41737\/\"]}]},{\"@type\":\"ImageObject\",\"inLanguage\":\"fr-FR\",\"@id\":\"https:\/\/www.voustensports.com\/fr\/c-p-company-pull-ras-du-cou-taupe-41737\/#primaryimage\",\"url\":\"https:\/\/www.voustensports.com\/wp-content\/uploads\/2023\/06\/Crewneck-Sweater-taupe-417371.png\",\"contentUrl\":\"https:\/\/www.voustensports.com\/wp-content\/uploads\/2023\/06\/Crewneck-Sweater-taupe-417371.png\",\"width\":1630,\"height\":2048},{\"@type\":\"BreadcrumbList\",\"@id\":\"https:\/\/www.voustensports.com\/fr\/c-p-company-pull-ras-du-cou-taupe-41737\/#breadcrumb\",\"itemListElement\":[{\"@type\":\"ListItem\",\"position\":1,\"name\":\"Home\",\"item\":\"https:\/\/www.voustensports.com\/fr\/\"},{\"@type\":\"ListItem\",\"position\":2,\"name\":\"Boutique\",\"item\":\"https:\/\/www.voustensports.com\/fr\/shop\/\"},{\"@type\":\"ListItem\",\"position\":3,\"name\":\"C.P. Company &#8211; Pull ras du cou taupe (41737)\"}]},{\"@type\":\"WebSite\",\"@id\":\"https:\/\/www.voustensports.com\/nl\/#website\",\"url\":\"https:\/\/www.voustensports.com\/nl\/\",\"name\":\"Vousten Sports\",\"description\":\"\",\"potentialAction\":[{\"@type\":\"SearchAction\",\"target\":{\"@type\":\"EntryPoint\",\"urlTemplate\":\"https:\/\/www.voustensports.com\/nl\/?s={search_term_string}\"},\"query-input\":{\"@type\":\"PropertyValueSpecification\",\"valueRequired\":true,\"valueName\":\"search_term_string\"}}],\"inLanguage\":\"fr-FR\"}]}<\/script>\n<!-- \/ Yoast SEO plugin. -->","yoast_head_json":{"title":"C.P. Company - Pull ras du cou taupe (41737) - Vousten Sports","robots":{"index":"index","follow":"follow","max-snippet":"max-snippet:-1","max-image-preview":"max-image-preview:large","max-video-preview":"max-video-preview:-1"},"canonical":"https:\/\/www.voustensports.com\/fr\/c-p-company-pull-ras-du-cou-taupe-41737\/","og_locale":"fr_FR","og_type":"article","og_title":"C.P. Company - Pull ras du cou taupe (41737) - Vousten Sports","og_description":"D\u00c9TAILS PRODUIT Pull ras du cou en coton doux et extensible. Ce tissu assure souplesse et confort tout en conservant une allure raffin\u00e9e. Il arbore le logo embl\u00e9matique de C.P. Company et des surpiq\u00fbres contrast\u00e9es aux emmanchures. Jauge 7. Coupe standard. STYLE Col ras du cou c\u00f4tel\u00e9 Surpiq\u00fbres contrast\u00e9es aux emmanchures D\u00e9tail de la lentille [...]","og_url":"https:\/\/www.voustensports.com\/fr\/c-p-company-pull-ras-du-cou-taupe-41737\/","og_site_name":"Vousten Sports","article_modified_time":"2026-02-05T11:39:13+00:00","og_image":[{"width":1630,"height":2048,"url":"https:\/\/www.voustensports.com\/wp-content\/uploads\/2023\/06\/Crewneck-Sweater-taupe-417371.png","type":"image\/png"}],"twitter_card":"summary_large_image","schema":{"@context":"https:\/\/schema.org","@graph":[{"@type":"WebPage","@id":"https:\/\/www.voustensports.com\/fr\/c-p-company-pull-ras-du-cou-taupe-41737\/","url":"https:\/\/www.voustensports.com\/fr\/c-p-company-pull-ras-du-cou-taupe-41737\/","name":"C.P. Company - Pull ras du cou taupe (41737) - Vousten Sports","isPartOf":{"@id":"https:\/\/www.voustensports.com\/nl\/#website"},"primaryImageOfPage":{"@id":"https:\/\/www.voustensports.com\/fr\/c-p-company-pull-ras-du-cou-taupe-41737\/#primaryimage"},"image":{"@id":"https:\/\/www.voustensports.com\/fr\/c-p-company-pull-ras-du-cou-taupe-41737\/#primaryimage"},"thumbnailUrl":"https:\/\/www.voustensports.com\/wp-content\/uploads\/2023\/06\/Crewneck-Sweater-taupe-417371.png","datePublished":"2025-10-13T06:54:11+00:00","dateModified":"2026-02-05T11:39:13+00:00","breadcrumb":{"@id":"https:\/\/www.voustensports.com\/fr\/c-p-company-pull-ras-du-cou-taupe-41737\/#breadcrumb"},"inLanguage":"fr-FR","potentialAction":[{"@type":"ReadAction","target":["https:\/\/www.voustensports.com\/fr\/c-p-company-pull-ras-du-cou-taupe-41737\/"]}]},{"@type":"ImageObject","inLanguage":"fr-FR","@id":"https:\/\/www.voustensports.com\/fr\/c-p-company-pull-ras-du-cou-taupe-41737\/#primaryimage","url":"https:\/\/www.voustensports.com\/wp-content\/uploads\/2023\/06\/Crewneck-Sweater-taupe-417371.png","contentUrl":"https:\/\/www.voustensports.com\/wp-content\/uploads\/2023\/06\/Crewneck-Sweater-taupe-417371.png","width":1630,"height":2048},{"@type":"BreadcrumbList","@id":"https:\/\/www.voustensports.com\/fr\/c-p-company-pull-ras-du-cou-taupe-41737\/#breadcrumb","itemListElement":[{"@type":"ListItem","position":1,"name":"Home","item":"https:\/\/www.voustensports.com\/fr\/"},{"@type":"ListItem","position":2,"name":"Boutique","item":"https:\/\/www.voustensports.com\/fr\/shop\/"},{"@type":"ListItem","position":3,"name":"C.P. Company &#8211; Pull ras du cou taupe (41737)"}]},{"@type":"WebSite","@id":"https:\/\/www.voustensports.com\/nl\/#website","url":"https:\/\/www.voustensports.com\/nl\/","name":"Vousten Sports","description":"","potentialAction":[{"@type":"SearchAction","target":{"@type":"EntryPoint","urlTemplate":"https:\/\/www.voustensports.com\/nl\/?s={search_term_string}"},"query-input":{"@type":"PropertyValueSpecification","valueRequired":true,"valueName":"search_term_string"}}],"inLanguage":"fr-FR"}]}},"_links":{"self":[{"href":"https:\/\/www.voustensports.com\/fr\/wp-json\/wp\/v2\/product\/212991","targetHints":{"allow":["GET"]}}],"collection":[{"href":"https:\/\/www.voustensports.com\/fr\/wp-json\/wp\/v2\/product"}],"about":[{"href":"https:\/\/www.voustensports.com\/fr\/wp-json\/wp\/v2\/types\/product"}],"replies":[{"embeddable":true,"href":"https:\/\/www.voustensports.com\/fr\/wp-json\/wp\/v2\/comments?post=212991"}],"wp:featuredmedia":[{"embeddable":true,"href":"https:\/\/www.voustensports.com\/fr\/wp-json\/wp\/v2\/media\/212983"}],"wp:attachment":[{"href":"https:\/\/www.voustensports.com\/fr\/wp-json\/wp\/v2\/media?parent=212991"}],"wp:term":[{"taxonomy":"product_cat","embeddable":true,"href":"https:\/\/www.voustensports.com\/fr\/wp-json\/wp\/v2\/product_cat?post=212991"},{"taxonomy":"product_tag","embeddable":true,"href":"https:\/\/www.voustensports.com\/fr\/wp-json\/wp\/v2\/product_tag?post=212991"}],"curies":[{"name":"wp","href":"https:\/\/api.w.org\/{rel}","templated":true}]}}