{"id":212867,"date":"2025-10-12T22:51:11","date_gmt":"2025-10-12T20:51:11","guid":{"rendered":"https:\/\/www.voustensports.com\/c-p-company-pull-ras-du-cou-avec-logo-gris-41732\/"},"modified":"2026-02-05T12:39:01","modified_gmt":"2026-02-05T11:39:01","slug":"c-p-company-pull-ras-du-cou-avec-logo-gris-41732","status":"publish","type":"product","link":"https:\/\/www.voustensports.com\/fr\/c-p-company-pull-ras-du-cou-avec-logo-gris-41732\/","title":{"rendered":"C.P. Company &#8211; Pull ras du cou avec logo gris (41732)"},"content":{"rendered":"<div>D\u00c9TAILS PRODUIT<\/div>\n<div>Pull ras du cou en laine m\u00e9rinos extrafine. Ce pull pr\u00e9sente un logo brod\u00e9 sur le devant et des manches raglan avec coutures contrast\u00e9es en relief. Poignets et ourlet c\u00f4tel\u00e9s. Jauge 3. Coupe standard.<\/div>\n<div><\/div>\n<ul>\n<li>STYLE<\/li>\n<li>Col ras du cou c\u00f4tel\u00e9<\/li>\n<li>Logo brod\u00e9 sur le devant<\/li>\n<li>Manches raglan avec coutures contrast\u00e9es en relief<\/li>\n<li>Poignets et ourlet c\u00f4tel\u00e9s<\/li>\n<li>Maille jauge 3<\/li>\n<li>Coupe standard<\/li>\n<\/ul>\n<div>COMPOSITION<\/div>\n<ul>\n<li>Tissu ext\u00e9rieur : 85 % laine, 13 % polyamide\/nylon, 2 % \u00e9lasthanne\/\u00e9lasthanne<\/li>\n<\/ul>\n","protected":false},"excerpt":{"rendered":"<p>D\u00c9TAILS PRODUIT Pull ras du cou en laine m\u00e9rinos extrafine. Ce pull pr\u00e9sente un logo brod\u00e9 sur le devant et des manches raglan avec coutures contrast\u00e9es en relief. Poignets et ourlet c\u00f4tel\u00e9s. Jauge 3. Coupe standard. STYLE Col ras du cou c\u00f4tel\u00e9 Logo brod\u00e9 sur le devant Manches raglan avec coutures contrast\u00e9es en relief Poignets [&#8230;]\n","protected":false},"featured_media":212851,"comment_status":"open","ping_status":"closed","template":"","meta":{"rank_math_lock_modified_date":false},"product_cat":[462,534,538,694,697,438,446,450],"product_tag":[],"class_list":{"0":"post-212867","1":"product","2":"type-product","3":"status-publish","4":"has-post-thumbnail","6":"product_cat-vousten-sports-fr-2","7":"product_cat-truien-fr-2","8":"product_cat-knitwear-fr","9":"product_cat-truien-vesten-fr-2","10":"product_cat-sweaters-fr-2","11":"product_cat-cp-company-fr","12":"product_cat-kleding-fr","13":"product_cat-heren-fr","15":"first","16":"outofstock","17":"taxable","18":"shipping-taxable","19":"purchasable","20":"product-type-variable"},"acf":[],"yoast_head":"<!-- This site is optimized with the Yoast SEO plugin v23.9 - https:\/\/yoast.com\/wordpress\/plugins\/seo\/ -->\n<title>C.P. Company - Pull ras du cou avec logo gris (41732) - Vousten Sports<\/title>\n<meta name=\"robots\" content=\"index, follow, max-snippet:-1, max-image-preview:large, max-video-preview:-1\" \/>\n<link rel=\"canonical\" href=\"https:\/\/www.voustensports.com\/fr\/c-p-company-pull-ras-du-cou-avec-logo-gris-41732\/\" \/>\n<meta property=\"og:locale\" content=\"fr_FR\" \/>\n<meta property=\"og:type\" content=\"article\" \/>\n<meta property=\"og:title\" content=\"C.P. Company - Pull ras du cou avec logo gris (41732) - Vousten Sports\" \/>\n<meta property=\"og:description\" content=\"D\u00c9TAILS PRODUIT Pull ras du cou en laine m\u00e9rinos extrafine. Ce pull pr\u00e9sente un logo brod\u00e9 sur le devant et des manches raglan avec coutures contrast\u00e9es en relief. Poignets et ourlet c\u00f4tel\u00e9s. Jauge 3. Coupe standard. STYLE Col ras du cou c\u00f4tel\u00e9 Logo brod\u00e9 sur le devant Manches raglan avec coutures contrast\u00e9es en relief Poignets [...]\" \/>\n<meta property=\"og:url\" content=\"https:\/\/www.voustensports.com\/fr\/c-p-company-pull-ras-du-cou-avec-logo-gris-41732\/\" \/>\n<meta property=\"og:site_name\" content=\"Vousten Sports\" \/>\n<meta property=\"article:modified_time\" content=\"2026-02-05T11:39:01+00:00\" \/>\n<meta property=\"og:image\" content=\"https:\/\/www.voustensports.com\/wp-content\/uploads\/2023\/06\/Logo-Crewneck-Sweater-gray-417321.jpg\" \/>\n\t<meta property=\"og:image:width\" content=\"1638\" \/>\n\t<meta property=\"og:image:height\" content=\"2048\" \/>\n\t<meta property=\"og:image:type\" content=\"image\/jpeg\" \/>\n<meta name=\"twitter:card\" content=\"summary_large_image\" \/>\n<script type=\"application\/ld+json\" class=\"yoast-schema-graph\">{\"@context\":\"https:\/\/schema.org\",\"@graph\":[{\"@type\":\"WebPage\",\"@id\":\"https:\/\/www.voustensports.com\/fr\/c-p-company-pull-ras-du-cou-avec-logo-gris-41732\/\",\"url\":\"https:\/\/www.voustensports.com\/fr\/c-p-company-pull-ras-du-cou-avec-logo-gris-41732\/\",\"name\":\"C.P. Company - Pull ras du cou avec logo gris (41732) - Vousten Sports\",\"isPartOf\":{\"@id\":\"https:\/\/www.voustensports.com\/nl\/#website\"},\"primaryImageOfPage\":{\"@id\":\"https:\/\/www.voustensports.com\/fr\/c-p-company-pull-ras-du-cou-avec-logo-gris-41732\/#primaryimage\"},\"image\":{\"@id\":\"https:\/\/www.voustensports.com\/fr\/c-p-company-pull-ras-du-cou-avec-logo-gris-41732\/#primaryimage\"},\"thumbnailUrl\":\"https:\/\/www.voustensports.com\/wp-content\/uploads\/2023\/06\/Logo-Crewneck-Sweater-gray-417321.jpg\",\"datePublished\":\"2025-10-12T20:51:11+00:00\",\"dateModified\":\"2026-02-05T11:39:01+00:00\",\"breadcrumb\":{\"@id\":\"https:\/\/www.voustensports.com\/fr\/c-p-company-pull-ras-du-cou-avec-logo-gris-41732\/#breadcrumb\"},\"inLanguage\":\"fr-FR\",\"potentialAction\":[{\"@type\":\"ReadAction\",\"target\":[\"https:\/\/www.voustensports.com\/fr\/c-p-company-pull-ras-du-cou-avec-logo-gris-41732\/\"]}]},{\"@type\":\"ImageObject\",\"inLanguage\":\"fr-FR\",\"@id\":\"https:\/\/www.voustensports.com\/fr\/c-p-company-pull-ras-du-cou-avec-logo-gris-41732\/#primaryimage\",\"url\":\"https:\/\/www.voustensports.com\/wp-content\/uploads\/2023\/06\/Logo-Crewneck-Sweater-gray-417321.jpg\",\"contentUrl\":\"https:\/\/www.voustensports.com\/wp-content\/uploads\/2023\/06\/Logo-Crewneck-Sweater-gray-417321.jpg\",\"width\":1638,\"height\":2048},{\"@type\":\"BreadcrumbList\",\"@id\":\"https:\/\/www.voustensports.com\/fr\/c-p-company-pull-ras-du-cou-avec-logo-gris-41732\/#breadcrumb\",\"itemListElement\":[{\"@type\":\"ListItem\",\"position\":1,\"name\":\"Home\",\"item\":\"https:\/\/www.voustensports.com\/fr\/\"},{\"@type\":\"ListItem\",\"position\":2,\"name\":\"Boutique\",\"item\":\"https:\/\/www.voustensports.com\/fr\/shop\/\"},{\"@type\":\"ListItem\",\"position\":3,\"name\":\"C.P. Company &#8211; Pull ras du cou avec logo gris (41732)\"}]},{\"@type\":\"WebSite\",\"@id\":\"https:\/\/www.voustensports.com\/nl\/#website\",\"url\":\"https:\/\/www.voustensports.com\/nl\/\",\"name\":\"Vousten Sports\",\"description\":\"\",\"potentialAction\":[{\"@type\":\"SearchAction\",\"target\":{\"@type\":\"EntryPoint\",\"urlTemplate\":\"https:\/\/www.voustensports.com\/nl\/?s={search_term_string}\"},\"query-input\":{\"@type\":\"PropertyValueSpecification\",\"valueRequired\":true,\"valueName\":\"search_term_string\"}}],\"inLanguage\":\"fr-FR\"}]}<\/script>\n<!-- \/ Yoast SEO plugin. -->","yoast_head_json":{"title":"C.P. Company - Pull ras du cou avec logo gris (41732) - Vousten Sports","robots":{"index":"index","follow":"follow","max-snippet":"max-snippet:-1","max-image-preview":"max-image-preview:large","max-video-preview":"max-video-preview:-1"},"canonical":"https:\/\/www.voustensports.com\/fr\/c-p-company-pull-ras-du-cou-avec-logo-gris-41732\/","og_locale":"fr_FR","og_type":"article","og_title":"C.P. Company - Pull ras du cou avec logo gris (41732) - Vousten Sports","og_description":"D\u00c9TAILS PRODUIT Pull ras du cou en laine m\u00e9rinos extrafine. Ce pull pr\u00e9sente un logo brod\u00e9 sur le devant et des manches raglan avec coutures contrast\u00e9es en relief. Poignets et ourlet c\u00f4tel\u00e9s. Jauge 3. Coupe standard. STYLE Col ras du cou c\u00f4tel\u00e9 Logo brod\u00e9 sur le devant Manches raglan avec coutures contrast\u00e9es en relief Poignets [...]","og_url":"https:\/\/www.voustensports.com\/fr\/c-p-company-pull-ras-du-cou-avec-logo-gris-41732\/","og_site_name":"Vousten Sports","article_modified_time":"2026-02-05T11:39:01+00:00","og_image":[{"width":1638,"height":2048,"url":"https:\/\/www.voustensports.com\/wp-content\/uploads\/2023\/06\/Logo-Crewneck-Sweater-gray-417321.jpg","type":"image\/jpeg"}],"twitter_card":"summary_large_image","schema":{"@context":"https:\/\/schema.org","@graph":[{"@type":"WebPage","@id":"https:\/\/www.voustensports.com\/fr\/c-p-company-pull-ras-du-cou-avec-logo-gris-41732\/","url":"https:\/\/www.voustensports.com\/fr\/c-p-company-pull-ras-du-cou-avec-logo-gris-41732\/","name":"C.P. Company - Pull ras du cou avec logo gris (41732) - Vousten Sports","isPartOf":{"@id":"https:\/\/www.voustensports.com\/nl\/#website"},"primaryImageOfPage":{"@id":"https:\/\/www.voustensports.com\/fr\/c-p-company-pull-ras-du-cou-avec-logo-gris-41732\/#primaryimage"},"image":{"@id":"https:\/\/www.voustensports.com\/fr\/c-p-company-pull-ras-du-cou-avec-logo-gris-41732\/#primaryimage"},"thumbnailUrl":"https:\/\/www.voustensports.com\/wp-content\/uploads\/2023\/06\/Logo-Crewneck-Sweater-gray-417321.jpg","datePublished":"2025-10-12T20:51:11+00:00","dateModified":"2026-02-05T11:39:01+00:00","breadcrumb":{"@id":"https:\/\/www.voustensports.com\/fr\/c-p-company-pull-ras-du-cou-avec-logo-gris-41732\/#breadcrumb"},"inLanguage":"fr-FR","potentialAction":[{"@type":"ReadAction","target":["https:\/\/www.voustensports.com\/fr\/c-p-company-pull-ras-du-cou-avec-logo-gris-41732\/"]}]},{"@type":"ImageObject","inLanguage":"fr-FR","@id":"https:\/\/www.voustensports.com\/fr\/c-p-company-pull-ras-du-cou-avec-logo-gris-41732\/#primaryimage","url":"https:\/\/www.voustensports.com\/wp-content\/uploads\/2023\/06\/Logo-Crewneck-Sweater-gray-417321.jpg","contentUrl":"https:\/\/www.voustensports.com\/wp-content\/uploads\/2023\/06\/Logo-Crewneck-Sweater-gray-417321.jpg","width":1638,"height":2048},{"@type":"BreadcrumbList","@id":"https:\/\/www.voustensports.com\/fr\/c-p-company-pull-ras-du-cou-avec-logo-gris-41732\/#breadcrumb","itemListElement":[{"@type":"ListItem","position":1,"name":"Home","item":"https:\/\/www.voustensports.com\/fr\/"},{"@type":"ListItem","position":2,"name":"Boutique","item":"https:\/\/www.voustensports.com\/fr\/shop\/"},{"@type":"ListItem","position":3,"name":"C.P. Company &#8211; Pull ras du cou avec logo gris (41732)"}]},{"@type":"WebSite","@id":"https:\/\/www.voustensports.com\/nl\/#website","url":"https:\/\/www.voustensports.com\/nl\/","name":"Vousten Sports","description":"","potentialAction":[{"@type":"SearchAction","target":{"@type":"EntryPoint","urlTemplate":"https:\/\/www.voustensports.com\/nl\/?s={search_term_string}"},"query-input":{"@type":"PropertyValueSpecification","valueRequired":true,"valueName":"search_term_string"}}],"inLanguage":"fr-FR"}]}},"_links":{"self":[{"href":"https:\/\/www.voustensports.com\/fr\/wp-json\/wp\/v2\/product\/212867","targetHints":{"allow":["GET"]}}],"collection":[{"href":"https:\/\/www.voustensports.com\/fr\/wp-json\/wp\/v2\/product"}],"about":[{"href":"https:\/\/www.voustensports.com\/fr\/wp-json\/wp\/v2\/types\/product"}],"replies":[{"embeddable":true,"href":"https:\/\/www.voustensports.com\/fr\/wp-json\/wp\/v2\/comments?post=212867"}],"wp:featuredmedia":[{"embeddable":true,"href":"https:\/\/www.voustensports.com\/fr\/wp-json\/wp\/v2\/media\/212851"}],"wp:attachment":[{"href":"https:\/\/www.voustensports.com\/fr\/wp-json\/wp\/v2\/media?parent=212867"}],"wp:term":[{"taxonomy":"product_cat","embeddable":true,"href":"https:\/\/www.voustensports.com\/fr\/wp-json\/wp\/v2\/product_cat?post=212867"},{"taxonomy":"product_tag","embeddable":true,"href":"https:\/\/www.voustensports.com\/fr\/wp-json\/wp\/v2\/product_tag?post=212867"}],"curies":[{"name":"wp","href":"https:\/\/api.w.org\/{rel}","templated":true}]}}