{"id":212747,"date":"2025-10-12T16:00:21","date_gmt":"2025-10-12T14:00:21","guid":{"rendered":"https:\/\/www.voustensports.com\/stone-island-pantalon-cargo-gris-plomb-41521\/"},"modified":"2026-02-05T12:36:10","modified_gmt":"2026-02-05T11:36:10","slug":"stone-island-pantalon-cargo-gris-plomb-41521","status":"publish","type":"product","link":"https:\/\/www.voustensports.com\/fr\/stone-island-pantalon-cargo-gris-plomb-41521\/","title":{"rendered":"STONE ISLAND &#8211; PANTALON CARGO GRIS PLOMB (41521)"},"content":{"rendered":"<div>D\u00c9TAILS PRODUIT<\/div>\n<div>Pantalon cargo en satin de coton biologique extensible et laine. Teint en pi\u00e8ce.<\/div>\n<div><\/div>\n<div>STYLE<\/div>\n<ul>\n<li>Poches repose-mains droites avec zip dissimul\u00e9.<\/li>\n<li>Une poche arri\u00e8re avec bouton-pression dissimul\u00e9 sous rabat fixe.<\/li>\n<li>Poche \u00e0 rabat \u00e0 soufflet sur chaque jambe avec deux boutons-pression dissimul\u00e9s sous rabat ; la poche gauche est orn\u00e9e d&rsquo;un badge Stone Island.<\/li>\n<li>Genoux pr\u00e9form\u00e9s.<\/li>\n<li>Poignets \u00e9lastiqu\u00e9s.<\/li>\n<li>Taille \u00e9lastiqu\u00e9e avec cordon de serrage int\u00e9rieur.<\/li>\n<li>Braguette zipp\u00e9e.<\/li>\n<li>Coupe fusel\u00e9e classique.<\/li>\n<\/ul>\n<div>COMPOSITION<\/div>\n<ul>\n<li>93 % coton, 5 % laine, 2 % \u00e9lasthanne \/ \u00e9lasthanne<\/li>\n<li>R\u00e9f\u00e9rence Stone Island : 31000333 016B<\/li>\n<li>R\u00e9f\u00e9rence : 41521<\/li>\n<\/ul>\n","protected":false},"excerpt":{"rendered":"<p>D\u00c9TAILS PRODUIT Pantalon cargo en satin de coton biologique extensible et laine. Teint en pi\u00e8ce. STYLE Poches repose-mains droites avec zip dissimul\u00e9. Une poche arri\u00e8re avec bouton-pression dissimul\u00e9 sous rabat fixe. Poche \u00e0 rabat \u00e0 soufflet sur chaque jambe avec deux boutons-pression dissimul\u00e9s sous rabat ; la poche gauche est orn\u00e9e d&rsquo;un badge Stone Island. [&#8230;]\n","protected":false},"featured_media":212735,"comment_status":"open","ping_status":"closed","template":"","meta":{"rank_math_lock_modified_date":false},"product_cat":[446,450,462,466,482,786,901],"product_tag":[],"class_list":{"0":"post-212747","1":"product","2":"type-product","3":"status-publish","4":"has-post-thumbnail","6":"product_cat-kleding-fr","7":"product_cat-heren-fr","8":"product_cat-vousten-sports-fr-2","9":"product_cat-broeken-fr","10":"product_cat-stone-island-fr-2","11":"product_cat-broek-fr","12":"product_cat-cargo-fr","14":"first","15":"instock","16":"taxable","17":"shipping-taxable","18":"purchasable","19":"product-type-variable"},"acf":[],"yoast_head":"<!-- This site is optimized with the Yoast SEO plugin v23.9 - https:\/\/yoast.com\/wordpress\/plugins\/seo\/ -->\n<title>STONE ISLAND - PANTALON CARGO GRIS PLOMB (41521) - Vousten Sports<\/title>\n<meta name=\"robots\" content=\"index, follow, max-snippet:-1, max-image-preview:large, max-video-preview:-1\" \/>\n<link rel=\"canonical\" href=\"https:\/\/www.voustensports.com\/fr\/stone-island-pantalon-cargo-gris-plomb-41521\/\" \/>\n<meta property=\"og:locale\" content=\"fr_FR\" \/>\n<meta property=\"og:type\" content=\"article\" \/>\n<meta property=\"og:title\" content=\"STONE ISLAND - PANTALON CARGO GRIS PLOMB (41521) - Vousten Sports\" \/>\n<meta property=\"og:description\" content=\"D\u00c9TAILS PRODUIT Pantalon cargo en satin de coton biologique extensible et laine. Teint en pi\u00e8ce. STYLE Poches repose-mains droites avec zip dissimul\u00e9. Une poche arri\u00e8re avec bouton-pression dissimul\u00e9 sous rabat fixe. Poche \u00e0 rabat \u00e0 soufflet sur chaque jambe avec deux boutons-pression dissimul\u00e9s sous rabat ; la poche gauche est orn\u00e9e d&rsquo;un badge Stone Island. [...]\" \/>\n<meta property=\"og:url\" content=\"https:\/\/www.voustensports.com\/fr\/stone-island-pantalon-cargo-gris-plomb-41521\/\" \/>\n<meta property=\"og:site_name\" content=\"Vousten Sports\" \/>\n<meta property=\"article:modified_time\" content=\"2026-02-05T11:36:10+00:00\" \/>\n<meta property=\"og:image\" content=\"https:\/\/www.voustensports.com\/wp-content\/uploads\/2023\/06\/CARGOBROEK-LEAD-GRAY-415211.jpg\" \/>\n\t<meta property=\"og:image:width\" content=\"1365\" \/>\n\t<meta property=\"og:image:height\" content=\"2048\" \/>\n\t<meta property=\"og:image:type\" content=\"image\/jpeg\" \/>\n<meta name=\"twitter:card\" content=\"summary_large_image\" \/>\n<script type=\"application\/ld+json\" class=\"yoast-schema-graph\">{\"@context\":\"https:\/\/schema.org\",\"@graph\":[{\"@type\":\"WebPage\",\"@id\":\"https:\/\/www.voustensports.com\/fr\/stone-island-pantalon-cargo-gris-plomb-41521\/\",\"url\":\"https:\/\/www.voustensports.com\/fr\/stone-island-pantalon-cargo-gris-plomb-41521\/\",\"name\":\"STONE ISLAND - PANTALON CARGO GRIS PLOMB (41521) - Vousten Sports\",\"isPartOf\":{\"@id\":\"https:\/\/www.voustensports.com\/nl\/#website\"},\"primaryImageOfPage\":{\"@id\":\"https:\/\/www.voustensports.com\/fr\/stone-island-pantalon-cargo-gris-plomb-41521\/#primaryimage\"},\"image\":{\"@id\":\"https:\/\/www.voustensports.com\/fr\/stone-island-pantalon-cargo-gris-plomb-41521\/#primaryimage\"},\"thumbnailUrl\":\"https:\/\/www.voustensports.com\/wp-content\/uploads\/2023\/06\/CARGOBROEK-LEAD-GRAY-415211.jpg\",\"datePublished\":\"2025-10-12T14:00:21+00:00\",\"dateModified\":\"2026-02-05T11:36:10+00:00\",\"breadcrumb\":{\"@id\":\"https:\/\/www.voustensports.com\/fr\/stone-island-pantalon-cargo-gris-plomb-41521\/#breadcrumb\"},\"inLanguage\":\"fr-FR\",\"potentialAction\":[{\"@type\":\"ReadAction\",\"target\":[\"https:\/\/www.voustensports.com\/fr\/stone-island-pantalon-cargo-gris-plomb-41521\/\"]}]},{\"@type\":\"ImageObject\",\"inLanguage\":\"fr-FR\",\"@id\":\"https:\/\/www.voustensports.com\/fr\/stone-island-pantalon-cargo-gris-plomb-41521\/#primaryimage\",\"url\":\"https:\/\/www.voustensports.com\/wp-content\/uploads\/2023\/06\/CARGOBROEK-LEAD-GRAY-415211.jpg\",\"contentUrl\":\"https:\/\/www.voustensports.com\/wp-content\/uploads\/2023\/06\/CARGOBROEK-LEAD-GRAY-415211.jpg\",\"width\":1365,\"height\":2048},{\"@type\":\"BreadcrumbList\",\"@id\":\"https:\/\/www.voustensports.com\/fr\/stone-island-pantalon-cargo-gris-plomb-41521\/#breadcrumb\",\"itemListElement\":[{\"@type\":\"ListItem\",\"position\":1,\"name\":\"Home\",\"item\":\"https:\/\/www.voustensports.com\/fr\/\"},{\"@type\":\"ListItem\",\"position\":2,\"name\":\"Boutique\",\"item\":\"https:\/\/www.voustensports.com\/fr\/shop\/\"},{\"@type\":\"ListItem\",\"position\":3,\"name\":\"STONE ISLAND &#8211; PANTALON CARGO GRIS PLOMB (41521)\"}]},{\"@type\":\"WebSite\",\"@id\":\"https:\/\/www.voustensports.com\/nl\/#website\",\"url\":\"https:\/\/www.voustensports.com\/nl\/\",\"name\":\"Vousten Sports\",\"description\":\"\",\"potentialAction\":[{\"@type\":\"SearchAction\",\"target\":{\"@type\":\"EntryPoint\",\"urlTemplate\":\"https:\/\/www.voustensports.com\/nl\/?s={search_term_string}\"},\"query-input\":{\"@type\":\"PropertyValueSpecification\",\"valueRequired\":true,\"valueName\":\"search_term_string\"}}],\"inLanguage\":\"fr-FR\"}]}<\/script>\n<!-- \/ Yoast SEO plugin. -->","yoast_head_json":{"title":"STONE ISLAND - PANTALON CARGO GRIS PLOMB (41521) - Vousten Sports","robots":{"index":"index","follow":"follow","max-snippet":"max-snippet:-1","max-image-preview":"max-image-preview:large","max-video-preview":"max-video-preview:-1"},"canonical":"https:\/\/www.voustensports.com\/fr\/stone-island-pantalon-cargo-gris-plomb-41521\/","og_locale":"fr_FR","og_type":"article","og_title":"STONE ISLAND - PANTALON CARGO GRIS PLOMB (41521) - Vousten Sports","og_description":"D\u00c9TAILS PRODUIT Pantalon cargo en satin de coton biologique extensible et laine. Teint en pi\u00e8ce. STYLE Poches repose-mains droites avec zip dissimul\u00e9. Une poche arri\u00e8re avec bouton-pression dissimul\u00e9 sous rabat fixe. Poche \u00e0 rabat \u00e0 soufflet sur chaque jambe avec deux boutons-pression dissimul\u00e9s sous rabat ; la poche gauche est orn\u00e9e d&rsquo;un badge Stone Island. [...]","og_url":"https:\/\/www.voustensports.com\/fr\/stone-island-pantalon-cargo-gris-plomb-41521\/","og_site_name":"Vousten Sports","article_modified_time":"2026-02-05T11:36:10+00:00","og_image":[{"width":1365,"height":2048,"url":"https:\/\/www.voustensports.com\/wp-content\/uploads\/2023\/06\/CARGOBROEK-LEAD-GRAY-415211.jpg","type":"image\/jpeg"}],"twitter_card":"summary_large_image","schema":{"@context":"https:\/\/schema.org","@graph":[{"@type":"WebPage","@id":"https:\/\/www.voustensports.com\/fr\/stone-island-pantalon-cargo-gris-plomb-41521\/","url":"https:\/\/www.voustensports.com\/fr\/stone-island-pantalon-cargo-gris-plomb-41521\/","name":"STONE ISLAND - PANTALON CARGO GRIS PLOMB (41521) - Vousten Sports","isPartOf":{"@id":"https:\/\/www.voustensports.com\/nl\/#website"},"primaryImageOfPage":{"@id":"https:\/\/www.voustensports.com\/fr\/stone-island-pantalon-cargo-gris-plomb-41521\/#primaryimage"},"image":{"@id":"https:\/\/www.voustensports.com\/fr\/stone-island-pantalon-cargo-gris-plomb-41521\/#primaryimage"},"thumbnailUrl":"https:\/\/www.voustensports.com\/wp-content\/uploads\/2023\/06\/CARGOBROEK-LEAD-GRAY-415211.jpg","datePublished":"2025-10-12T14:00:21+00:00","dateModified":"2026-02-05T11:36:10+00:00","breadcrumb":{"@id":"https:\/\/www.voustensports.com\/fr\/stone-island-pantalon-cargo-gris-plomb-41521\/#breadcrumb"},"inLanguage":"fr-FR","potentialAction":[{"@type":"ReadAction","target":["https:\/\/www.voustensports.com\/fr\/stone-island-pantalon-cargo-gris-plomb-41521\/"]}]},{"@type":"ImageObject","inLanguage":"fr-FR","@id":"https:\/\/www.voustensports.com\/fr\/stone-island-pantalon-cargo-gris-plomb-41521\/#primaryimage","url":"https:\/\/www.voustensports.com\/wp-content\/uploads\/2023\/06\/CARGOBROEK-LEAD-GRAY-415211.jpg","contentUrl":"https:\/\/www.voustensports.com\/wp-content\/uploads\/2023\/06\/CARGOBROEK-LEAD-GRAY-415211.jpg","width":1365,"height":2048},{"@type":"BreadcrumbList","@id":"https:\/\/www.voustensports.com\/fr\/stone-island-pantalon-cargo-gris-plomb-41521\/#breadcrumb","itemListElement":[{"@type":"ListItem","position":1,"name":"Home","item":"https:\/\/www.voustensports.com\/fr\/"},{"@type":"ListItem","position":2,"name":"Boutique","item":"https:\/\/www.voustensports.com\/fr\/shop\/"},{"@type":"ListItem","position":3,"name":"STONE ISLAND &#8211; PANTALON CARGO GRIS PLOMB (41521)"}]},{"@type":"WebSite","@id":"https:\/\/www.voustensports.com\/nl\/#website","url":"https:\/\/www.voustensports.com\/nl\/","name":"Vousten Sports","description":"","potentialAction":[{"@type":"SearchAction","target":{"@type":"EntryPoint","urlTemplate":"https:\/\/www.voustensports.com\/nl\/?s={search_term_string}"},"query-input":{"@type":"PropertyValueSpecification","valueRequired":true,"valueName":"search_term_string"}}],"inLanguage":"fr-FR"}]}},"_links":{"self":[{"href":"https:\/\/www.voustensports.com\/fr\/wp-json\/wp\/v2\/product\/212747","targetHints":{"allow":["GET"]}}],"collection":[{"href":"https:\/\/www.voustensports.com\/fr\/wp-json\/wp\/v2\/product"}],"about":[{"href":"https:\/\/www.voustensports.com\/fr\/wp-json\/wp\/v2\/types\/product"}],"replies":[{"embeddable":true,"href":"https:\/\/www.voustensports.com\/fr\/wp-json\/wp\/v2\/comments?post=212747"}],"wp:featuredmedia":[{"embeddable":true,"href":"https:\/\/www.voustensports.com\/fr\/wp-json\/wp\/v2\/media\/212735"}],"wp:attachment":[{"href":"https:\/\/www.voustensports.com\/fr\/wp-json\/wp\/v2\/media?parent=212747"}],"wp:term":[{"taxonomy":"product_cat","embeddable":true,"href":"https:\/\/www.voustensports.com\/fr\/wp-json\/wp\/v2\/product_cat?post=212747"},{"taxonomy":"product_tag","embeddable":true,"href":"https:\/\/www.voustensports.com\/fr\/wp-json\/wp\/v2\/product_tag?post=212747"}],"curies":[{"name":"wp","href":"https:\/\/api.w.org\/{rel}","templated":true}]}}