{"id":212667,"date":"2025-10-12T04:33:11","date_gmt":"2025-10-12T02:33:11","guid":{"rendered":"https:\/\/www.voustensports.com\/stone-island-parka-a-capuche-stellina-gris-plomb-41413\/"},"modified":"2026-02-05T12:33:36","modified_gmt":"2026-02-05T11:33:36","slug":"stone-island-parka-a-capuche-stellina-gris-plomb-41413","status":"publish","type":"product","link":"https:\/\/www.voustensports.com\/fr\/stone-island-parka-a-capuche-stellina-gris-plomb-41413\/","title":{"rendered":"STONE ISLAND &#8211; PARKA \u00c0 CAPUCHE STELLINA GRIS PLOMB (41413)"},"content":{"rendered":"<p>D\u00c9TABLISSEMENT PRODUIT<\/p>\n<div>Cette parka \u00e0 capuche en duvet, confectionn\u00e9e en tissu GORE-TEX haute performance, arbore le label Black Diamond, r\u00e9serv\u00e9 aux v\u00eatements haute performance. L&rsquo;ext\u00e9rieur du tissu est en toile polyester BIONIC. Il est contrecoll\u00e9 \u00e0 la fine membrane GORE-TEX et \u00e0 une maille int\u00e9rieure protectrice en polyester teint masse avant l&rsquo;extrusion du fil. Soumis \u00e0 des tests rigoureux pour garantir sa conformit\u00e9 aux normes strictes de qualit\u00e9 et de durabilit\u00e9 GORE-TEX, le tissu lamin\u00e9 est extr\u00eamement respirant, durablement imperm\u00e9able et coupe-vent. Les coutures thermosoud\u00e9es sont trait\u00e9es avec un agent anti-goutte. Le v\u00eatement est rembourr\u00e9 d&rsquo;une couche int\u00e9rieure en PrimaLoft\u00ae Gold P.U.R.E\u2122, un m\u00e9lange exclusif 100 % recycl\u00e9 de fibres de tr\u00e8s petit diam\u00e8tre offrant des performances thermiques sup\u00e9rieures. Il offre le meilleur rapport chaleur\/poids de tous les isolants synth\u00e9tiques.<\/div>\n<div><\/div>\n<div>STYLE<\/div>\n<ul>\n<li>Col montant avec capuche repliable avec cordons de serrage horizontaux et visi\u00e8re, ferm\u00e9e par un zip imperm\u00e9able dissimul\u00e9.<\/li>\n<li>\u00c9toile Stone Island brod\u00e9e sous le col.<\/li>\n<li>Poches poitrine en biais sur les poches lat\u00e9rales, toutes deux avec zip imperm\u00e9able dissimul\u00e9.<\/li>\n<li>Poches repose-mains avec ouverture par le haut et zip imperm\u00e9able dissimul\u00e9.<\/li>\n<li>Poche int\u00e9rieure avec bouton et logo Compass brod\u00e9.<\/li>\n<li>Empi\u00e8cement au dos.<\/li>\n<li>Poignets ajustables par patte auto-agrippante.<\/li>\n<li>Fermeture zipp\u00e9e double sens imperm\u00e9able dissimul\u00e9e.<\/li>\n<\/ul>\n<p>COMPOSITION<\/p>\n<ul>\n<li>Couche ext\u00e9rieure\u00a0: 100\u00a0% polyester (hors rev\u00eatement).<\/li>\n<li>Couche int\u00e9rieure\u00a0: 100\u00a0% polyester.<\/li>\n<li>Doublure\u00a0: 100\u00a0% polyester.<\/li>\n<li>Rembourrage\u00a0: 100\u00a0% polyester.<\/li>\n<li>N\u00b0 Stone Island\u00a0: 4100041 0062<\/li>\n<li>N\u00b0 d\u2019identification\u00a0: 41413<\/li>\n<\/ul>\n","protected":false},"excerpt":{"rendered":"<p>D\u00c9TABLISSEMENT PRODUIT Cette parka \u00e0 capuche en duvet, confectionn\u00e9e en tissu GORE-TEX haute performance, arbore le label Black Diamond, r\u00e9serv\u00e9 aux v\u00eatements haute performance. L&rsquo;ext\u00e9rieur du tissu est en toile polyester BIONIC. Il est contrecoll\u00e9 \u00e0 la fine membrane GORE-TEX et \u00e0 une maille int\u00e9rieure protectrice en polyester teint masse avant l&rsquo;extrusion du fil. Soumis [&#8230;]\n","protected":false},"featured_media":212655,"comment_status":"open","ping_status":"closed","template":"","meta":{"rank_math_lock_modified_date":false},"product_cat":[482,542,705,446,450,462],"product_tag":[],"class_list":{"0":"post-212667","1":"product","2":"type-product","3":"status-publish","4":"has-post-thumbnail","6":"product_cat-stone-island-fr-2","7":"product_cat-jassen-fr","8":"product_cat-jassen-jacks-fr","9":"product_cat-kleding-fr","10":"product_cat-heren-fr","11":"product_cat-vousten-sports-fr-2","13":"first","14":"instock","15":"taxable","16":"shipping-taxable","17":"purchasable","18":"product-type-variable"},"acf":[],"yoast_head":"<!-- This site is optimized with the Yoast SEO plugin v23.9 - https:\/\/yoast.com\/wordpress\/plugins\/seo\/ -->\n<title>STONE ISLAND - PARKA \u00c0 CAPUCHE STELLINA GRIS PLOMB (41413) - Vousten Sports<\/title>\n<meta name=\"robots\" content=\"index, follow, max-snippet:-1, max-image-preview:large, max-video-preview:-1\" \/>\n<link rel=\"canonical\" href=\"https:\/\/www.voustensports.com\/fr\/stone-island-parka-a-capuche-stellina-gris-plomb-41413\/\" \/>\n<meta property=\"og:locale\" content=\"fr_FR\" \/>\n<meta property=\"og:type\" content=\"article\" \/>\n<meta property=\"og:title\" content=\"STONE ISLAND - PARKA \u00c0 CAPUCHE STELLINA GRIS PLOMB (41413) - Vousten Sports\" \/>\n<meta property=\"og:description\" content=\"D\u00c9TABLISSEMENT PRODUIT Cette parka \u00e0 capuche en duvet, confectionn\u00e9e en tissu GORE-TEX haute performance, arbore le label Black Diamond, r\u00e9serv\u00e9 aux v\u00eatements haute performance. L&rsquo;ext\u00e9rieur du tissu est en toile polyester BIONIC. Il est contrecoll\u00e9 \u00e0 la fine membrane GORE-TEX et \u00e0 une maille int\u00e9rieure protectrice en polyester teint masse avant l&rsquo;extrusion du fil. Soumis [...]\" \/>\n<meta property=\"og:url\" content=\"https:\/\/www.voustensports.com\/fr\/stone-island-parka-a-capuche-stellina-gris-plomb-41413\/\" \/>\n<meta property=\"og:site_name\" content=\"Vousten Sports\" \/>\n<meta property=\"article:modified_time\" content=\"2026-02-05T11:33:36+00:00\" \/>\n<meta property=\"og:image\" content=\"https:\/\/www.voustensports.com\/wp-content\/uploads\/2023\/06\/STELLINA-HOODED-PARKA-LEAD-GRAY-414131.jpg\" \/>\n\t<meta property=\"og:image:width\" content=\"1365\" \/>\n\t<meta property=\"og:image:height\" content=\"2048\" \/>\n\t<meta property=\"og:image:type\" content=\"image\/jpeg\" \/>\n<meta name=\"twitter:card\" content=\"summary_large_image\" \/>\n<meta name=\"twitter:label1\" content=\"Est. reading time\" \/>\n\t<meta name=\"twitter:data1\" content=\"1 minute\" \/>\n<script type=\"application\/ld+json\" class=\"yoast-schema-graph\">{\"@context\":\"https:\/\/schema.org\",\"@graph\":[{\"@type\":\"WebPage\",\"@id\":\"https:\/\/www.voustensports.com\/fr\/stone-island-parka-a-capuche-stellina-gris-plomb-41413\/\",\"url\":\"https:\/\/www.voustensports.com\/fr\/stone-island-parka-a-capuche-stellina-gris-plomb-41413\/\",\"name\":\"STONE ISLAND - PARKA \u00c0 CAPUCHE STELLINA GRIS PLOMB (41413) - Vousten Sports\",\"isPartOf\":{\"@id\":\"https:\/\/www.voustensports.com\/nl\/#website\"},\"primaryImageOfPage\":{\"@id\":\"https:\/\/www.voustensports.com\/fr\/stone-island-parka-a-capuche-stellina-gris-plomb-41413\/#primaryimage\"},\"image\":{\"@id\":\"https:\/\/www.voustensports.com\/fr\/stone-island-parka-a-capuche-stellina-gris-plomb-41413\/#primaryimage\"},\"thumbnailUrl\":\"https:\/\/www.voustensports.com\/wp-content\/uploads\/2023\/06\/STELLINA-HOODED-PARKA-LEAD-GRAY-414131.jpg\",\"datePublished\":\"2025-10-12T02:33:11+00:00\",\"dateModified\":\"2026-02-05T11:33:36+00:00\",\"breadcrumb\":{\"@id\":\"https:\/\/www.voustensports.com\/fr\/stone-island-parka-a-capuche-stellina-gris-plomb-41413\/#breadcrumb\"},\"inLanguage\":\"fr-FR\",\"potentialAction\":[{\"@type\":\"ReadAction\",\"target\":[\"https:\/\/www.voustensports.com\/fr\/stone-island-parka-a-capuche-stellina-gris-plomb-41413\/\"]}]},{\"@type\":\"ImageObject\",\"inLanguage\":\"fr-FR\",\"@id\":\"https:\/\/www.voustensports.com\/fr\/stone-island-parka-a-capuche-stellina-gris-plomb-41413\/#primaryimage\",\"url\":\"https:\/\/www.voustensports.com\/wp-content\/uploads\/2023\/06\/STELLINA-HOODED-PARKA-LEAD-GRAY-414131.jpg\",\"contentUrl\":\"https:\/\/www.voustensports.com\/wp-content\/uploads\/2023\/06\/STELLINA-HOODED-PARKA-LEAD-GRAY-414131.jpg\",\"width\":1365,\"height\":2048},{\"@type\":\"BreadcrumbList\",\"@id\":\"https:\/\/www.voustensports.com\/fr\/stone-island-parka-a-capuche-stellina-gris-plomb-41413\/#breadcrumb\",\"itemListElement\":[{\"@type\":\"ListItem\",\"position\":1,\"name\":\"Home\",\"item\":\"https:\/\/www.voustensports.com\/fr\/\"},{\"@type\":\"ListItem\",\"position\":2,\"name\":\"Boutique\",\"item\":\"https:\/\/www.voustensports.com\/fr\/shop\/\"},{\"@type\":\"ListItem\",\"position\":3,\"name\":\"STONE ISLAND &#8211; PARKA \u00c0 CAPUCHE STELLINA GRIS PLOMB (41413)\"}]},{\"@type\":\"WebSite\",\"@id\":\"https:\/\/www.voustensports.com\/nl\/#website\",\"url\":\"https:\/\/www.voustensports.com\/nl\/\",\"name\":\"Vousten Sports\",\"description\":\"\",\"potentialAction\":[{\"@type\":\"SearchAction\",\"target\":{\"@type\":\"EntryPoint\",\"urlTemplate\":\"https:\/\/www.voustensports.com\/nl\/?s={search_term_string}\"},\"query-input\":{\"@type\":\"PropertyValueSpecification\",\"valueRequired\":true,\"valueName\":\"search_term_string\"}}],\"inLanguage\":\"fr-FR\"}]}<\/script>\n<!-- \/ Yoast SEO plugin. -->","yoast_head_json":{"title":"STONE ISLAND - PARKA \u00c0 CAPUCHE STELLINA GRIS PLOMB (41413) - Vousten Sports","robots":{"index":"index","follow":"follow","max-snippet":"max-snippet:-1","max-image-preview":"max-image-preview:large","max-video-preview":"max-video-preview:-1"},"canonical":"https:\/\/www.voustensports.com\/fr\/stone-island-parka-a-capuche-stellina-gris-plomb-41413\/","og_locale":"fr_FR","og_type":"article","og_title":"STONE ISLAND - PARKA \u00c0 CAPUCHE STELLINA GRIS PLOMB (41413) - Vousten Sports","og_description":"D\u00c9TABLISSEMENT PRODUIT Cette parka \u00e0 capuche en duvet, confectionn\u00e9e en tissu GORE-TEX haute performance, arbore le label Black Diamond, r\u00e9serv\u00e9 aux v\u00eatements haute performance. L&rsquo;ext\u00e9rieur du tissu est en toile polyester BIONIC. Il est contrecoll\u00e9 \u00e0 la fine membrane GORE-TEX et \u00e0 une maille int\u00e9rieure protectrice en polyester teint masse avant l&rsquo;extrusion du fil. Soumis [...]","og_url":"https:\/\/www.voustensports.com\/fr\/stone-island-parka-a-capuche-stellina-gris-plomb-41413\/","og_site_name":"Vousten Sports","article_modified_time":"2026-02-05T11:33:36+00:00","og_image":[{"width":1365,"height":2048,"url":"https:\/\/www.voustensports.com\/wp-content\/uploads\/2023\/06\/STELLINA-HOODED-PARKA-LEAD-GRAY-414131.jpg","type":"image\/jpeg"}],"twitter_card":"summary_large_image","twitter_misc":{"Est. reading time":"1 minute"},"schema":{"@context":"https:\/\/schema.org","@graph":[{"@type":"WebPage","@id":"https:\/\/www.voustensports.com\/fr\/stone-island-parka-a-capuche-stellina-gris-plomb-41413\/","url":"https:\/\/www.voustensports.com\/fr\/stone-island-parka-a-capuche-stellina-gris-plomb-41413\/","name":"STONE ISLAND - PARKA \u00c0 CAPUCHE STELLINA GRIS PLOMB (41413) - Vousten Sports","isPartOf":{"@id":"https:\/\/www.voustensports.com\/nl\/#website"},"primaryImageOfPage":{"@id":"https:\/\/www.voustensports.com\/fr\/stone-island-parka-a-capuche-stellina-gris-plomb-41413\/#primaryimage"},"image":{"@id":"https:\/\/www.voustensports.com\/fr\/stone-island-parka-a-capuche-stellina-gris-plomb-41413\/#primaryimage"},"thumbnailUrl":"https:\/\/www.voustensports.com\/wp-content\/uploads\/2023\/06\/STELLINA-HOODED-PARKA-LEAD-GRAY-414131.jpg","datePublished":"2025-10-12T02:33:11+00:00","dateModified":"2026-02-05T11:33:36+00:00","breadcrumb":{"@id":"https:\/\/www.voustensports.com\/fr\/stone-island-parka-a-capuche-stellina-gris-plomb-41413\/#breadcrumb"},"inLanguage":"fr-FR","potentialAction":[{"@type":"ReadAction","target":["https:\/\/www.voustensports.com\/fr\/stone-island-parka-a-capuche-stellina-gris-plomb-41413\/"]}]},{"@type":"ImageObject","inLanguage":"fr-FR","@id":"https:\/\/www.voustensports.com\/fr\/stone-island-parka-a-capuche-stellina-gris-plomb-41413\/#primaryimage","url":"https:\/\/www.voustensports.com\/wp-content\/uploads\/2023\/06\/STELLINA-HOODED-PARKA-LEAD-GRAY-414131.jpg","contentUrl":"https:\/\/www.voustensports.com\/wp-content\/uploads\/2023\/06\/STELLINA-HOODED-PARKA-LEAD-GRAY-414131.jpg","width":1365,"height":2048},{"@type":"BreadcrumbList","@id":"https:\/\/www.voustensports.com\/fr\/stone-island-parka-a-capuche-stellina-gris-plomb-41413\/#breadcrumb","itemListElement":[{"@type":"ListItem","position":1,"name":"Home","item":"https:\/\/www.voustensports.com\/fr\/"},{"@type":"ListItem","position":2,"name":"Boutique","item":"https:\/\/www.voustensports.com\/fr\/shop\/"},{"@type":"ListItem","position":3,"name":"STONE ISLAND &#8211; PARKA \u00c0 CAPUCHE STELLINA GRIS PLOMB (41413)"}]},{"@type":"WebSite","@id":"https:\/\/www.voustensports.com\/nl\/#website","url":"https:\/\/www.voustensports.com\/nl\/","name":"Vousten Sports","description":"","potentialAction":[{"@type":"SearchAction","target":{"@type":"EntryPoint","urlTemplate":"https:\/\/www.voustensports.com\/nl\/?s={search_term_string}"},"query-input":{"@type":"PropertyValueSpecification","valueRequired":true,"valueName":"search_term_string"}}],"inLanguage":"fr-FR"}]}},"_links":{"self":[{"href":"https:\/\/www.voustensports.com\/fr\/wp-json\/wp\/v2\/product\/212667","targetHints":{"allow":["GET"]}}],"collection":[{"href":"https:\/\/www.voustensports.com\/fr\/wp-json\/wp\/v2\/product"}],"about":[{"href":"https:\/\/www.voustensports.com\/fr\/wp-json\/wp\/v2\/types\/product"}],"replies":[{"embeddable":true,"href":"https:\/\/www.voustensports.com\/fr\/wp-json\/wp\/v2\/comments?post=212667"}],"wp:featuredmedia":[{"embeddable":true,"href":"https:\/\/www.voustensports.com\/fr\/wp-json\/wp\/v2\/media\/212655"}],"wp:attachment":[{"href":"https:\/\/www.voustensports.com\/fr\/wp-json\/wp\/v2\/media?parent=212667"}],"wp:term":[{"taxonomy":"product_cat","embeddable":true,"href":"https:\/\/www.voustensports.com\/fr\/wp-json\/wp\/v2\/product_cat?post=212667"},{"taxonomy":"product_tag","embeddable":true,"href":"https:\/\/www.voustensports.com\/fr\/wp-json\/wp\/v2\/product_tag?post=212667"}],"curies":[{"name":"wp","href":"https:\/\/api.w.org\/{rel}","templated":true}]}}