{"id":212377,"date":"2025-10-10T22:39:08","date_gmt":"2025-10-10T20:39:08","guid":{"rendered":"https:\/\/www.voustensports.com\/valenza-pantalon-technique-stretch-chaud-noir-41774\/"},"modified":"2026-04-07T07:18:07","modified_gmt":"2026-04-07T05:18:07","slug":"valenza-pantalon-technique-stretch-chaud-noir-41774","status":"publish","type":"product","link":"https:\/\/www.voustensports.com\/fr\/valenza-pantalon-technique-stretch-chaud-noir-41774\/","title":{"rendered":"VALENZA &#8211; Pantalon technique stretch noir (41774)"},"content":{"rendered":"<p>Coupe ajust\u00e9e<br \/>\nDeux boutons \u00e0 l&rsquo;avant<br \/>\nCeinture \u00e9lastique structur\u00e9e<br \/>\nDeux poches arri\u00e8re avec fermeture \u00e0 glissi\u00e8re m\u00e9tallique<\/p>\n<p>Mat\u00e9riau :<\/p>\n<ul>\n<li>Popeline hyperstretch<\/li>\n<li>Fabriqu\u00e9 en Italie<\/li>\n<li>Composition : 71 % PA + 29 % EA<\/li>\n<\/ul>\n","protected":false},"excerpt":{"rendered":"<p>Coupe ajust\u00e9e Deux boutons \u00e0 l&rsquo;avant Ceinture \u00e9lastique structur\u00e9e Deux poches arri\u00e8re avec fermeture \u00e0 glissi\u00e8re m\u00e9tallique Mat\u00e9riau : Popeline hyperstretch Fabriqu\u00e9 en Italie Composition : 71 % PA + 29 % EA<\/p>\n","protected":false},"featured_media":212363,"comment_status":"open","ping_status":"closed","template":"","meta":{"rank_math_lock_modified_date":false},"product_cat":[466,778,786,446,450,462],"product_tag":[],"class_list":{"0":"post-212377","1":"product","2":"type-product","3":"status-publish","4":"has-post-thumbnail","6":"product_cat-broeken-fr","7":"product_cat-valenza-fr","8":"product_cat-broek-fr","9":"product_cat-kleding-fr","10":"product_cat-heren-fr","11":"product_cat-vousten-sports-fr-2","13":"first","14":"instock","15":"taxable","16":"shipping-taxable","17":"purchasable","18":"product-type-variable"},"acf":[],"yoast_head":"<!-- This site is optimized with the Yoast SEO plugin v23.9 - https:\/\/yoast.com\/wordpress\/plugins\/seo\/ -->\n<title>VALENZA - Pantalon technique stretch noir (41774) - Vousten Sports<\/title>\n<meta name=\"robots\" content=\"index, follow, max-snippet:-1, max-image-preview:large, max-video-preview:-1\" \/>\n<link rel=\"canonical\" href=\"https:\/\/www.voustensports.com\/fr\/valenza-pantalon-technique-stretch-chaud-noir-41774\/\" \/>\n<meta property=\"og:locale\" content=\"fr_FR\" \/>\n<meta property=\"og:type\" content=\"article\" \/>\n<meta property=\"og:title\" content=\"VALENZA - Pantalon technique stretch noir (41774) - Vousten Sports\" \/>\n<meta property=\"og:description\" content=\"Coupe ajust\u00e9e Deux boutons \u00e0 l&rsquo;avant Ceinture \u00e9lastique structur\u00e9e Deux poches arri\u00e8re avec fermeture \u00e0 glissi\u00e8re m\u00e9tallique Mat\u00e9riau : Popeline hyperstretch Fabriqu\u00e9 en Italie Composition : 71 % PA + 29 % EA\" \/>\n<meta property=\"og:url\" content=\"https:\/\/www.voustensports.com\/fr\/valenza-pantalon-technique-stretch-chaud-noir-41774\/\" \/>\n<meta property=\"og:site_name\" content=\"Vousten Sports\" \/>\n<meta property=\"article:modified_time\" content=\"2026-04-07T05:18:07+00:00\" \/>\n<meta property=\"og:image\" content=\"https:\/\/www.voustensports.com\/wp-content\/uploads\/2023\/06\/41774-ab.jpg\" \/>\n\t<meta property=\"og:image:width\" content=\"900\" \/>\n\t<meta property=\"og:image:height\" content=\"1200\" \/>\n\t<meta property=\"og:image:type\" content=\"image\/jpeg\" \/>\n<meta name=\"twitter:card\" content=\"summary_large_image\" \/>\n<script type=\"application\/ld+json\" class=\"yoast-schema-graph\">{\"@context\":\"https:\/\/schema.org\",\"@graph\":[{\"@type\":\"WebPage\",\"@id\":\"https:\/\/www.voustensports.com\/fr\/valenza-pantalon-technique-stretch-chaud-noir-41774\/\",\"url\":\"https:\/\/www.voustensports.com\/fr\/valenza-pantalon-technique-stretch-chaud-noir-41774\/\",\"name\":\"VALENZA - Pantalon technique stretch noir (41774) - Vousten Sports\",\"isPartOf\":{\"@id\":\"https:\/\/www.voustensports.com\/nl\/#website\"},\"primaryImageOfPage\":{\"@id\":\"https:\/\/www.voustensports.com\/fr\/valenza-pantalon-technique-stretch-chaud-noir-41774\/#primaryimage\"},\"image\":{\"@id\":\"https:\/\/www.voustensports.com\/fr\/valenza-pantalon-technique-stretch-chaud-noir-41774\/#primaryimage\"},\"thumbnailUrl\":\"https:\/\/www.voustensports.com\/wp-content\/uploads\/2023\/06\/41774-ab.jpg\",\"datePublished\":\"2025-10-10T20:39:08+00:00\",\"dateModified\":\"2026-04-07T05:18:07+00:00\",\"breadcrumb\":{\"@id\":\"https:\/\/www.voustensports.com\/fr\/valenza-pantalon-technique-stretch-chaud-noir-41774\/#breadcrumb\"},\"inLanguage\":\"fr-FR\",\"potentialAction\":[{\"@type\":\"ReadAction\",\"target\":[\"https:\/\/www.voustensports.com\/fr\/valenza-pantalon-technique-stretch-chaud-noir-41774\/\"]}]},{\"@type\":\"ImageObject\",\"inLanguage\":\"fr-FR\",\"@id\":\"https:\/\/www.voustensports.com\/fr\/valenza-pantalon-technique-stretch-chaud-noir-41774\/#primaryimage\",\"url\":\"https:\/\/www.voustensports.com\/wp-content\/uploads\/2023\/06\/41774-ab.jpg\",\"contentUrl\":\"https:\/\/www.voustensports.com\/wp-content\/uploads\/2023\/06\/41774-ab.jpg\",\"width\":900,\"height\":1200},{\"@type\":\"BreadcrumbList\",\"@id\":\"https:\/\/www.voustensports.com\/fr\/valenza-pantalon-technique-stretch-chaud-noir-41774\/#breadcrumb\",\"itemListElement\":[{\"@type\":\"ListItem\",\"position\":1,\"name\":\"Home\",\"item\":\"https:\/\/www.voustensports.com\/fr\/\"},{\"@type\":\"ListItem\",\"position\":2,\"name\":\"Boutique\",\"item\":\"https:\/\/www.voustensports.com\/fr\/shop\/\"},{\"@type\":\"ListItem\",\"position\":3,\"name\":\"VALENZA &#8211; Pantalon technique stretch noir (41774)\"}]},{\"@type\":\"WebSite\",\"@id\":\"https:\/\/www.voustensports.com\/nl\/#website\",\"url\":\"https:\/\/www.voustensports.com\/nl\/\",\"name\":\"Vousten Sports\",\"description\":\"\",\"potentialAction\":[{\"@type\":\"SearchAction\",\"target\":{\"@type\":\"EntryPoint\",\"urlTemplate\":\"https:\/\/www.voustensports.com\/nl\/?s={search_term_string}\"},\"query-input\":{\"@type\":\"PropertyValueSpecification\",\"valueRequired\":true,\"valueName\":\"search_term_string\"}}],\"inLanguage\":\"fr-FR\"}]}<\/script>\n<!-- \/ Yoast SEO plugin. -->","yoast_head_json":{"title":"VALENZA - Pantalon technique stretch noir (41774) - Vousten Sports","robots":{"index":"index","follow":"follow","max-snippet":"max-snippet:-1","max-image-preview":"max-image-preview:large","max-video-preview":"max-video-preview:-1"},"canonical":"https:\/\/www.voustensports.com\/fr\/valenza-pantalon-technique-stretch-chaud-noir-41774\/","og_locale":"fr_FR","og_type":"article","og_title":"VALENZA - Pantalon technique stretch noir (41774) - Vousten Sports","og_description":"Coupe ajust\u00e9e Deux boutons \u00e0 l&rsquo;avant Ceinture \u00e9lastique structur\u00e9e Deux poches arri\u00e8re avec fermeture \u00e0 glissi\u00e8re m\u00e9tallique Mat\u00e9riau : Popeline hyperstretch Fabriqu\u00e9 en Italie Composition : 71 % PA + 29 % EA","og_url":"https:\/\/www.voustensports.com\/fr\/valenza-pantalon-technique-stretch-chaud-noir-41774\/","og_site_name":"Vousten Sports","article_modified_time":"2026-04-07T05:18:07+00:00","og_image":[{"width":900,"height":1200,"url":"https:\/\/www.voustensports.com\/wp-content\/uploads\/2023\/06\/41774-ab.jpg","type":"image\/jpeg"}],"twitter_card":"summary_large_image","schema":{"@context":"https:\/\/schema.org","@graph":[{"@type":"WebPage","@id":"https:\/\/www.voustensports.com\/fr\/valenza-pantalon-technique-stretch-chaud-noir-41774\/","url":"https:\/\/www.voustensports.com\/fr\/valenza-pantalon-technique-stretch-chaud-noir-41774\/","name":"VALENZA - Pantalon technique stretch noir (41774) - Vousten Sports","isPartOf":{"@id":"https:\/\/www.voustensports.com\/nl\/#website"},"primaryImageOfPage":{"@id":"https:\/\/www.voustensports.com\/fr\/valenza-pantalon-technique-stretch-chaud-noir-41774\/#primaryimage"},"image":{"@id":"https:\/\/www.voustensports.com\/fr\/valenza-pantalon-technique-stretch-chaud-noir-41774\/#primaryimage"},"thumbnailUrl":"https:\/\/www.voustensports.com\/wp-content\/uploads\/2023\/06\/41774-ab.jpg","datePublished":"2025-10-10T20:39:08+00:00","dateModified":"2026-04-07T05:18:07+00:00","breadcrumb":{"@id":"https:\/\/www.voustensports.com\/fr\/valenza-pantalon-technique-stretch-chaud-noir-41774\/#breadcrumb"},"inLanguage":"fr-FR","potentialAction":[{"@type":"ReadAction","target":["https:\/\/www.voustensports.com\/fr\/valenza-pantalon-technique-stretch-chaud-noir-41774\/"]}]},{"@type":"ImageObject","inLanguage":"fr-FR","@id":"https:\/\/www.voustensports.com\/fr\/valenza-pantalon-technique-stretch-chaud-noir-41774\/#primaryimage","url":"https:\/\/www.voustensports.com\/wp-content\/uploads\/2023\/06\/41774-ab.jpg","contentUrl":"https:\/\/www.voustensports.com\/wp-content\/uploads\/2023\/06\/41774-ab.jpg","width":900,"height":1200},{"@type":"BreadcrumbList","@id":"https:\/\/www.voustensports.com\/fr\/valenza-pantalon-technique-stretch-chaud-noir-41774\/#breadcrumb","itemListElement":[{"@type":"ListItem","position":1,"name":"Home","item":"https:\/\/www.voustensports.com\/fr\/"},{"@type":"ListItem","position":2,"name":"Boutique","item":"https:\/\/www.voustensports.com\/fr\/shop\/"},{"@type":"ListItem","position":3,"name":"VALENZA &#8211; Pantalon technique stretch noir (41774)"}]},{"@type":"WebSite","@id":"https:\/\/www.voustensports.com\/nl\/#website","url":"https:\/\/www.voustensports.com\/nl\/","name":"Vousten Sports","description":"","potentialAction":[{"@type":"SearchAction","target":{"@type":"EntryPoint","urlTemplate":"https:\/\/www.voustensports.com\/nl\/?s={search_term_string}"},"query-input":{"@type":"PropertyValueSpecification","valueRequired":true,"valueName":"search_term_string"}}],"inLanguage":"fr-FR"}]}},"_links":{"self":[{"href":"https:\/\/www.voustensports.com\/fr\/wp-json\/wp\/v2\/product\/212377","targetHints":{"allow":["GET"]}}],"collection":[{"href":"https:\/\/www.voustensports.com\/fr\/wp-json\/wp\/v2\/product"}],"about":[{"href":"https:\/\/www.voustensports.com\/fr\/wp-json\/wp\/v2\/types\/product"}],"replies":[{"embeddable":true,"href":"https:\/\/www.voustensports.com\/fr\/wp-json\/wp\/v2\/comments?post=212377"}],"wp:featuredmedia":[{"embeddable":true,"href":"https:\/\/www.voustensports.com\/fr\/wp-json\/wp\/v2\/media\/212363"}],"wp:attachment":[{"href":"https:\/\/www.voustensports.com\/fr\/wp-json\/wp\/v2\/media?parent=212377"}],"wp:term":[{"taxonomy":"product_cat","embeddable":true,"href":"https:\/\/www.voustensports.com\/fr\/wp-json\/wp\/v2\/product_cat?post=212377"},{"taxonomy":"product_tag","embeddable":true,"href":"https:\/\/www.voustensports.com\/fr\/wp-json\/wp\/v2\/product_tag?post=212377"}],"curies":[{"name":"wp","href":"https:\/\/api.w.org\/{rel}","templated":true}]}}