{"id":212293,"date":"2025-10-10T16:15:19","date_gmt":"2025-10-10T14:15:19","guid":{"rendered":"https:\/\/www.voustensports.com\/hogan-dames-sneaker-cool-silver-41256-2\/"},"modified":"2026-04-16T00:12:20","modified_gmt":"2026-04-15T22:12:20","slug":"hogan-dames-sneaker-cool-silver-41256-2","status":"publish","type":"product","link":"https:\/\/www.voustensports.com\/fr\/hogan-dames-sneaker-cool-silver-41256-2\/","title":{"rendered":"HOGAN Dames sneaker cool silver (41256)"},"content":{"rendered":"<p><strong>Les baskets Hogan Cool, m\u00e9lange parfait d&rsquo;\u00e9l\u00e9ments r\u00e9tro et de lignes contemporaines, se caract\u00e9risent par un look sobre et raffin\u00e9. La semelle ext\u00e9rieure rappelle le monogramme inclin\u00e9 sur la semelle, tandis que la semelle int\u00e9rieure en mousse \u00e0 m\u00e9moire de forme garantit un ajustement amortissant.<\/strong><\/p>\n<p><strong>D\u00e9tails :<\/strong><\/p>\n<ul>\n<li>Tige en cuir m\u00e9tallis\u00e9<\/li>\n<li>C\u00f4t\u00e9 en cuir nappa H<\/li>\n<li>Semelle int\u00e9rieure en mousse \u00e0 m\u00e9moire de forme de 8 mm<\/li>\n<li>Semelle cupsole en caoutchouc (TPU)<\/li>\n<li>Hauteur totale 3,2 cm<\/li>\n<li>Sac en tissu inclus<\/li>\n<li>Lacets suppl\u00e9mentaires inclus<\/li>\n<\/ul>\n","protected":false},"excerpt":{"rendered":"<p>Les baskets Hogan Cool, m\u00e9lange parfait d&rsquo;\u00e9l\u00e9ments r\u00e9tro et de lignes contemporaines, se caract\u00e9risent par un look sobre et raffin\u00e9. La semelle ext\u00e9rieure rappelle le monogramme inclin\u00e9 sur la semelle, tandis que la semelle int\u00e9rieure en mousse \u00e0 m\u00e9moire de forme garantit un ajustement amortissant. D\u00e9tails : Tige en cuir m\u00e9tallis\u00e9 C\u00f4t\u00e9 en cuir nappa [&#8230;]\n","protected":false},"featured_media":212275,"comment_status":"open","ping_status":"closed","template":"","meta":{"rank_math_lock_modified_date":false},"product_cat":[462,518,522,526,637,887],"product_tag":[],"class_list":{"0":"post-212293","1":"product","2":"type-product","3":"status-publish","4":"has-post-thumbnail","6":"product_cat-vousten-sports-fr-2","7":"product_cat-hogan-fr","8":"product_cat-schoenen-fr-2","9":"product_cat-sneakers-fr-2","10":"product_cat-dames-fr","11":"product_cat-damesschoenen-fr","13":"first","14":"instock","15":"taxable","16":"shipping-taxable","17":"purchasable","18":"product-type-variable"},"acf":[],"yoast_head":"<!-- This site is optimized with the Yoast SEO plugin v23.9 - https:\/\/yoast.com\/wordpress\/plugins\/seo\/ -->\n<title>HOGAN Dames sneaker cool silver (41256) - Vousten Sports<\/title>\n<meta name=\"robots\" content=\"index, follow, max-snippet:-1, max-image-preview:large, max-video-preview:-1\" \/>\n<link rel=\"canonical\" href=\"https:\/\/www.voustensports.com\/fr\/hogan-dames-sneaker-cool-silver-41256-2\/\" \/>\n<meta property=\"og:locale\" content=\"fr_FR\" \/>\n<meta property=\"og:type\" content=\"article\" \/>\n<meta property=\"og:title\" content=\"HOGAN Dames sneaker cool silver (41256) - Vousten Sports\" \/>\n<meta property=\"og:description\" content=\"Les baskets Hogan Cool, m\u00e9lange parfait d&rsquo;\u00e9l\u00e9ments r\u00e9tro et de lignes contemporaines, se caract\u00e9risent par un look sobre et raffin\u00e9. La semelle ext\u00e9rieure rappelle le monogramme inclin\u00e9 sur la semelle, tandis que la semelle int\u00e9rieure en mousse \u00e0 m\u00e9moire de forme garantit un ajustement amortissant. D\u00e9tails : Tige en cuir m\u00e9tallis\u00e9 C\u00f4t\u00e9 en cuir nappa [...]\" \/>\n<meta property=\"og:url\" content=\"https:\/\/www.voustensports.com\/fr\/hogan-dames-sneaker-cool-silver-41256-2\/\" \/>\n<meta property=\"og:site_name\" content=\"Vousten Sports\" \/>\n<meta property=\"article:modified_time\" content=\"2026-04-15T22:12:20+00:00\" \/>\n<meta property=\"og:image\" content=\"https:\/\/www.voustensports.com\/wp-content\/uploads\/2023\/06\/41256-vv.jpg\" \/>\n\t<meta property=\"og:image:width\" content=\"1600\" \/>\n\t<meta property=\"og:image:height\" content=\"1600\" \/>\n\t<meta property=\"og:image:type\" content=\"image\/jpeg\" \/>\n<meta name=\"twitter:card\" content=\"summary_large_image\" \/>\n<script type=\"application\/ld+json\" class=\"yoast-schema-graph\">{\"@context\":\"https:\/\/schema.org\",\"@graph\":[{\"@type\":\"WebPage\",\"@id\":\"https:\/\/www.voustensports.com\/fr\/hogan-dames-sneaker-cool-silver-41256-2\/\",\"url\":\"https:\/\/www.voustensports.com\/fr\/hogan-dames-sneaker-cool-silver-41256-2\/\",\"name\":\"HOGAN Dames sneaker cool silver (41256) - Vousten Sports\",\"isPartOf\":{\"@id\":\"https:\/\/www.voustensports.com\/nl\/#website\"},\"primaryImageOfPage\":{\"@id\":\"https:\/\/www.voustensports.com\/fr\/hogan-dames-sneaker-cool-silver-41256-2\/#primaryimage\"},\"image\":{\"@id\":\"https:\/\/www.voustensports.com\/fr\/hogan-dames-sneaker-cool-silver-41256-2\/#primaryimage\"},\"thumbnailUrl\":\"https:\/\/www.voustensports.com\/wp-content\/uploads\/2023\/06\/41256-vv.jpg\",\"datePublished\":\"2025-10-10T14:15:19+00:00\",\"dateModified\":\"2026-04-15T22:12:20+00:00\",\"breadcrumb\":{\"@id\":\"https:\/\/www.voustensports.com\/fr\/hogan-dames-sneaker-cool-silver-41256-2\/#breadcrumb\"},\"inLanguage\":\"fr-FR\",\"potentialAction\":[{\"@type\":\"ReadAction\",\"target\":[\"https:\/\/www.voustensports.com\/fr\/hogan-dames-sneaker-cool-silver-41256-2\/\"]}]},{\"@type\":\"ImageObject\",\"inLanguage\":\"fr-FR\",\"@id\":\"https:\/\/www.voustensports.com\/fr\/hogan-dames-sneaker-cool-silver-41256-2\/#primaryimage\",\"url\":\"https:\/\/www.voustensports.com\/wp-content\/uploads\/2023\/06\/41256-vv.jpg\",\"contentUrl\":\"https:\/\/www.voustensports.com\/wp-content\/uploads\/2023\/06\/41256-vv.jpg\",\"width\":1600,\"height\":1600},{\"@type\":\"BreadcrumbList\",\"@id\":\"https:\/\/www.voustensports.com\/fr\/hogan-dames-sneaker-cool-silver-41256-2\/#breadcrumb\",\"itemListElement\":[{\"@type\":\"ListItem\",\"position\":1,\"name\":\"Home\",\"item\":\"https:\/\/www.voustensports.com\/fr\/\"},{\"@type\":\"ListItem\",\"position\":2,\"name\":\"Boutique\",\"item\":\"https:\/\/www.voustensports.com\/fr\/shop\/\"},{\"@type\":\"ListItem\",\"position\":3,\"name\":\"HOGAN Dames sneaker cool silver (41256)\"}]},{\"@type\":\"WebSite\",\"@id\":\"https:\/\/www.voustensports.com\/nl\/#website\",\"url\":\"https:\/\/www.voustensports.com\/nl\/\",\"name\":\"Vousten Sports\",\"description\":\"\",\"potentialAction\":[{\"@type\":\"SearchAction\",\"target\":{\"@type\":\"EntryPoint\",\"urlTemplate\":\"https:\/\/www.voustensports.com\/nl\/?s={search_term_string}\"},\"query-input\":{\"@type\":\"PropertyValueSpecification\",\"valueRequired\":true,\"valueName\":\"search_term_string\"}}],\"inLanguage\":\"fr-FR\"}]}<\/script>\n<!-- \/ Yoast SEO plugin. -->","yoast_head_json":{"title":"HOGAN Dames sneaker cool silver (41256) - Vousten Sports","robots":{"index":"index","follow":"follow","max-snippet":"max-snippet:-1","max-image-preview":"max-image-preview:large","max-video-preview":"max-video-preview:-1"},"canonical":"https:\/\/www.voustensports.com\/fr\/hogan-dames-sneaker-cool-silver-41256-2\/","og_locale":"fr_FR","og_type":"article","og_title":"HOGAN Dames sneaker cool silver (41256) - Vousten Sports","og_description":"Les baskets Hogan Cool, m\u00e9lange parfait d&rsquo;\u00e9l\u00e9ments r\u00e9tro et de lignes contemporaines, se caract\u00e9risent par un look sobre et raffin\u00e9. La semelle ext\u00e9rieure rappelle le monogramme inclin\u00e9 sur la semelle, tandis que la semelle int\u00e9rieure en mousse \u00e0 m\u00e9moire de forme garantit un ajustement amortissant. D\u00e9tails : Tige en cuir m\u00e9tallis\u00e9 C\u00f4t\u00e9 en cuir nappa [...]","og_url":"https:\/\/www.voustensports.com\/fr\/hogan-dames-sneaker-cool-silver-41256-2\/","og_site_name":"Vousten Sports","article_modified_time":"2026-04-15T22:12:20+00:00","og_image":[{"width":1600,"height":1600,"url":"https:\/\/www.voustensports.com\/wp-content\/uploads\/2023\/06\/41256-vv.jpg","type":"image\/jpeg"}],"twitter_card":"summary_large_image","schema":{"@context":"https:\/\/schema.org","@graph":[{"@type":"WebPage","@id":"https:\/\/www.voustensports.com\/fr\/hogan-dames-sneaker-cool-silver-41256-2\/","url":"https:\/\/www.voustensports.com\/fr\/hogan-dames-sneaker-cool-silver-41256-2\/","name":"HOGAN Dames sneaker cool silver (41256) - Vousten Sports","isPartOf":{"@id":"https:\/\/www.voustensports.com\/nl\/#website"},"primaryImageOfPage":{"@id":"https:\/\/www.voustensports.com\/fr\/hogan-dames-sneaker-cool-silver-41256-2\/#primaryimage"},"image":{"@id":"https:\/\/www.voustensports.com\/fr\/hogan-dames-sneaker-cool-silver-41256-2\/#primaryimage"},"thumbnailUrl":"https:\/\/www.voustensports.com\/wp-content\/uploads\/2023\/06\/41256-vv.jpg","datePublished":"2025-10-10T14:15:19+00:00","dateModified":"2026-04-15T22:12:20+00:00","breadcrumb":{"@id":"https:\/\/www.voustensports.com\/fr\/hogan-dames-sneaker-cool-silver-41256-2\/#breadcrumb"},"inLanguage":"fr-FR","potentialAction":[{"@type":"ReadAction","target":["https:\/\/www.voustensports.com\/fr\/hogan-dames-sneaker-cool-silver-41256-2\/"]}]},{"@type":"ImageObject","inLanguage":"fr-FR","@id":"https:\/\/www.voustensports.com\/fr\/hogan-dames-sneaker-cool-silver-41256-2\/#primaryimage","url":"https:\/\/www.voustensports.com\/wp-content\/uploads\/2023\/06\/41256-vv.jpg","contentUrl":"https:\/\/www.voustensports.com\/wp-content\/uploads\/2023\/06\/41256-vv.jpg","width":1600,"height":1600},{"@type":"BreadcrumbList","@id":"https:\/\/www.voustensports.com\/fr\/hogan-dames-sneaker-cool-silver-41256-2\/#breadcrumb","itemListElement":[{"@type":"ListItem","position":1,"name":"Home","item":"https:\/\/www.voustensports.com\/fr\/"},{"@type":"ListItem","position":2,"name":"Boutique","item":"https:\/\/www.voustensports.com\/fr\/shop\/"},{"@type":"ListItem","position":3,"name":"HOGAN Dames sneaker cool silver (41256)"}]},{"@type":"WebSite","@id":"https:\/\/www.voustensports.com\/nl\/#website","url":"https:\/\/www.voustensports.com\/nl\/","name":"Vousten Sports","description":"","potentialAction":[{"@type":"SearchAction","target":{"@type":"EntryPoint","urlTemplate":"https:\/\/www.voustensports.com\/nl\/?s={search_term_string}"},"query-input":{"@type":"PropertyValueSpecification","valueRequired":true,"valueName":"search_term_string"}}],"inLanguage":"fr-FR"}]}},"_links":{"self":[{"href":"https:\/\/www.voustensports.com\/fr\/wp-json\/wp\/v2\/product\/212293","targetHints":{"allow":["GET"]}}],"collection":[{"href":"https:\/\/www.voustensports.com\/fr\/wp-json\/wp\/v2\/product"}],"about":[{"href":"https:\/\/www.voustensports.com\/fr\/wp-json\/wp\/v2\/types\/product"}],"replies":[{"embeddable":true,"href":"https:\/\/www.voustensports.com\/fr\/wp-json\/wp\/v2\/comments?post=212293"}],"wp:featuredmedia":[{"embeddable":true,"href":"https:\/\/www.voustensports.com\/fr\/wp-json\/wp\/v2\/media\/212275"}],"wp:attachment":[{"href":"https:\/\/www.voustensports.com\/fr\/wp-json\/wp\/v2\/media?parent=212293"}],"wp:term":[{"taxonomy":"product_cat","embeddable":true,"href":"https:\/\/www.voustensports.com\/fr\/wp-json\/wp\/v2\/product_cat?post=212293"},{"taxonomy":"product_tag","embeddable":true,"href":"https:\/\/www.voustensports.com\/fr\/wp-json\/wp\/v2\/product_tag?post=212293"}],"curies":[{"name":"wp","href":"https:\/\/api.w.org\/{rel}","templated":true}]}}