{"id":211995,"date":"2025-10-08T11:27:10","date_gmt":"2025-10-08T09:27:10","guid":{"rendered":"https:\/\/www.voustensports.com\/stone-island-pantalon-ample-stellina-beige-41511\/"},"modified":"2026-02-05T12:35:59","modified_gmt":"2026-02-05T11:35:59","slug":"stone-island-pantalon-ample-stellina-beige-41511","status":"publish","type":"product","link":"https:\/\/www.voustensports.com\/fr\/stone-island-pantalon-ample-stellina-beige-41511\/","title":{"rendered":"STONE ISLAND &#8211; PANTALON AMPLE STELLINA BEIGE (41511)"},"content":{"rendered":"<div>D\u00c9TAILS PRODUIT<\/div>\n<div>Pantalon confectionn\u00e9 en tissu extensible structur\u00e9, compos\u00e9 \u00e0 91 % de nylon recycl\u00e9.<\/div>\n<div><\/div>\n<div>STYLE<\/div>\n<ul>\n<li>Poches lat\u00e9rales en biais.<\/li>\n<li>Une poche arri\u00e8re avec fermeture \u00e0 pression dissimul\u00e9e sous une \u00e9toile Stone Island brod\u00e9e.<\/li>\n<li>Poche pliss\u00e9e sur la jambe gauche avec rabat en biais et fermeture \u00e0 pression, et une seconde poche verticale avec fermeture \u00e0 glissi\u00e8re dissimul\u00e9e.<\/li>\n<li>Poignets \u00e9lastiques \u00e0 cordon de serrage.<\/li>\n<li>Taille \u00e9lastique.<\/li>\n<li>Fermeture \u00e0 glissi\u00e8re.<\/li>\n<li>Coupe ample.<\/li>\n<\/ul>\n<div>COMPOSITION<\/div>\n<ul>\n<li>91 % polyamide \/ nylon, 9 % \u00e9lasthanne \/ \u00e9lasthanne<\/li>\n<li>R\u00e9f\u00e9rence Stone Island : 3100029 0090<\/li>\n<li>R\u00e9f\u00e9rence : 41511<\/li>\n<\/ul>\n","protected":false},"excerpt":{"rendered":"<p>D\u00c9TAILS PRODUIT Pantalon confectionn\u00e9 en tissu extensible structur\u00e9, compos\u00e9 \u00e0 91 % de nylon recycl\u00e9. STYLE Poches lat\u00e9rales en biais. Une poche arri\u00e8re avec fermeture \u00e0 pression dissimul\u00e9e sous une \u00e9toile Stone Island brod\u00e9e. Poche pliss\u00e9e sur la jambe gauche avec rabat en biais et fermeture \u00e0 pression, et une seconde poche verticale avec fermeture [&#8230;]\n","protected":false},"featured_media":211983,"comment_status":"open","ping_status":"closed","template":"","meta":{"rank_math_lock_modified_date":false},"product_cat":[446,450,462,466,482,786,901],"product_tag":[],"class_list":{"0":"post-211995","1":"product","2":"type-product","3":"status-publish","4":"has-post-thumbnail","6":"product_cat-kleding-fr","7":"product_cat-heren-fr","8":"product_cat-vousten-sports-fr-2","9":"product_cat-broeken-fr","10":"product_cat-stone-island-fr-2","11":"product_cat-broek-fr","12":"product_cat-cargo-fr","14":"first","15":"instock","16":"taxable","17":"shipping-taxable","18":"purchasable","19":"product-type-variable"},"acf":[],"yoast_head":"<!-- This site is optimized with the Yoast SEO plugin v23.9 - https:\/\/yoast.com\/wordpress\/plugins\/seo\/ -->\n<title>STONE ISLAND - PANTALON AMPLE STELLINA BEIGE (41511) - Vousten Sports<\/title>\n<meta name=\"robots\" content=\"index, follow, max-snippet:-1, max-image-preview:large, max-video-preview:-1\" \/>\n<link rel=\"canonical\" href=\"https:\/\/www.voustensports.com\/fr\/stone-island-pantalon-ample-stellina-beige-41511\/\" \/>\n<meta property=\"og:locale\" content=\"fr_FR\" \/>\n<meta property=\"og:type\" content=\"article\" \/>\n<meta property=\"og:title\" content=\"STONE ISLAND - PANTALON AMPLE STELLINA BEIGE (41511) - Vousten Sports\" \/>\n<meta property=\"og:description\" content=\"D\u00c9TAILS PRODUIT Pantalon confectionn\u00e9 en tissu extensible structur\u00e9, compos\u00e9 \u00e0 91 % de nylon recycl\u00e9. STYLE Poches lat\u00e9rales en biais. Une poche arri\u00e8re avec fermeture \u00e0 pression dissimul\u00e9e sous une \u00e9toile Stone Island brod\u00e9e. Poche pliss\u00e9e sur la jambe gauche avec rabat en biais et fermeture \u00e0 pression, et une seconde poche verticale avec fermeture [...]\" \/>\n<meta property=\"og:url\" content=\"https:\/\/www.voustensports.com\/fr\/stone-island-pantalon-ample-stellina-beige-41511\/\" \/>\n<meta property=\"og:site_name\" content=\"Vousten Sports\" \/>\n<meta property=\"article:modified_time\" content=\"2026-02-05T11:35:59+00:00\" \/>\n<meta property=\"og:image\" content=\"https:\/\/www.voustensports.com\/wp-content\/uploads\/2023\/06\/STELLINA-LOOSE-FIT-PANTS-BEIGE-415111.jpg\" \/>\n\t<meta property=\"og:image:width\" content=\"1365\" \/>\n\t<meta property=\"og:image:height\" content=\"2048\" \/>\n\t<meta property=\"og:image:type\" content=\"image\/jpeg\" \/>\n<meta name=\"twitter:card\" content=\"summary_large_image\" \/>\n<script type=\"application\/ld+json\" class=\"yoast-schema-graph\">{\"@context\":\"https:\/\/schema.org\",\"@graph\":[{\"@type\":\"WebPage\",\"@id\":\"https:\/\/www.voustensports.com\/fr\/stone-island-pantalon-ample-stellina-beige-41511\/\",\"url\":\"https:\/\/www.voustensports.com\/fr\/stone-island-pantalon-ample-stellina-beige-41511\/\",\"name\":\"STONE ISLAND - PANTALON AMPLE STELLINA BEIGE (41511) - Vousten Sports\",\"isPartOf\":{\"@id\":\"https:\/\/www.voustensports.com\/nl\/#website\"},\"primaryImageOfPage\":{\"@id\":\"https:\/\/www.voustensports.com\/fr\/stone-island-pantalon-ample-stellina-beige-41511\/#primaryimage\"},\"image\":{\"@id\":\"https:\/\/www.voustensports.com\/fr\/stone-island-pantalon-ample-stellina-beige-41511\/#primaryimage\"},\"thumbnailUrl\":\"https:\/\/www.voustensports.com\/wp-content\/uploads\/2023\/06\/STELLINA-LOOSE-FIT-PANTS-BEIGE-415111.jpg\",\"datePublished\":\"2025-10-08T09:27:10+00:00\",\"dateModified\":\"2026-02-05T11:35:59+00:00\",\"breadcrumb\":{\"@id\":\"https:\/\/www.voustensports.com\/fr\/stone-island-pantalon-ample-stellina-beige-41511\/#breadcrumb\"},\"inLanguage\":\"fr-FR\",\"potentialAction\":[{\"@type\":\"ReadAction\",\"target\":[\"https:\/\/www.voustensports.com\/fr\/stone-island-pantalon-ample-stellina-beige-41511\/\"]}]},{\"@type\":\"ImageObject\",\"inLanguage\":\"fr-FR\",\"@id\":\"https:\/\/www.voustensports.com\/fr\/stone-island-pantalon-ample-stellina-beige-41511\/#primaryimage\",\"url\":\"https:\/\/www.voustensports.com\/wp-content\/uploads\/2023\/06\/STELLINA-LOOSE-FIT-PANTS-BEIGE-415111.jpg\",\"contentUrl\":\"https:\/\/www.voustensports.com\/wp-content\/uploads\/2023\/06\/STELLINA-LOOSE-FIT-PANTS-BEIGE-415111.jpg\",\"width\":1365,\"height\":2048},{\"@type\":\"BreadcrumbList\",\"@id\":\"https:\/\/www.voustensports.com\/fr\/stone-island-pantalon-ample-stellina-beige-41511\/#breadcrumb\",\"itemListElement\":[{\"@type\":\"ListItem\",\"position\":1,\"name\":\"Home\",\"item\":\"https:\/\/www.voustensports.com\/fr\/\"},{\"@type\":\"ListItem\",\"position\":2,\"name\":\"Boutique\",\"item\":\"https:\/\/www.voustensports.com\/fr\/shop\/\"},{\"@type\":\"ListItem\",\"position\":3,\"name\":\"STONE ISLAND &#8211; PANTALON AMPLE STELLINA BEIGE (41511)\"}]},{\"@type\":\"WebSite\",\"@id\":\"https:\/\/www.voustensports.com\/nl\/#website\",\"url\":\"https:\/\/www.voustensports.com\/nl\/\",\"name\":\"Vousten Sports\",\"description\":\"\",\"potentialAction\":[{\"@type\":\"SearchAction\",\"target\":{\"@type\":\"EntryPoint\",\"urlTemplate\":\"https:\/\/www.voustensports.com\/nl\/?s={search_term_string}\"},\"query-input\":{\"@type\":\"PropertyValueSpecification\",\"valueRequired\":true,\"valueName\":\"search_term_string\"}}],\"inLanguage\":\"fr-FR\"}]}<\/script>\n<!-- \/ Yoast SEO plugin. -->","yoast_head_json":{"title":"STONE ISLAND - PANTALON AMPLE STELLINA BEIGE (41511) - Vousten Sports","robots":{"index":"index","follow":"follow","max-snippet":"max-snippet:-1","max-image-preview":"max-image-preview:large","max-video-preview":"max-video-preview:-1"},"canonical":"https:\/\/www.voustensports.com\/fr\/stone-island-pantalon-ample-stellina-beige-41511\/","og_locale":"fr_FR","og_type":"article","og_title":"STONE ISLAND - PANTALON AMPLE STELLINA BEIGE (41511) - Vousten Sports","og_description":"D\u00c9TAILS PRODUIT Pantalon confectionn\u00e9 en tissu extensible structur\u00e9, compos\u00e9 \u00e0 91 % de nylon recycl\u00e9. STYLE Poches lat\u00e9rales en biais. Une poche arri\u00e8re avec fermeture \u00e0 pression dissimul\u00e9e sous une \u00e9toile Stone Island brod\u00e9e. Poche pliss\u00e9e sur la jambe gauche avec rabat en biais et fermeture \u00e0 pression, et une seconde poche verticale avec fermeture [...]","og_url":"https:\/\/www.voustensports.com\/fr\/stone-island-pantalon-ample-stellina-beige-41511\/","og_site_name":"Vousten Sports","article_modified_time":"2026-02-05T11:35:59+00:00","og_image":[{"width":1365,"height":2048,"url":"https:\/\/www.voustensports.com\/wp-content\/uploads\/2023\/06\/STELLINA-LOOSE-FIT-PANTS-BEIGE-415111.jpg","type":"image\/jpeg"}],"twitter_card":"summary_large_image","schema":{"@context":"https:\/\/schema.org","@graph":[{"@type":"WebPage","@id":"https:\/\/www.voustensports.com\/fr\/stone-island-pantalon-ample-stellina-beige-41511\/","url":"https:\/\/www.voustensports.com\/fr\/stone-island-pantalon-ample-stellina-beige-41511\/","name":"STONE ISLAND - PANTALON AMPLE STELLINA BEIGE (41511) - Vousten Sports","isPartOf":{"@id":"https:\/\/www.voustensports.com\/nl\/#website"},"primaryImageOfPage":{"@id":"https:\/\/www.voustensports.com\/fr\/stone-island-pantalon-ample-stellina-beige-41511\/#primaryimage"},"image":{"@id":"https:\/\/www.voustensports.com\/fr\/stone-island-pantalon-ample-stellina-beige-41511\/#primaryimage"},"thumbnailUrl":"https:\/\/www.voustensports.com\/wp-content\/uploads\/2023\/06\/STELLINA-LOOSE-FIT-PANTS-BEIGE-415111.jpg","datePublished":"2025-10-08T09:27:10+00:00","dateModified":"2026-02-05T11:35:59+00:00","breadcrumb":{"@id":"https:\/\/www.voustensports.com\/fr\/stone-island-pantalon-ample-stellina-beige-41511\/#breadcrumb"},"inLanguage":"fr-FR","potentialAction":[{"@type":"ReadAction","target":["https:\/\/www.voustensports.com\/fr\/stone-island-pantalon-ample-stellina-beige-41511\/"]}]},{"@type":"ImageObject","inLanguage":"fr-FR","@id":"https:\/\/www.voustensports.com\/fr\/stone-island-pantalon-ample-stellina-beige-41511\/#primaryimage","url":"https:\/\/www.voustensports.com\/wp-content\/uploads\/2023\/06\/STELLINA-LOOSE-FIT-PANTS-BEIGE-415111.jpg","contentUrl":"https:\/\/www.voustensports.com\/wp-content\/uploads\/2023\/06\/STELLINA-LOOSE-FIT-PANTS-BEIGE-415111.jpg","width":1365,"height":2048},{"@type":"BreadcrumbList","@id":"https:\/\/www.voustensports.com\/fr\/stone-island-pantalon-ample-stellina-beige-41511\/#breadcrumb","itemListElement":[{"@type":"ListItem","position":1,"name":"Home","item":"https:\/\/www.voustensports.com\/fr\/"},{"@type":"ListItem","position":2,"name":"Boutique","item":"https:\/\/www.voustensports.com\/fr\/shop\/"},{"@type":"ListItem","position":3,"name":"STONE ISLAND &#8211; PANTALON AMPLE STELLINA BEIGE (41511)"}]},{"@type":"WebSite","@id":"https:\/\/www.voustensports.com\/nl\/#website","url":"https:\/\/www.voustensports.com\/nl\/","name":"Vousten Sports","description":"","potentialAction":[{"@type":"SearchAction","target":{"@type":"EntryPoint","urlTemplate":"https:\/\/www.voustensports.com\/nl\/?s={search_term_string}"},"query-input":{"@type":"PropertyValueSpecification","valueRequired":true,"valueName":"search_term_string"}}],"inLanguage":"fr-FR"}]}},"_links":{"self":[{"href":"https:\/\/www.voustensports.com\/fr\/wp-json\/wp\/v2\/product\/211995","targetHints":{"allow":["GET"]}}],"collection":[{"href":"https:\/\/www.voustensports.com\/fr\/wp-json\/wp\/v2\/product"}],"about":[{"href":"https:\/\/www.voustensports.com\/fr\/wp-json\/wp\/v2\/types\/product"}],"replies":[{"embeddable":true,"href":"https:\/\/www.voustensports.com\/fr\/wp-json\/wp\/v2\/comments?post=211995"}],"wp:featuredmedia":[{"embeddable":true,"href":"https:\/\/www.voustensports.com\/fr\/wp-json\/wp\/v2\/media\/211983"}],"wp:attachment":[{"href":"https:\/\/www.voustensports.com\/fr\/wp-json\/wp\/v2\/media?parent=211995"}],"wp:term":[{"taxonomy":"product_cat","embeddable":true,"href":"https:\/\/www.voustensports.com\/fr\/wp-json\/wp\/v2\/product_cat?post=211995"},{"taxonomy":"product_tag","embeddable":true,"href":"https:\/\/www.voustensports.com\/fr\/wp-json\/wp\/v2\/product_tag?post=211995"}],"curies":[{"name":"wp","href":"https:\/\/api.w.org\/{rel}","templated":true}]}}