{"id":211778,"date":"2025-10-07T18:54:11","date_gmt":"2025-10-07T16:54:11","guid":{"rendered":"https:\/\/www.voustensports.com\/stone-island-sweat-shirt-a-capuche-zippe-sable-41534\/"},"modified":"2026-02-05T12:36:32","modified_gmt":"2026-02-05T11:36:32","slug":"stone-island-sweat-shirt-a-capuche-zippe-sable-41534","status":"publish","type":"product","link":"https:\/\/www.voustensports.com\/fr\/stone-island-sweat-shirt-a-capuche-zippe-sable-41534\/","title":{"rendered":"STONE ISLAND &#8211; SWEAT-SHIRT \u00c0 CAPUCHE ZIPP\u00c9 SABLE (41534)"},"content":{"rendered":"<div>D\u00c9TAILS PRODUIT<\/div>\n<div>Sweat-shirt \u00e0 capuche zipp\u00e9 en molleton de coton biologique bross\u00e9. Teint en pi\u00e8ce.<\/div>\n<div><\/div>\n<div>STYLE<\/div>\n<ul>\n<li>Capuche doubl\u00e9e en jersey de coton.<\/li>\n<li>Poches passepoil\u00e9es montantes avec renfort en coton.<\/li>\n<li>Deux poches int\u00e9rieures.<\/li>\n<li>Poches \u00e0 soufflet contrast\u00e9es sur chaque manche avec deux boutons-pression sous le rabat ; badge Stone Island sur la poche de la manche gauche.<\/li>\n<li>Poignets et ourlet c\u00f4tel\u00e9s \u00e9lastiques.<\/li>\n<li>Fermeture zipp\u00e9e.<\/li>\n<li>Coupe standard.<\/li>\n<\/ul>\n<div>COMPOSITION<\/div>\n<ul>\n<li>Tissu ext\u00e9rieur : 100 % coton.<\/li>\n<li>Poche : 100 % coton.<\/li>\n<li>Tissu c\u00f4tel\u00e9 : 99 % coton, 1 % \u00e9lasthanne\/\u00e9lasthanne.<\/li>\n<li>Doublure de la capuche : 100 % coton<\/li>\n<li>R\u00e9f\u00e9rence Stone Island : 6100009 009A<\/li>\n<li>R\u00e9f\u00e9rence : 41534<\/li>\n<\/ul>\n","protected":false},"excerpt":{"rendered":"<p>D\u00c9TAILS PRODUIT Sweat-shirt \u00e0 capuche zipp\u00e9 en molleton de coton biologique bross\u00e9. Teint en pi\u00e8ce. STYLE Capuche doubl\u00e9e en jersey de coton. Poches passepoil\u00e9es montantes avec renfort en coton. Deux poches int\u00e9rieures. Poches \u00e0 soufflet contrast\u00e9es sur chaque manche avec deux boutons-pression sous le rabat ; badge Stone Island sur la poche de la manche [&#8230;]\n","protected":false},"featured_media":212827,"comment_status":"open","ping_status":"closed","template":"","meta":{"rank_math_lock_modified_date":false},"product_cat":[446,450,462,482,677,694,759],"product_tag":[],"class_list":{"0":"post-211778","1":"product","2":"type-product","3":"status-publish","4":"has-post-thumbnail","6":"product_cat-kleding-fr","7":"product_cat-heren-fr","8":"product_cat-vousten-sports-fr-2","9":"product_cat-stone-island-fr-2","10":"product_cat-gilets-fr","11":"product_cat-truien-vesten-fr-2","12":"product_cat-hoodies-fr","14":"first","15":"outofstock","16":"taxable","17":"shipping-taxable","18":"purchasable","19":"product-type-variable"},"acf":[],"yoast_head":"<!-- This site is optimized with the Yoast SEO plugin v23.9 - https:\/\/yoast.com\/wordpress\/plugins\/seo\/ -->\n<title>STONE ISLAND - SWEAT-SHIRT \u00c0 CAPUCHE ZIPP\u00c9 SABLE (41534) - Vousten Sports<\/title>\n<meta name=\"robots\" content=\"index, follow, max-snippet:-1, max-image-preview:large, max-video-preview:-1\" \/>\n<link rel=\"canonical\" href=\"https:\/\/www.voustensports.com\/fr\/stone-island-sweat-shirt-a-capuche-zippe-sable-41534\/\" \/>\n<meta property=\"og:locale\" content=\"fr_FR\" \/>\n<meta property=\"og:type\" content=\"article\" \/>\n<meta property=\"og:title\" content=\"STONE ISLAND - SWEAT-SHIRT \u00c0 CAPUCHE ZIPP\u00c9 SABLE (41534) - Vousten Sports\" \/>\n<meta property=\"og:description\" content=\"D\u00c9TAILS PRODUIT Sweat-shirt \u00e0 capuche zipp\u00e9 en molleton de coton biologique bross\u00e9. Teint en pi\u00e8ce. STYLE Capuche doubl\u00e9e en jersey de coton. Poches passepoil\u00e9es montantes avec renfort en coton. Deux poches int\u00e9rieures. Poches \u00e0 soufflet contrast\u00e9es sur chaque manche avec deux boutons-pression sous le rabat ; badge Stone Island sur la poche de la manche [...]\" \/>\n<meta property=\"og:url\" content=\"https:\/\/www.voustensports.com\/fr\/stone-island-sweat-shirt-a-capuche-zippe-sable-41534\/\" \/>\n<meta property=\"og:site_name\" content=\"Vousten Sports\" \/>\n<meta property=\"article:modified_time\" content=\"2026-02-05T11:36:32+00:00\" \/>\n<meta property=\"og:image\" content=\"https:\/\/www.voustensports.com\/wp-content\/uploads\/2023\/06\/ZIP-UP-HOODED-SWEATSHIRT-ZAND-415341.jpg\" \/>\n\t<meta property=\"og:image:width\" content=\"1365\" \/>\n\t<meta property=\"og:image:height\" content=\"2048\" \/>\n\t<meta property=\"og:image:type\" content=\"image\/jpeg\" \/>\n<meta name=\"twitter:card\" content=\"summary_large_image\" \/>\n<script type=\"application\/ld+json\" class=\"yoast-schema-graph\">{\"@context\":\"https:\/\/schema.org\",\"@graph\":[{\"@type\":\"WebPage\",\"@id\":\"https:\/\/www.voustensports.com\/fr\/stone-island-sweat-shirt-a-capuche-zippe-sable-41534\/\",\"url\":\"https:\/\/www.voustensports.com\/fr\/stone-island-sweat-shirt-a-capuche-zippe-sable-41534\/\",\"name\":\"STONE ISLAND - SWEAT-SHIRT \u00c0 CAPUCHE ZIPP\u00c9 SABLE (41534) - Vousten Sports\",\"isPartOf\":{\"@id\":\"https:\/\/www.voustensports.com\/nl\/#website\"},\"primaryImageOfPage\":{\"@id\":\"https:\/\/www.voustensports.com\/fr\/stone-island-sweat-shirt-a-capuche-zippe-sable-41534\/#primaryimage\"},\"image\":{\"@id\":\"https:\/\/www.voustensports.com\/fr\/stone-island-sweat-shirt-a-capuche-zippe-sable-41534\/#primaryimage\"},\"thumbnailUrl\":\"https:\/\/www.voustensports.com\/wp-content\/uploads\/2023\/06\/ZIP-UP-HOODED-SWEATSHIRT-ZAND-415341-1.jpg\",\"datePublished\":\"2025-10-07T16:54:11+00:00\",\"dateModified\":\"2026-02-05T11:36:32+00:00\",\"breadcrumb\":{\"@id\":\"https:\/\/www.voustensports.com\/fr\/stone-island-sweat-shirt-a-capuche-zippe-sable-41534\/#breadcrumb\"},\"inLanguage\":\"fr-FR\",\"potentialAction\":[{\"@type\":\"ReadAction\",\"target\":[\"https:\/\/www.voustensports.com\/fr\/stone-island-sweat-shirt-a-capuche-zippe-sable-41534\/\"]}]},{\"@type\":\"ImageObject\",\"inLanguage\":\"fr-FR\",\"@id\":\"https:\/\/www.voustensports.com\/fr\/stone-island-sweat-shirt-a-capuche-zippe-sable-41534\/#primaryimage\",\"url\":\"https:\/\/www.voustensports.com\/wp-content\/uploads\/2023\/06\/ZIP-UP-HOODED-SWEATSHIRT-ZAND-415341-1.jpg\",\"contentUrl\":\"https:\/\/www.voustensports.com\/wp-content\/uploads\/2023\/06\/ZIP-UP-HOODED-SWEATSHIRT-ZAND-415341-1.jpg\",\"width\":1365,\"height\":2048},{\"@type\":\"BreadcrumbList\",\"@id\":\"https:\/\/www.voustensports.com\/fr\/stone-island-sweat-shirt-a-capuche-zippe-sable-41534\/#breadcrumb\",\"itemListElement\":[{\"@type\":\"ListItem\",\"position\":1,\"name\":\"Home\",\"item\":\"https:\/\/www.voustensports.com\/fr\/\"},{\"@type\":\"ListItem\",\"position\":2,\"name\":\"Boutique\",\"item\":\"https:\/\/www.voustensports.com\/fr\/shop\/\"},{\"@type\":\"ListItem\",\"position\":3,\"name\":\"STONE ISLAND &#8211; SWEAT-SHIRT \u00c0 CAPUCHE ZIPP\u00c9 SABLE (41534)\"}]},{\"@type\":\"WebSite\",\"@id\":\"https:\/\/www.voustensports.com\/nl\/#website\",\"url\":\"https:\/\/www.voustensports.com\/nl\/\",\"name\":\"Vousten Sports\",\"description\":\"\",\"potentialAction\":[{\"@type\":\"SearchAction\",\"target\":{\"@type\":\"EntryPoint\",\"urlTemplate\":\"https:\/\/www.voustensports.com\/nl\/?s={search_term_string}\"},\"query-input\":{\"@type\":\"PropertyValueSpecification\",\"valueRequired\":true,\"valueName\":\"search_term_string\"}}],\"inLanguage\":\"fr-FR\"}]}<\/script>\n<!-- \/ Yoast SEO plugin. -->","yoast_head_json":{"title":"STONE ISLAND - SWEAT-SHIRT \u00c0 CAPUCHE ZIPP\u00c9 SABLE (41534) - Vousten Sports","robots":{"index":"index","follow":"follow","max-snippet":"max-snippet:-1","max-image-preview":"max-image-preview:large","max-video-preview":"max-video-preview:-1"},"canonical":"https:\/\/www.voustensports.com\/fr\/stone-island-sweat-shirt-a-capuche-zippe-sable-41534\/","og_locale":"fr_FR","og_type":"article","og_title":"STONE ISLAND - SWEAT-SHIRT \u00c0 CAPUCHE ZIPP\u00c9 SABLE (41534) - Vousten Sports","og_description":"D\u00c9TAILS PRODUIT Sweat-shirt \u00e0 capuche zipp\u00e9 en molleton de coton biologique bross\u00e9. Teint en pi\u00e8ce. STYLE Capuche doubl\u00e9e en jersey de coton. Poches passepoil\u00e9es montantes avec renfort en coton. Deux poches int\u00e9rieures. Poches \u00e0 soufflet contrast\u00e9es sur chaque manche avec deux boutons-pression sous le rabat ; badge Stone Island sur la poche de la manche [...]","og_url":"https:\/\/www.voustensports.com\/fr\/stone-island-sweat-shirt-a-capuche-zippe-sable-41534\/","og_site_name":"Vousten Sports","article_modified_time":"2026-02-05T11:36:32+00:00","og_image":[{"width":1365,"height":2048,"url":"https:\/\/www.voustensports.com\/wp-content\/uploads\/2023\/06\/ZIP-UP-HOODED-SWEATSHIRT-ZAND-415341.jpg","type":"image\/jpeg"}],"twitter_card":"summary_large_image","schema":{"@context":"https:\/\/schema.org","@graph":[{"@type":"WebPage","@id":"https:\/\/www.voustensports.com\/fr\/stone-island-sweat-shirt-a-capuche-zippe-sable-41534\/","url":"https:\/\/www.voustensports.com\/fr\/stone-island-sweat-shirt-a-capuche-zippe-sable-41534\/","name":"STONE ISLAND - SWEAT-SHIRT \u00c0 CAPUCHE ZIPP\u00c9 SABLE (41534) - Vousten Sports","isPartOf":{"@id":"https:\/\/www.voustensports.com\/nl\/#website"},"primaryImageOfPage":{"@id":"https:\/\/www.voustensports.com\/fr\/stone-island-sweat-shirt-a-capuche-zippe-sable-41534\/#primaryimage"},"image":{"@id":"https:\/\/www.voustensports.com\/fr\/stone-island-sweat-shirt-a-capuche-zippe-sable-41534\/#primaryimage"},"thumbnailUrl":"https:\/\/www.voustensports.com\/wp-content\/uploads\/2023\/06\/ZIP-UP-HOODED-SWEATSHIRT-ZAND-415341-1.jpg","datePublished":"2025-10-07T16:54:11+00:00","dateModified":"2026-02-05T11:36:32+00:00","breadcrumb":{"@id":"https:\/\/www.voustensports.com\/fr\/stone-island-sweat-shirt-a-capuche-zippe-sable-41534\/#breadcrumb"},"inLanguage":"fr-FR","potentialAction":[{"@type":"ReadAction","target":["https:\/\/www.voustensports.com\/fr\/stone-island-sweat-shirt-a-capuche-zippe-sable-41534\/"]}]},{"@type":"ImageObject","inLanguage":"fr-FR","@id":"https:\/\/www.voustensports.com\/fr\/stone-island-sweat-shirt-a-capuche-zippe-sable-41534\/#primaryimage","url":"https:\/\/www.voustensports.com\/wp-content\/uploads\/2023\/06\/ZIP-UP-HOODED-SWEATSHIRT-ZAND-415341-1.jpg","contentUrl":"https:\/\/www.voustensports.com\/wp-content\/uploads\/2023\/06\/ZIP-UP-HOODED-SWEATSHIRT-ZAND-415341-1.jpg","width":1365,"height":2048},{"@type":"BreadcrumbList","@id":"https:\/\/www.voustensports.com\/fr\/stone-island-sweat-shirt-a-capuche-zippe-sable-41534\/#breadcrumb","itemListElement":[{"@type":"ListItem","position":1,"name":"Home","item":"https:\/\/www.voustensports.com\/fr\/"},{"@type":"ListItem","position":2,"name":"Boutique","item":"https:\/\/www.voustensports.com\/fr\/shop\/"},{"@type":"ListItem","position":3,"name":"STONE ISLAND &#8211; SWEAT-SHIRT \u00c0 CAPUCHE ZIPP\u00c9 SABLE (41534)"}]},{"@type":"WebSite","@id":"https:\/\/www.voustensports.com\/nl\/#website","url":"https:\/\/www.voustensports.com\/nl\/","name":"Vousten Sports","description":"","potentialAction":[{"@type":"SearchAction","target":{"@type":"EntryPoint","urlTemplate":"https:\/\/www.voustensports.com\/nl\/?s={search_term_string}"},"query-input":{"@type":"PropertyValueSpecification","valueRequired":true,"valueName":"search_term_string"}}],"inLanguage":"fr-FR"}]}},"_links":{"self":[{"href":"https:\/\/www.voustensports.com\/fr\/wp-json\/wp\/v2\/product\/211778","targetHints":{"allow":["GET"]}}],"collection":[{"href":"https:\/\/www.voustensports.com\/fr\/wp-json\/wp\/v2\/product"}],"about":[{"href":"https:\/\/www.voustensports.com\/fr\/wp-json\/wp\/v2\/types\/product"}],"replies":[{"embeddable":true,"href":"https:\/\/www.voustensports.com\/fr\/wp-json\/wp\/v2\/comments?post=211778"}],"wp:featuredmedia":[{"embeddable":true,"href":"https:\/\/www.voustensports.com\/fr\/wp-json\/wp\/v2\/media\/212827"}],"wp:attachment":[{"href":"https:\/\/www.voustensports.com\/fr\/wp-json\/wp\/v2\/media?parent=211778"}],"wp:term":[{"taxonomy":"product_cat","embeddable":true,"href":"https:\/\/www.voustensports.com\/fr\/wp-json\/wp\/v2\/product_cat?post=211778"},{"taxonomy":"product_tag","embeddable":true,"href":"https:\/\/www.voustensports.com\/fr\/wp-json\/wp\/v2\/product_tag?post=211778"}],"curies":[{"name":"wp","href":"https:\/\/api.w.org\/{rel}","templated":true}]}}