{"id":211392,"date":"2025-09-25T19:15:11","date_gmt":"2025-09-25T17:15:11","guid":{"rendered":"https:\/\/www.voustensports.com\/john-miller-chemise-hyperstretch-zip-bleu-fonce-41601\/"},"modified":"2026-04-14T03:36:05","modified_gmt":"2026-04-14T01:36:05","slug":"john-miller-chemise-hyperstretch-zip-bleu-fonce-41601","status":"publish","type":"product","link":"https:\/\/www.voustensports.com\/fr\/john-miller-chemise-hyperstretch-zip-bleu-fonce-41601\/","title":{"rendered":"JOHN MILLER &#8211; Chemise Hyperstretch Zip bleu fonc\u00e9 (41601)"},"content":{"rendered":"<div>Cette chemise slim bleu fonc\u00e9 est confectionn\u00e9e dans un tissu hyperstretch. Les chemises slim John Miller pr\u00e9sentent une coupe ajust\u00e9e qui met en valeur la silhouette. Le tissu hyperstretch offre un confort \u00e9l\u00e9gant. Ce tricot italien s&rsquo;est impos\u00e9 depuis des saisons comme l&rsquo;une des meilleures qualit\u00e9s des collections John Miller. Cette nouvelle chemise est parfaite pour un look d\u00e9contract\u00e9 et raffin\u00e9 ! Elle est dot\u00e9e d&rsquo;un \u00e9l\u00e9gant col italien ferm\u00e9 par une fermeture \u00e9clair ton sur ton pour une allure \u00e9l\u00e9gante. Le poignet gauche est orn\u00e9 d&rsquo;un logo brod\u00e9 discret.<\/div>\n<ul>\n<li>Coupe : Chemise Slim<\/li>\n<li>Couleur : Bleu Fonc\u00e9<\/li>\n<li>Motif : Uni<\/li>\n<li>Manches : Manches longues<\/li>\n<li>Poignet : Col italien<\/li>\n<li>Poignet : Poignet simple<\/li>\n<li>Composition du tissu : 89 % polyamide, 11 % \u00e9lasthanne<\/li>\n<li>Caract\u00e9ristiques du tissu : Hyperstretch<\/li>\n<li>Poche poitrine : Non<\/li>\n<li>Code produit : 5141633-195-000-000<\/li>\n<\/ul>\n","protected":false},"excerpt":{"rendered":"<p>Cette chemise slim bleu fonc\u00e9 est confectionn\u00e9e dans un tissu hyperstretch. Les chemises slim John Miller pr\u00e9sentent une coupe ajust\u00e9e qui met en valeur la silhouette. Le tissu hyperstretch offre un confort \u00e9l\u00e9gant. Ce tricot italien s&rsquo;est impos\u00e9 depuis des saisons comme l&rsquo;une des meilleures qualit\u00e9s des collections John Miller. Cette nouvelle chemise est parfaite [&#8230;]\n","protected":false},"featured_media":211384,"comment_status":"open","ping_status":"closed","template":"","meta":{"rank_math_lock_modified_date":false},"product_cat":[446,450,462,486,891,920],"product_tag":[],"class_list":{"0":"post-211392","1":"product","2":"type-product","3":"status-publish","4":"has-post-thumbnail","6":"product_cat-kleding-fr","7":"product_cat-heren-fr","8":"product_cat-vousten-sports-fr-2","9":"product_cat-shirt-fr-2","10":"product_cat-overhemd-blouse-fr","11":"product_cat-john-miller-fr","13":"first","14":"instock","15":"taxable","16":"shipping-taxable","17":"purchasable","18":"product-type-variable"},"acf":[],"yoast_head":"<!-- This site is optimized with the Yoast SEO plugin v23.9 - https:\/\/yoast.com\/wordpress\/plugins\/seo\/ -->\n<title>JOHN MILLER - Chemise Hyperstretch Zip bleu fonc\u00e9 (41601) - Vousten Sports<\/title>\n<meta name=\"robots\" content=\"index, follow, max-snippet:-1, max-image-preview:large, max-video-preview:-1\" \/>\n<link rel=\"canonical\" href=\"https:\/\/www.voustensports.com\/fr\/john-miller-chemise-hyperstretch-zip-bleu-fonce-41601\/\" \/>\n<meta property=\"og:locale\" content=\"fr_FR\" \/>\n<meta property=\"og:type\" content=\"article\" \/>\n<meta property=\"og:title\" content=\"JOHN MILLER - Chemise Hyperstretch Zip bleu fonc\u00e9 (41601) - Vousten Sports\" \/>\n<meta property=\"og:description\" content=\"Cette chemise slim bleu fonc\u00e9 est confectionn\u00e9e dans un tissu hyperstretch. Les chemises slim John Miller pr\u00e9sentent une coupe ajust\u00e9e qui met en valeur la silhouette. Le tissu hyperstretch offre un confort \u00e9l\u00e9gant. Ce tricot italien s&rsquo;est impos\u00e9 depuis des saisons comme l&rsquo;une des meilleures qualit\u00e9s des collections John Miller. Cette nouvelle chemise est parfaite [...]\" \/>\n<meta property=\"og:url\" content=\"https:\/\/www.voustensports.com\/fr\/john-miller-chemise-hyperstretch-zip-bleu-fonce-41601\/\" \/>\n<meta property=\"og:site_name\" content=\"Vousten Sports\" \/>\n<meta property=\"article:modified_time\" content=\"2026-04-14T01:36:05+00:00\" \/>\n<meta property=\"og:image\" content=\"https:\/\/www.voustensports.com\/wp-content\/uploads\/2023\/06\/Hyperstretch-Shirt-Rits-donkerblauw-416011.jpg\" \/>\n\t<meta property=\"og:image:width\" content=\"2048\" \/>\n\t<meta property=\"og:image:height\" content=\"1913\" \/>\n\t<meta property=\"og:image:type\" content=\"image\/jpeg\" \/>\n<meta name=\"twitter:card\" content=\"summary_large_image\" \/>\n<meta name=\"twitter:label1\" content=\"Est. reading time\" \/>\n\t<meta name=\"twitter:data1\" content=\"1 minute\" \/>\n<script type=\"application\/ld+json\" class=\"yoast-schema-graph\">{\"@context\":\"https:\/\/schema.org\",\"@graph\":[{\"@type\":\"WebPage\",\"@id\":\"https:\/\/www.voustensports.com\/fr\/john-miller-chemise-hyperstretch-zip-bleu-fonce-41601\/\",\"url\":\"https:\/\/www.voustensports.com\/fr\/john-miller-chemise-hyperstretch-zip-bleu-fonce-41601\/\",\"name\":\"JOHN MILLER - Chemise Hyperstretch Zip bleu fonc\u00e9 (41601) - Vousten Sports\",\"isPartOf\":{\"@id\":\"https:\/\/www.voustensports.com\/nl\/#website\"},\"primaryImageOfPage\":{\"@id\":\"https:\/\/www.voustensports.com\/fr\/john-miller-chemise-hyperstretch-zip-bleu-fonce-41601\/#primaryimage\"},\"image\":{\"@id\":\"https:\/\/www.voustensports.com\/fr\/john-miller-chemise-hyperstretch-zip-bleu-fonce-41601\/#primaryimage\"},\"thumbnailUrl\":\"https:\/\/www.voustensports.com\/wp-content\/uploads\/2023\/06\/Hyperstretch-Shirt-Rits-donkerblauw-416011.jpg\",\"datePublished\":\"2025-09-25T17:15:11+00:00\",\"dateModified\":\"2026-04-14T01:36:05+00:00\",\"breadcrumb\":{\"@id\":\"https:\/\/www.voustensports.com\/fr\/john-miller-chemise-hyperstretch-zip-bleu-fonce-41601\/#breadcrumb\"},\"inLanguage\":\"fr-FR\",\"potentialAction\":[{\"@type\":\"ReadAction\",\"target\":[\"https:\/\/www.voustensports.com\/fr\/john-miller-chemise-hyperstretch-zip-bleu-fonce-41601\/\"]}]},{\"@type\":\"ImageObject\",\"inLanguage\":\"fr-FR\",\"@id\":\"https:\/\/www.voustensports.com\/fr\/john-miller-chemise-hyperstretch-zip-bleu-fonce-41601\/#primaryimage\",\"url\":\"https:\/\/www.voustensports.com\/wp-content\/uploads\/2023\/06\/Hyperstretch-Shirt-Rits-donkerblauw-416011.jpg\",\"contentUrl\":\"https:\/\/www.voustensports.com\/wp-content\/uploads\/2023\/06\/Hyperstretch-Shirt-Rits-donkerblauw-416011.jpg\",\"width\":2048,\"height\":1913},{\"@type\":\"BreadcrumbList\",\"@id\":\"https:\/\/www.voustensports.com\/fr\/john-miller-chemise-hyperstretch-zip-bleu-fonce-41601\/#breadcrumb\",\"itemListElement\":[{\"@type\":\"ListItem\",\"position\":1,\"name\":\"Home\",\"item\":\"https:\/\/www.voustensports.com\/fr\/\"},{\"@type\":\"ListItem\",\"position\":2,\"name\":\"Boutique\",\"item\":\"https:\/\/www.voustensports.com\/fr\/shop\/\"},{\"@type\":\"ListItem\",\"position\":3,\"name\":\"JOHN MILLER &#8211; Chemise Hyperstretch Zip bleu fonc\u00e9 (41601)\"}]},{\"@type\":\"WebSite\",\"@id\":\"https:\/\/www.voustensports.com\/nl\/#website\",\"url\":\"https:\/\/www.voustensports.com\/nl\/\",\"name\":\"Vousten Sports\",\"description\":\"\",\"potentialAction\":[{\"@type\":\"SearchAction\",\"target\":{\"@type\":\"EntryPoint\",\"urlTemplate\":\"https:\/\/www.voustensports.com\/nl\/?s={search_term_string}\"},\"query-input\":{\"@type\":\"PropertyValueSpecification\",\"valueRequired\":true,\"valueName\":\"search_term_string\"}}],\"inLanguage\":\"fr-FR\"}]}<\/script>\n<!-- \/ Yoast SEO plugin. -->","yoast_head_json":{"title":"JOHN MILLER - Chemise Hyperstretch Zip bleu fonc\u00e9 (41601) - Vousten Sports","robots":{"index":"index","follow":"follow","max-snippet":"max-snippet:-1","max-image-preview":"max-image-preview:large","max-video-preview":"max-video-preview:-1"},"canonical":"https:\/\/www.voustensports.com\/fr\/john-miller-chemise-hyperstretch-zip-bleu-fonce-41601\/","og_locale":"fr_FR","og_type":"article","og_title":"JOHN MILLER - Chemise Hyperstretch Zip bleu fonc\u00e9 (41601) - Vousten Sports","og_description":"Cette chemise slim bleu fonc\u00e9 est confectionn\u00e9e dans un tissu hyperstretch. Les chemises slim John Miller pr\u00e9sentent une coupe ajust\u00e9e qui met en valeur la silhouette. Le tissu hyperstretch offre un confort \u00e9l\u00e9gant. Ce tricot italien s&rsquo;est impos\u00e9 depuis des saisons comme l&rsquo;une des meilleures qualit\u00e9s des collections John Miller. Cette nouvelle chemise est parfaite [...]","og_url":"https:\/\/www.voustensports.com\/fr\/john-miller-chemise-hyperstretch-zip-bleu-fonce-41601\/","og_site_name":"Vousten Sports","article_modified_time":"2026-04-14T01:36:05+00:00","og_image":[{"width":2048,"height":1913,"url":"https:\/\/www.voustensports.com\/wp-content\/uploads\/2023\/06\/Hyperstretch-Shirt-Rits-donkerblauw-416011.jpg","type":"image\/jpeg"}],"twitter_card":"summary_large_image","twitter_misc":{"Est. reading time":"1 minute"},"schema":{"@context":"https:\/\/schema.org","@graph":[{"@type":"WebPage","@id":"https:\/\/www.voustensports.com\/fr\/john-miller-chemise-hyperstretch-zip-bleu-fonce-41601\/","url":"https:\/\/www.voustensports.com\/fr\/john-miller-chemise-hyperstretch-zip-bleu-fonce-41601\/","name":"JOHN MILLER - Chemise Hyperstretch Zip bleu fonc\u00e9 (41601) - Vousten Sports","isPartOf":{"@id":"https:\/\/www.voustensports.com\/nl\/#website"},"primaryImageOfPage":{"@id":"https:\/\/www.voustensports.com\/fr\/john-miller-chemise-hyperstretch-zip-bleu-fonce-41601\/#primaryimage"},"image":{"@id":"https:\/\/www.voustensports.com\/fr\/john-miller-chemise-hyperstretch-zip-bleu-fonce-41601\/#primaryimage"},"thumbnailUrl":"https:\/\/www.voustensports.com\/wp-content\/uploads\/2023\/06\/Hyperstretch-Shirt-Rits-donkerblauw-416011.jpg","datePublished":"2025-09-25T17:15:11+00:00","dateModified":"2026-04-14T01:36:05+00:00","breadcrumb":{"@id":"https:\/\/www.voustensports.com\/fr\/john-miller-chemise-hyperstretch-zip-bleu-fonce-41601\/#breadcrumb"},"inLanguage":"fr-FR","potentialAction":[{"@type":"ReadAction","target":["https:\/\/www.voustensports.com\/fr\/john-miller-chemise-hyperstretch-zip-bleu-fonce-41601\/"]}]},{"@type":"ImageObject","inLanguage":"fr-FR","@id":"https:\/\/www.voustensports.com\/fr\/john-miller-chemise-hyperstretch-zip-bleu-fonce-41601\/#primaryimage","url":"https:\/\/www.voustensports.com\/wp-content\/uploads\/2023\/06\/Hyperstretch-Shirt-Rits-donkerblauw-416011.jpg","contentUrl":"https:\/\/www.voustensports.com\/wp-content\/uploads\/2023\/06\/Hyperstretch-Shirt-Rits-donkerblauw-416011.jpg","width":2048,"height":1913},{"@type":"BreadcrumbList","@id":"https:\/\/www.voustensports.com\/fr\/john-miller-chemise-hyperstretch-zip-bleu-fonce-41601\/#breadcrumb","itemListElement":[{"@type":"ListItem","position":1,"name":"Home","item":"https:\/\/www.voustensports.com\/fr\/"},{"@type":"ListItem","position":2,"name":"Boutique","item":"https:\/\/www.voustensports.com\/fr\/shop\/"},{"@type":"ListItem","position":3,"name":"JOHN MILLER &#8211; Chemise Hyperstretch Zip bleu fonc\u00e9 (41601)"}]},{"@type":"WebSite","@id":"https:\/\/www.voustensports.com\/nl\/#website","url":"https:\/\/www.voustensports.com\/nl\/","name":"Vousten Sports","description":"","potentialAction":[{"@type":"SearchAction","target":{"@type":"EntryPoint","urlTemplate":"https:\/\/www.voustensports.com\/nl\/?s={search_term_string}"},"query-input":{"@type":"PropertyValueSpecification","valueRequired":true,"valueName":"search_term_string"}}],"inLanguage":"fr-FR"}]}},"_links":{"self":[{"href":"https:\/\/www.voustensports.com\/fr\/wp-json\/wp\/v2\/product\/211392","targetHints":{"allow":["GET"]}}],"collection":[{"href":"https:\/\/www.voustensports.com\/fr\/wp-json\/wp\/v2\/product"}],"about":[{"href":"https:\/\/www.voustensports.com\/fr\/wp-json\/wp\/v2\/types\/product"}],"replies":[{"embeddable":true,"href":"https:\/\/www.voustensports.com\/fr\/wp-json\/wp\/v2\/comments?post=211392"}],"wp:featuredmedia":[{"embeddable":true,"href":"https:\/\/www.voustensports.com\/fr\/wp-json\/wp\/v2\/media\/211384"}],"wp:attachment":[{"href":"https:\/\/www.voustensports.com\/fr\/wp-json\/wp\/v2\/media?parent=211392"}],"wp:term":[{"taxonomy":"product_cat","embeddable":true,"href":"https:\/\/www.voustensports.com\/fr\/wp-json\/wp\/v2\/product_cat?post=211392"},{"taxonomy":"product_tag","embeddable":true,"href":"https:\/\/www.voustensports.com\/fr\/wp-json\/wp\/v2\/product_tag?post=211392"}],"curies":[{"name":"wp","href":"https:\/\/api.w.org\/{rel}","templated":true}]}}