{"id":211304,"date":"2025-09-24T23:45:26","date_gmt":"2025-09-24T21:45:26","guid":{"rendered":"https:\/\/www.voustensports.com\/santoni-yves-41749-2\/"},"modified":"2026-04-07T07:03:11","modified_gmt":"2026-04-07T05:03:11","slug":"santoni-yves-41749-2","status":"publish","type":"product","link":"https:\/\/www.voustensports.com\/fr\/santoni-yves-41749-2\/","title":{"rendered":"SANTONI &#8211; Yves (41749)"},"content":{"rendered":"<div>\n<div>\n<div>Bottines en cuir \u00e0 lacets.<\/div>\n<div>Santoni r\u00e9interpr\u00e8te le design intemporel de la desert boot avec une construction l\u00e9g\u00e8re et des d\u00e9tails tendance, soigneusement s\u00e9lectionn\u00e9s pour souligner son c\u00f4t\u00e9 contemporain. Cette version est confectionn\u00e9e en daim et arbore une silhouette \u00e9l\u00e9gante et r\u00e9sistante, avec une \u00e9paisse semelle crant\u00e9e en caoutchouc.<\/div>\n<ul>\n<li>Largeur : Standard \u00e0 Large<\/li>\n<li>Fermeture : Lacets<\/li>\n<li>D\u00e9tails : Coutures d\u00e9coratives<\/li>\n<li>Ext\u00e9rieur : Daim<\/li>\n<li>Int\u00e9rieur : Cuir<\/li>\n<li>Construction de la semelle : Caoutchouc<\/li>\n<li>Pointure standard<\/li>\n<li>Ces chaussures Santoni sont fabriqu\u00e9es \u00e0 la main en Italie.<\/li>\n<li>Livr\u00e9es dans l\u2019emballage d\u2019origine Santoni avec housse de protection assortie.<\/li>\n<\/ul>\n<\/div>\n<div><\/div>\n<\/div>\n<div><\/div>\n","protected":false},"excerpt":{"rendered":"<p>Bottines en cuir \u00e0 lacets. Santoni r\u00e9interpr\u00e8te le design intemporel de la desert boot avec une construction l\u00e9g\u00e8re et des d\u00e9tails tendance, soigneusement s\u00e9lectionn\u00e9s pour souligner son c\u00f4t\u00e9 contemporain. Cette version est confectionn\u00e9e en daim et arbore une silhouette \u00e9l\u00e9gante et r\u00e9sistante, avec une \u00e9paisse semelle crant\u00e9e en caoutchouc. Largeur : Standard \u00e0 Large Fermeture [&#8230;]\n","protected":false},"featured_media":211270,"comment_status":"open","ping_status":"closed","template":"","meta":{"rank_math_lock_modified_date":false},"product_cat":[450,462,522,530,650,789,916,950,961],"product_tag":[],"class_list":{"0":"post-211304","1":"product","2":"type-product","3":"status-publish","4":"has-post-thumbnail","6":"product_cat-heren-fr","7":"product_cat-vousten-sports-fr-2","8":"product_cat-schoenen-fr-2","9":"product_cat-herenschoenen-fr","10":"product_cat-santoni-fr-2","11":"product_cat-veter-en-gespschoenen-fr-2","12":"product_cat-veterschoenen-fr","13":"product_cat-boots-fr","14":"product_cat-winterschoenen-fr-2","16":"first","17":"instock","18":"taxable","19":"shipping-taxable","20":"purchasable","21":"product-type-variable"},"acf":[],"yoast_head":"<!-- This site is optimized with the Yoast SEO plugin v23.9 - https:\/\/yoast.com\/wordpress\/plugins\/seo\/ -->\n<title>SANTONI - Yves (41749) - Vousten Sports<\/title>\n<meta name=\"robots\" content=\"index, follow, max-snippet:-1, max-image-preview:large, max-video-preview:-1\" \/>\n<link rel=\"canonical\" href=\"https:\/\/www.voustensports.com\/fr\/santoni-yves-41749-2\/\" \/>\n<meta property=\"og:locale\" content=\"fr_FR\" \/>\n<meta property=\"og:type\" content=\"article\" \/>\n<meta property=\"og:title\" content=\"SANTONI - Yves (41749) - Vousten Sports\" \/>\n<meta property=\"og:description\" content=\"Bottines en cuir \u00e0 lacets. Santoni r\u00e9interpr\u00e8te le design intemporel de la desert boot avec une construction l\u00e9g\u00e8re et des d\u00e9tails tendance, soigneusement s\u00e9lectionn\u00e9s pour souligner son c\u00f4t\u00e9 contemporain. Cette version est confectionn\u00e9e en daim et arbore une silhouette \u00e9l\u00e9gante et r\u00e9sistante, avec une \u00e9paisse semelle crant\u00e9e en caoutchouc. Largeur : Standard \u00e0 Large Fermeture [...]\" \/>\n<meta property=\"og:url\" content=\"https:\/\/www.voustensports.com\/fr\/santoni-yves-41749-2\/\" \/>\n<meta property=\"og:site_name\" content=\"Vousten Sports\" \/>\n<meta property=\"article:modified_time\" content=\"2026-04-07T05:03:11+00:00\" \/>\n<meta property=\"og:image\" content=\"https:\/\/www.voustensports.com\/wp-content\/uploads\/2023\/06\/Santoni-Yves-41749.png\" \/>\n\t<meta property=\"og:image:width\" content=\"1365\" \/>\n\t<meta property=\"og:image:height\" content=\"1365\" \/>\n\t<meta property=\"og:image:type\" content=\"image\/png\" \/>\n<meta name=\"twitter:card\" content=\"summary_large_image\" \/>\n<meta name=\"twitter:label1\" content=\"Est. reading time\" \/>\n\t<meta name=\"twitter:data1\" content=\"1 minute\" \/>\n<script type=\"application\/ld+json\" class=\"yoast-schema-graph\">{\"@context\":\"https:\/\/schema.org\",\"@graph\":[{\"@type\":\"WebPage\",\"@id\":\"https:\/\/www.voustensports.com\/fr\/santoni-yves-41749-2\/\",\"url\":\"https:\/\/www.voustensports.com\/fr\/santoni-yves-41749-2\/\",\"name\":\"SANTONI - Yves (41749) - Vousten Sports\",\"isPartOf\":{\"@id\":\"https:\/\/www.voustensports.com\/nl\/#website\"},\"primaryImageOfPage\":{\"@id\":\"https:\/\/www.voustensports.com\/fr\/santoni-yves-41749-2\/#primaryimage\"},\"image\":{\"@id\":\"https:\/\/www.voustensports.com\/fr\/santoni-yves-41749-2\/#primaryimage\"},\"thumbnailUrl\":\"https:\/\/www.voustensports.com\/wp-content\/uploads\/2023\/06\/Santoni-Yves-41749.png\",\"datePublished\":\"2025-09-24T21:45:26+00:00\",\"dateModified\":\"2026-04-07T05:03:11+00:00\",\"breadcrumb\":{\"@id\":\"https:\/\/www.voustensports.com\/fr\/santoni-yves-41749-2\/#breadcrumb\"},\"inLanguage\":\"fr-FR\",\"potentialAction\":[{\"@type\":\"ReadAction\",\"target\":[\"https:\/\/www.voustensports.com\/fr\/santoni-yves-41749-2\/\"]}]},{\"@type\":\"ImageObject\",\"inLanguage\":\"fr-FR\",\"@id\":\"https:\/\/www.voustensports.com\/fr\/santoni-yves-41749-2\/#primaryimage\",\"url\":\"https:\/\/www.voustensports.com\/wp-content\/uploads\/2023\/06\/Santoni-Yves-41749.png\",\"contentUrl\":\"https:\/\/www.voustensports.com\/wp-content\/uploads\/2023\/06\/Santoni-Yves-41749.png\",\"width\":1365,\"height\":1365},{\"@type\":\"BreadcrumbList\",\"@id\":\"https:\/\/www.voustensports.com\/fr\/santoni-yves-41749-2\/#breadcrumb\",\"itemListElement\":[{\"@type\":\"ListItem\",\"position\":1,\"name\":\"Home\",\"item\":\"https:\/\/www.voustensports.com\/fr\/\"},{\"@type\":\"ListItem\",\"position\":2,\"name\":\"Boutique\",\"item\":\"https:\/\/www.voustensports.com\/fr\/shop\/\"},{\"@type\":\"ListItem\",\"position\":3,\"name\":\"SANTONI &#8211; Yves (41749)\"}]},{\"@type\":\"WebSite\",\"@id\":\"https:\/\/www.voustensports.com\/nl\/#website\",\"url\":\"https:\/\/www.voustensports.com\/nl\/\",\"name\":\"Vousten Sports\",\"description\":\"\",\"potentialAction\":[{\"@type\":\"SearchAction\",\"target\":{\"@type\":\"EntryPoint\",\"urlTemplate\":\"https:\/\/www.voustensports.com\/nl\/?s={search_term_string}\"},\"query-input\":{\"@type\":\"PropertyValueSpecification\",\"valueRequired\":true,\"valueName\":\"search_term_string\"}}],\"inLanguage\":\"fr-FR\"}]}<\/script>\n<!-- \/ Yoast SEO plugin. -->","yoast_head_json":{"title":"SANTONI - Yves (41749) - Vousten Sports","robots":{"index":"index","follow":"follow","max-snippet":"max-snippet:-1","max-image-preview":"max-image-preview:large","max-video-preview":"max-video-preview:-1"},"canonical":"https:\/\/www.voustensports.com\/fr\/santoni-yves-41749-2\/","og_locale":"fr_FR","og_type":"article","og_title":"SANTONI - Yves (41749) - Vousten Sports","og_description":"Bottines en cuir \u00e0 lacets. Santoni r\u00e9interpr\u00e8te le design intemporel de la desert boot avec une construction l\u00e9g\u00e8re et des d\u00e9tails tendance, soigneusement s\u00e9lectionn\u00e9s pour souligner son c\u00f4t\u00e9 contemporain. Cette version est confectionn\u00e9e en daim et arbore une silhouette \u00e9l\u00e9gante et r\u00e9sistante, avec une \u00e9paisse semelle crant\u00e9e en caoutchouc. Largeur : Standard \u00e0 Large Fermeture [...]","og_url":"https:\/\/www.voustensports.com\/fr\/santoni-yves-41749-2\/","og_site_name":"Vousten Sports","article_modified_time":"2026-04-07T05:03:11+00:00","og_image":[{"width":1365,"height":1365,"url":"https:\/\/www.voustensports.com\/wp-content\/uploads\/2023\/06\/Santoni-Yves-41749.png","type":"image\/png"}],"twitter_card":"summary_large_image","twitter_misc":{"Est. reading time":"1 minute"},"schema":{"@context":"https:\/\/schema.org","@graph":[{"@type":"WebPage","@id":"https:\/\/www.voustensports.com\/fr\/santoni-yves-41749-2\/","url":"https:\/\/www.voustensports.com\/fr\/santoni-yves-41749-2\/","name":"SANTONI - Yves (41749) - Vousten Sports","isPartOf":{"@id":"https:\/\/www.voustensports.com\/nl\/#website"},"primaryImageOfPage":{"@id":"https:\/\/www.voustensports.com\/fr\/santoni-yves-41749-2\/#primaryimage"},"image":{"@id":"https:\/\/www.voustensports.com\/fr\/santoni-yves-41749-2\/#primaryimage"},"thumbnailUrl":"https:\/\/www.voustensports.com\/wp-content\/uploads\/2023\/06\/Santoni-Yves-41749.png","datePublished":"2025-09-24T21:45:26+00:00","dateModified":"2026-04-07T05:03:11+00:00","breadcrumb":{"@id":"https:\/\/www.voustensports.com\/fr\/santoni-yves-41749-2\/#breadcrumb"},"inLanguage":"fr-FR","potentialAction":[{"@type":"ReadAction","target":["https:\/\/www.voustensports.com\/fr\/santoni-yves-41749-2\/"]}]},{"@type":"ImageObject","inLanguage":"fr-FR","@id":"https:\/\/www.voustensports.com\/fr\/santoni-yves-41749-2\/#primaryimage","url":"https:\/\/www.voustensports.com\/wp-content\/uploads\/2023\/06\/Santoni-Yves-41749.png","contentUrl":"https:\/\/www.voustensports.com\/wp-content\/uploads\/2023\/06\/Santoni-Yves-41749.png","width":1365,"height":1365},{"@type":"BreadcrumbList","@id":"https:\/\/www.voustensports.com\/fr\/santoni-yves-41749-2\/#breadcrumb","itemListElement":[{"@type":"ListItem","position":1,"name":"Home","item":"https:\/\/www.voustensports.com\/fr\/"},{"@type":"ListItem","position":2,"name":"Boutique","item":"https:\/\/www.voustensports.com\/fr\/shop\/"},{"@type":"ListItem","position":3,"name":"SANTONI &#8211; Yves (41749)"}]},{"@type":"WebSite","@id":"https:\/\/www.voustensports.com\/nl\/#website","url":"https:\/\/www.voustensports.com\/nl\/","name":"Vousten Sports","description":"","potentialAction":[{"@type":"SearchAction","target":{"@type":"EntryPoint","urlTemplate":"https:\/\/www.voustensports.com\/nl\/?s={search_term_string}"},"query-input":{"@type":"PropertyValueSpecification","valueRequired":true,"valueName":"search_term_string"}}],"inLanguage":"fr-FR"}]}},"_links":{"self":[{"href":"https:\/\/www.voustensports.com\/fr\/wp-json\/wp\/v2\/product\/211304","targetHints":{"allow":["GET"]}}],"collection":[{"href":"https:\/\/www.voustensports.com\/fr\/wp-json\/wp\/v2\/product"}],"about":[{"href":"https:\/\/www.voustensports.com\/fr\/wp-json\/wp\/v2\/types\/product"}],"replies":[{"embeddable":true,"href":"https:\/\/www.voustensports.com\/fr\/wp-json\/wp\/v2\/comments?post=211304"}],"wp:featuredmedia":[{"embeddable":true,"href":"https:\/\/www.voustensports.com\/fr\/wp-json\/wp\/v2\/media\/211270"}],"wp:attachment":[{"href":"https:\/\/www.voustensports.com\/fr\/wp-json\/wp\/v2\/media?parent=211304"}],"wp:term":[{"taxonomy":"product_cat","embeddable":true,"href":"https:\/\/www.voustensports.com\/fr\/wp-json\/wp\/v2\/product_cat?post=211304"},{"taxonomy":"product_tag","embeddable":true,"href":"https:\/\/www.voustensports.com\/fr\/wp-json\/wp\/v2\/product_tag?post=211304"}],"curies":[{"name":"wp","href":"https:\/\/api.w.org\/{rel}","templated":true}]}}