{"id":210743,"date":"2025-09-24T18:51:34","date_gmt":"2025-09-24T16:51:34","guid":{"rendered":"https:\/\/www.voustensports.com\/santoni-jaco-39803-2\/"},"modified":"2026-02-05T12:22:19","modified_gmt":"2026-02-05T11:22:19","slug":"santoni-jaco-39803-2","status":"publish","type":"product","link":"https:\/\/www.voustensports.com\/fr\/santoni-jaco-39803-2\/","title":{"rendered":"Santoni Jaco (39803)"},"content":{"rendered":"<p>C&rsquo;est une sneaker basse et a un look sportif. Fabriqu\u00e9 avec les derni\u00e8res techniques et mat\u00e9riaux. Cette chaussure se caract\u00e9rise par une tige en cuir et une semelle ext\u00e9rieure robuste pour un bon maintien. Fini avec un logo en cuir sur le talon comme symbole du style incomparable de Santoni.<\/p>\n<ul>\n<li>Largeur : standard \u00e0 spacieuse<\/li>\n<li>Fermeture : dentelle<\/li>\n<li>Ext\u00e9rieur : cuir<\/li>\n<li>Int\u00e9rieur : cuir<\/li>\n<li>Construction de la semelle : caoutchouc<\/li>\n<li>Taille standard<\/li>\n<li>Ces chaussures Santoni sont fabriqu\u00e9es \u00e0 la main en Italie<\/li>\n<\/ul>\n<p>Livr\u00e9 dans la bo\u00eete d&rsquo;origine Santoni, avec sacs \u00e0 poussi\u00e8re qui l&rsquo;accompagnent.<\/p>\n","protected":false},"excerpt":{"rendered":"<p>C&rsquo;est une sneaker basse et a un look sportif. Fabriqu\u00e9 avec les derni\u00e8res techniques et mat\u00e9riaux. Cette chaussure se caract\u00e9rise par une tige en cuir et une semelle ext\u00e9rieure robuste pour un bon maintien. Fini avec un logo en cuir sur le talon comme symbole du style incomparable de Santoni. Largeur : standard \u00e0 spacieuse [&#8230;]\n","protected":false},"featured_media":210698,"comment_status":"open","ping_status":"closed","template":"","meta":{"rank_math_lock_modified_date":false},"product_cat":[450,462,522,526,650,929],"product_tag":[],"class_list":{"0":"post-210743","1":"product","2":"type-product","3":"status-publish","4":"has-post-thumbnail","6":"product_cat-heren-fr","7":"product_cat-vousten-sports-fr-2","8":"product_cat-schoenen-fr-2","9":"product_cat-sneakers-fr-2","10":"product_cat-santoni-fr-2","11":"product_cat-lage-sneakers-fr","13":"first","14":"instock","15":"taxable","16":"shipping-taxable","17":"purchasable","18":"product-type-variable"},"acf":[],"yoast_head":"<!-- This site is optimized with the Yoast SEO plugin v23.9 - https:\/\/yoast.com\/wordpress\/plugins\/seo\/ -->\n<title>Santoni Jaco (39803) - Vousten Sports<\/title>\n<meta name=\"robots\" content=\"index, follow, max-snippet:-1, max-image-preview:large, max-video-preview:-1\" \/>\n<link rel=\"canonical\" href=\"https:\/\/www.voustensports.com\/fr\/santoni-jaco-39803-2\/\" \/>\n<meta property=\"og:locale\" content=\"fr_FR\" \/>\n<meta property=\"og:type\" content=\"article\" \/>\n<meta property=\"og:title\" content=\"Santoni Jaco (39803) - Vousten Sports\" \/>\n<meta property=\"og:description\" content=\"C&rsquo;est une sneaker basse et a un look sportif. Fabriqu\u00e9 avec les derni\u00e8res techniques et mat\u00e9riaux. Cette chaussure se caract\u00e9rise par une tige en cuir et une semelle ext\u00e9rieure robuste pour un bon maintien. Fini avec un logo en cuir sur le talon comme symbole du style incomparable de Santoni. Largeur : standard \u00e0 spacieuse [...]\" \/>\n<meta property=\"og:url\" content=\"https:\/\/www.voustensports.com\/fr\/santoni-jaco-39803-2\/\" \/>\n<meta property=\"og:site_name\" content=\"Vousten Sports\" \/>\n<meta property=\"article:modified_time\" content=\"2026-02-05T11:22:19+00:00\" \/>\n<meta property=\"og:image\" content=\"https:\/\/www.voustensports.com\/wp-content\/uploads\/2023\/06\/santoni_jaco_39803.png\" \/>\n\t<meta property=\"og:image:width\" content=\"1668\" \/>\n\t<meta property=\"og:image:height\" content=\"1668\" \/>\n\t<meta property=\"og:image:type\" content=\"image\/png\" \/>\n<meta name=\"twitter:card\" content=\"summary_large_image\" \/>\n<script type=\"application\/ld+json\" class=\"yoast-schema-graph\">{\"@context\":\"https:\/\/schema.org\",\"@graph\":[{\"@type\":\"WebPage\",\"@id\":\"https:\/\/www.voustensports.com\/fr\/santoni-jaco-39803-2\/\",\"url\":\"https:\/\/www.voustensports.com\/fr\/santoni-jaco-39803-2\/\",\"name\":\"Santoni Jaco (39803) - Vousten Sports\",\"isPartOf\":{\"@id\":\"https:\/\/www.voustensports.com\/nl\/#website\"},\"primaryImageOfPage\":{\"@id\":\"https:\/\/www.voustensports.com\/fr\/santoni-jaco-39803-2\/#primaryimage\"},\"image\":{\"@id\":\"https:\/\/www.voustensports.com\/fr\/santoni-jaco-39803-2\/#primaryimage\"},\"thumbnailUrl\":\"https:\/\/www.voustensports.com\/wp-content\/uploads\/2023\/06\/santoni_jaco_39803.png\",\"datePublished\":\"2025-09-24T16:51:34+00:00\",\"dateModified\":\"2026-02-05T11:22:19+00:00\",\"breadcrumb\":{\"@id\":\"https:\/\/www.voustensports.com\/fr\/santoni-jaco-39803-2\/#breadcrumb\"},\"inLanguage\":\"fr-FR\",\"potentialAction\":[{\"@type\":\"ReadAction\",\"target\":[\"https:\/\/www.voustensports.com\/fr\/santoni-jaco-39803-2\/\"]}]},{\"@type\":\"ImageObject\",\"inLanguage\":\"fr-FR\",\"@id\":\"https:\/\/www.voustensports.com\/fr\/santoni-jaco-39803-2\/#primaryimage\",\"url\":\"https:\/\/www.voustensports.com\/wp-content\/uploads\/2023\/06\/santoni_jaco_39803.png\",\"contentUrl\":\"https:\/\/www.voustensports.com\/wp-content\/uploads\/2023\/06\/santoni_jaco_39803.png\",\"width\":1668,\"height\":1668},{\"@type\":\"BreadcrumbList\",\"@id\":\"https:\/\/www.voustensports.com\/fr\/santoni-jaco-39803-2\/#breadcrumb\",\"itemListElement\":[{\"@type\":\"ListItem\",\"position\":1,\"name\":\"Home\",\"item\":\"https:\/\/www.voustensports.com\/fr\/\"},{\"@type\":\"ListItem\",\"position\":2,\"name\":\"Boutique\",\"item\":\"https:\/\/www.voustensports.com\/fr\/shop\/\"},{\"@type\":\"ListItem\",\"position\":3,\"name\":\"Santoni Jaco (39803)\"}]},{\"@type\":\"WebSite\",\"@id\":\"https:\/\/www.voustensports.com\/nl\/#website\",\"url\":\"https:\/\/www.voustensports.com\/nl\/\",\"name\":\"Vousten Sports\",\"description\":\"\",\"potentialAction\":[{\"@type\":\"SearchAction\",\"target\":{\"@type\":\"EntryPoint\",\"urlTemplate\":\"https:\/\/www.voustensports.com\/nl\/?s={search_term_string}\"},\"query-input\":{\"@type\":\"PropertyValueSpecification\",\"valueRequired\":true,\"valueName\":\"search_term_string\"}}],\"inLanguage\":\"fr-FR\"}]}<\/script>\n<!-- \/ Yoast SEO plugin. -->","yoast_head_json":{"title":"Santoni Jaco (39803) - Vousten Sports","robots":{"index":"index","follow":"follow","max-snippet":"max-snippet:-1","max-image-preview":"max-image-preview:large","max-video-preview":"max-video-preview:-1"},"canonical":"https:\/\/www.voustensports.com\/fr\/santoni-jaco-39803-2\/","og_locale":"fr_FR","og_type":"article","og_title":"Santoni Jaco (39803) - Vousten Sports","og_description":"C&rsquo;est une sneaker basse et a un look sportif. Fabriqu\u00e9 avec les derni\u00e8res techniques et mat\u00e9riaux. Cette chaussure se caract\u00e9rise par une tige en cuir et une semelle ext\u00e9rieure robuste pour un bon maintien. Fini avec un logo en cuir sur le talon comme symbole du style incomparable de Santoni. Largeur : standard \u00e0 spacieuse [...]","og_url":"https:\/\/www.voustensports.com\/fr\/santoni-jaco-39803-2\/","og_site_name":"Vousten Sports","article_modified_time":"2026-02-05T11:22:19+00:00","og_image":[{"width":1668,"height":1668,"url":"https:\/\/www.voustensports.com\/wp-content\/uploads\/2023\/06\/santoni_jaco_39803.png","type":"image\/png"}],"twitter_card":"summary_large_image","schema":{"@context":"https:\/\/schema.org","@graph":[{"@type":"WebPage","@id":"https:\/\/www.voustensports.com\/fr\/santoni-jaco-39803-2\/","url":"https:\/\/www.voustensports.com\/fr\/santoni-jaco-39803-2\/","name":"Santoni Jaco (39803) - Vousten Sports","isPartOf":{"@id":"https:\/\/www.voustensports.com\/nl\/#website"},"primaryImageOfPage":{"@id":"https:\/\/www.voustensports.com\/fr\/santoni-jaco-39803-2\/#primaryimage"},"image":{"@id":"https:\/\/www.voustensports.com\/fr\/santoni-jaco-39803-2\/#primaryimage"},"thumbnailUrl":"https:\/\/www.voustensports.com\/wp-content\/uploads\/2023\/06\/santoni_jaco_39803.png","datePublished":"2025-09-24T16:51:34+00:00","dateModified":"2026-02-05T11:22:19+00:00","breadcrumb":{"@id":"https:\/\/www.voustensports.com\/fr\/santoni-jaco-39803-2\/#breadcrumb"},"inLanguage":"fr-FR","potentialAction":[{"@type":"ReadAction","target":["https:\/\/www.voustensports.com\/fr\/santoni-jaco-39803-2\/"]}]},{"@type":"ImageObject","inLanguage":"fr-FR","@id":"https:\/\/www.voustensports.com\/fr\/santoni-jaco-39803-2\/#primaryimage","url":"https:\/\/www.voustensports.com\/wp-content\/uploads\/2023\/06\/santoni_jaco_39803.png","contentUrl":"https:\/\/www.voustensports.com\/wp-content\/uploads\/2023\/06\/santoni_jaco_39803.png","width":1668,"height":1668},{"@type":"BreadcrumbList","@id":"https:\/\/www.voustensports.com\/fr\/santoni-jaco-39803-2\/#breadcrumb","itemListElement":[{"@type":"ListItem","position":1,"name":"Home","item":"https:\/\/www.voustensports.com\/fr\/"},{"@type":"ListItem","position":2,"name":"Boutique","item":"https:\/\/www.voustensports.com\/fr\/shop\/"},{"@type":"ListItem","position":3,"name":"Santoni Jaco (39803)"}]},{"@type":"WebSite","@id":"https:\/\/www.voustensports.com\/nl\/#website","url":"https:\/\/www.voustensports.com\/nl\/","name":"Vousten Sports","description":"","potentialAction":[{"@type":"SearchAction","target":{"@type":"EntryPoint","urlTemplate":"https:\/\/www.voustensports.com\/nl\/?s={search_term_string}"},"query-input":{"@type":"PropertyValueSpecification","valueRequired":true,"valueName":"search_term_string"}}],"inLanguage":"fr-FR"}]}},"_links":{"self":[{"href":"https:\/\/www.voustensports.com\/fr\/wp-json\/wp\/v2\/product\/210743","targetHints":{"allow":["GET"]}}],"collection":[{"href":"https:\/\/www.voustensports.com\/fr\/wp-json\/wp\/v2\/product"}],"about":[{"href":"https:\/\/www.voustensports.com\/fr\/wp-json\/wp\/v2\/types\/product"}],"replies":[{"embeddable":true,"href":"https:\/\/www.voustensports.com\/fr\/wp-json\/wp\/v2\/comments?post=210743"}],"wp:featuredmedia":[{"embeddable":true,"href":"https:\/\/www.voustensports.com\/fr\/wp-json\/wp\/v2\/media\/210698"}],"wp:attachment":[{"href":"https:\/\/www.voustensports.com\/fr\/wp-json\/wp\/v2\/media?parent=210743"}],"wp:term":[{"taxonomy":"product_cat","embeddable":true,"href":"https:\/\/www.voustensports.com\/fr\/wp-json\/wp\/v2\/product_cat?post=210743"},{"taxonomy":"product_tag","embeddable":true,"href":"https:\/\/www.voustensports.com\/fr\/wp-json\/wp\/v2\/product_tag?post=210743"}],"curies":[{"name":"wp","href":"https:\/\/api.w.org\/{rel}","templated":true}]}}