{"id":20998,"date":"2023-06-08T16:49:30","date_gmt":"2023-06-08T14:49:30","guid":{"rendered":"https:\/\/www.voustensports.com\/product\/dukes-commandante-olive-4-cm-33677-2\/"},"modified":"2026-02-05T11:51:17","modified_gmt":"2026-02-05T10:51:17","slug":"dukes-commandante-olive-4-cm-33677-2","status":"publish","type":"product","link":"https:\/\/www.voustensports.com\/fr\/dukes-commandante-olive-4-cm-33677-2\/","title":{"rendered":"Dukes Commandante Olive 4 cm (33677)"},"content":{"rendered":"<p id=\"tw-target-text\" class=\"tw-data-text tw-text-large tw-ta\" dir=\"ltr\" data-placeholder=\"Vertaling\"><span class=\"Y2IQFc\" lang=\"fr\">La collection vintage se compose de ceintures militaires restaur\u00e9es et extr\u00eamement rares qui ont jusqu\u2019\u00e0 30 ans. Les produits en cuir vintage originaux proviennent d\u2019un r\u00e9seau mondial d\u2019amateurs de vintage, de Los Angeles \u00e0 Budapest. Chaque ceinture vintage est unique. L\u2019usure, les rayures, les taches et autres signes de l\u2019\u00e2ge sont des signes de v\u00e9ritables produits de l\u2019arm\u00e9e vintage. Chaque pi\u00e8ce a son propre caract\u00e8re et ne ressemble \u00e0 aucune autre. Chaque pi\u00e8ce est nettoy\u00e9e et trait\u00e9e avec des huiles naturelles et re\u00e7oit enfin sa touche artistique. Fabriqu\u00e9 en \u00e9ditions limit\u00e9es, un num\u00e9ro de s\u00e9rie individuel fait de chaque style un objet de collection unique et authentique.<\/span><\/p>\n<p class=\"tw-data-text tw-text-large tw-ta\" dir=\"ltr\" data-placeholder=\"Vertaling\"><span class=\"Y2IQFc\" lang=\"fr\">La collection Artisan est la gamme la plus large et se compose d\u2019accessoires en cuir avec de nombreux motifs peints \u00e0 la main et imprim\u00e9s en couleurs. Les designers dessinent des motifs narratifs, inspir\u00e9s de la nature, des arts visuels ou des grandes \u00e9poques culturelles. Les peintures \u00e0 la main illustrent les grands moments historiques \u00e0 travers les \u00e2ges tels que Pearl Harbor, les samoura\u00efs l\u00e9gendaires, la culture lointaine des Mongols et comme l\u2019un des principaux th\u00e8mes, elles pr\u00e9sentent des vies c\u00e9l\u00e8bres de personnalit\u00e9s.<\/span><\/p>\n<p dir=\"ltr\" data-placeholder=\"Vertaling\"><strong>S<\/strong>\u00a0(80\/95 cm)\u00a0<strong>M<\/strong>\u00a0(85\/100 cm)\u00a0<strong>L<\/strong>\u00a0(90\/105 cm)\u00a0<strong>XL<\/strong>\u00a0(95\/110 cm)<strong>\u00a0XXL<\/strong>\u00a0(100\/115 cm)<\/p>\n","protected":false},"excerpt":{"rendered":"<p>La collection vintage se compose de ceintures militaires restaur\u00e9es et extr\u00eamement rares qui ont jusqu\u2019\u00e0 30 ans. Les produits en cuir vintage originaux proviennent d\u2019un r\u00e9seau mondial d\u2019amateurs de vintage, de Los Angeles \u00e0 Budapest. Chaque ceinture vintage est unique. L\u2019usure, les rayures, les taches et autres signes de l\u2019\u00e2ge sont des signes de v\u00e9ritables [&#8230;]\n","protected":false},"featured_media":20989,"comment_status":"open","ping_status":"closed","template":"","meta":{"rank_math_lock_modified_date":false},"product_cat":[450,495,505,512],"product_tag":[],"class_list":{"0":"post-20998","1":"product","2":"type-product","3":"status-publish","4":"has-post-thumbnail","6":"product_cat-heren-fr","7":"product_cat-accessoires-fr","8":"product_cat-dukes-artisan-belts-fr","9":"product_cat-riemen-fr-2","11":"first","12":"instock","13":"taxable","14":"shipping-taxable","15":"purchasable","16":"product-type-variable"},"acf":[],"yoast_head":"<!-- This site is optimized with the Yoast SEO plugin v23.9 - https:\/\/yoast.com\/wordpress\/plugins\/seo\/ -->\n<title>Dukes Commandante Olive 4 cm (33677) - Vousten Sports<\/title>\n<meta name=\"robots\" content=\"index, follow, max-snippet:-1, max-image-preview:large, max-video-preview:-1\" \/>\n<link rel=\"canonical\" href=\"https:\/\/www.voustensports.com\/fr\/dukes-commandante-olive-4-cm-33677-2\/\" \/>\n<meta property=\"og:locale\" content=\"fr_FR\" \/>\n<meta property=\"og:type\" content=\"article\" \/>\n<meta property=\"og:title\" content=\"Dukes Commandante Olive 4 cm (33677) - Vousten Sports\" \/>\n<meta property=\"og:description\" content=\"La collection vintage se compose de ceintures militaires restaur\u00e9es et extr\u00eamement rares qui ont jusqu\u2019\u00e0 30 ans. Les produits en cuir vintage originaux proviennent d\u2019un r\u00e9seau mondial d\u2019amateurs de vintage, de Los Angeles \u00e0 Budapest. Chaque ceinture vintage est unique. L\u2019usure, les rayures, les taches et autres signes de l\u2019\u00e2ge sont des signes de v\u00e9ritables [...]\" \/>\n<meta property=\"og:url\" content=\"https:\/\/www.voustensports.com\/fr\/dukes-commandante-olive-4-cm-33677-2\/\" \/>\n<meta property=\"og:site_name\" content=\"Vousten Sports\" \/>\n<meta property=\"article:modified_time\" content=\"2026-02-05T10:51:17+00:00\" \/>\n<meta property=\"og:image\" content=\"https:\/\/www.voustensports.com\/wp-content\/uploads\/2023\/03\/dukes_nieuw_9_van_17.jpg\" \/>\n\t<meta property=\"og:image:width\" content=\"2000\" \/>\n\t<meta property=\"og:image:height\" content=\"2000\" \/>\n\t<meta property=\"og:image:type\" content=\"image\/jpeg\" \/>\n<meta name=\"twitter:card\" content=\"summary_large_image\" \/>\n<meta name=\"twitter:label1\" content=\"Est. reading time\" \/>\n\t<meta name=\"twitter:data1\" content=\"1 minute\" \/>\n<script type=\"application\/ld+json\" class=\"yoast-schema-graph\">{\"@context\":\"https:\/\/schema.org\",\"@graph\":[{\"@type\":\"WebPage\",\"@id\":\"https:\/\/www.voustensports.com\/fr\/dukes-commandante-olive-4-cm-33677-2\/\",\"url\":\"https:\/\/www.voustensports.com\/fr\/dukes-commandante-olive-4-cm-33677-2\/\",\"name\":\"Dukes Commandante Olive 4 cm (33677) - Vousten Sports\",\"isPartOf\":{\"@id\":\"https:\/\/www.voustensports.com\/nl\/#website\"},\"primaryImageOfPage\":{\"@id\":\"https:\/\/www.voustensports.com\/fr\/dukes-commandante-olive-4-cm-33677-2\/#primaryimage\"},\"image\":{\"@id\":\"https:\/\/www.voustensports.com\/fr\/dukes-commandante-olive-4-cm-33677-2\/#primaryimage\"},\"thumbnailUrl\":\"https:\/\/www.voustensports.com\/wp-content\/uploads\/2023\/03\/dukes_nieuw_9_van_17.jpg\",\"datePublished\":\"2023-06-08T14:49:30+00:00\",\"dateModified\":\"2026-02-05T10:51:17+00:00\",\"breadcrumb\":{\"@id\":\"https:\/\/www.voustensports.com\/fr\/dukes-commandante-olive-4-cm-33677-2\/#breadcrumb\"},\"inLanguage\":\"fr-FR\",\"potentialAction\":[{\"@type\":\"ReadAction\",\"target\":[\"https:\/\/www.voustensports.com\/fr\/dukes-commandante-olive-4-cm-33677-2\/\"]}]},{\"@type\":\"ImageObject\",\"inLanguage\":\"fr-FR\",\"@id\":\"https:\/\/www.voustensports.com\/fr\/dukes-commandante-olive-4-cm-33677-2\/#primaryimage\",\"url\":\"https:\/\/www.voustensports.com\/wp-content\/uploads\/2023\/03\/dukes_nieuw_9_van_17.jpg\",\"contentUrl\":\"https:\/\/www.voustensports.com\/wp-content\/uploads\/2023\/03\/dukes_nieuw_9_van_17.jpg\",\"width\":2000,\"height\":2000},{\"@type\":\"BreadcrumbList\",\"@id\":\"https:\/\/www.voustensports.com\/fr\/dukes-commandante-olive-4-cm-33677-2\/#breadcrumb\",\"itemListElement\":[{\"@type\":\"ListItem\",\"position\":1,\"name\":\"Home\",\"item\":\"https:\/\/www.voustensports.com\/fr\/\"},{\"@type\":\"ListItem\",\"position\":2,\"name\":\"Boutique\",\"item\":\"https:\/\/www.voustensports.com\/fr\/shop\/\"},{\"@type\":\"ListItem\",\"position\":3,\"name\":\"Dukes Commandante Olive 4 cm (33677)\"}]},{\"@type\":\"WebSite\",\"@id\":\"https:\/\/www.voustensports.com\/nl\/#website\",\"url\":\"https:\/\/www.voustensports.com\/nl\/\",\"name\":\"Vousten Sports\",\"description\":\"\",\"potentialAction\":[{\"@type\":\"SearchAction\",\"target\":{\"@type\":\"EntryPoint\",\"urlTemplate\":\"https:\/\/www.voustensports.com\/nl\/?s={search_term_string}\"},\"query-input\":{\"@type\":\"PropertyValueSpecification\",\"valueRequired\":true,\"valueName\":\"search_term_string\"}}],\"inLanguage\":\"fr-FR\"}]}<\/script>\n<!-- \/ Yoast SEO plugin. -->","yoast_head_json":{"title":"Dukes Commandante Olive 4 cm (33677) - Vousten Sports","robots":{"index":"index","follow":"follow","max-snippet":"max-snippet:-1","max-image-preview":"max-image-preview:large","max-video-preview":"max-video-preview:-1"},"canonical":"https:\/\/www.voustensports.com\/fr\/dukes-commandante-olive-4-cm-33677-2\/","og_locale":"fr_FR","og_type":"article","og_title":"Dukes Commandante Olive 4 cm (33677) - Vousten Sports","og_description":"La collection vintage se compose de ceintures militaires restaur\u00e9es et extr\u00eamement rares qui ont jusqu\u2019\u00e0 30 ans. Les produits en cuir vintage originaux proviennent d\u2019un r\u00e9seau mondial d\u2019amateurs de vintage, de Los Angeles \u00e0 Budapest. Chaque ceinture vintage est unique. L\u2019usure, les rayures, les taches et autres signes de l\u2019\u00e2ge sont des signes de v\u00e9ritables [...]","og_url":"https:\/\/www.voustensports.com\/fr\/dukes-commandante-olive-4-cm-33677-2\/","og_site_name":"Vousten Sports","article_modified_time":"2026-02-05T10:51:17+00:00","og_image":[{"width":2000,"height":2000,"url":"https:\/\/www.voustensports.com\/wp-content\/uploads\/2023\/03\/dukes_nieuw_9_van_17.jpg","type":"image\/jpeg"}],"twitter_card":"summary_large_image","twitter_misc":{"Est. reading time":"1 minute"},"schema":{"@context":"https:\/\/schema.org","@graph":[{"@type":"WebPage","@id":"https:\/\/www.voustensports.com\/fr\/dukes-commandante-olive-4-cm-33677-2\/","url":"https:\/\/www.voustensports.com\/fr\/dukes-commandante-olive-4-cm-33677-2\/","name":"Dukes Commandante Olive 4 cm (33677) - Vousten Sports","isPartOf":{"@id":"https:\/\/www.voustensports.com\/nl\/#website"},"primaryImageOfPage":{"@id":"https:\/\/www.voustensports.com\/fr\/dukes-commandante-olive-4-cm-33677-2\/#primaryimage"},"image":{"@id":"https:\/\/www.voustensports.com\/fr\/dukes-commandante-olive-4-cm-33677-2\/#primaryimage"},"thumbnailUrl":"https:\/\/www.voustensports.com\/wp-content\/uploads\/2023\/03\/dukes_nieuw_9_van_17.jpg","datePublished":"2023-06-08T14:49:30+00:00","dateModified":"2026-02-05T10:51:17+00:00","breadcrumb":{"@id":"https:\/\/www.voustensports.com\/fr\/dukes-commandante-olive-4-cm-33677-2\/#breadcrumb"},"inLanguage":"fr-FR","potentialAction":[{"@type":"ReadAction","target":["https:\/\/www.voustensports.com\/fr\/dukes-commandante-olive-4-cm-33677-2\/"]}]},{"@type":"ImageObject","inLanguage":"fr-FR","@id":"https:\/\/www.voustensports.com\/fr\/dukes-commandante-olive-4-cm-33677-2\/#primaryimage","url":"https:\/\/www.voustensports.com\/wp-content\/uploads\/2023\/03\/dukes_nieuw_9_van_17.jpg","contentUrl":"https:\/\/www.voustensports.com\/wp-content\/uploads\/2023\/03\/dukes_nieuw_9_van_17.jpg","width":2000,"height":2000},{"@type":"BreadcrumbList","@id":"https:\/\/www.voustensports.com\/fr\/dukes-commandante-olive-4-cm-33677-2\/#breadcrumb","itemListElement":[{"@type":"ListItem","position":1,"name":"Home","item":"https:\/\/www.voustensports.com\/fr\/"},{"@type":"ListItem","position":2,"name":"Boutique","item":"https:\/\/www.voustensports.com\/fr\/shop\/"},{"@type":"ListItem","position":3,"name":"Dukes Commandante Olive 4 cm (33677)"}]},{"@type":"WebSite","@id":"https:\/\/www.voustensports.com\/nl\/#website","url":"https:\/\/www.voustensports.com\/nl\/","name":"Vousten Sports","description":"","potentialAction":[{"@type":"SearchAction","target":{"@type":"EntryPoint","urlTemplate":"https:\/\/www.voustensports.com\/nl\/?s={search_term_string}"},"query-input":{"@type":"PropertyValueSpecification","valueRequired":true,"valueName":"search_term_string"}}],"inLanguage":"fr-FR"}]}},"_links":{"self":[{"href":"https:\/\/www.voustensports.com\/fr\/wp-json\/wp\/v2\/product\/20998","targetHints":{"allow":["GET"]}}],"collection":[{"href":"https:\/\/www.voustensports.com\/fr\/wp-json\/wp\/v2\/product"}],"about":[{"href":"https:\/\/www.voustensports.com\/fr\/wp-json\/wp\/v2\/types\/product"}],"replies":[{"embeddable":true,"href":"https:\/\/www.voustensports.com\/fr\/wp-json\/wp\/v2\/comments?post=20998"}],"wp:featuredmedia":[{"embeddable":true,"href":"https:\/\/www.voustensports.com\/fr\/wp-json\/wp\/v2\/media\/20989"}],"wp:attachment":[{"href":"https:\/\/www.voustensports.com\/fr\/wp-json\/wp\/v2\/media?parent=20998"}],"wp:term":[{"taxonomy":"product_cat","embeddable":true,"href":"https:\/\/www.voustensports.com\/fr\/wp-json\/wp\/v2\/product_cat?post=20998"},{"taxonomy":"product_tag","embeddable":true,"href":"https:\/\/www.voustensports.com\/fr\/wp-json\/wp\/v2\/product_tag?post=20998"}],"curies":[{"name":"wp","href":"https:\/\/api.w.org\/{rel}","templated":true}]}}