{"id":208641,"date":"2025-09-06T23:30:22","date_gmt":"2025-09-06T21:30:22","guid":{"rendered":"https:\/\/www.voustensports.com\/genti-pull-col-roule-boutonne-blanc-casse-41215\/"},"modified":"2026-03-17T07:24:06","modified_gmt":"2026-03-17T06:24:06","slug":"genti-pull-col-roule-boutonne-blanc-casse-41215","status":"publish","type":"product","link":"https:\/\/www.voustensports.com\/fr\/genti-pull-col-roule-boutonne-blanc-casse-41215\/","title":{"rendered":"GENTI &#8211; Pull col roul\u00e9 boutonn\u00e9 blanc cass\u00e9 (41215)"},"content":{"rendered":"<div>Pull col roul\u00e9 boutonn\u00e9, doux et confortable. Fabriqu\u00e9 en m\u00e9lange de laine chaud pour une respirabilit\u00e9 optimale et une bonne tenue. Les trois boutons apportent une touche moderne \u00e0 ce pull col roul\u00e9.<\/div>\n<ul>\n<li>Col roul\u00e9 boutonn\u00e9<\/li>\n<li>Doux et chaud<\/li>\n<li>Coupe standard<\/li>\n<li>Mati\u00e8re : 80 % laine, 20 % nylon<\/li>\n<\/ul>\n","protected":false},"excerpt":{"rendered":"<p>Pull col roul\u00e9 boutonn\u00e9, doux et confortable. Fabriqu\u00e9 en m\u00e9lange de laine chaud pour une respirabilit\u00e9 optimale et une bonne tenue. Les trois boutons apportent une touche moderne \u00e0 ce pull col roul\u00e9. Col roul\u00e9 boutonn\u00e9 Doux et chaud Coupe standard Mati\u00e8re : 80 % laine, 20 % nylon<\/p>\n","protected":false},"featured_media":208621,"comment_status":"open","ping_status":"closed","template":"","meta":{"rank_math_lock_modified_date":false},"product_cat":[534,538,694,697,710,446,450,462],"product_tag":[],"class_list":{"0":"post-208641","1":"product","2":"type-product","3":"status-publish","4":"has-post-thumbnail","6":"product_cat-truien-fr-2","7":"product_cat-knitwear-fr","8":"product_cat-truien-vesten-fr-2","9":"product_cat-sweaters-fr-2","10":"product_cat-genti-fr","11":"product_cat-kleding-fr","12":"product_cat-heren-fr","13":"product_cat-vousten-sports-fr-2","15":"first","16":"outofstock","17":"taxable","18":"shipping-taxable","19":"purchasable","20":"product-type-variable"},"acf":[],"yoast_head":"<!-- This site is optimized with the Yoast SEO plugin v23.9 - https:\/\/yoast.com\/wordpress\/plugins\/seo\/ -->\n<title>GENTI - Pull col roul\u00e9 boutonn\u00e9 blanc cass\u00e9 (41215) - Vousten Sports<\/title>\n<meta name=\"robots\" content=\"index, follow, max-snippet:-1, max-image-preview:large, max-video-preview:-1\" \/>\n<link rel=\"canonical\" href=\"https:\/\/www.voustensports.com\/fr\/genti-pull-col-roule-boutonne-blanc-casse-41215\/\" \/>\n<meta property=\"og:locale\" content=\"fr_FR\" \/>\n<meta property=\"og:type\" content=\"article\" \/>\n<meta property=\"og:title\" content=\"GENTI - Pull col roul\u00e9 boutonn\u00e9 blanc cass\u00e9 (41215) - Vousten Sports\" \/>\n<meta property=\"og:description\" content=\"Pull col roul\u00e9 boutonn\u00e9, doux et confortable. Fabriqu\u00e9 en m\u00e9lange de laine chaud pour une respirabilit\u00e9 optimale et une bonne tenue. Les trois boutons apportent une touche moderne \u00e0 ce pull col roul\u00e9. Col roul\u00e9 boutonn\u00e9 Doux et chaud Coupe standard Mati\u00e8re : 80 % laine, 20 % nylon\" \/>\n<meta property=\"og:url\" content=\"https:\/\/www.voustensports.com\/fr\/genti-pull-col-roule-boutonne-blanc-casse-41215\/\" \/>\n<meta property=\"og:site_name\" content=\"Vousten Sports\" \/>\n<meta property=\"article:modified_time\" content=\"2026-03-17T06:24:06+00:00\" \/>\n<meta property=\"og:image\" content=\"https:\/\/www.voustensports.com\/wp-content\/uploads\/2023\/06\/Turtleneck-Sweater-met-knoopsluiting-off-white-412151.jpg\" \/>\n\t<meta property=\"og:image:width\" content=\"1365\" \/>\n\t<meta property=\"og:image:height\" content=\"2048\" \/>\n\t<meta property=\"og:image:type\" content=\"image\/jpeg\" \/>\n<meta name=\"twitter:card\" content=\"summary_large_image\" \/>\n<script type=\"application\/ld+json\" class=\"yoast-schema-graph\">{\"@context\":\"https:\/\/schema.org\",\"@graph\":[{\"@type\":\"WebPage\",\"@id\":\"https:\/\/www.voustensports.com\/fr\/genti-pull-col-roule-boutonne-blanc-casse-41215\/\",\"url\":\"https:\/\/www.voustensports.com\/fr\/genti-pull-col-roule-boutonne-blanc-casse-41215\/\",\"name\":\"GENTI - Pull col roul\u00e9 boutonn\u00e9 blanc cass\u00e9 (41215) - Vousten Sports\",\"isPartOf\":{\"@id\":\"https:\/\/www.voustensports.com\/nl\/#website\"},\"primaryImageOfPage\":{\"@id\":\"https:\/\/www.voustensports.com\/fr\/genti-pull-col-roule-boutonne-blanc-casse-41215\/#primaryimage\"},\"image\":{\"@id\":\"https:\/\/www.voustensports.com\/fr\/genti-pull-col-roule-boutonne-blanc-casse-41215\/#primaryimage\"},\"thumbnailUrl\":\"https:\/\/www.voustensports.com\/wp-content\/uploads\/2023\/06\/Turtleneck-Sweater-met-knoopsluiting-off-white-412151.jpg\",\"datePublished\":\"2025-09-06T21:30:22+00:00\",\"dateModified\":\"2026-03-17T06:24:06+00:00\",\"breadcrumb\":{\"@id\":\"https:\/\/www.voustensports.com\/fr\/genti-pull-col-roule-boutonne-blanc-casse-41215\/#breadcrumb\"},\"inLanguage\":\"fr-FR\",\"potentialAction\":[{\"@type\":\"ReadAction\",\"target\":[\"https:\/\/www.voustensports.com\/fr\/genti-pull-col-roule-boutonne-blanc-casse-41215\/\"]}]},{\"@type\":\"ImageObject\",\"inLanguage\":\"fr-FR\",\"@id\":\"https:\/\/www.voustensports.com\/fr\/genti-pull-col-roule-boutonne-blanc-casse-41215\/#primaryimage\",\"url\":\"https:\/\/www.voustensports.com\/wp-content\/uploads\/2023\/06\/Turtleneck-Sweater-met-knoopsluiting-off-white-412151.jpg\",\"contentUrl\":\"https:\/\/www.voustensports.com\/wp-content\/uploads\/2023\/06\/Turtleneck-Sweater-met-knoopsluiting-off-white-412151.jpg\",\"width\":1365,\"height\":2048},{\"@type\":\"BreadcrumbList\",\"@id\":\"https:\/\/www.voustensports.com\/fr\/genti-pull-col-roule-boutonne-blanc-casse-41215\/#breadcrumb\",\"itemListElement\":[{\"@type\":\"ListItem\",\"position\":1,\"name\":\"Home\",\"item\":\"https:\/\/www.voustensports.com\/fr\/\"},{\"@type\":\"ListItem\",\"position\":2,\"name\":\"Boutique\",\"item\":\"https:\/\/www.voustensports.com\/fr\/shop\/\"},{\"@type\":\"ListItem\",\"position\":3,\"name\":\"GENTI &#8211; Pull col roul\u00e9 boutonn\u00e9 blanc cass\u00e9 (41215)\"}]},{\"@type\":\"WebSite\",\"@id\":\"https:\/\/www.voustensports.com\/nl\/#website\",\"url\":\"https:\/\/www.voustensports.com\/nl\/\",\"name\":\"Vousten Sports\",\"description\":\"\",\"potentialAction\":[{\"@type\":\"SearchAction\",\"target\":{\"@type\":\"EntryPoint\",\"urlTemplate\":\"https:\/\/www.voustensports.com\/nl\/?s={search_term_string}\"},\"query-input\":{\"@type\":\"PropertyValueSpecification\",\"valueRequired\":true,\"valueName\":\"search_term_string\"}}],\"inLanguage\":\"fr-FR\"}]}<\/script>\n<!-- \/ Yoast SEO plugin. -->","yoast_head_json":{"title":"GENTI - Pull col roul\u00e9 boutonn\u00e9 blanc cass\u00e9 (41215) - Vousten Sports","robots":{"index":"index","follow":"follow","max-snippet":"max-snippet:-1","max-image-preview":"max-image-preview:large","max-video-preview":"max-video-preview:-1"},"canonical":"https:\/\/www.voustensports.com\/fr\/genti-pull-col-roule-boutonne-blanc-casse-41215\/","og_locale":"fr_FR","og_type":"article","og_title":"GENTI - Pull col roul\u00e9 boutonn\u00e9 blanc cass\u00e9 (41215) - Vousten Sports","og_description":"Pull col roul\u00e9 boutonn\u00e9, doux et confortable. Fabriqu\u00e9 en m\u00e9lange de laine chaud pour une respirabilit\u00e9 optimale et une bonne tenue. Les trois boutons apportent une touche moderne \u00e0 ce pull col roul\u00e9. Col roul\u00e9 boutonn\u00e9 Doux et chaud Coupe standard Mati\u00e8re : 80 % laine, 20 % nylon","og_url":"https:\/\/www.voustensports.com\/fr\/genti-pull-col-roule-boutonne-blanc-casse-41215\/","og_site_name":"Vousten Sports","article_modified_time":"2026-03-17T06:24:06+00:00","og_image":[{"width":1365,"height":2048,"url":"https:\/\/www.voustensports.com\/wp-content\/uploads\/2023\/06\/Turtleneck-Sweater-met-knoopsluiting-off-white-412151.jpg","type":"image\/jpeg"}],"twitter_card":"summary_large_image","schema":{"@context":"https:\/\/schema.org","@graph":[{"@type":"WebPage","@id":"https:\/\/www.voustensports.com\/fr\/genti-pull-col-roule-boutonne-blanc-casse-41215\/","url":"https:\/\/www.voustensports.com\/fr\/genti-pull-col-roule-boutonne-blanc-casse-41215\/","name":"GENTI - Pull col roul\u00e9 boutonn\u00e9 blanc cass\u00e9 (41215) - Vousten Sports","isPartOf":{"@id":"https:\/\/www.voustensports.com\/nl\/#website"},"primaryImageOfPage":{"@id":"https:\/\/www.voustensports.com\/fr\/genti-pull-col-roule-boutonne-blanc-casse-41215\/#primaryimage"},"image":{"@id":"https:\/\/www.voustensports.com\/fr\/genti-pull-col-roule-boutonne-blanc-casse-41215\/#primaryimage"},"thumbnailUrl":"https:\/\/www.voustensports.com\/wp-content\/uploads\/2023\/06\/Turtleneck-Sweater-met-knoopsluiting-off-white-412151.jpg","datePublished":"2025-09-06T21:30:22+00:00","dateModified":"2026-03-17T06:24:06+00:00","breadcrumb":{"@id":"https:\/\/www.voustensports.com\/fr\/genti-pull-col-roule-boutonne-blanc-casse-41215\/#breadcrumb"},"inLanguage":"fr-FR","potentialAction":[{"@type":"ReadAction","target":["https:\/\/www.voustensports.com\/fr\/genti-pull-col-roule-boutonne-blanc-casse-41215\/"]}]},{"@type":"ImageObject","inLanguage":"fr-FR","@id":"https:\/\/www.voustensports.com\/fr\/genti-pull-col-roule-boutonne-blanc-casse-41215\/#primaryimage","url":"https:\/\/www.voustensports.com\/wp-content\/uploads\/2023\/06\/Turtleneck-Sweater-met-knoopsluiting-off-white-412151.jpg","contentUrl":"https:\/\/www.voustensports.com\/wp-content\/uploads\/2023\/06\/Turtleneck-Sweater-met-knoopsluiting-off-white-412151.jpg","width":1365,"height":2048},{"@type":"BreadcrumbList","@id":"https:\/\/www.voustensports.com\/fr\/genti-pull-col-roule-boutonne-blanc-casse-41215\/#breadcrumb","itemListElement":[{"@type":"ListItem","position":1,"name":"Home","item":"https:\/\/www.voustensports.com\/fr\/"},{"@type":"ListItem","position":2,"name":"Boutique","item":"https:\/\/www.voustensports.com\/fr\/shop\/"},{"@type":"ListItem","position":3,"name":"GENTI &#8211; Pull col roul\u00e9 boutonn\u00e9 blanc cass\u00e9 (41215)"}]},{"@type":"WebSite","@id":"https:\/\/www.voustensports.com\/nl\/#website","url":"https:\/\/www.voustensports.com\/nl\/","name":"Vousten Sports","description":"","potentialAction":[{"@type":"SearchAction","target":{"@type":"EntryPoint","urlTemplate":"https:\/\/www.voustensports.com\/nl\/?s={search_term_string}"},"query-input":{"@type":"PropertyValueSpecification","valueRequired":true,"valueName":"search_term_string"}}],"inLanguage":"fr-FR"}]}},"_links":{"self":[{"href":"https:\/\/www.voustensports.com\/fr\/wp-json\/wp\/v2\/product\/208641","targetHints":{"allow":["GET"]}}],"collection":[{"href":"https:\/\/www.voustensports.com\/fr\/wp-json\/wp\/v2\/product"}],"about":[{"href":"https:\/\/www.voustensports.com\/fr\/wp-json\/wp\/v2\/types\/product"}],"replies":[{"embeddable":true,"href":"https:\/\/www.voustensports.com\/fr\/wp-json\/wp\/v2\/comments?post=208641"}],"wp:featuredmedia":[{"embeddable":true,"href":"https:\/\/www.voustensports.com\/fr\/wp-json\/wp\/v2\/media\/208621"}],"wp:attachment":[{"href":"https:\/\/www.voustensports.com\/fr\/wp-json\/wp\/v2\/media?parent=208641"}],"wp:term":[{"taxonomy":"product_cat","embeddable":true,"href":"https:\/\/www.voustensports.com\/fr\/wp-json\/wp\/v2\/product_cat?post=208641"},{"taxonomy":"product_tag","embeddable":true,"href":"https:\/\/www.voustensports.com\/fr\/wp-json\/wp\/v2\/product_tag?post=208641"}],"curies":[{"name":"wp","href":"https:\/\/api.w.org\/{rel}","templated":true}]}}