{"id":208601,"date":"2025-09-06T13:24:17","date_gmt":"2025-09-06T11:24:17","guid":{"rendered":"https:\/\/www.voustensports.com\/genti-surchemise-noire-coupe-decontractee-41202\/"},"modified":"2026-04-14T02:48:08","modified_gmt":"2026-04-14T00:48:08","slug":"genti-surchemise-noire-coupe-decontractee-41202","status":"publish","type":"product","link":"https:\/\/www.voustensports.com\/fr\/genti-surchemise-noire-coupe-decontractee-41202\/","title":{"rendered":"GENTI &#8211; Surchemise noire coupe d\u00e9contract\u00e9e (41202)"},"content":{"rendered":"<div>Surchemise noire coupe d\u00e9contract\u00e9e. La veste est confectionn\u00e9e dans un tissu extensible dynamique pour une plus grande libert\u00e9 de mouvement.<\/div>\n<ul>\n<li>Coupe d\u00e9contract\u00e9e<\/li>\n<li>Extensible dynamique<\/li>\n<li>Fermeture boutonn\u00e9e<\/li>\n<li>Poches lat\u00e9rales<\/li>\n<li>Mati\u00e8re : 64 % viscose, 31 % polyamide, 5 % \u00e9lasthanne<\/li>\n<\/ul>\n","protected":false},"excerpt":{"rendered":"<p>Surchemise noire coupe d\u00e9contract\u00e9e. La veste est confectionn\u00e9e dans un tissu extensible dynamique pour une plus grande libert\u00e9 de mouvement. Coupe d\u00e9contract\u00e9e Extensible dynamique Fermeture boutonn\u00e9e Poches lat\u00e9rales Mati\u00e8re : 64 % viscose, 31 % polyamide, 5 % \u00e9lasthanne<\/p>\n","protected":false},"featured_media":208589,"comment_status":"open","ping_status":"closed","template":"","meta":{"rank_math_lock_modified_date":false},"product_cat":[446,450,462,486,710,739],"product_tag":[],"class_list":{"0":"post-208601","1":"product","2":"type-product","3":"status-publish","4":"has-post-thumbnail","6":"product_cat-kleding-fr","7":"product_cat-heren-fr","8":"product_cat-vousten-sports-fr-2","9":"product_cat-shirt-fr-2","10":"product_cat-genti-fr","11":"product_cat-overshirt-fr-2","13":"first","14":"outofstock","15":"taxable","16":"shipping-taxable","17":"purchasable","18":"product-type-variable"},"acf":[],"yoast_head":"<!-- This site is optimized with the Yoast SEO plugin v23.9 - https:\/\/yoast.com\/wordpress\/plugins\/seo\/ -->\n<title>GENTI - Surchemise noire coupe d\u00e9contract\u00e9e (41202) - Vousten Sports<\/title>\n<meta name=\"robots\" content=\"index, follow, max-snippet:-1, max-image-preview:large, max-video-preview:-1\" \/>\n<link rel=\"canonical\" href=\"https:\/\/www.voustensports.com\/fr\/genti-surchemise-noire-coupe-decontractee-41202\/\" \/>\n<meta property=\"og:locale\" content=\"fr_FR\" \/>\n<meta property=\"og:type\" content=\"article\" \/>\n<meta property=\"og:title\" content=\"GENTI - Surchemise noire coupe d\u00e9contract\u00e9e (41202) - Vousten Sports\" \/>\n<meta property=\"og:description\" content=\"Surchemise noire coupe d\u00e9contract\u00e9e. La veste est confectionn\u00e9e dans un tissu extensible dynamique pour une plus grande libert\u00e9 de mouvement. Coupe d\u00e9contract\u00e9e Extensible dynamique Fermeture boutonn\u00e9e Poches lat\u00e9rales Mati\u00e8re : 64 % viscose, 31 % polyamide, 5 % \u00e9lasthanne\" \/>\n<meta property=\"og:url\" content=\"https:\/\/www.voustensports.com\/fr\/genti-surchemise-noire-coupe-decontractee-41202\/\" \/>\n<meta property=\"og:site_name\" content=\"Vousten Sports\" \/>\n<meta property=\"article:modified_time\" content=\"2026-04-14T00:48:08+00:00\" \/>\n<meta property=\"og:image\" content=\"https:\/\/www.voustensports.com\/wp-content\/uploads\/2023\/06\/Relaxed-Fit-Overshirt-zwart-412021.jpg\" \/>\n\t<meta property=\"og:image:width\" content=\"1365\" \/>\n\t<meta property=\"og:image:height\" content=\"2048\" \/>\n\t<meta property=\"og:image:type\" content=\"image\/jpeg\" \/>\n<meta name=\"twitter:card\" content=\"summary_large_image\" \/>\n<script type=\"application\/ld+json\" class=\"yoast-schema-graph\">{\"@context\":\"https:\/\/schema.org\",\"@graph\":[{\"@type\":\"WebPage\",\"@id\":\"https:\/\/www.voustensports.com\/fr\/genti-surchemise-noire-coupe-decontractee-41202\/\",\"url\":\"https:\/\/www.voustensports.com\/fr\/genti-surchemise-noire-coupe-decontractee-41202\/\",\"name\":\"GENTI - Surchemise noire coupe d\u00e9contract\u00e9e (41202) - Vousten Sports\",\"isPartOf\":{\"@id\":\"https:\/\/www.voustensports.com\/nl\/#website\"},\"primaryImageOfPage\":{\"@id\":\"https:\/\/www.voustensports.com\/fr\/genti-surchemise-noire-coupe-decontractee-41202\/#primaryimage\"},\"image\":{\"@id\":\"https:\/\/www.voustensports.com\/fr\/genti-surchemise-noire-coupe-decontractee-41202\/#primaryimage\"},\"thumbnailUrl\":\"https:\/\/www.voustensports.com\/wp-content\/uploads\/2023\/06\/Relaxed-Fit-Overshirt-zwart-412021.jpg\",\"datePublished\":\"2025-09-06T11:24:17+00:00\",\"dateModified\":\"2026-04-14T00:48:08+00:00\",\"breadcrumb\":{\"@id\":\"https:\/\/www.voustensports.com\/fr\/genti-surchemise-noire-coupe-decontractee-41202\/#breadcrumb\"},\"inLanguage\":\"fr-FR\",\"potentialAction\":[{\"@type\":\"ReadAction\",\"target\":[\"https:\/\/www.voustensports.com\/fr\/genti-surchemise-noire-coupe-decontractee-41202\/\"]}]},{\"@type\":\"ImageObject\",\"inLanguage\":\"fr-FR\",\"@id\":\"https:\/\/www.voustensports.com\/fr\/genti-surchemise-noire-coupe-decontractee-41202\/#primaryimage\",\"url\":\"https:\/\/www.voustensports.com\/wp-content\/uploads\/2023\/06\/Relaxed-Fit-Overshirt-zwart-412021.jpg\",\"contentUrl\":\"https:\/\/www.voustensports.com\/wp-content\/uploads\/2023\/06\/Relaxed-Fit-Overshirt-zwart-412021.jpg\",\"width\":1365,\"height\":2048},{\"@type\":\"BreadcrumbList\",\"@id\":\"https:\/\/www.voustensports.com\/fr\/genti-surchemise-noire-coupe-decontractee-41202\/#breadcrumb\",\"itemListElement\":[{\"@type\":\"ListItem\",\"position\":1,\"name\":\"Home\",\"item\":\"https:\/\/www.voustensports.com\/fr\/\"},{\"@type\":\"ListItem\",\"position\":2,\"name\":\"Boutique\",\"item\":\"https:\/\/www.voustensports.com\/fr\/shop\/\"},{\"@type\":\"ListItem\",\"position\":3,\"name\":\"GENTI &#8211; Surchemise noire coupe d\u00e9contract\u00e9e (41202)\"}]},{\"@type\":\"WebSite\",\"@id\":\"https:\/\/www.voustensports.com\/nl\/#website\",\"url\":\"https:\/\/www.voustensports.com\/nl\/\",\"name\":\"Vousten Sports\",\"description\":\"\",\"potentialAction\":[{\"@type\":\"SearchAction\",\"target\":{\"@type\":\"EntryPoint\",\"urlTemplate\":\"https:\/\/www.voustensports.com\/nl\/?s={search_term_string}\"},\"query-input\":{\"@type\":\"PropertyValueSpecification\",\"valueRequired\":true,\"valueName\":\"search_term_string\"}}],\"inLanguage\":\"fr-FR\"}]}<\/script>\n<!-- \/ Yoast SEO plugin. -->","yoast_head_json":{"title":"GENTI - Surchemise noire coupe d\u00e9contract\u00e9e (41202) - Vousten Sports","robots":{"index":"index","follow":"follow","max-snippet":"max-snippet:-1","max-image-preview":"max-image-preview:large","max-video-preview":"max-video-preview:-1"},"canonical":"https:\/\/www.voustensports.com\/fr\/genti-surchemise-noire-coupe-decontractee-41202\/","og_locale":"fr_FR","og_type":"article","og_title":"GENTI - Surchemise noire coupe d\u00e9contract\u00e9e (41202) - Vousten Sports","og_description":"Surchemise noire coupe d\u00e9contract\u00e9e. La veste est confectionn\u00e9e dans un tissu extensible dynamique pour une plus grande libert\u00e9 de mouvement. Coupe d\u00e9contract\u00e9e Extensible dynamique Fermeture boutonn\u00e9e Poches lat\u00e9rales Mati\u00e8re : 64 % viscose, 31 % polyamide, 5 % \u00e9lasthanne","og_url":"https:\/\/www.voustensports.com\/fr\/genti-surchemise-noire-coupe-decontractee-41202\/","og_site_name":"Vousten Sports","article_modified_time":"2026-04-14T00:48:08+00:00","og_image":[{"width":1365,"height":2048,"url":"https:\/\/www.voustensports.com\/wp-content\/uploads\/2023\/06\/Relaxed-Fit-Overshirt-zwart-412021.jpg","type":"image\/jpeg"}],"twitter_card":"summary_large_image","schema":{"@context":"https:\/\/schema.org","@graph":[{"@type":"WebPage","@id":"https:\/\/www.voustensports.com\/fr\/genti-surchemise-noire-coupe-decontractee-41202\/","url":"https:\/\/www.voustensports.com\/fr\/genti-surchemise-noire-coupe-decontractee-41202\/","name":"GENTI - Surchemise noire coupe d\u00e9contract\u00e9e (41202) - Vousten Sports","isPartOf":{"@id":"https:\/\/www.voustensports.com\/nl\/#website"},"primaryImageOfPage":{"@id":"https:\/\/www.voustensports.com\/fr\/genti-surchemise-noire-coupe-decontractee-41202\/#primaryimage"},"image":{"@id":"https:\/\/www.voustensports.com\/fr\/genti-surchemise-noire-coupe-decontractee-41202\/#primaryimage"},"thumbnailUrl":"https:\/\/www.voustensports.com\/wp-content\/uploads\/2023\/06\/Relaxed-Fit-Overshirt-zwart-412021.jpg","datePublished":"2025-09-06T11:24:17+00:00","dateModified":"2026-04-14T00:48:08+00:00","breadcrumb":{"@id":"https:\/\/www.voustensports.com\/fr\/genti-surchemise-noire-coupe-decontractee-41202\/#breadcrumb"},"inLanguage":"fr-FR","potentialAction":[{"@type":"ReadAction","target":["https:\/\/www.voustensports.com\/fr\/genti-surchemise-noire-coupe-decontractee-41202\/"]}]},{"@type":"ImageObject","inLanguage":"fr-FR","@id":"https:\/\/www.voustensports.com\/fr\/genti-surchemise-noire-coupe-decontractee-41202\/#primaryimage","url":"https:\/\/www.voustensports.com\/wp-content\/uploads\/2023\/06\/Relaxed-Fit-Overshirt-zwart-412021.jpg","contentUrl":"https:\/\/www.voustensports.com\/wp-content\/uploads\/2023\/06\/Relaxed-Fit-Overshirt-zwart-412021.jpg","width":1365,"height":2048},{"@type":"BreadcrumbList","@id":"https:\/\/www.voustensports.com\/fr\/genti-surchemise-noire-coupe-decontractee-41202\/#breadcrumb","itemListElement":[{"@type":"ListItem","position":1,"name":"Home","item":"https:\/\/www.voustensports.com\/fr\/"},{"@type":"ListItem","position":2,"name":"Boutique","item":"https:\/\/www.voustensports.com\/fr\/shop\/"},{"@type":"ListItem","position":3,"name":"GENTI &#8211; Surchemise noire coupe d\u00e9contract\u00e9e (41202)"}]},{"@type":"WebSite","@id":"https:\/\/www.voustensports.com\/nl\/#website","url":"https:\/\/www.voustensports.com\/nl\/","name":"Vousten Sports","description":"","potentialAction":[{"@type":"SearchAction","target":{"@type":"EntryPoint","urlTemplate":"https:\/\/www.voustensports.com\/nl\/?s={search_term_string}"},"query-input":{"@type":"PropertyValueSpecification","valueRequired":true,"valueName":"search_term_string"}}],"inLanguage":"fr-FR"}]}},"_links":{"self":[{"href":"https:\/\/www.voustensports.com\/fr\/wp-json\/wp\/v2\/product\/208601","targetHints":{"allow":["GET"]}}],"collection":[{"href":"https:\/\/www.voustensports.com\/fr\/wp-json\/wp\/v2\/product"}],"about":[{"href":"https:\/\/www.voustensports.com\/fr\/wp-json\/wp\/v2\/types\/product"}],"replies":[{"embeddable":true,"href":"https:\/\/www.voustensports.com\/fr\/wp-json\/wp\/v2\/comments?post=208601"}],"wp:featuredmedia":[{"embeddable":true,"href":"https:\/\/www.voustensports.com\/fr\/wp-json\/wp\/v2\/media\/208589"}],"wp:attachment":[{"href":"https:\/\/www.voustensports.com\/fr\/wp-json\/wp\/v2\/media?parent=208601"}],"wp:term":[{"taxonomy":"product_cat","embeddable":true,"href":"https:\/\/www.voustensports.com\/fr\/wp-json\/wp\/v2\/product_cat?post=208601"},{"taxonomy":"product_tag","embeddable":true,"href":"https:\/\/www.voustensports.com\/fr\/wp-json\/wp\/v2\/product_tag?post=208601"}],"curies":[{"name":"wp","href":"https:\/\/api.w.org\/{rel}","templated":true}]}}