{"id":208341,"date":"2025-08-30T11:30:26","date_gmt":"2025-08-30T09:30:26","guid":{"rendered":"https:\/\/www.voustensports.com\/c-p-company-pull-demi-zip-en-laine-dagneau-gris-41723\/"},"modified":"2026-04-07T05:48:06","modified_gmt":"2026-04-07T03:48:06","slug":"c-p-company-pull-demi-zip-en-laine-dagneau-gris-41723","status":"publish","type":"product","link":"https:\/\/www.voustensports.com\/fr\/c-p-company-pull-demi-zip-en-laine-dagneau-gris-41723\/","title":{"rendered":"C.P. Company &#8211; Pull demi-zip en laine d&#8217;agneau gris (41723)"},"content":{"rendered":"<div>D\u00c9TAILS PRODUIT<\/div>\n<div>Pull demi-zip confectionn\u00e9 en laine d&rsquo;agneau GRS. La norme Global Recycled Standard certifie l&rsquo;utilisation de produits conformes aux crit\u00e8res environnementaux et sociaux appliqu\u00e9s \u00e0 toutes les \u00e9tapes de la cha\u00eene de production. Ce pull pr\u00e9sente un col c\u00f4tel\u00e9, le logo embl\u00e9matique de C.P. Company, des coutures contrast\u00e9es, ainsi que des poignets et un ourlet c\u00f4tel\u00e9s.<\/div>\n<div><\/div>\n<div>STYLE<\/div>\n<ul>\n<li>Col c\u00f4tel\u00e9<\/li>\n<li>Fermeture demi-zip<\/li>\n<li>D\u00e9tail verre<\/li>\n<li>Coutures contrast\u00e9es<\/li>\n<li>Poignets et ourlet c\u00f4tel\u00e9s<\/li>\n<li>Coupe classique<\/li>\n<\/ul>\n<div>COMPOSITION<\/div>\n<ul>\n<li>Tissu ext\u00e9rieur : 80 % laine, 20 % polyamide \/ nylon<\/li>\n<\/ul>\n","protected":false},"excerpt":{"rendered":"<p>D\u00c9TAILS PRODUIT Pull demi-zip confectionn\u00e9 en laine d&rsquo;agneau GRS. La norme Global Recycled Standard certifie l&rsquo;utilisation de produits conformes aux crit\u00e8res environnementaux et sociaux appliqu\u00e9s \u00e0 toutes les \u00e9tapes de la cha\u00eene de production. Ce pull pr\u00e9sente un col c\u00f4tel\u00e9, le logo embl\u00e9matique de C.P. Company, des coutures contrast\u00e9es, ainsi que des poignets et un [&#8230;]\n","protected":false},"featured_media":208321,"comment_status":"open","ping_status":"closed","template":"","meta":{"rank_math_lock_modified_date":false},"product_cat":[462,534,538,694,697,438,446,450],"product_tag":[],"class_list":{"0":"post-208341","1":"product","2":"type-product","3":"status-publish","4":"has-post-thumbnail","6":"product_cat-vousten-sports-fr-2","7":"product_cat-truien-fr-2","8":"product_cat-knitwear-fr","9":"product_cat-truien-vesten-fr-2","10":"product_cat-sweaters-fr-2","11":"product_cat-cp-company-fr","12":"product_cat-kleding-fr","13":"product_cat-heren-fr","15":"first","16":"instock","17":"taxable","18":"shipping-taxable","19":"purchasable","20":"product-type-variable"},"acf":[],"yoast_head":"<!-- This site is optimized with the Yoast SEO plugin v23.9 - https:\/\/yoast.com\/wordpress\/plugins\/seo\/ -->\n<title>C.P. Company - Pull demi-zip en laine d&#8217;agneau gris (41723) - Vousten Sports<\/title>\n<meta name=\"robots\" content=\"index, follow, max-snippet:-1, max-image-preview:large, max-video-preview:-1\" \/>\n<link rel=\"canonical\" href=\"https:\/\/www.voustensports.com\/fr\/c-p-company-pull-demi-zip-en-laine-dagneau-gris-41723\/\" \/>\n<meta property=\"og:locale\" content=\"fr_FR\" \/>\n<meta property=\"og:type\" content=\"article\" \/>\n<meta property=\"og:title\" content=\"C.P. Company - Pull demi-zip en laine d&#8217;agneau gris (41723) - Vousten Sports\" \/>\n<meta property=\"og:description\" content=\"D\u00c9TAILS PRODUIT Pull demi-zip confectionn\u00e9 en laine d&rsquo;agneau GRS. La norme Global Recycled Standard certifie l&rsquo;utilisation de produits conformes aux crit\u00e8res environnementaux et sociaux appliqu\u00e9s \u00e0 toutes les \u00e9tapes de la cha\u00eene de production. Ce pull pr\u00e9sente un col c\u00f4tel\u00e9, le logo embl\u00e9matique de C.P. Company, des coutures contrast\u00e9es, ainsi que des poignets et un [...]\" \/>\n<meta property=\"og:url\" content=\"https:\/\/www.voustensports.com\/fr\/c-p-company-pull-demi-zip-en-laine-dagneau-gris-41723\/\" \/>\n<meta property=\"og:site_name\" content=\"Vousten Sports\" \/>\n<meta property=\"article:modified_time\" content=\"2026-04-07T03:48:06+00:00\" \/>\n<meta property=\"og:image\" content=\"https:\/\/www.voustensports.com\/wp-content\/uploads\/2023\/06\/Lambswool-Half-Zip-Sweater-grijs-417231.jpg\" \/>\n\t<meta property=\"og:image:width\" content=\"1638\" \/>\n\t<meta property=\"og:image:height\" content=\"2048\" \/>\n\t<meta property=\"og:image:type\" content=\"image\/jpeg\" \/>\n<meta name=\"twitter:card\" content=\"summary_large_image\" \/>\n<script type=\"application\/ld+json\" class=\"yoast-schema-graph\">{\"@context\":\"https:\/\/schema.org\",\"@graph\":[{\"@type\":\"WebPage\",\"@id\":\"https:\/\/www.voustensports.com\/fr\/c-p-company-pull-demi-zip-en-laine-dagneau-gris-41723\/\",\"url\":\"https:\/\/www.voustensports.com\/fr\/c-p-company-pull-demi-zip-en-laine-dagneau-gris-41723\/\",\"name\":\"C.P. Company - Pull demi-zip en laine d&#8217;agneau gris (41723) - Vousten Sports\",\"isPartOf\":{\"@id\":\"https:\/\/www.voustensports.com\/nl\/#website\"},\"primaryImageOfPage\":{\"@id\":\"https:\/\/www.voustensports.com\/fr\/c-p-company-pull-demi-zip-en-laine-dagneau-gris-41723\/#primaryimage\"},\"image\":{\"@id\":\"https:\/\/www.voustensports.com\/fr\/c-p-company-pull-demi-zip-en-laine-dagneau-gris-41723\/#primaryimage\"},\"thumbnailUrl\":\"https:\/\/www.voustensports.com\/wp-content\/uploads\/2023\/06\/Lambswool-Half-Zip-Sweater-grijs-417231.jpg\",\"datePublished\":\"2025-08-30T09:30:26+00:00\",\"dateModified\":\"2026-04-07T03:48:06+00:00\",\"breadcrumb\":{\"@id\":\"https:\/\/www.voustensports.com\/fr\/c-p-company-pull-demi-zip-en-laine-dagneau-gris-41723\/#breadcrumb\"},\"inLanguage\":\"fr-FR\",\"potentialAction\":[{\"@type\":\"ReadAction\",\"target\":[\"https:\/\/www.voustensports.com\/fr\/c-p-company-pull-demi-zip-en-laine-dagneau-gris-41723\/\"]}]},{\"@type\":\"ImageObject\",\"inLanguage\":\"fr-FR\",\"@id\":\"https:\/\/www.voustensports.com\/fr\/c-p-company-pull-demi-zip-en-laine-dagneau-gris-41723\/#primaryimage\",\"url\":\"https:\/\/www.voustensports.com\/wp-content\/uploads\/2023\/06\/Lambswool-Half-Zip-Sweater-grijs-417231.jpg\",\"contentUrl\":\"https:\/\/www.voustensports.com\/wp-content\/uploads\/2023\/06\/Lambswool-Half-Zip-Sweater-grijs-417231.jpg\",\"width\":1638,\"height\":2048},{\"@type\":\"BreadcrumbList\",\"@id\":\"https:\/\/www.voustensports.com\/fr\/c-p-company-pull-demi-zip-en-laine-dagneau-gris-41723\/#breadcrumb\",\"itemListElement\":[{\"@type\":\"ListItem\",\"position\":1,\"name\":\"Home\",\"item\":\"https:\/\/www.voustensports.com\/fr\/\"},{\"@type\":\"ListItem\",\"position\":2,\"name\":\"Boutique\",\"item\":\"https:\/\/www.voustensports.com\/fr\/shop\/\"},{\"@type\":\"ListItem\",\"position\":3,\"name\":\"C.P. Company &#8211; Pull demi-zip en laine d&#8217;agneau gris (41723)\"}]},{\"@type\":\"WebSite\",\"@id\":\"https:\/\/www.voustensports.com\/nl\/#website\",\"url\":\"https:\/\/www.voustensports.com\/nl\/\",\"name\":\"Vousten Sports\",\"description\":\"\",\"potentialAction\":[{\"@type\":\"SearchAction\",\"target\":{\"@type\":\"EntryPoint\",\"urlTemplate\":\"https:\/\/www.voustensports.com\/nl\/?s={search_term_string}\"},\"query-input\":{\"@type\":\"PropertyValueSpecification\",\"valueRequired\":true,\"valueName\":\"search_term_string\"}}],\"inLanguage\":\"fr-FR\"}]}<\/script>\n<!-- \/ Yoast SEO plugin. -->","yoast_head_json":{"title":"C.P. Company - Pull demi-zip en laine d&#8217;agneau gris (41723) - Vousten Sports","robots":{"index":"index","follow":"follow","max-snippet":"max-snippet:-1","max-image-preview":"max-image-preview:large","max-video-preview":"max-video-preview:-1"},"canonical":"https:\/\/www.voustensports.com\/fr\/c-p-company-pull-demi-zip-en-laine-dagneau-gris-41723\/","og_locale":"fr_FR","og_type":"article","og_title":"C.P. Company - Pull demi-zip en laine d&#8217;agneau gris (41723) - Vousten Sports","og_description":"D\u00c9TAILS PRODUIT Pull demi-zip confectionn\u00e9 en laine d&rsquo;agneau GRS. La norme Global Recycled Standard certifie l&rsquo;utilisation de produits conformes aux crit\u00e8res environnementaux et sociaux appliqu\u00e9s \u00e0 toutes les \u00e9tapes de la cha\u00eene de production. Ce pull pr\u00e9sente un col c\u00f4tel\u00e9, le logo embl\u00e9matique de C.P. Company, des coutures contrast\u00e9es, ainsi que des poignets et un [...]","og_url":"https:\/\/www.voustensports.com\/fr\/c-p-company-pull-demi-zip-en-laine-dagneau-gris-41723\/","og_site_name":"Vousten Sports","article_modified_time":"2026-04-07T03:48:06+00:00","og_image":[{"width":1638,"height":2048,"url":"https:\/\/www.voustensports.com\/wp-content\/uploads\/2023\/06\/Lambswool-Half-Zip-Sweater-grijs-417231.jpg","type":"image\/jpeg"}],"twitter_card":"summary_large_image","schema":{"@context":"https:\/\/schema.org","@graph":[{"@type":"WebPage","@id":"https:\/\/www.voustensports.com\/fr\/c-p-company-pull-demi-zip-en-laine-dagneau-gris-41723\/","url":"https:\/\/www.voustensports.com\/fr\/c-p-company-pull-demi-zip-en-laine-dagneau-gris-41723\/","name":"C.P. Company - Pull demi-zip en laine d&#8217;agneau gris (41723) - Vousten Sports","isPartOf":{"@id":"https:\/\/www.voustensports.com\/nl\/#website"},"primaryImageOfPage":{"@id":"https:\/\/www.voustensports.com\/fr\/c-p-company-pull-demi-zip-en-laine-dagneau-gris-41723\/#primaryimage"},"image":{"@id":"https:\/\/www.voustensports.com\/fr\/c-p-company-pull-demi-zip-en-laine-dagneau-gris-41723\/#primaryimage"},"thumbnailUrl":"https:\/\/www.voustensports.com\/wp-content\/uploads\/2023\/06\/Lambswool-Half-Zip-Sweater-grijs-417231.jpg","datePublished":"2025-08-30T09:30:26+00:00","dateModified":"2026-04-07T03:48:06+00:00","breadcrumb":{"@id":"https:\/\/www.voustensports.com\/fr\/c-p-company-pull-demi-zip-en-laine-dagneau-gris-41723\/#breadcrumb"},"inLanguage":"fr-FR","potentialAction":[{"@type":"ReadAction","target":["https:\/\/www.voustensports.com\/fr\/c-p-company-pull-demi-zip-en-laine-dagneau-gris-41723\/"]}]},{"@type":"ImageObject","inLanguage":"fr-FR","@id":"https:\/\/www.voustensports.com\/fr\/c-p-company-pull-demi-zip-en-laine-dagneau-gris-41723\/#primaryimage","url":"https:\/\/www.voustensports.com\/wp-content\/uploads\/2023\/06\/Lambswool-Half-Zip-Sweater-grijs-417231.jpg","contentUrl":"https:\/\/www.voustensports.com\/wp-content\/uploads\/2023\/06\/Lambswool-Half-Zip-Sweater-grijs-417231.jpg","width":1638,"height":2048},{"@type":"BreadcrumbList","@id":"https:\/\/www.voustensports.com\/fr\/c-p-company-pull-demi-zip-en-laine-dagneau-gris-41723\/#breadcrumb","itemListElement":[{"@type":"ListItem","position":1,"name":"Home","item":"https:\/\/www.voustensports.com\/fr\/"},{"@type":"ListItem","position":2,"name":"Boutique","item":"https:\/\/www.voustensports.com\/fr\/shop\/"},{"@type":"ListItem","position":3,"name":"C.P. Company &#8211; Pull demi-zip en laine d&#8217;agneau gris (41723)"}]},{"@type":"WebSite","@id":"https:\/\/www.voustensports.com\/nl\/#website","url":"https:\/\/www.voustensports.com\/nl\/","name":"Vousten Sports","description":"","potentialAction":[{"@type":"SearchAction","target":{"@type":"EntryPoint","urlTemplate":"https:\/\/www.voustensports.com\/nl\/?s={search_term_string}"},"query-input":{"@type":"PropertyValueSpecification","valueRequired":true,"valueName":"search_term_string"}}],"inLanguage":"fr-FR"}]}},"_links":{"self":[{"href":"https:\/\/www.voustensports.com\/fr\/wp-json\/wp\/v2\/product\/208341","targetHints":{"allow":["GET"]}}],"collection":[{"href":"https:\/\/www.voustensports.com\/fr\/wp-json\/wp\/v2\/product"}],"about":[{"href":"https:\/\/www.voustensports.com\/fr\/wp-json\/wp\/v2\/types\/product"}],"replies":[{"embeddable":true,"href":"https:\/\/www.voustensports.com\/fr\/wp-json\/wp\/v2\/comments?post=208341"}],"wp:featuredmedia":[{"embeddable":true,"href":"https:\/\/www.voustensports.com\/fr\/wp-json\/wp\/v2\/media\/208321"}],"wp:attachment":[{"href":"https:\/\/www.voustensports.com\/fr\/wp-json\/wp\/v2\/media?parent=208341"}],"wp:term":[{"taxonomy":"product_cat","embeddable":true,"href":"https:\/\/www.voustensports.com\/fr\/wp-json\/wp\/v2\/product_cat?post=208341"},{"taxonomy":"product_tag","embeddable":true,"href":"https:\/\/www.voustensports.com\/fr\/wp-json\/wp\/v2\/product_tag?post=208341"}],"curies":[{"name":"wp","href":"https:\/\/api.w.org\/{rel}","templated":true}]}}