{"id":208299,"date":"2025-08-30T09:48:20","date_gmt":"2025-08-30T07:48:20","guid":{"rendered":"https:\/\/www.voustensports.com\/c-p-company-t-shirt-en-jersey-torsade-avec-logo-vert-olive-41727\/"},"modified":"2026-04-28T05:51:09","modified_gmt":"2026-04-28T03:51:09","slug":"c-p-company-t-shirt-en-jersey-torsade-avec-logo-vert-olive-41727","status":"publish","type":"product","link":"https:\/\/www.voustensports.com\/fr\/c-p-company-t-shirt-en-jersey-torsade-avec-logo-vert-olive-41727\/","title":{"rendered":"C.P. Company &#8211; T-shirt en jersey torsad\u00e9 avec logo vert olive (41727)"},"content":{"rendered":"<div>D\u00c9TAILS DU PRODUIT<\/div>\n<div>T-shirt \u00e0 manches courtes en jersey de coton merceris\u00e9 30\/2 torsad\u00e9. Ce t-shirt pr\u00e9sente un col ras-du-cou c\u00f4tel\u00e9 et un logo sur la poitrine alliant broderie et s\u00e9rigraphie. Le logo brod\u00e9 est sublim\u00e9 par un effet d&rsquo;ombre s\u00e9rigraphi\u00e9, ajoutant de la profondeur et un aspect tridimensionnel. La mercerisation est un proc\u00e9d\u00e9 de finition qui conf\u00e8re au tissu un aspect plus brillant.<\/div>\n<div><\/div>\n<div>STYLE<\/div>\n<ul>\n<li>Col ras-du-cou c\u00f4tel\u00e9<\/li>\n<li>Logo brod\u00e9 et s\u00e9rigraphi\u00e9 sur la poitrine<\/li>\n<li>Coupe classique<\/li>\n<\/ul>\n<div>COMPOSITION<\/div>\n<ul>\n<li>Tissu ext\u00e9rieur : 100 % coton<\/li>\n<\/ul>\n","protected":false},"excerpt":{"rendered":"<p>D\u00c9TAILS DU PRODUIT T-shirt \u00e0 manches courtes en jersey de coton merceris\u00e9 30\/2 torsad\u00e9. Ce t-shirt pr\u00e9sente un col ras-du-cou c\u00f4tel\u00e9 et un logo sur la poitrine alliant broderie et s\u00e9rigraphie. Le logo brod\u00e9 est sublim\u00e9 par un effet d&rsquo;ombre s\u00e9rigraphi\u00e9, ajoutant de la profondeur et un aspect tridimensionnel. La mercerisation est un proc\u00e9d\u00e9 de [&#8230;]\n","protected":false},"featured_media":208283,"comment_status":"open","ping_status":"closed","template":"","meta":{"rank_math_lock_modified_date":false},"product_cat":[438,446,450,462,486,490],"product_tag":[],"class_list":{"0":"post-208299","1":"product","2":"type-product","3":"status-publish","4":"has-post-thumbnail","6":"product_cat-cp-company-fr","7":"product_cat-kleding-fr","8":"product_cat-heren-fr","9":"product_cat-vousten-sports-fr-2","10":"product_cat-shirt-fr-2","11":"product_cat-t-shirts-fr-2","13":"first","14":"instock","15":"taxable","16":"shipping-taxable","17":"purchasable","18":"product-type-variable"},"acf":[],"yoast_head":"<!-- This site is optimized with the Yoast SEO plugin v23.9 - https:\/\/yoast.com\/wordpress\/plugins\/seo\/ -->\n<title>C.P. Company - T-shirt en jersey torsad\u00e9 avec logo vert olive (41727) - Vousten Sports<\/title>\n<meta name=\"robots\" content=\"index, follow, max-snippet:-1, max-image-preview:large, max-video-preview:-1\" \/>\n<link rel=\"canonical\" href=\"https:\/\/www.voustensports.com\/fr\/c-p-company-t-shirt-en-jersey-torsade-avec-logo-vert-olive-41727\/\" \/>\n<meta property=\"og:locale\" content=\"fr_FR\" \/>\n<meta property=\"og:type\" content=\"article\" \/>\n<meta property=\"og:title\" content=\"C.P. Company - T-shirt en jersey torsad\u00e9 avec logo vert olive (41727) - Vousten Sports\" \/>\n<meta property=\"og:description\" content=\"D\u00c9TAILS DU PRODUIT T-shirt \u00e0 manches courtes en jersey de coton merceris\u00e9 30\/2 torsad\u00e9. Ce t-shirt pr\u00e9sente un col ras-du-cou c\u00f4tel\u00e9 et un logo sur la poitrine alliant broderie et s\u00e9rigraphie. Le logo brod\u00e9 est sublim\u00e9 par un effet d&rsquo;ombre s\u00e9rigraphi\u00e9, ajoutant de la profondeur et un aspect tridimensionnel. La mercerisation est un proc\u00e9d\u00e9 de [...]\" \/>\n<meta property=\"og:url\" content=\"https:\/\/www.voustensports.com\/fr\/c-p-company-t-shirt-en-jersey-torsade-avec-logo-vert-olive-41727\/\" \/>\n<meta property=\"og:site_name\" content=\"Vousten Sports\" \/>\n<meta property=\"article:modified_time\" content=\"2026-04-28T03:51:09+00:00\" \/>\n<meta property=\"og:image\" content=\"https:\/\/www.voustensports.com\/wp-content\/uploads\/2023\/06\/Jersey-Twisted-Logo-T-shirt-olijfgroen-417271.jpg\" \/>\n\t<meta property=\"og:image:width\" content=\"1638\" \/>\n\t<meta property=\"og:image:height\" content=\"2048\" \/>\n\t<meta property=\"og:image:type\" content=\"image\/jpeg\" \/>\n<meta name=\"twitter:card\" content=\"summary_large_image\" \/>\n<script type=\"application\/ld+json\" class=\"yoast-schema-graph\">{\"@context\":\"https:\/\/schema.org\",\"@graph\":[{\"@type\":\"WebPage\",\"@id\":\"https:\/\/www.voustensports.com\/fr\/c-p-company-t-shirt-en-jersey-torsade-avec-logo-vert-olive-41727\/\",\"url\":\"https:\/\/www.voustensports.com\/fr\/c-p-company-t-shirt-en-jersey-torsade-avec-logo-vert-olive-41727\/\",\"name\":\"C.P. Company - T-shirt en jersey torsad\u00e9 avec logo vert olive (41727) - Vousten Sports\",\"isPartOf\":{\"@id\":\"https:\/\/www.voustensports.com\/nl\/#website\"},\"primaryImageOfPage\":{\"@id\":\"https:\/\/www.voustensports.com\/fr\/c-p-company-t-shirt-en-jersey-torsade-avec-logo-vert-olive-41727\/#primaryimage\"},\"image\":{\"@id\":\"https:\/\/www.voustensports.com\/fr\/c-p-company-t-shirt-en-jersey-torsade-avec-logo-vert-olive-41727\/#primaryimage\"},\"thumbnailUrl\":\"https:\/\/www.voustensports.com\/wp-content\/uploads\/2023\/06\/Jersey-Twisted-Logo-T-shirt-olijfgroen-417271.jpg\",\"datePublished\":\"2025-08-30T07:48:20+00:00\",\"dateModified\":\"2026-04-28T03:51:09+00:00\",\"breadcrumb\":{\"@id\":\"https:\/\/www.voustensports.com\/fr\/c-p-company-t-shirt-en-jersey-torsade-avec-logo-vert-olive-41727\/#breadcrumb\"},\"inLanguage\":\"fr-FR\",\"potentialAction\":[{\"@type\":\"ReadAction\",\"target\":[\"https:\/\/www.voustensports.com\/fr\/c-p-company-t-shirt-en-jersey-torsade-avec-logo-vert-olive-41727\/\"]}]},{\"@type\":\"ImageObject\",\"inLanguage\":\"fr-FR\",\"@id\":\"https:\/\/www.voustensports.com\/fr\/c-p-company-t-shirt-en-jersey-torsade-avec-logo-vert-olive-41727\/#primaryimage\",\"url\":\"https:\/\/www.voustensports.com\/wp-content\/uploads\/2023\/06\/Jersey-Twisted-Logo-T-shirt-olijfgroen-417271.jpg\",\"contentUrl\":\"https:\/\/www.voustensports.com\/wp-content\/uploads\/2023\/06\/Jersey-Twisted-Logo-T-shirt-olijfgroen-417271.jpg\",\"width\":1638,\"height\":2048},{\"@type\":\"BreadcrumbList\",\"@id\":\"https:\/\/www.voustensports.com\/fr\/c-p-company-t-shirt-en-jersey-torsade-avec-logo-vert-olive-41727\/#breadcrumb\",\"itemListElement\":[{\"@type\":\"ListItem\",\"position\":1,\"name\":\"Home\",\"item\":\"https:\/\/www.voustensports.com\/fr\/\"},{\"@type\":\"ListItem\",\"position\":2,\"name\":\"Boutique\",\"item\":\"https:\/\/www.voustensports.com\/fr\/shop\/\"},{\"@type\":\"ListItem\",\"position\":3,\"name\":\"C.P. Company &#8211; T-shirt en jersey torsad\u00e9 avec logo vert olive (41727)\"}]},{\"@type\":\"WebSite\",\"@id\":\"https:\/\/www.voustensports.com\/nl\/#website\",\"url\":\"https:\/\/www.voustensports.com\/nl\/\",\"name\":\"Vousten Sports\",\"description\":\"\",\"potentialAction\":[{\"@type\":\"SearchAction\",\"target\":{\"@type\":\"EntryPoint\",\"urlTemplate\":\"https:\/\/www.voustensports.com\/nl\/?s={search_term_string}\"},\"query-input\":{\"@type\":\"PropertyValueSpecification\",\"valueRequired\":true,\"valueName\":\"search_term_string\"}}],\"inLanguage\":\"fr-FR\"}]}<\/script>\n<!-- \/ Yoast SEO plugin. -->","yoast_head_json":{"title":"C.P. Company - T-shirt en jersey torsad\u00e9 avec logo vert olive (41727) - Vousten Sports","robots":{"index":"index","follow":"follow","max-snippet":"max-snippet:-1","max-image-preview":"max-image-preview:large","max-video-preview":"max-video-preview:-1"},"canonical":"https:\/\/www.voustensports.com\/fr\/c-p-company-t-shirt-en-jersey-torsade-avec-logo-vert-olive-41727\/","og_locale":"fr_FR","og_type":"article","og_title":"C.P. Company - T-shirt en jersey torsad\u00e9 avec logo vert olive (41727) - Vousten Sports","og_description":"D\u00c9TAILS DU PRODUIT T-shirt \u00e0 manches courtes en jersey de coton merceris\u00e9 30\/2 torsad\u00e9. Ce t-shirt pr\u00e9sente un col ras-du-cou c\u00f4tel\u00e9 et un logo sur la poitrine alliant broderie et s\u00e9rigraphie. Le logo brod\u00e9 est sublim\u00e9 par un effet d&rsquo;ombre s\u00e9rigraphi\u00e9, ajoutant de la profondeur et un aspect tridimensionnel. La mercerisation est un proc\u00e9d\u00e9 de [...]","og_url":"https:\/\/www.voustensports.com\/fr\/c-p-company-t-shirt-en-jersey-torsade-avec-logo-vert-olive-41727\/","og_site_name":"Vousten Sports","article_modified_time":"2026-04-28T03:51:09+00:00","og_image":[{"width":1638,"height":2048,"url":"https:\/\/www.voustensports.com\/wp-content\/uploads\/2023\/06\/Jersey-Twisted-Logo-T-shirt-olijfgroen-417271.jpg","type":"image\/jpeg"}],"twitter_card":"summary_large_image","schema":{"@context":"https:\/\/schema.org","@graph":[{"@type":"WebPage","@id":"https:\/\/www.voustensports.com\/fr\/c-p-company-t-shirt-en-jersey-torsade-avec-logo-vert-olive-41727\/","url":"https:\/\/www.voustensports.com\/fr\/c-p-company-t-shirt-en-jersey-torsade-avec-logo-vert-olive-41727\/","name":"C.P. Company - T-shirt en jersey torsad\u00e9 avec logo vert olive (41727) - Vousten Sports","isPartOf":{"@id":"https:\/\/www.voustensports.com\/nl\/#website"},"primaryImageOfPage":{"@id":"https:\/\/www.voustensports.com\/fr\/c-p-company-t-shirt-en-jersey-torsade-avec-logo-vert-olive-41727\/#primaryimage"},"image":{"@id":"https:\/\/www.voustensports.com\/fr\/c-p-company-t-shirt-en-jersey-torsade-avec-logo-vert-olive-41727\/#primaryimage"},"thumbnailUrl":"https:\/\/www.voustensports.com\/wp-content\/uploads\/2023\/06\/Jersey-Twisted-Logo-T-shirt-olijfgroen-417271.jpg","datePublished":"2025-08-30T07:48:20+00:00","dateModified":"2026-04-28T03:51:09+00:00","breadcrumb":{"@id":"https:\/\/www.voustensports.com\/fr\/c-p-company-t-shirt-en-jersey-torsade-avec-logo-vert-olive-41727\/#breadcrumb"},"inLanguage":"fr-FR","potentialAction":[{"@type":"ReadAction","target":["https:\/\/www.voustensports.com\/fr\/c-p-company-t-shirt-en-jersey-torsade-avec-logo-vert-olive-41727\/"]}]},{"@type":"ImageObject","inLanguage":"fr-FR","@id":"https:\/\/www.voustensports.com\/fr\/c-p-company-t-shirt-en-jersey-torsade-avec-logo-vert-olive-41727\/#primaryimage","url":"https:\/\/www.voustensports.com\/wp-content\/uploads\/2023\/06\/Jersey-Twisted-Logo-T-shirt-olijfgroen-417271.jpg","contentUrl":"https:\/\/www.voustensports.com\/wp-content\/uploads\/2023\/06\/Jersey-Twisted-Logo-T-shirt-olijfgroen-417271.jpg","width":1638,"height":2048},{"@type":"BreadcrumbList","@id":"https:\/\/www.voustensports.com\/fr\/c-p-company-t-shirt-en-jersey-torsade-avec-logo-vert-olive-41727\/#breadcrumb","itemListElement":[{"@type":"ListItem","position":1,"name":"Home","item":"https:\/\/www.voustensports.com\/fr\/"},{"@type":"ListItem","position":2,"name":"Boutique","item":"https:\/\/www.voustensports.com\/fr\/shop\/"},{"@type":"ListItem","position":3,"name":"C.P. Company &#8211; T-shirt en jersey torsad\u00e9 avec logo vert olive (41727)"}]},{"@type":"WebSite","@id":"https:\/\/www.voustensports.com\/nl\/#website","url":"https:\/\/www.voustensports.com\/nl\/","name":"Vousten Sports","description":"","potentialAction":[{"@type":"SearchAction","target":{"@type":"EntryPoint","urlTemplate":"https:\/\/www.voustensports.com\/nl\/?s={search_term_string}"},"query-input":{"@type":"PropertyValueSpecification","valueRequired":true,"valueName":"search_term_string"}}],"inLanguage":"fr-FR"}]}},"_links":{"self":[{"href":"https:\/\/www.voustensports.com\/fr\/wp-json\/wp\/v2\/product\/208299","targetHints":{"allow":["GET"]}}],"collection":[{"href":"https:\/\/www.voustensports.com\/fr\/wp-json\/wp\/v2\/product"}],"about":[{"href":"https:\/\/www.voustensports.com\/fr\/wp-json\/wp\/v2\/types\/product"}],"replies":[{"embeddable":true,"href":"https:\/\/www.voustensports.com\/fr\/wp-json\/wp\/v2\/comments?post=208299"}],"wp:featuredmedia":[{"embeddable":true,"href":"https:\/\/www.voustensports.com\/fr\/wp-json\/wp\/v2\/media\/208283"}],"wp:attachment":[{"href":"https:\/\/www.voustensports.com\/fr\/wp-json\/wp\/v2\/media?parent=208299"}],"wp:term":[{"taxonomy":"product_cat","embeddable":true,"href":"https:\/\/www.voustensports.com\/fr\/wp-json\/wp\/v2\/product_cat?post=208299"},{"taxonomy":"product_tag","embeddable":true,"href":"https:\/\/www.voustensports.com\/fr\/wp-json\/wp\/v2\/product_tag?post=208299"}],"curies":[{"name":"wp","href":"https:\/\/api.w.org\/{rel}","templated":true}]}}