{"id":208263,"date":"2025-08-30T08:09:21","date_gmt":"2025-08-30T06:09:21","guid":{"rendered":"https:\/\/www.voustensports.com\/c-p-company-surchemise-bleu-fonce-41725\/"},"modified":"2026-04-07T06:03:07","modified_gmt":"2026-04-07T04:03:07","slug":"c-p-company-surchemise-bleu-fonce-41725","status":"publish","type":"product","link":"https:\/\/www.voustensports.com\/fr\/c-p-company-surchemise-bleu-fonce-41725\/","title":{"rendered":"C.P. Company &#8211; Surchemise bleu fonc\u00e9 (41725)"},"content":{"rendered":"<div>D\u00c9TAILS PRODUIT<\/div>\n<div>Surchemise confectionn\u00e9e en coton reps peau de p\u00eache, trait\u00e9e par double polissage au diamant ou au carbone, pour un fini doux et textur\u00e9. Elle arbore le motif embl\u00e9matique de C.P. Company, un col classique et une fermeture \u00e0 boutons-pression. Elle est \u00e9galement dot\u00e9e de poches poitrine \u00e0 rabat pressionn\u00e9, de poignets ajustables \u00e0 boutons-pression et d&rsquo;un cordon de serrage \u00e0 l&rsquo;ourlet.<\/div>\n<div><\/div>\n<div>STYLE<\/div>\n<ul>\n<li>Col classique<\/li>\n<li>Fermeture \u00e0 boutons-pression<\/li>\n<li>Poches poitrine \u00e0 rabat pressionn\u00e9<\/li>\n<li>Motif motif lentille<\/li>\n<li>Poignets ajustables \u00e0 boutons-pression<\/li>\n<li>Cordon de serrage \u00e0 l&rsquo;ourlet<\/li>\n<li>Teinture en pi\u00e8ce<\/li>\n<li>Coupe classique<\/li>\n<\/ul>\n<div>COMPOSITION<\/div>\n<ul>\n<li>Tissu ext\u00e9rieur : 100 % coton<\/li>\n<\/ul>\n","protected":false},"excerpt":{"rendered":"<p>D\u00c9TAILS PRODUIT Surchemise confectionn\u00e9e en coton reps peau de p\u00eache, trait\u00e9e par double polissage au diamant ou au carbone, pour un fini doux et textur\u00e9. Elle arbore le motif embl\u00e9matique de C.P. Company, un col classique et une fermeture \u00e0 boutons-pression. Elle est \u00e9galement dot\u00e9e de poches poitrine \u00e0 rabat pressionn\u00e9, de poignets ajustables \u00e0 [&#8230;]\n","protected":false},"featured_media":208243,"comment_status":"open","ping_status":"closed","template":"","meta":{"rank_math_lock_modified_date":false},"product_cat":[438,446,450,462,486,739],"product_tag":[],"class_list":{"0":"post-208263","1":"product","2":"type-product","3":"status-publish","4":"has-post-thumbnail","6":"product_cat-cp-company-fr","7":"product_cat-kleding-fr","8":"product_cat-heren-fr","9":"product_cat-vousten-sports-fr-2","10":"product_cat-shirt-fr-2","11":"product_cat-overshirt-fr-2","13":"first","14":"instock","15":"taxable","16":"shipping-taxable","17":"purchasable","18":"product-type-variable"},"acf":[],"yoast_head":"<!-- This site is optimized with the Yoast SEO plugin v23.9 - https:\/\/yoast.com\/wordpress\/plugins\/seo\/ -->\n<title>C.P. Company - Surchemise bleu fonc\u00e9 (41725) - Vousten Sports<\/title>\n<meta name=\"robots\" content=\"index, follow, max-snippet:-1, max-image-preview:large, max-video-preview:-1\" \/>\n<link rel=\"canonical\" href=\"https:\/\/www.voustensports.com\/fr\/c-p-company-surchemise-bleu-fonce-41725\/\" \/>\n<meta property=\"og:locale\" content=\"fr_FR\" \/>\n<meta property=\"og:type\" content=\"article\" \/>\n<meta property=\"og:title\" content=\"C.P. Company - Surchemise bleu fonc\u00e9 (41725) - Vousten Sports\" \/>\n<meta property=\"og:description\" content=\"D\u00c9TAILS PRODUIT Surchemise confectionn\u00e9e en coton reps peau de p\u00eache, trait\u00e9e par double polissage au diamant ou au carbone, pour un fini doux et textur\u00e9. Elle arbore le motif embl\u00e9matique de C.P. Company, un col classique et une fermeture \u00e0 boutons-pression. Elle est \u00e9galement dot\u00e9e de poches poitrine \u00e0 rabat pressionn\u00e9, de poignets ajustables \u00e0 [...]\" \/>\n<meta property=\"og:url\" content=\"https:\/\/www.voustensports.com\/fr\/c-p-company-surchemise-bleu-fonce-41725\/\" \/>\n<meta property=\"og:site_name\" content=\"Vousten Sports\" \/>\n<meta property=\"article:modified_time\" content=\"2026-04-07T04:03:07+00:00\" \/>\n<meta property=\"og:image\" content=\"https:\/\/www.voustensports.com\/wp-content\/uploads\/2023\/06\/Overshirt-donkerblauw-417251.jpg\" \/>\n\t<meta property=\"og:image:width\" content=\"1638\" \/>\n\t<meta property=\"og:image:height\" content=\"2048\" \/>\n\t<meta property=\"og:image:type\" content=\"image\/jpeg\" \/>\n<meta name=\"twitter:card\" content=\"summary_large_image\" \/>\n<script type=\"application\/ld+json\" class=\"yoast-schema-graph\">{\"@context\":\"https:\/\/schema.org\",\"@graph\":[{\"@type\":\"WebPage\",\"@id\":\"https:\/\/www.voustensports.com\/fr\/c-p-company-surchemise-bleu-fonce-41725\/\",\"url\":\"https:\/\/www.voustensports.com\/fr\/c-p-company-surchemise-bleu-fonce-41725\/\",\"name\":\"C.P. Company - Surchemise bleu fonc\u00e9 (41725) - Vousten Sports\",\"isPartOf\":{\"@id\":\"https:\/\/www.voustensports.com\/nl\/#website\"},\"primaryImageOfPage\":{\"@id\":\"https:\/\/www.voustensports.com\/fr\/c-p-company-surchemise-bleu-fonce-41725\/#primaryimage\"},\"image\":{\"@id\":\"https:\/\/www.voustensports.com\/fr\/c-p-company-surchemise-bleu-fonce-41725\/#primaryimage\"},\"thumbnailUrl\":\"https:\/\/www.voustensports.com\/wp-content\/uploads\/2023\/06\/Overshirt-donkerblauw-417251.jpg\",\"datePublished\":\"2025-08-30T06:09:21+00:00\",\"dateModified\":\"2026-04-07T04:03:07+00:00\",\"breadcrumb\":{\"@id\":\"https:\/\/www.voustensports.com\/fr\/c-p-company-surchemise-bleu-fonce-41725\/#breadcrumb\"},\"inLanguage\":\"fr-FR\",\"potentialAction\":[{\"@type\":\"ReadAction\",\"target\":[\"https:\/\/www.voustensports.com\/fr\/c-p-company-surchemise-bleu-fonce-41725\/\"]}]},{\"@type\":\"ImageObject\",\"inLanguage\":\"fr-FR\",\"@id\":\"https:\/\/www.voustensports.com\/fr\/c-p-company-surchemise-bleu-fonce-41725\/#primaryimage\",\"url\":\"https:\/\/www.voustensports.com\/wp-content\/uploads\/2023\/06\/Overshirt-donkerblauw-417251.jpg\",\"contentUrl\":\"https:\/\/www.voustensports.com\/wp-content\/uploads\/2023\/06\/Overshirt-donkerblauw-417251.jpg\",\"width\":1638,\"height\":2048},{\"@type\":\"BreadcrumbList\",\"@id\":\"https:\/\/www.voustensports.com\/fr\/c-p-company-surchemise-bleu-fonce-41725\/#breadcrumb\",\"itemListElement\":[{\"@type\":\"ListItem\",\"position\":1,\"name\":\"Home\",\"item\":\"https:\/\/www.voustensports.com\/fr\/\"},{\"@type\":\"ListItem\",\"position\":2,\"name\":\"Boutique\",\"item\":\"https:\/\/www.voustensports.com\/fr\/shop\/\"},{\"@type\":\"ListItem\",\"position\":3,\"name\":\"C.P. Company &#8211; Surchemise bleu fonc\u00e9 (41725)\"}]},{\"@type\":\"WebSite\",\"@id\":\"https:\/\/www.voustensports.com\/nl\/#website\",\"url\":\"https:\/\/www.voustensports.com\/nl\/\",\"name\":\"Vousten Sports\",\"description\":\"\",\"potentialAction\":[{\"@type\":\"SearchAction\",\"target\":{\"@type\":\"EntryPoint\",\"urlTemplate\":\"https:\/\/www.voustensports.com\/nl\/?s={search_term_string}\"},\"query-input\":{\"@type\":\"PropertyValueSpecification\",\"valueRequired\":true,\"valueName\":\"search_term_string\"}}],\"inLanguage\":\"fr-FR\"}]}<\/script>\n<!-- \/ Yoast SEO plugin. -->","yoast_head_json":{"title":"C.P. Company - Surchemise bleu fonc\u00e9 (41725) - Vousten Sports","robots":{"index":"index","follow":"follow","max-snippet":"max-snippet:-1","max-image-preview":"max-image-preview:large","max-video-preview":"max-video-preview:-1"},"canonical":"https:\/\/www.voustensports.com\/fr\/c-p-company-surchemise-bleu-fonce-41725\/","og_locale":"fr_FR","og_type":"article","og_title":"C.P. Company - Surchemise bleu fonc\u00e9 (41725) - Vousten Sports","og_description":"D\u00c9TAILS PRODUIT Surchemise confectionn\u00e9e en coton reps peau de p\u00eache, trait\u00e9e par double polissage au diamant ou au carbone, pour un fini doux et textur\u00e9. Elle arbore le motif embl\u00e9matique de C.P. Company, un col classique et une fermeture \u00e0 boutons-pression. Elle est \u00e9galement dot\u00e9e de poches poitrine \u00e0 rabat pressionn\u00e9, de poignets ajustables \u00e0 [...]","og_url":"https:\/\/www.voustensports.com\/fr\/c-p-company-surchemise-bleu-fonce-41725\/","og_site_name":"Vousten Sports","article_modified_time":"2026-04-07T04:03:07+00:00","og_image":[{"width":1638,"height":2048,"url":"https:\/\/www.voustensports.com\/wp-content\/uploads\/2023\/06\/Overshirt-donkerblauw-417251.jpg","type":"image\/jpeg"}],"twitter_card":"summary_large_image","schema":{"@context":"https:\/\/schema.org","@graph":[{"@type":"WebPage","@id":"https:\/\/www.voustensports.com\/fr\/c-p-company-surchemise-bleu-fonce-41725\/","url":"https:\/\/www.voustensports.com\/fr\/c-p-company-surchemise-bleu-fonce-41725\/","name":"C.P. Company - Surchemise bleu fonc\u00e9 (41725) - Vousten Sports","isPartOf":{"@id":"https:\/\/www.voustensports.com\/nl\/#website"},"primaryImageOfPage":{"@id":"https:\/\/www.voustensports.com\/fr\/c-p-company-surchemise-bleu-fonce-41725\/#primaryimage"},"image":{"@id":"https:\/\/www.voustensports.com\/fr\/c-p-company-surchemise-bleu-fonce-41725\/#primaryimage"},"thumbnailUrl":"https:\/\/www.voustensports.com\/wp-content\/uploads\/2023\/06\/Overshirt-donkerblauw-417251.jpg","datePublished":"2025-08-30T06:09:21+00:00","dateModified":"2026-04-07T04:03:07+00:00","breadcrumb":{"@id":"https:\/\/www.voustensports.com\/fr\/c-p-company-surchemise-bleu-fonce-41725\/#breadcrumb"},"inLanguage":"fr-FR","potentialAction":[{"@type":"ReadAction","target":["https:\/\/www.voustensports.com\/fr\/c-p-company-surchemise-bleu-fonce-41725\/"]}]},{"@type":"ImageObject","inLanguage":"fr-FR","@id":"https:\/\/www.voustensports.com\/fr\/c-p-company-surchemise-bleu-fonce-41725\/#primaryimage","url":"https:\/\/www.voustensports.com\/wp-content\/uploads\/2023\/06\/Overshirt-donkerblauw-417251.jpg","contentUrl":"https:\/\/www.voustensports.com\/wp-content\/uploads\/2023\/06\/Overshirt-donkerblauw-417251.jpg","width":1638,"height":2048},{"@type":"BreadcrumbList","@id":"https:\/\/www.voustensports.com\/fr\/c-p-company-surchemise-bleu-fonce-41725\/#breadcrumb","itemListElement":[{"@type":"ListItem","position":1,"name":"Home","item":"https:\/\/www.voustensports.com\/fr\/"},{"@type":"ListItem","position":2,"name":"Boutique","item":"https:\/\/www.voustensports.com\/fr\/shop\/"},{"@type":"ListItem","position":3,"name":"C.P. Company &#8211; Surchemise bleu fonc\u00e9 (41725)"}]},{"@type":"WebSite","@id":"https:\/\/www.voustensports.com\/nl\/#website","url":"https:\/\/www.voustensports.com\/nl\/","name":"Vousten Sports","description":"","potentialAction":[{"@type":"SearchAction","target":{"@type":"EntryPoint","urlTemplate":"https:\/\/www.voustensports.com\/nl\/?s={search_term_string}"},"query-input":{"@type":"PropertyValueSpecification","valueRequired":true,"valueName":"search_term_string"}}],"inLanguage":"fr-FR"}]}},"_links":{"self":[{"href":"https:\/\/www.voustensports.com\/fr\/wp-json\/wp\/v2\/product\/208263","targetHints":{"allow":["GET"]}}],"collection":[{"href":"https:\/\/www.voustensports.com\/fr\/wp-json\/wp\/v2\/product"}],"about":[{"href":"https:\/\/www.voustensports.com\/fr\/wp-json\/wp\/v2\/types\/product"}],"replies":[{"embeddable":true,"href":"https:\/\/www.voustensports.com\/fr\/wp-json\/wp\/v2\/comments?post=208263"}],"wp:featuredmedia":[{"embeddable":true,"href":"https:\/\/www.voustensports.com\/fr\/wp-json\/wp\/v2\/media\/208243"}],"wp:attachment":[{"href":"https:\/\/www.voustensports.com\/fr\/wp-json\/wp\/v2\/media?parent=208263"}],"wp:term":[{"taxonomy":"product_cat","embeddable":true,"href":"https:\/\/www.voustensports.com\/fr\/wp-json\/wp\/v2\/product_cat?post=208263"},{"taxonomy":"product_tag","embeddable":true,"href":"https:\/\/www.voustensports.com\/fr\/wp-json\/wp\/v2\/product_tag?post=208263"}],"curies":[{"name":"wp","href":"https:\/\/api.w.org\/{rel}","templated":true}]}}