{"id":208223,"date":"2025-08-30T05:30:30","date_gmt":"2025-08-30T03:30:30","guid":{"rendered":"https:\/\/www.voustensports.com\/genti-veste-dhiver-beige-gris-41205\/"},"modified":"2026-03-17T06:36:05","modified_gmt":"2026-03-17T05:36:05","slug":"genti-veste-dhiver-beige-gris-41205","status":"publish","type":"product","link":"https:\/\/www.voustensports.com\/fr\/genti-veste-dhiver-beige-gris-41205\/","title":{"rendered":"GENTI &#8211; Veste d&#8217;hiver beige \/ gris (41205)"},"content":{"rendered":"<div>Fabriqu\u00e9e dans une mati\u00e8re de haute qualit\u00e9, cette veste offre une protection optimale contre le vent et la pluie fine, tandis que son stretch l\u00e9ger assure un confort optimal. La doublure matelass\u00e9e retient la chaleur pour un confort optimal m\u00eame par temps froid. Son design \u00e9l\u00e9gant et moderne, avec sa capuche r\u00e9glable et ses poches pratiques, en fait un choix polyvalent au quotidien.<\/div>\n<ul>\n<li>Coupe standard<\/li>\n<li>D\u00e9perlant et coupe-vent<\/li>\n<li>Matelas chaud pour un confort hivernal optimal<\/li>\n<li>Capuche r\u00e9glable pour une protection suppl\u00e9mentaire<\/li>\n<li>Deux poches lat\u00e9rales et une poche poitrine zipp\u00e9e<\/li>\n<li>Design intemporel et moderne<\/li>\n<li>Mati\u00e8re : 92 % polyester, 8 % \u00e9lasthanne<\/li>\n<\/ul>\n","protected":false},"excerpt":{"rendered":"<p>Fabriqu\u00e9e dans une mati\u00e8re de haute qualit\u00e9, cette veste offre une protection optimale contre le vent et la pluie fine, tandis que son stretch l\u00e9ger assure un confort optimal. La doublure matelass\u00e9e retient la chaleur pour un confort optimal m\u00eame par temps froid. Son design \u00e9l\u00e9gant et moderne, avec sa capuche r\u00e9glable et ses poches [&#8230;]\n","protected":false},"featured_media":208203,"comment_status":"open","ping_status":"closed","template":"","meta":{"rank_math_lock_modified_date":false},"product_cat":[446,450,462,542,701,705,710],"product_tag":[],"class_list":{"0":"post-208223","1":"product","2":"type-product","3":"status-publish","4":"has-post-thumbnail","6":"product_cat-kleding-fr","7":"product_cat-heren-fr","8":"product_cat-vousten-sports-fr-2","9":"product_cat-jassen-fr","10":"product_cat-jackets-fr","11":"product_cat-jassen-jacks-fr","12":"product_cat-genti-fr","14":"first","15":"instock","16":"taxable","17":"shipping-taxable","18":"purchasable","19":"product-type-variable"},"acf":[],"yoast_head":"<!-- This site is optimized with the Yoast SEO plugin v23.9 - https:\/\/yoast.com\/wordpress\/plugins\/seo\/ -->\n<title>GENTI - Veste d&#8217;hiver beige \/ gris (41205) - Vousten Sports<\/title>\n<meta name=\"robots\" content=\"index, follow, max-snippet:-1, max-image-preview:large, max-video-preview:-1\" \/>\n<link rel=\"canonical\" href=\"https:\/\/www.voustensports.com\/fr\/genti-veste-dhiver-beige-gris-41205\/\" \/>\n<meta property=\"og:locale\" content=\"fr_FR\" \/>\n<meta property=\"og:type\" content=\"article\" \/>\n<meta property=\"og:title\" content=\"GENTI - Veste d&#8217;hiver beige \/ gris (41205) - Vousten Sports\" \/>\n<meta property=\"og:description\" content=\"Fabriqu\u00e9e dans une mati\u00e8re de haute qualit\u00e9, cette veste offre une protection optimale contre le vent et la pluie fine, tandis que son stretch l\u00e9ger assure un confort optimal. La doublure matelass\u00e9e retient la chaleur pour un confort optimal m\u00eame par temps froid. Son design \u00e9l\u00e9gant et moderne, avec sa capuche r\u00e9glable et ses poches [...]\" \/>\n<meta property=\"og:url\" content=\"https:\/\/www.voustensports.com\/fr\/genti-veste-dhiver-beige-gris-41205\/\" \/>\n<meta property=\"og:site_name\" content=\"Vousten Sports\" \/>\n<meta property=\"article:modified_time\" content=\"2026-03-17T05:36:05+00:00\" \/>\n<meta property=\"og:image\" content=\"https:\/\/www.voustensports.com\/wp-content\/uploads\/2023\/06\/Winterjas-beige-grijs-412051.jpg\" \/>\n\t<meta property=\"og:image:width\" content=\"1365\" \/>\n\t<meta property=\"og:image:height\" content=\"2048\" \/>\n\t<meta property=\"og:image:type\" content=\"image\/jpeg\" \/>\n<meta name=\"twitter:card\" content=\"summary_large_image\" \/>\n<meta name=\"twitter:label1\" content=\"Est. reading time\" \/>\n\t<meta name=\"twitter:data1\" content=\"1 minute\" \/>\n<script type=\"application\/ld+json\" class=\"yoast-schema-graph\">{\"@context\":\"https:\/\/schema.org\",\"@graph\":[{\"@type\":\"WebPage\",\"@id\":\"https:\/\/www.voustensports.com\/fr\/genti-veste-dhiver-beige-gris-41205\/\",\"url\":\"https:\/\/www.voustensports.com\/fr\/genti-veste-dhiver-beige-gris-41205\/\",\"name\":\"GENTI - Veste d&#8217;hiver beige \/ gris (41205) - Vousten Sports\",\"isPartOf\":{\"@id\":\"https:\/\/www.voustensports.com\/nl\/#website\"},\"primaryImageOfPage\":{\"@id\":\"https:\/\/www.voustensports.com\/fr\/genti-veste-dhiver-beige-gris-41205\/#primaryimage\"},\"image\":{\"@id\":\"https:\/\/www.voustensports.com\/fr\/genti-veste-dhiver-beige-gris-41205\/#primaryimage\"},\"thumbnailUrl\":\"https:\/\/www.voustensports.com\/wp-content\/uploads\/2023\/06\/Winterjas-beige-grijs-412051.jpg\",\"datePublished\":\"2025-08-30T03:30:30+00:00\",\"dateModified\":\"2026-03-17T05:36:05+00:00\",\"breadcrumb\":{\"@id\":\"https:\/\/www.voustensports.com\/fr\/genti-veste-dhiver-beige-gris-41205\/#breadcrumb\"},\"inLanguage\":\"fr-FR\",\"potentialAction\":[{\"@type\":\"ReadAction\",\"target\":[\"https:\/\/www.voustensports.com\/fr\/genti-veste-dhiver-beige-gris-41205\/\"]}]},{\"@type\":\"ImageObject\",\"inLanguage\":\"fr-FR\",\"@id\":\"https:\/\/www.voustensports.com\/fr\/genti-veste-dhiver-beige-gris-41205\/#primaryimage\",\"url\":\"https:\/\/www.voustensports.com\/wp-content\/uploads\/2023\/06\/Winterjas-beige-grijs-412051.jpg\",\"contentUrl\":\"https:\/\/www.voustensports.com\/wp-content\/uploads\/2023\/06\/Winterjas-beige-grijs-412051.jpg\",\"width\":1365,\"height\":2048},{\"@type\":\"BreadcrumbList\",\"@id\":\"https:\/\/www.voustensports.com\/fr\/genti-veste-dhiver-beige-gris-41205\/#breadcrumb\",\"itemListElement\":[{\"@type\":\"ListItem\",\"position\":1,\"name\":\"Home\",\"item\":\"https:\/\/www.voustensports.com\/fr\/\"},{\"@type\":\"ListItem\",\"position\":2,\"name\":\"Boutique\",\"item\":\"https:\/\/www.voustensports.com\/fr\/shop\/\"},{\"@type\":\"ListItem\",\"position\":3,\"name\":\"GENTI &#8211; Veste d&#8217;hiver beige \/ gris (41205)\"}]},{\"@type\":\"WebSite\",\"@id\":\"https:\/\/www.voustensports.com\/nl\/#website\",\"url\":\"https:\/\/www.voustensports.com\/nl\/\",\"name\":\"Vousten Sports\",\"description\":\"\",\"potentialAction\":[{\"@type\":\"SearchAction\",\"target\":{\"@type\":\"EntryPoint\",\"urlTemplate\":\"https:\/\/www.voustensports.com\/nl\/?s={search_term_string}\"},\"query-input\":{\"@type\":\"PropertyValueSpecification\",\"valueRequired\":true,\"valueName\":\"search_term_string\"}}],\"inLanguage\":\"fr-FR\"}]}<\/script>\n<!-- \/ Yoast SEO plugin. -->","yoast_head_json":{"title":"GENTI - Veste d&#8217;hiver beige \/ gris (41205) - Vousten Sports","robots":{"index":"index","follow":"follow","max-snippet":"max-snippet:-1","max-image-preview":"max-image-preview:large","max-video-preview":"max-video-preview:-1"},"canonical":"https:\/\/www.voustensports.com\/fr\/genti-veste-dhiver-beige-gris-41205\/","og_locale":"fr_FR","og_type":"article","og_title":"GENTI - Veste d&#8217;hiver beige \/ gris (41205) - Vousten Sports","og_description":"Fabriqu\u00e9e dans une mati\u00e8re de haute qualit\u00e9, cette veste offre une protection optimale contre le vent et la pluie fine, tandis que son stretch l\u00e9ger assure un confort optimal. La doublure matelass\u00e9e retient la chaleur pour un confort optimal m\u00eame par temps froid. Son design \u00e9l\u00e9gant et moderne, avec sa capuche r\u00e9glable et ses poches [...]","og_url":"https:\/\/www.voustensports.com\/fr\/genti-veste-dhiver-beige-gris-41205\/","og_site_name":"Vousten Sports","article_modified_time":"2026-03-17T05:36:05+00:00","og_image":[{"width":1365,"height":2048,"url":"https:\/\/www.voustensports.com\/wp-content\/uploads\/2023\/06\/Winterjas-beige-grijs-412051.jpg","type":"image\/jpeg"}],"twitter_card":"summary_large_image","twitter_misc":{"Est. reading time":"1 minute"},"schema":{"@context":"https:\/\/schema.org","@graph":[{"@type":"WebPage","@id":"https:\/\/www.voustensports.com\/fr\/genti-veste-dhiver-beige-gris-41205\/","url":"https:\/\/www.voustensports.com\/fr\/genti-veste-dhiver-beige-gris-41205\/","name":"GENTI - Veste d&#8217;hiver beige \/ gris (41205) - Vousten Sports","isPartOf":{"@id":"https:\/\/www.voustensports.com\/nl\/#website"},"primaryImageOfPage":{"@id":"https:\/\/www.voustensports.com\/fr\/genti-veste-dhiver-beige-gris-41205\/#primaryimage"},"image":{"@id":"https:\/\/www.voustensports.com\/fr\/genti-veste-dhiver-beige-gris-41205\/#primaryimage"},"thumbnailUrl":"https:\/\/www.voustensports.com\/wp-content\/uploads\/2023\/06\/Winterjas-beige-grijs-412051.jpg","datePublished":"2025-08-30T03:30:30+00:00","dateModified":"2026-03-17T05:36:05+00:00","breadcrumb":{"@id":"https:\/\/www.voustensports.com\/fr\/genti-veste-dhiver-beige-gris-41205\/#breadcrumb"},"inLanguage":"fr-FR","potentialAction":[{"@type":"ReadAction","target":["https:\/\/www.voustensports.com\/fr\/genti-veste-dhiver-beige-gris-41205\/"]}]},{"@type":"ImageObject","inLanguage":"fr-FR","@id":"https:\/\/www.voustensports.com\/fr\/genti-veste-dhiver-beige-gris-41205\/#primaryimage","url":"https:\/\/www.voustensports.com\/wp-content\/uploads\/2023\/06\/Winterjas-beige-grijs-412051.jpg","contentUrl":"https:\/\/www.voustensports.com\/wp-content\/uploads\/2023\/06\/Winterjas-beige-grijs-412051.jpg","width":1365,"height":2048},{"@type":"BreadcrumbList","@id":"https:\/\/www.voustensports.com\/fr\/genti-veste-dhiver-beige-gris-41205\/#breadcrumb","itemListElement":[{"@type":"ListItem","position":1,"name":"Home","item":"https:\/\/www.voustensports.com\/fr\/"},{"@type":"ListItem","position":2,"name":"Boutique","item":"https:\/\/www.voustensports.com\/fr\/shop\/"},{"@type":"ListItem","position":3,"name":"GENTI &#8211; Veste d&#8217;hiver beige \/ gris (41205)"}]},{"@type":"WebSite","@id":"https:\/\/www.voustensports.com\/nl\/#website","url":"https:\/\/www.voustensports.com\/nl\/","name":"Vousten Sports","description":"","potentialAction":[{"@type":"SearchAction","target":{"@type":"EntryPoint","urlTemplate":"https:\/\/www.voustensports.com\/nl\/?s={search_term_string}"},"query-input":{"@type":"PropertyValueSpecification","valueRequired":true,"valueName":"search_term_string"}}],"inLanguage":"fr-FR"}]}},"_links":{"self":[{"href":"https:\/\/www.voustensports.com\/fr\/wp-json\/wp\/v2\/product\/208223","targetHints":{"allow":["GET"]}}],"collection":[{"href":"https:\/\/www.voustensports.com\/fr\/wp-json\/wp\/v2\/product"}],"about":[{"href":"https:\/\/www.voustensports.com\/fr\/wp-json\/wp\/v2\/types\/product"}],"replies":[{"embeddable":true,"href":"https:\/\/www.voustensports.com\/fr\/wp-json\/wp\/v2\/comments?post=208223"}],"wp:featuredmedia":[{"embeddable":true,"href":"https:\/\/www.voustensports.com\/fr\/wp-json\/wp\/v2\/media\/208203"}],"wp:attachment":[{"href":"https:\/\/www.voustensports.com\/fr\/wp-json\/wp\/v2\/media?parent=208223"}],"wp:term":[{"taxonomy":"product_cat","embeddable":true,"href":"https:\/\/www.voustensports.com\/fr\/wp-json\/wp\/v2\/product_cat?post=208223"},{"taxonomy":"product_tag","embeddable":true,"href":"https:\/\/www.voustensports.com\/fr\/wp-json\/wp\/v2\/product_tag?post=208223"}],"curies":[{"name":"wp","href":"https:\/\/api.w.org\/{rel}","templated":true}]}}