{"id":207937,"date":"2025-08-29T10:06:16","date_gmt":"2025-08-29T08:06:16","guid":{"rendered":"https:\/\/www.voustensports.com\/herno-pantalon-bleu-fonce-41660\/"},"modified":"2026-02-05T12:38:19","modified_gmt":"2026-02-05T11:38:19","slug":"herno-pantalon-bleu-fonce-41660","status":"publish","type":"product","link":"https:\/\/www.voustensports.com\/fr\/herno-pantalon-bleu-fonce-41660\/","title":{"rendered":"HERNO &#8211; PANTALON BLEU FONC\u00c9 (41660)"},"content":{"rendered":"<div>D\u00c9TAILS DU PRODUIT<\/div>\n<div>Ce mod\u00e8le est un incontournable raffin\u00e9 d&rsquo;Herno, ajoutant une touche de luxe discret \u00e0 votre garde-robe quotidienne.<br \/>\n<strong style=\"color: #555555;font-size: 14.4px\">Taille grand, prenez une taille au-dessus de votre taille habituelle !<br \/>\n<\/strong><strong style=\"color: #555555;font-size: 14.4px\">Le mannequin mesure 186 cm, p\u00e8se 80 kg et porte une taille S.<\/strong><strong style=\"color: #555555;font-size: 14.4px\"><br \/>\n<\/strong><\/div>\n<ul>\n<li>Passants de ceinture<\/li>\n<li>Poches lat\u00e9rales<\/li>\n<li>Logo Herno en m\u00e9tal au dos<\/li>\n<li>Fermeture par zip et bouton dissimul\u00e9s<\/li>\n<li>Lacets int\u00e9rieurs<\/li>\n<li>Fabriqu\u00e9 en Italie<\/li>\n<\/ul>\n<div>COMPOSITION<\/div>\n<div>96 % LAINE VIERGE \u2013 4 % \u00c9LASTHANNE<\/div>\n","protected":false},"excerpt":{"rendered":"<p>D\u00c9TAILS DU PRODUIT Ce mod\u00e8le est un incontournable raffin\u00e9 d&rsquo;Herno, ajoutant une touche de luxe discret \u00e0 votre garde-robe quotidienne. Taille grand, prenez une taille au-dessus de votre taille habituelle ! Le mannequin mesure 186 cm, p\u00e8se 80 kg et porte une taille S. Passants de ceinture Poches lat\u00e9rales Logo Herno en m\u00e9tal au dos [&#8230;]\n","protected":false},"featured_media":207929,"comment_status":"open","ping_status":"closed","template":"","meta":{"rank_math_lock_modified_date":false},"product_cat":[466,727,786,446,450,462],"product_tag":[],"class_list":{"0":"post-207937","1":"product","2":"type-product","3":"status-publish","4":"has-post-thumbnail","6":"product_cat-broeken-fr","7":"product_cat-herno-fr","8":"product_cat-broek-fr","9":"product_cat-kleding-fr","10":"product_cat-heren-fr","11":"product_cat-vousten-sports-fr-2","13":"first","14":"instock","15":"taxable","16":"shipping-taxable","17":"purchasable","18":"product-type-variable"},"acf":[],"yoast_head":"<!-- This site is optimized with the Yoast SEO plugin v23.9 - https:\/\/yoast.com\/wordpress\/plugins\/seo\/ -->\n<title>HERNO - PANTALON BLEU FONC\u00c9 (41660) - Vousten Sports<\/title>\n<meta name=\"robots\" content=\"index, follow, max-snippet:-1, max-image-preview:large, max-video-preview:-1\" \/>\n<link rel=\"canonical\" href=\"https:\/\/www.voustensports.com\/fr\/herno-pantalon-bleu-fonce-41660\/\" \/>\n<meta property=\"og:locale\" content=\"fr_FR\" \/>\n<meta property=\"og:type\" content=\"article\" \/>\n<meta property=\"og:title\" content=\"HERNO - PANTALON BLEU FONC\u00c9 (41660) - Vousten Sports\" \/>\n<meta property=\"og:description\" content=\"D\u00c9TAILS DU PRODUIT Ce mod\u00e8le est un incontournable raffin\u00e9 d&rsquo;Herno, ajoutant une touche de luxe discret \u00e0 votre garde-robe quotidienne. Taille grand, prenez une taille au-dessus de votre taille habituelle ! Le mannequin mesure 186 cm, p\u00e8se 80 kg et porte une taille S. Passants de ceinture Poches lat\u00e9rales Logo Herno en m\u00e9tal au dos [...]\" \/>\n<meta property=\"og:url\" content=\"https:\/\/www.voustensports.com\/fr\/herno-pantalon-bleu-fonce-41660\/\" \/>\n<meta property=\"og:site_name\" content=\"Vousten Sports\" \/>\n<meta property=\"article:modified_time\" content=\"2026-02-05T11:38:19+00:00\" \/>\n<meta property=\"og:image\" content=\"https:\/\/www.voustensports.com\/wp-content\/uploads\/2023\/06\/PANTS-DONKERBLAUW-416601.jpeg\" \/>\n\t<meta property=\"og:image:width\" content=\"1292\" \/>\n\t<meta property=\"og:image:height\" content=\"2044\" \/>\n\t<meta property=\"og:image:type\" content=\"image\/jpeg\" \/>\n<meta name=\"twitter:card\" content=\"summary_large_image\" \/>\n<script type=\"application\/ld+json\" class=\"yoast-schema-graph\">{\"@context\":\"https:\/\/schema.org\",\"@graph\":[{\"@type\":\"WebPage\",\"@id\":\"https:\/\/www.voustensports.com\/fr\/herno-pantalon-bleu-fonce-41660\/\",\"url\":\"https:\/\/www.voustensports.com\/fr\/herno-pantalon-bleu-fonce-41660\/\",\"name\":\"HERNO - PANTALON BLEU FONC\u00c9 (41660) - Vousten Sports\",\"isPartOf\":{\"@id\":\"https:\/\/www.voustensports.com\/nl\/#website\"},\"primaryImageOfPage\":{\"@id\":\"https:\/\/www.voustensports.com\/fr\/herno-pantalon-bleu-fonce-41660\/#primaryimage\"},\"image\":{\"@id\":\"https:\/\/www.voustensports.com\/fr\/herno-pantalon-bleu-fonce-41660\/#primaryimage\"},\"thumbnailUrl\":\"https:\/\/www.voustensports.com\/wp-content\/uploads\/2023\/06\/PANTS-DONKERBLAUW-416601.jpeg\",\"datePublished\":\"2025-08-29T08:06:16+00:00\",\"dateModified\":\"2026-02-05T11:38:19+00:00\",\"breadcrumb\":{\"@id\":\"https:\/\/www.voustensports.com\/fr\/herno-pantalon-bleu-fonce-41660\/#breadcrumb\"},\"inLanguage\":\"fr-FR\",\"potentialAction\":[{\"@type\":\"ReadAction\",\"target\":[\"https:\/\/www.voustensports.com\/fr\/herno-pantalon-bleu-fonce-41660\/\"]}]},{\"@type\":\"ImageObject\",\"inLanguage\":\"fr-FR\",\"@id\":\"https:\/\/www.voustensports.com\/fr\/herno-pantalon-bleu-fonce-41660\/#primaryimage\",\"url\":\"https:\/\/www.voustensports.com\/wp-content\/uploads\/2023\/06\/PANTS-DONKERBLAUW-416601.jpeg\",\"contentUrl\":\"https:\/\/www.voustensports.com\/wp-content\/uploads\/2023\/06\/PANTS-DONKERBLAUW-416601.jpeg\",\"width\":1292,\"height\":2044},{\"@type\":\"BreadcrumbList\",\"@id\":\"https:\/\/www.voustensports.com\/fr\/herno-pantalon-bleu-fonce-41660\/#breadcrumb\",\"itemListElement\":[{\"@type\":\"ListItem\",\"position\":1,\"name\":\"Home\",\"item\":\"https:\/\/www.voustensports.com\/fr\/\"},{\"@type\":\"ListItem\",\"position\":2,\"name\":\"Boutique\",\"item\":\"https:\/\/www.voustensports.com\/fr\/shop\/\"},{\"@type\":\"ListItem\",\"position\":3,\"name\":\"HERNO &#8211; PANTALON BLEU FONC\u00c9 (41660)\"}]},{\"@type\":\"WebSite\",\"@id\":\"https:\/\/www.voustensports.com\/nl\/#website\",\"url\":\"https:\/\/www.voustensports.com\/nl\/\",\"name\":\"Vousten Sports\",\"description\":\"\",\"potentialAction\":[{\"@type\":\"SearchAction\",\"target\":{\"@type\":\"EntryPoint\",\"urlTemplate\":\"https:\/\/www.voustensports.com\/nl\/?s={search_term_string}\"},\"query-input\":{\"@type\":\"PropertyValueSpecification\",\"valueRequired\":true,\"valueName\":\"search_term_string\"}}],\"inLanguage\":\"fr-FR\"}]}<\/script>\n<!-- \/ Yoast SEO plugin. -->","yoast_head_json":{"title":"HERNO - PANTALON BLEU FONC\u00c9 (41660) - Vousten Sports","robots":{"index":"index","follow":"follow","max-snippet":"max-snippet:-1","max-image-preview":"max-image-preview:large","max-video-preview":"max-video-preview:-1"},"canonical":"https:\/\/www.voustensports.com\/fr\/herno-pantalon-bleu-fonce-41660\/","og_locale":"fr_FR","og_type":"article","og_title":"HERNO - PANTALON BLEU FONC\u00c9 (41660) - Vousten Sports","og_description":"D\u00c9TAILS DU PRODUIT Ce mod\u00e8le est un incontournable raffin\u00e9 d&rsquo;Herno, ajoutant une touche de luxe discret \u00e0 votre garde-robe quotidienne. Taille grand, prenez une taille au-dessus de votre taille habituelle ! Le mannequin mesure 186 cm, p\u00e8se 80 kg et porte une taille S. Passants de ceinture Poches lat\u00e9rales Logo Herno en m\u00e9tal au dos [...]","og_url":"https:\/\/www.voustensports.com\/fr\/herno-pantalon-bleu-fonce-41660\/","og_site_name":"Vousten Sports","article_modified_time":"2026-02-05T11:38:19+00:00","og_image":[{"width":1292,"height":2044,"url":"https:\/\/www.voustensports.com\/wp-content\/uploads\/2023\/06\/PANTS-DONKERBLAUW-416601.jpeg","type":"image\/jpeg"}],"twitter_card":"summary_large_image","schema":{"@context":"https:\/\/schema.org","@graph":[{"@type":"WebPage","@id":"https:\/\/www.voustensports.com\/fr\/herno-pantalon-bleu-fonce-41660\/","url":"https:\/\/www.voustensports.com\/fr\/herno-pantalon-bleu-fonce-41660\/","name":"HERNO - PANTALON BLEU FONC\u00c9 (41660) - Vousten Sports","isPartOf":{"@id":"https:\/\/www.voustensports.com\/nl\/#website"},"primaryImageOfPage":{"@id":"https:\/\/www.voustensports.com\/fr\/herno-pantalon-bleu-fonce-41660\/#primaryimage"},"image":{"@id":"https:\/\/www.voustensports.com\/fr\/herno-pantalon-bleu-fonce-41660\/#primaryimage"},"thumbnailUrl":"https:\/\/www.voustensports.com\/wp-content\/uploads\/2023\/06\/PANTS-DONKERBLAUW-416601.jpeg","datePublished":"2025-08-29T08:06:16+00:00","dateModified":"2026-02-05T11:38:19+00:00","breadcrumb":{"@id":"https:\/\/www.voustensports.com\/fr\/herno-pantalon-bleu-fonce-41660\/#breadcrumb"},"inLanguage":"fr-FR","potentialAction":[{"@type":"ReadAction","target":["https:\/\/www.voustensports.com\/fr\/herno-pantalon-bleu-fonce-41660\/"]}]},{"@type":"ImageObject","inLanguage":"fr-FR","@id":"https:\/\/www.voustensports.com\/fr\/herno-pantalon-bleu-fonce-41660\/#primaryimage","url":"https:\/\/www.voustensports.com\/wp-content\/uploads\/2023\/06\/PANTS-DONKERBLAUW-416601.jpeg","contentUrl":"https:\/\/www.voustensports.com\/wp-content\/uploads\/2023\/06\/PANTS-DONKERBLAUW-416601.jpeg","width":1292,"height":2044},{"@type":"BreadcrumbList","@id":"https:\/\/www.voustensports.com\/fr\/herno-pantalon-bleu-fonce-41660\/#breadcrumb","itemListElement":[{"@type":"ListItem","position":1,"name":"Home","item":"https:\/\/www.voustensports.com\/fr\/"},{"@type":"ListItem","position":2,"name":"Boutique","item":"https:\/\/www.voustensports.com\/fr\/shop\/"},{"@type":"ListItem","position":3,"name":"HERNO &#8211; PANTALON BLEU FONC\u00c9 (41660)"}]},{"@type":"WebSite","@id":"https:\/\/www.voustensports.com\/nl\/#website","url":"https:\/\/www.voustensports.com\/nl\/","name":"Vousten Sports","description":"","potentialAction":[{"@type":"SearchAction","target":{"@type":"EntryPoint","urlTemplate":"https:\/\/www.voustensports.com\/nl\/?s={search_term_string}"},"query-input":{"@type":"PropertyValueSpecification","valueRequired":true,"valueName":"search_term_string"}}],"inLanguage":"fr-FR"}]}},"_links":{"self":[{"href":"https:\/\/www.voustensports.com\/fr\/wp-json\/wp\/v2\/product\/207937","targetHints":{"allow":["GET"]}}],"collection":[{"href":"https:\/\/www.voustensports.com\/fr\/wp-json\/wp\/v2\/product"}],"about":[{"href":"https:\/\/www.voustensports.com\/fr\/wp-json\/wp\/v2\/types\/product"}],"replies":[{"embeddable":true,"href":"https:\/\/www.voustensports.com\/fr\/wp-json\/wp\/v2\/comments?post=207937"}],"wp:featuredmedia":[{"embeddable":true,"href":"https:\/\/www.voustensports.com\/fr\/wp-json\/wp\/v2\/media\/207929"}],"wp:attachment":[{"href":"https:\/\/www.voustensports.com\/fr\/wp-json\/wp\/v2\/media?parent=207937"}],"wp:term":[{"taxonomy":"product_cat","embeddable":true,"href":"https:\/\/www.voustensports.com\/fr\/wp-json\/wp\/v2\/product_cat?post=207937"},{"taxonomy":"product_tag","embeddable":true,"href":"https:\/\/www.voustensports.com\/fr\/wp-json\/wp\/v2\/product_tag?post=207937"}],"curies":[{"name":"wp","href":"https:\/\/api.w.org\/{rel}","templated":true}]}}