{"id":207655,"date":"2025-08-23T01:27:25","date_gmt":"2025-08-22T23:27:25","guid":{"rendered":"https:\/\/www.voustensports.com\/stone-island-doudoune-a-capuche-noire-41420\/"},"modified":"2026-04-07T03:18:04","modified_gmt":"2026-04-07T01:18:04","slug":"stone-island-doudoune-a-capuche-noire-41420","status":"publish","type":"product","link":"https:\/\/www.voustensports.com\/fr\/stone-island-doudoune-a-capuche-noire-41420\/","title":{"rendered":"STONE ISLAND &#8211; DOUDOUNE \u00c0 CAPUCHE NOIRE (41420)"},"content":{"rendered":"<div>D\u00c9TAILS DU PRODUIT<\/div>\n<div>Doudoune \u00e0 capuche en reps de nylon recycl\u00e9 l\u00e9ger au tissage ultra-serr\u00e9. L&rsquo;enduction de sa face int\u00e9rieure la rend coupe-vent et l\u00e9g\u00e8rement imperm\u00e9able. Ce traitement \u00e0 la r\u00e9sine permet \u00e0 la couleur de p\u00e9n\u00e9trer de mani\u00e8re irr\u00e9guli\u00e8re, donnant un aspect froiss\u00e9 \u00e0 la surface. Ce mod\u00e8le est rembourr\u00e9 de plumes de la plus haute qualit\u00e9, sp\u00e9cialement trait\u00e9es pour r\u00e9sister \u00e0 la teinture en pi\u00e8ce. Certifi\u00e9 RDS &#8211; Responsible Down Standard.<\/div>\n<div><\/div>\n<div>STYLE<\/div>\n<ul>\n<li>Capuche matelass\u00e9e avec cordon de serrage.<\/li>\n<li>Double poche repose-mains : une avec ouverture sur le dessus, rabat triangulaire et bouton-pression ; une poche plaqu\u00e9e avec bouton-pression dissimul\u00e9.<\/li>\n<li>Poche int\u00e9rieure avec bouton et logo Compass brod\u00e9.<\/li>\n<li>\u00c9cusson Stone Island sur la manche gauche.<\/li>\n<li>Poignets int\u00e9rieurs \u00e9lastiqu\u00e9s.<\/li>\n<li>Cordon de serrage \u00e0 l&rsquo;ourlet.<\/li>\n<li>Fermeture zipp\u00e9e double sens dissimul\u00e9e avec un bouton-pression sur la patte int\u00e9rieure.<\/li>\n<\/ul>\n<div>COMPOSITION<\/div>\n<ul>\n<li>V\u00eatement : 100 % polyamide \/ nylon.<\/li>\n<li>Rev\u00eatement : 100 % r\u00e9sine polyur\u00e9thane.<\/li>\n<li>Doublure : 100 % polyamide\/nylon.<\/li>\n<li>Doublure de la capuche : 100 % polyamide\/nylon.<\/li>\n<li>Garnissage : 100 % polyester.<\/li>\n<li>Garnissage : duvet de canard (minimum 80 % duvet), 80 % duvet de canard, 20 % plumes de canard.<\/li>\n<li>Contient des parties non textiles d\u2019origine animale.<\/li>\n<li>N\u00b0 d\u2019identification : 4100011 0029<\/li>\n<li>N\u00b0 Stone Island : 41420<\/li>\n<\/ul>\n","protected":false},"excerpt":{"rendered":"<p>D\u00c9TAILS DU PRODUIT Doudoune \u00e0 capuche en reps de nylon recycl\u00e9 l\u00e9ger au tissage ultra-serr\u00e9. L&rsquo;enduction de sa face int\u00e9rieure la rend coupe-vent et l\u00e9g\u00e8rement imperm\u00e9able. Ce traitement \u00e0 la r\u00e9sine permet \u00e0 la couleur de p\u00e9n\u00e9trer de mani\u00e8re irr\u00e9guli\u00e8re, donnant un aspect froiss\u00e9 \u00e0 la surface. Ce mod\u00e8le est rembourr\u00e9 de plumes de la [&#8230;]\n","protected":false},"featured_media":207643,"comment_status":"open","ping_status":"closed","template":"","meta":{"rank_math_lock_modified_date":false},"product_cat":[446,450,462,482,542,701,705],"product_tag":[],"class_list":{"0":"post-207655","1":"product","2":"type-product","3":"status-publish","4":"has-post-thumbnail","6":"product_cat-kleding-fr","7":"product_cat-heren-fr","8":"product_cat-vousten-sports-fr-2","9":"product_cat-stone-island-fr-2","10":"product_cat-jassen-fr","11":"product_cat-jackets-fr","12":"product_cat-jassen-jacks-fr","14":"first","15":"outofstock","16":"taxable","17":"shipping-taxable","18":"purchasable","19":"product-type-variable"},"acf":[],"yoast_head":"<!-- This site is optimized with the Yoast SEO plugin v23.9 - https:\/\/yoast.com\/wordpress\/plugins\/seo\/ -->\n<title>STONE ISLAND - DOUDOUNE \u00c0 CAPUCHE NOIRE (41420) - Vousten Sports<\/title>\n<meta name=\"robots\" content=\"index, follow, max-snippet:-1, max-image-preview:large, max-video-preview:-1\" \/>\n<link rel=\"canonical\" href=\"https:\/\/www.voustensports.com\/fr\/stone-island-doudoune-a-capuche-noire-41420\/\" \/>\n<meta property=\"og:locale\" content=\"fr_FR\" \/>\n<meta property=\"og:type\" content=\"article\" \/>\n<meta property=\"og:title\" content=\"STONE ISLAND - DOUDOUNE \u00c0 CAPUCHE NOIRE (41420) - Vousten Sports\" \/>\n<meta property=\"og:description\" content=\"D\u00c9TAILS DU PRODUIT Doudoune \u00e0 capuche en reps de nylon recycl\u00e9 l\u00e9ger au tissage ultra-serr\u00e9. L&rsquo;enduction de sa face int\u00e9rieure la rend coupe-vent et l\u00e9g\u00e8rement imperm\u00e9able. Ce traitement \u00e0 la r\u00e9sine permet \u00e0 la couleur de p\u00e9n\u00e9trer de mani\u00e8re irr\u00e9guli\u00e8re, donnant un aspect froiss\u00e9 \u00e0 la surface. Ce mod\u00e8le est rembourr\u00e9 de plumes de la [...]\" \/>\n<meta property=\"og:url\" content=\"https:\/\/www.voustensports.com\/fr\/stone-island-doudoune-a-capuche-noire-41420\/\" \/>\n<meta property=\"og:site_name\" content=\"Vousten Sports\" \/>\n<meta property=\"article:modified_time\" content=\"2026-04-07T01:18:04+00:00\" \/>\n<meta property=\"og:image\" content=\"https:\/\/www.voustensports.com\/wp-content\/uploads\/2023\/06\/HOODED-DOWN-JACKET-ZWART-414201.jpg\" \/>\n\t<meta property=\"og:image:width\" content=\"1365\" \/>\n\t<meta property=\"og:image:height\" content=\"2048\" \/>\n\t<meta property=\"og:image:type\" content=\"image\/jpeg\" \/>\n<meta name=\"twitter:card\" content=\"summary_large_image\" \/>\n<meta name=\"twitter:label1\" content=\"Est. reading time\" \/>\n\t<meta name=\"twitter:data1\" content=\"1 minute\" \/>\n<script type=\"application\/ld+json\" class=\"yoast-schema-graph\">{\"@context\":\"https:\/\/schema.org\",\"@graph\":[{\"@type\":\"WebPage\",\"@id\":\"https:\/\/www.voustensports.com\/fr\/stone-island-doudoune-a-capuche-noire-41420\/\",\"url\":\"https:\/\/www.voustensports.com\/fr\/stone-island-doudoune-a-capuche-noire-41420\/\",\"name\":\"STONE ISLAND - DOUDOUNE \u00c0 CAPUCHE NOIRE (41420) - Vousten Sports\",\"isPartOf\":{\"@id\":\"https:\/\/www.voustensports.com\/nl\/#website\"},\"primaryImageOfPage\":{\"@id\":\"https:\/\/www.voustensports.com\/fr\/stone-island-doudoune-a-capuche-noire-41420\/#primaryimage\"},\"image\":{\"@id\":\"https:\/\/www.voustensports.com\/fr\/stone-island-doudoune-a-capuche-noire-41420\/#primaryimage\"},\"thumbnailUrl\":\"https:\/\/www.voustensports.com\/wp-content\/uploads\/2023\/06\/HOODED-DOWN-JACKET-ZWART-414201.jpg\",\"datePublished\":\"2025-08-22T23:27:25+00:00\",\"dateModified\":\"2026-04-07T01:18:04+00:00\",\"breadcrumb\":{\"@id\":\"https:\/\/www.voustensports.com\/fr\/stone-island-doudoune-a-capuche-noire-41420\/#breadcrumb\"},\"inLanguage\":\"fr-FR\",\"potentialAction\":[{\"@type\":\"ReadAction\",\"target\":[\"https:\/\/www.voustensports.com\/fr\/stone-island-doudoune-a-capuche-noire-41420\/\"]}]},{\"@type\":\"ImageObject\",\"inLanguage\":\"fr-FR\",\"@id\":\"https:\/\/www.voustensports.com\/fr\/stone-island-doudoune-a-capuche-noire-41420\/#primaryimage\",\"url\":\"https:\/\/www.voustensports.com\/wp-content\/uploads\/2023\/06\/HOODED-DOWN-JACKET-ZWART-414201.jpg\",\"contentUrl\":\"https:\/\/www.voustensports.com\/wp-content\/uploads\/2023\/06\/HOODED-DOWN-JACKET-ZWART-414201.jpg\",\"width\":1365,\"height\":2048},{\"@type\":\"BreadcrumbList\",\"@id\":\"https:\/\/www.voustensports.com\/fr\/stone-island-doudoune-a-capuche-noire-41420\/#breadcrumb\",\"itemListElement\":[{\"@type\":\"ListItem\",\"position\":1,\"name\":\"Home\",\"item\":\"https:\/\/www.voustensports.com\/fr\/\"},{\"@type\":\"ListItem\",\"position\":2,\"name\":\"Boutique\",\"item\":\"https:\/\/www.voustensports.com\/fr\/shop\/\"},{\"@type\":\"ListItem\",\"position\":3,\"name\":\"STONE ISLAND &#8211; DOUDOUNE \u00c0 CAPUCHE NOIRE (41420)\"}]},{\"@type\":\"WebSite\",\"@id\":\"https:\/\/www.voustensports.com\/nl\/#website\",\"url\":\"https:\/\/www.voustensports.com\/nl\/\",\"name\":\"Vousten Sports\",\"description\":\"\",\"potentialAction\":[{\"@type\":\"SearchAction\",\"target\":{\"@type\":\"EntryPoint\",\"urlTemplate\":\"https:\/\/www.voustensports.com\/nl\/?s={search_term_string}\"},\"query-input\":{\"@type\":\"PropertyValueSpecification\",\"valueRequired\":true,\"valueName\":\"search_term_string\"}}],\"inLanguage\":\"fr-FR\"}]}<\/script>\n<!-- \/ Yoast SEO plugin. -->","yoast_head_json":{"title":"STONE ISLAND - DOUDOUNE \u00c0 CAPUCHE NOIRE (41420) - Vousten Sports","robots":{"index":"index","follow":"follow","max-snippet":"max-snippet:-1","max-image-preview":"max-image-preview:large","max-video-preview":"max-video-preview:-1"},"canonical":"https:\/\/www.voustensports.com\/fr\/stone-island-doudoune-a-capuche-noire-41420\/","og_locale":"fr_FR","og_type":"article","og_title":"STONE ISLAND - DOUDOUNE \u00c0 CAPUCHE NOIRE (41420) - Vousten Sports","og_description":"D\u00c9TAILS DU PRODUIT Doudoune \u00e0 capuche en reps de nylon recycl\u00e9 l\u00e9ger au tissage ultra-serr\u00e9. L&rsquo;enduction de sa face int\u00e9rieure la rend coupe-vent et l\u00e9g\u00e8rement imperm\u00e9able. Ce traitement \u00e0 la r\u00e9sine permet \u00e0 la couleur de p\u00e9n\u00e9trer de mani\u00e8re irr\u00e9guli\u00e8re, donnant un aspect froiss\u00e9 \u00e0 la surface. Ce mod\u00e8le est rembourr\u00e9 de plumes de la [...]","og_url":"https:\/\/www.voustensports.com\/fr\/stone-island-doudoune-a-capuche-noire-41420\/","og_site_name":"Vousten Sports","article_modified_time":"2026-04-07T01:18:04+00:00","og_image":[{"width":1365,"height":2048,"url":"https:\/\/www.voustensports.com\/wp-content\/uploads\/2023\/06\/HOODED-DOWN-JACKET-ZWART-414201.jpg","type":"image\/jpeg"}],"twitter_card":"summary_large_image","twitter_misc":{"Est. reading time":"1 minute"},"schema":{"@context":"https:\/\/schema.org","@graph":[{"@type":"WebPage","@id":"https:\/\/www.voustensports.com\/fr\/stone-island-doudoune-a-capuche-noire-41420\/","url":"https:\/\/www.voustensports.com\/fr\/stone-island-doudoune-a-capuche-noire-41420\/","name":"STONE ISLAND - DOUDOUNE \u00c0 CAPUCHE NOIRE (41420) - Vousten Sports","isPartOf":{"@id":"https:\/\/www.voustensports.com\/nl\/#website"},"primaryImageOfPage":{"@id":"https:\/\/www.voustensports.com\/fr\/stone-island-doudoune-a-capuche-noire-41420\/#primaryimage"},"image":{"@id":"https:\/\/www.voustensports.com\/fr\/stone-island-doudoune-a-capuche-noire-41420\/#primaryimage"},"thumbnailUrl":"https:\/\/www.voustensports.com\/wp-content\/uploads\/2023\/06\/HOODED-DOWN-JACKET-ZWART-414201.jpg","datePublished":"2025-08-22T23:27:25+00:00","dateModified":"2026-04-07T01:18:04+00:00","breadcrumb":{"@id":"https:\/\/www.voustensports.com\/fr\/stone-island-doudoune-a-capuche-noire-41420\/#breadcrumb"},"inLanguage":"fr-FR","potentialAction":[{"@type":"ReadAction","target":["https:\/\/www.voustensports.com\/fr\/stone-island-doudoune-a-capuche-noire-41420\/"]}]},{"@type":"ImageObject","inLanguage":"fr-FR","@id":"https:\/\/www.voustensports.com\/fr\/stone-island-doudoune-a-capuche-noire-41420\/#primaryimage","url":"https:\/\/www.voustensports.com\/wp-content\/uploads\/2023\/06\/HOODED-DOWN-JACKET-ZWART-414201.jpg","contentUrl":"https:\/\/www.voustensports.com\/wp-content\/uploads\/2023\/06\/HOODED-DOWN-JACKET-ZWART-414201.jpg","width":1365,"height":2048},{"@type":"BreadcrumbList","@id":"https:\/\/www.voustensports.com\/fr\/stone-island-doudoune-a-capuche-noire-41420\/#breadcrumb","itemListElement":[{"@type":"ListItem","position":1,"name":"Home","item":"https:\/\/www.voustensports.com\/fr\/"},{"@type":"ListItem","position":2,"name":"Boutique","item":"https:\/\/www.voustensports.com\/fr\/shop\/"},{"@type":"ListItem","position":3,"name":"STONE ISLAND &#8211; DOUDOUNE \u00c0 CAPUCHE NOIRE (41420)"}]},{"@type":"WebSite","@id":"https:\/\/www.voustensports.com\/nl\/#website","url":"https:\/\/www.voustensports.com\/nl\/","name":"Vousten Sports","description":"","potentialAction":[{"@type":"SearchAction","target":{"@type":"EntryPoint","urlTemplate":"https:\/\/www.voustensports.com\/nl\/?s={search_term_string}"},"query-input":{"@type":"PropertyValueSpecification","valueRequired":true,"valueName":"search_term_string"}}],"inLanguage":"fr-FR"}]}},"_links":{"self":[{"href":"https:\/\/www.voustensports.com\/fr\/wp-json\/wp\/v2\/product\/207655","targetHints":{"allow":["GET"]}}],"collection":[{"href":"https:\/\/www.voustensports.com\/fr\/wp-json\/wp\/v2\/product"}],"about":[{"href":"https:\/\/www.voustensports.com\/fr\/wp-json\/wp\/v2\/types\/product"}],"replies":[{"embeddable":true,"href":"https:\/\/www.voustensports.com\/fr\/wp-json\/wp\/v2\/comments?post=207655"}],"wp:featuredmedia":[{"embeddable":true,"href":"https:\/\/www.voustensports.com\/fr\/wp-json\/wp\/v2\/media\/207643"}],"wp:attachment":[{"href":"https:\/\/www.voustensports.com\/fr\/wp-json\/wp\/v2\/media?parent=207655"}],"wp:term":[{"taxonomy":"product_cat","embeddable":true,"href":"https:\/\/www.voustensports.com\/fr\/wp-json\/wp\/v2\/product_cat?post=207655"},{"taxonomy":"product_tag","embeddable":true,"href":"https:\/\/www.voustensports.com\/fr\/wp-json\/wp\/v2\/product_tag?post=207655"}],"curies":[{"name":"wp","href":"https:\/\/api.w.org\/{rel}","templated":true}]}}