{"id":207623,"date":"2025-08-22T16:33:29","date_gmt":"2025-08-22T14:33:29","guid":{"rendered":"https:\/\/www.voustensports.com\/stone-island-pull-a-demi-zip-noir-41523\/"},"modified":"2026-02-05T12:36:12","modified_gmt":"2026-02-05T11:36:12","slug":"stone-island-pull-a-demi-zip-noir-41523","status":"publish","type":"product","link":"https:\/\/www.voustensports.com\/fr\/stone-island-pull-a-demi-zip-noir-41523\/","title":{"rendered":"STONE ISLAND &#8211; PULL \u00c0 DEMI ZIP NOIR (41523)"},"content":{"rendered":"<div>D\u00c9TAILS PRODUIT<\/div>\n<div>Sweat-shirt \u00e0 demi-zip en molleton de coton biologique bross\u00e9. Teint en pi\u00e8ce.<\/div>\n<div><\/div>\n<div>STYLE<\/div>\n<ul>\n<li>Col montant c\u00f4tel\u00e9 avec fermeture zipp\u00e9e.<\/li>\n<li>Empi\u00e8cements triangulaires c\u00f4tel\u00e9s aux \u00e9paules et aux poignets lat\u00e9raux.<\/li>\n<li>\u00c9cusson Stone Island sur la manche gauche.<\/li>\n<li>Poignets et ourlet c\u00f4tel\u00e9s \u00e9lastiques.<\/li>\n<li>Fermeture \u00e9clair dissimul\u00e9e sous un galon en coton.<\/li>\n<li>Coupe standard.<\/li>\n<\/ul>\n<div>COMPOSITION<\/div>\n<ul>\n<li>Tissu ext\u00e9rieur : 100 % coton.<\/li>\n<li>Tissu secondaire : 98 % coton, 2 % \u00e9lasthanne\/\u00e9lasthanne.<\/li>\n<li>R\u00e9f\u00e9rence Stone Island : 6100068 0029<\/li>\n<li>R\u00e9f\u00e9rence : 41523<\/li>\n<\/ul>\n","protected":false},"excerpt":{"rendered":"<p>D\u00c9TAILS PRODUIT Sweat-shirt \u00e0 demi-zip en molleton de coton biologique bross\u00e9. Teint en pi\u00e8ce. STYLE Col montant c\u00f4tel\u00e9 avec fermeture zipp\u00e9e. Empi\u00e8cements triangulaires c\u00f4tel\u00e9s aux \u00e9paules et aux poignets lat\u00e9raux. \u00c9cusson Stone Island sur la manche gauche. Poignets et ourlet c\u00f4tel\u00e9s \u00e9lastiques. Fermeture \u00e9clair dissimul\u00e9e sous un galon en coton. Coupe standard. COMPOSITION Tissu ext\u00e9rieur [&#8230;]\n","protected":false},"featured_media":207611,"comment_status":"open","ping_status":"closed","template":"","meta":{"rank_math_lock_modified_date":false},"product_cat":[482,534,694,697,446,450,462],"product_tag":[],"class_list":{"0":"post-207623","1":"product","2":"type-product","3":"status-publish","4":"has-post-thumbnail","6":"product_cat-stone-island-fr-2","7":"product_cat-truien-fr-2","8":"product_cat-truien-vesten-fr-2","9":"product_cat-sweaters-fr-2","10":"product_cat-kleding-fr","11":"product_cat-heren-fr","12":"product_cat-vousten-sports-fr-2","14":"first","15":"instock","16":"taxable","17":"shipping-taxable","18":"purchasable","19":"product-type-variable"},"acf":[],"yoast_head":"<!-- This site is optimized with the Yoast SEO plugin v23.9 - https:\/\/yoast.com\/wordpress\/plugins\/seo\/ -->\n<title>STONE ISLAND - PULL \u00c0 DEMI ZIP NOIR (41523) - Vousten Sports<\/title>\n<meta name=\"robots\" content=\"index, follow, max-snippet:-1, max-image-preview:large, max-video-preview:-1\" \/>\n<link rel=\"canonical\" href=\"https:\/\/www.voustensports.com\/fr\/stone-island-pull-a-demi-zip-noir-41523\/\" \/>\n<meta property=\"og:locale\" content=\"fr_FR\" \/>\n<meta property=\"og:type\" content=\"article\" \/>\n<meta property=\"og:title\" content=\"STONE ISLAND - PULL \u00c0 DEMI ZIP NOIR (41523) - Vousten Sports\" \/>\n<meta property=\"og:description\" content=\"D\u00c9TAILS PRODUIT Sweat-shirt \u00e0 demi-zip en molleton de coton biologique bross\u00e9. Teint en pi\u00e8ce. STYLE Col montant c\u00f4tel\u00e9 avec fermeture zipp\u00e9e. Empi\u00e8cements triangulaires c\u00f4tel\u00e9s aux \u00e9paules et aux poignets lat\u00e9raux. \u00c9cusson Stone Island sur la manche gauche. Poignets et ourlet c\u00f4tel\u00e9s \u00e9lastiques. Fermeture \u00e9clair dissimul\u00e9e sous un galon en coton. Coupe standard. COMPOSITION Tissu ext\u00e9rieur [...]\" \/>\n<meta property=\"og:url\" content=\"https:\/\/www.voustensports.com\/fr\/stone-island-pull-a-demi-zip-noir-41523\/\" \/>\n<meta property=\"og:site_name\" content=\"Vousten Sports\" \/>\n<meta property=\"article:modified_time\" content=\"2026-02-05T11:36:12+00:00\" \/>\n<meta property=\"og:image\" content=\"https:\/\/www.voustensports.com\/wp-content\/uploads\/2023\/06\/HALF-ZIP-SWEATER-ZWART-41523-1.jpg\" \/>\n\t<meta property=\"og:image:width\" content=\"1365\" \/>\n\t<meta property=\"og:image:height\" content=\"2048\" \/>\n\t<meta property=\"og:image:type\" content=\"image\/jpeg\" \/>\n<meta name=\"twitter:card\" content=\"summary_large_image\" \/>\n<script type=\"application\/ld+json\" class=\"yoast-schema-graph\">{\"@context\":\"https:\/\/schema.org\",\"@graph\":[{\"@type\":\"WebPage\",\"@id\":\"https:\/\/www.voustensports.com\/fr\/stone-island-pull-a-demi-zip-noir-41523\/\",\"url\":\"https:\/\/www.voustensports.com\/fr\/stone-island-pull-a-demi-zip-noir-41523\/\",\"name\":\"STONE ISLAND - PULL \u00c0 DEMI ZIP NOIR (41523) - Vousten Sports\",\"isPartOf\":{\"@id\":\"https:\/\/www.voustensports.com\/nl\/#website\"},\"primaryImageOfPage\":{\"@id\":\"https:\/\/www.voustensports.com\/fr\/stone-island-pull-a-demi-zip-noir-41523\/#primaryimage\"},\"image\":{\"@id\":\"https:\/\/www.voustensports.com\/fr\/stone-island-pull-a-demi-zip-noir-41523\/#primaryimage\"},\"thumbnailUrl\":\"https:\/\/www.voustensports.com\/wp-content\/uploads\/2023\/06\/HALF-ZIP-SWEATER-ZWART-41523-1.jpg\",\"datePublished\":\"2025-08-22T14:33:29+00:00\",\"dateModified\":\"2026-02-05T11:36:12+00:00\",\"breadcrumb\":{\"@id\":\"https:\/\/www.voustensports.com\/fr\/stone-island-pull-a-demi-zip-noir-41523\/#breadcrumb\"},\"inLanguage\":\"fr-FR\",\"potentialAction\":[{\"@type\":\"ReadAction\",\"target\":[\"https:\/\/www.voustensports.com\/fr\/stone-island-pull-a-demi-zip-noir-41523\/\"]}]},{\"@type\":\"ImageObject\",\"inLanguage\":\"fr-FR\",\"@id\":\"https:\/\/www.voustensports.com\/fr\/stone-island-pull-a-demi-zip-noir-41523\/#primaryimage\",\"url\":\"https:\/\/www.voustensports.com\/wp-content\/uploads\/2023\/06\/HALF-ZIP-SWEATER-ZWART-41523-1.jpg\",\"contentUrl\":\"https:\/\/www.voustensports.com\/wp-content\/uploads\/2023\/06\/HALF-ZIP-SWEATER-ZWART-41523-1.jpg\",\"width\":1365,\"height\":2048},{\"@type\":\"BreadcrumbList\",\"@id\":\"https:\/\/www.voustensports.com\/fr\/stone-island-pull-a-demi-zip-noir-41523\/#breadcrumb\",\"itemListElement\":[{\"@type\":\"ListItem\",\"position\":1,\"name\":\"Home\",\"item\":\"https:\/\/www.voustensports.com\/fr\/\"},{\"@type\":\"ListItem\",\"position\":2,\"name\":\"Boutique\",\"item\":\"https:\/\/www.voustensports.com\/fr\/shop\/\"},{\"@type\":\"ListItem\",\"position\":3,\"name\":\"STONE ISLAND &#8211; PULL \u00c0 DEMI ZIP NOIR (41523)\"}]},{\"@type\":\"WebSite\",\"@id\":\"https:\/\/www.voustensports.com\/nl\/#website\",\"url\":\"https:\/\/www.voustensports.com\/nl\/\",\"name\":\"Vousten Sports\",\"description\":\"\",\"potentialAction\":[{\"@type\":\"SearchAction\",\"target\":{\"@type\":\"EntryPoint\",\"urlTemplate\":\"https:\/\/www.voustensports.com\/nl\/?s={search_term_string}\"},\"query-input\":{\"@type\":\"PropertyValueSpecification\",\"valueRequired\":true,\"valueName\":\"search_term_string\"}}],\"inLanguage\":\"fr-FR\"}]}<\/script>\n<!-- \/ Yoast SEO plugin. -->","yoast_head_json":{"title":"STONE ISLAND - PULL \u00c0 DEMI ZIP NOIR (41523) - Vousten Sports","robots":{"index":"index","follow":"follow","max-snippet":"max-snippet:-1","max-image-preview":"max-image-preview:large","max-video-preview":"max-video-preview:-1"},"canonical":"https:\/\/www.voustensports.com\/fr\/stone-island-pull-a-demi-zip-noir-41523\/","og_locale":"fr_FR","og_type":"article","og_title":"STONE ISLAND - PULL \u00c0 DEMI ZIP NOIR (41523) - Vousten Sports","og_description":"D\u00c9TAILS PRODUIT Sweat-shirt \u00e0 demi-zip en molleton de coton biologique bross\u00e9. Teint en pi\u00e8ce. STYLE Col montant c\u00f4tel\u00e9 avec fermeture zipp\u00e9e. Empi\u00e8cements triangulaires c\u00f4tel\u00e9s aux \u00e9paules et aux poignets lat\u00e9raux. \u00c9cusson Stone Island sur la manche gauche. Poignets et ourlet c\u00f4tel\u00e9s \u00e9lastiques. Fermeture \u00e9clair dissimul\u00e9e sous un galon en coton. Coupe standard. COMPOSITION Tissu ext\u00e9rieur [...]","og_url":"https:\/\/www.voustensports.com\/fr\/stone-island-pull-a-demi-zip-noir-41523\/","og_site_name":"Vousten Sports","article_modified_time":"2026-02-05T11:36:12+00:00","og_image":[{"width":1365,"height":2048,"url":"https:\/\/www.voustensports.com\/wp-content\/uploads\/2023\/06\/HALF-ZIP-SWEATER-ZWART-41523-1.jpg","type":"image\/jpeg"}],"twitter_card":"summary_large_image","schema":{"@context":"https:\/\/schema.org","@graph":[{"@type":"WebPage","@id":"https:\/\/www.voustensports.com\/fr\/stone-island-pull-a-demi-zip-noir-41523\/","url":"https:\/\/www.voustensports.com\/fr\/stone-island-pull-a-demi-zip-noir-41523\/","name":"STONE ISLAND - PULL \u00c0 DEMI ZIP NOIR (41523) - Vousten Sports","isPartOf":{"@id":"https:\/\/www.voustensports.com\/nl\/#website"},"primaryImageOfPage":{"@id":"https:\/\/www.voustensports.com\/fr\/stone-island-pull-a-demi-zip-noir-41523\/#primaryimage"},"image":{"@id":"https:\/\/www.voustensports.com\/fr\/stone-island-pull-a-demi-zip-noir-41523\/#primaryimage"},"thumbnailUrl":"https:\/\/www.voustensports.com\/wp-content\/uploads\/2023\/06\/HALF-ZIP-SWEATER-ZWART-41523-1.jpg","datePublished":"2025-08-22T14:33:29+00:00","dateModified":"2026-02-05T11:36:12+00:00","breadcrumb":{"@id":"https:\/\/www.voustensports.com\/fr\/stone-island-pull-a-demi-zip-noir-41523\/#breadcrumb"},"inLanguage":"fr-FR","potentialAction":[{"@type":"ReadAction","target":["https:\/\/www.voustensports.com\/fr\/stone-island-pull-a-demi-zip-noir-41523\/"]}]},{"@type":"ImageObject","inLanguage":"fr-FR","@id":"https:\/\/www.voustensports.com\/fr\/stone-island-pull-a-demi-zip-noir-41523\/#primaryimage","url":"https:\/\/www.voustensports.com\/wp-content\/uploads\/2023\/06\/HALF-ZIP-SWEATER-ZWART-41523-1.jpg","contentUrl":"https:\/\/www.voustensports.com\/wp-content\/uploads\/2023\/06\/HALF-ZIP-SWEATER-ZWART-41523-1.jpg","width":1365,"height":2048},{"@type":"BreadcrumbList","@id":"https:\/\/www.voustensports.com\/fr\/stone-island-pull-a-demi-zip-noir-41523\/#breadcrumb","itemListElement":[{"@type":"ListItem","position":1,"name":"Home","item":"https:\/\/www.voustensports.com\/fr\/"},{"@type":"ListItem","position":2,"name":"Boutique","item":"https:\/\/www.voustensports.com\/fr\/shop\/"},{"@type":"ListItem","position":3,"name":"STONE ISLAND &#8211; PULL \u00c0 DEMI ZIP NOIR (41523)"}]},{"@type":"WebSite","@id":"https:\/\/www.voustensports.com\/nl\/#website","url":"https:\/\/www.voustensports.com\/nl\/","name":"Vousten Sports","description":"","potentialAction":[{"@type":"SearchAction","target":{"@type":"EntryPoint","urlTemplate":"https:\/\/www.voustensports.com\/nl\/?s={search_term_string}"},"query-input":{"@type":"PropertyValueSpecification","valueRequired":true,"valueName":"search_term_string"}}],"inLanguage":"fr-FR"}]}},"_links":{"self":[{"href":"https:\/\/www.voustensports.com\/fr\/wp-json\/wp\/v2\/product\/207623","targetHints":{"allow":["GET"]}}],"collection":[{"href":"https:\/\/www.voustensports.com\/fr\/wp-json\/wp\/v2\/product"}],"about":[{"href":"https:\/\/www.voustensports.com\/fr\/wp-json\/wp\/v2\/types\/product"}],"replies":[{"embeddable":true,"href":"https:\/\/www.voustensports.com\/fr\/wp-json\/wp\/v2\/comments?post=207623"}],"wp:featuredmedia":[{"embeddable":true,"href":"https:\/\/www.voustensports.com\/fr\/wp-json\/wp\/v2\/media\/207611"}],"wp:attachment":[{"href":"https:\/\/www.voustensports.com\/fr\/wp-json\/wp\/v2\/media?parent=207623"}],"wp:term":[{"taxonomy":"product_cat","embeddable":true,"href":"https:\/\/www.voustensports.com\/fr\/wp-json\/wp\/v2\/product_cat?post=207623"},{"taxonomy":"product_tag","embeddable":true,"href":"https:\/\/www.voustensports.com\/fr\/wp-json\/wp\/v2\/product_tag?post=207623"}],"curies":[{"name":"wp","href":"https:\/\/api.w.org\/{rel}","templated":true}]}}