{"id":207487,"date":"2025-08-20T13:30:40","date_gmt":"2025-08-20T11:30:40","guid":{"rendered":"https:\/\/www.voustensports.com\/hogan-baskets-h630-blanc-bleu-gris-41255\/"},"modified":"2026-04-01T16:54:17","modified_gmt":"2026-04-01T14:54:17","slug":"hogan-baskets-h630-blanc-bleu-gris-41255","status":"publish","type":"product","link":"https:\/\/www.voustensports.com\/fr\/hogan-baskets-h630-blanc-bleu-gris-41255\/","title":{"rendered":"HOGAN &#8211; Baskets H630 blanc \/ bleu \/ gris (41255)"},"content":{"rendered":"<div>Nouvelles baskets aux accents r\u00e9tro, les Hogan H630 High Top allient lignes embl\u00e9matiques du basket-ball et style classique de la marque. Leur tige en cuir lisse avec empi\u00e8cements en daim pr\u00e9sente un H allong\u00e9 qui enveloppe le talon. La semelle ext\u00e9rieure en EVA ultra-l\u00e9ger arbore le nouveau logo HGN86 emboss\u00e9 sur le c\u00f4t\u00e9 et des rayures d\u00e9grad\u00e9es qui r\u00e9interpr\u00e8tent les rainures historiques des Rebel. V\u00e9ritable incontournable de la garde-robe contemporaine, ce mod\u00e8le dynamique est compl\u00e9t\u00e9 par une semelle int\u00e9rieure en mousse \u00e0 m\u00e9moire de forme qui assure douceur et amorti.<\/div>\n<ul>\n<li>Baskets Hogan H630 pour homme<\/li>\n<li>Fabriqu\u00e9es en Italie<\/li>\n<li>Tige en cuir lisse<\/li>\n<li>Empi\u00e8cements en daim<\/li>\n<li>H H lat\u00e9ral en cuir lisse<\/li>\n<li>Semelle int\u00e9rieure en mousse \u00e0 m\u00e9moire de forme 9 mm<\/li>\n<li>Semelle ext\u00e9rieure en caoutchouc<\/li>\n<li>Hauteur totale 3,8 cm<\/li>\n<li>Cartes d&rsquo;entretien incluses<\/li>\n<li>Housse de protection en tissu incluse<\/li>\n<li>Lacets suppl\u00e9mentaires inclus<\/li>\n<\/ul>\n","protected":false},"excerpt":{"rendered":"<p>Nouvelles baskets aux accents r\u00e9tro, les Hogan H630 High Top allient lignes embl\u00e9matiques du basket-ball et style classique de la marque. Leur tige en cuir lisse avec empi\u00e8cements en daim pr\u00e9sente un H allong\u00e9 qui enveloppe le talon. La semelle ext\u00e9rieure en EVA ultra-l\u00e9ger arbore le nouveau logo HGN86 emboss\u00e9 sur le c\u00f4t\u00e9 et des [&#8230;]\n","protected":false},"featured_media":207467,"comment_status":"open","ping_status":"closed","template":"","meta":{"rank_math_lock_modified_date":false},"product_cat":[518,522,526,530,916,446,450,462],"product_tag":[],"class_list":{"0":"post-207487","1":"product","2":"type-product","3":"status-publish","4":"has-post-thumbnail","6":"product_cat-hogan-fr","7":"product_cat-schoenen-fr-2","8":"product_cat-sneakers-fr-2","9":"product_cat-herenschoenen-fr","10":"product_cat-veterschoenen-fr","11":"product_cat-kleding-fr","12":"product_cat-heren-fr","13":"product_cat-vousten-sports-fr-2","15":"first","16":"instock","17":"taxable","18":"shipping-taxable","19":"purchasable","20":"product-type-variable"},"acf":[],"yoast_head":"<!-- This site is optimized with the Yoast SEO plugin v23.9 - https:\/\/yoast.com\/wordpress\/plugins\/seo\/ -->\n<title>HOGAN - Baskets H630 blanc \/ bleu \/ gris (41255) - Vousten Sports<\/title>\n<meta name=\"robots\" content=\"index, follow, max-snippet:-1, max-image-preview:large, max-video-preview:-1\" \/>\n<link rel=\"canonical\" href=\"https:\/\/www.voustensports.com\/fr\/hogan-baskets-h630-blanc-bleu-gris-41255\/\" \/>\n<meta property=\"og:locale\" content=\"fr_FR\" \/>\n<meta property=\"og:type\" content=\"article\" \/>\n<meta property=\"og:title\" content=\"HOGAN - Baskets H630 blanc \/ bleu \/ gris (41255) - Vousten Sports\" \/>\n<meta property=\"og:description\" content=\"Nouvelles baskets aux accents r\u00e9tro, les Hogan H630 High Top allient lignes embl\u00e9matiques du basket-ball et style classique de la marque. Leur tige en cuir lisse avec empi\u00e8cements en daim pr\u00e9sente un H allong\u00e9 qui enveloppe le talon. La semelle ext\u00e9rieure en EVA ultra-l\u00e9ger arbore le nouveau logo HGN86 emboss\u00e9 sur le c\u00f4t\u00e9 et des [...]\" \/>\n<meta property=\"og:url\" content=\"https:\/\/www.voustensports.com\/fr\/hogan-baskets-h630-blanc-bleu-gris-41255\/\" \/>\n<meta property=\"og:site_name\" content=\"Vousten Sports\" \/>\n<meta property=\"article:modified_time\" content=\"2026-04-01T14:54:17+00:00\" \/>\n<meta property=\"og:image\" content=\"https:\/\/www.voustensports.com\/wp-content\/uploads\/2023\/06\/H630-Sneaker-wit-blauw-grijs-412551.png\" \/>\n\t<meta property=\"og:image:width\" content=\"1365\" \/>\n\t<meta property=\"og:image:height\" content=\"1365\" \/>\n\t<meta property=\"og:image:type\" content=\"image\/png\" \/>\n<meta name=\"twitter:card\" content=\"summary_large_image\" \/>\n<meta name=\"twitter:label1\" content=\"Est. reading time\" \/>\n\t<meta name=\"twitter:data1\" content=\"1 minute\" \/>\n<script type=\"application\/ld+json\" class=\"yoast-schema-graph\">{\"@context\":\"https:\/\/schema.org\",\"@graph\":[{\"@type\":\"WebPage\",\"@id\":\"https:\/\/www.voustensports.com\/fr\/hogan-baskets-h630-blanc-bleu-gris-41255\/\",\"url\":\"https:\/\/www.voustensports.com\/fr\/hogan-baskets-h630-blanc-bleu-gris-41255\/\",\"name\":\"HOGAN - Baskets H630 blanc \/ bleu \/ gris (41255) - Vousten Sports\",\"isPartOf\":{\"@id\":\"https:\/\/www.voustensports.com\/nl\/#website\"},\"primaryImageOfPage\":{\"@id\":\"https:\/\/www.voustensports.com\/fr\/hogan-baskets-h630-blanc-bleu-gris-41255\/#primaryimage\"},\"image\":{\"@id\":\"https:\/\/www.voustensports.com\/fr\/hogan-baskets-h630-blanc-bleu-gris-41255\/#primaryimage\"},\"thumbnailUrl\":\"https:\/\/www.voustensports.com\/wp-content\/uploads\/2023\/06\/H630-Sneaker-wit-blauw-grijs-412551.png\",\"datePublished\":\"2025-08-20T11:30:40+00:00\",\"dateModified\":\"2026-04-01T14:54:17+00:00\",\"breadcrumb\":{\"@id\":\"https:\/\/www.voustensports.com\/fr\/hogan-baskets-h630-blanc-bleu-gris-41255\/#breadcrumb\"},\"inLanguage\":\"fr-FR\",\"potentialAction\":[{\"@type\":\"ReadAction\",\"target\":[\"https:\/\/www.voustensports.com\/fr\/hogan-baskets-h630-blanc-bleu-gris-41255\/\"]}]},{\"@type\":\"ImageObject\",\"inLanguage\":\"fr-FR\",\"@id\":\"https:\/\/www.voustensports.com\/fr\/hogan-baskets-h630-blanc-bleu-gris-41255\/#primaryimage\",\"url\":\"https:\/\/www.voustensports.com\/wp-content\/uploads\/2023\/06\/H630-Sneaker-wit-blauw-grijs-412551.png\",\"contentUrl\":\"https:\/\/www.voustensports.com\/wp-content\/uploads\/2023\/06\/H630-Sneaker-wit-blauw-grijs-412551.png\",\"width\":1365,\"height\":1365},{\"@type\":\"BreadcrumbList\",\"@id\":\"https:\/\/www.voustensports.com\/fr\/hogan-baskets-h630-blanc-bleu-gris-41255\/#breadcrumb\",\"itemListElement\":[{\"@type\":\"ListItem\",\"position\":1,\"name\":\"Home\",\"item\":\"https:\/\/www.voustensports.com\/fr\/\"},{\"@type\":\"ListItem\",\"position\":2,\"name\":\"Boutique\",\"item\":\"https:\/\/www.voustensports.com\/fr\/shop\/\"},{\"@type\":\"ListItem\",\"position\":3,\"name\":\"HOGAN &#8211; Baskets H630 blanc \/ bleu \/ gris (41255)\"}]},{\"@type\":\"WebSite\",\"@id\":\"https:\/\/www.voustensports.com\/nl\/#website\",\"url\":\"https:\/\/www.voustensports.com\/nl\/\",\"name\":\"Vousten Sports\",\"description\":\"\",\"potentialAction\":[{\"@type\":\"SearchAction\",\"target\":{\"@type\":\"EntryPoint\",\"urlTemplate\":\"https:\/\/www.voustensports.com\/nl\/?s={search_term_string}\"},\"query-input\":{\"@type\":\"PropertyValueSpecification\",\"valueRequired\":true,\"valueName\":\"search_term_string\"}}],\"inLanguage\":\"fr-FR\"}]}<\/script>\n<!-- \/ Yoast SEO plugin. -->","yoast_head_json":{"title":"HOGAN - Baskets H630 blanc \/ bleu \/ gris (41255) - Vousten Sports","robots":{"index":"index","follow":"follow","max-snippet":"max-snippet:-1","max-image-preview":"max-image-preview:large","max-video-preview":"max-video-preview:-1"},"canonical":"https:\/\/www.voustensports.com\/fr\/hogan-baskets-h630-blanc-bleu-gris-41255\/","og_locale":"fr_FR","og_type":"article","og_title":"HOGAN - Baskets H630 blanc \/ bleu \/ gris (41255) - Vousten Sports","og_description":"Nouvelles baskets aux accents r\u00e9tro, les Hogan H630 High Top allient lignes embl\u00e9matiques du basket-ball et style classique de la marque. Leur tige en cuir lisse avec empi\u00e8cements en daim pr\u00e9sente un H allong\u00e9 qui enveloppe le talon. La semelle ext\u00e9rieure en EVA ultra-l\u00e9ger arbore le nouveau logo HGN86 emboss\u00e9 sur le c\u00f4t\u00e9 et des [...]","og_url":"https:\/\/www.voustensports.com\/fr\/hogan-baskets-h630-blanc-bleu-gris-41255\/","og_site_name":"Vousten Sports","article_modified_time":"2026-04-01T14:54:17+00:00","og_image":[{"width":1365,"height":1365,"url":"https:\/\/www.voustensports.com\/wp-content\/uploads\/2023\/06\/H630-Sneaker-wit-blauw-grijs-412551.png","type":"image\/png"}],"twitter_card":"summary_large_image","twitter_misc":{"Est. reading time":"1 minute"},"schema":{"@context":"https:\/\/schema.org","@graph":[{"@type":"WebPage","@id":"https:\/\/www.voustensports.com\/fr\/hogan-baskets-h630-blanc-bleu-gris-41255\/","url":"https:\/\/www.voustensports.com\/fr\/hogan-baskets-h630-blanc-bleu-gris-41255\/","name":"HOGAN - Baskets H630 blanc \/ bleu \/ gris (41255) - Vousten Sports","isPartOf":{"@id":"https:\/\/www.voustensports.com\/nl\/#website"},"primaryImageOfPage":{"@id":"https:\/\/www.voustensports.com\/fr\/hogan-baskets-h630-blanc-bleu-gris-41255\/#primaryimage"},"image":{"@id":"https:\/\/www.voustensports.com\/fr\/hogan-baskets-h630-blanc-bleu-gris-41255\/#primaryimage"},"thumbnailUrl":"https:\/\/www.voustensports.com\/wp-content\/uploads\/2023\/06\/H630-Sneaker-wit-blauw-grijs-412551.png","datePublished":"2025-08-20T11:30:40+00:00","dateModified":"2026-04-01T14:54:17+00:00","breadcrumb":{"@id":"https:\/\/www.voustensports.com\/fr\/hogan-baskets-h630-blanc-bleu-gris-41255\/#breadcrumb"},"inLanguage":"fr-FR","potentialAction":[{"@type":"ReadAction","target":["https:\/\/www.voustensports.com\/fr\/hogan-baskets-h630-blanc-bleu-gris-41255\/"]}]},{"@type":"ImageObject","inLanguage":"fr-FR","@id":"https:\/\/www.voustensports.com\/fr\/hogan-baskets-h630-blanc-bleu-gris-41255\/#primaryimage","url":"https:\/\/www.voustensports.com\/wp-content\/uploads\/2023\/06\/H630-Sneaker-wit-blauw-grijs-412551.png","contentUrl":"https:\/\/www.voustensports.com\/wp-content\/uploads\/2023\/06\/H630-Sneaker-wit-blauw-grijs-412551.png","width":1365,"height":1365},{"@type":"BreadcrumbList","@id":"https:\/\/www.voustensports.com\/fr\/hogan-baskets-h630-blanc-bleu-gris-41255\/#breadcrumb","itemListElement":[{"@type":"ListItem","position":1,"name":"Home","item":"https:\/\/www.voustensports.com\/fr\/"},{"@type":"ListItem","position":2,"name":"Boutique","item":"https:\/\/www.voustensports.com\/fr\/shop\/"},{"@type":"ListItem","position":3,"name":"HOGAN &#8211; Baskets H630 blanc \/ bleu \/ gris (41255)"}]},{"@type":"WebSite","@id":"https:\/\/www.voustensports.com\/nl\/#website","url":"https:\/\/www.voustensports.com\/nl\/","name":"Vousten Sports","description":"","potentialAction":[{"@type":"SearchAction","target":{"@type":"EntryPoint","urlTemplate":"https:\/\/www.voustensports.com\/nl\/?s={search_term_string}"},"query-input":{"@type":"PropertyValueSpecification","valueRequired":true,"valueName":"search_term_string"}}],"inLanguage":"fr-FR"}]}},"_links":{"self":[{"href":"https:\/\/www.voustensports.com\/fr\/wp-json\/wp\/v2\/product\/207487","targetHints":{"allow":["GET"]}}],"collection":[{"href":"https:\/\/www.voustensports.com\/fr\/wp-json\/wp\/v2\/product"}],"about":[{"href":"https:\/\/www.voustensports.com\/fr\/wp-json\/wp\/v2\/types\/product"}],"replies":[{"embeddable":true,"href":"https:\/\/www.voustensports.com\/fr\/wp-json\/wp\/v2\/comments?post=207487"}],"wp:featuredmedia":[{"embeddable":true,"href":"https:\/\/www.voustensports.com\/fr\/wp-json\/wp\/v2\/media\/207467"}],"wp:attachment":[{"href":"https:\/\/www.voustensports.com\/fr\/wp-json\/wp\/v2\/media?parent=207487"}],"wp:term":[{"taxonomy":"product_cat","embeddable":true,"href":"https:\/\/www.voustensports.com\/fr\/wp-json\/wp\/v2\/product_cat?post=207487"},{"taxonomy":"product_tag","embeddable":true,"href":"https:\/\/www.voustensports.com\/fr\/wp-json\/wp\/v2\/product_tag?post=207487"}],"curies":[{"name":"wp","href":"https:\/\/api.w.org\/{rel}","templated":true}]}}