{"id":207395,"date":"2025-08-20T08:42:17","date_gmt":"2025-08-20T06:42:17","guid":{"rendered":"https:\/\/www.voustensports.com\/valenza-t-shirt-marron-clair-rose-41578\/"},"modified":"2026-04-07T04:21:06","modified_gmt":"2026-04-07T02:21:06","slug":"valenza-t-shirt-marron-clair-rose-41578","status":"publish","type":"product","link":"https:\/\/www.voustensports.com\/fr\/valenza-t-shirt-marron-clair-rose-41578\/","title":{"rendered":"VALENZA &#8211; T-shirt marron clair \/ rose (41578)"},"content":{"rendered":"<div>T-shirt Valenza marron clair\/rose<\/div>\n<ul>\n<li>T-shirt ajust\u00e9<\/li>\n<li>Effet scintillant<\/li>\n<li>Choisir une taille au-dessus pour un look oversize<\/li>\n<li>Col ras du cou<\/li>\n<li>Coton Supima interlock<\/li>\n<li>Mati\u00e8re : 100 % coton<\/li>\n<li>Poids : 190 g\/m\u00b2<\/li>\n<li>\u00c9tiquettes en coton recycl\u00e9<\/li>\n<li>\u00c9tiquettes volantes en papier recycl\u00e9<\/li>\n<li>Fabriqu\u00e9 en Italie<\/li>\n<li>Fabriqu\u00e9 dans les Marches, en Italie. Certifi\u00e9 100 % fabriqu\u00e9 en Italie selon des m\u00e9thodes artisanales.<\/li>\n<\/ul>\n","protected":false},"excerpt":{"rendered":"<p>T-shirt Valenza marron clair\/rose T-shirt ajust\u00e9 Effet scintillant Choisir une taille au-dessus pour un look oversize Col ras du cou Coton Supima interlock Mati\u00e8re : 100 % coton Poids : 190 g\/m\u00b2 \u00c9tiquettes en coton recycl\u00e9 \u00c9tiquettes volantes en papier recycl\u00e9 Fabriqu\u00e9 en Italie Fabriqu\u00e9 dans les Marches, en Italie. Certifi\u00e9 100 % fabriqu\u00e9 en [&#8230;]\n","protected":false},"featured_media":207379,"comment_status":"open","ping_status":"closed","template":"","meta":{"rank_math_lock_modified_date":false},"product_cat":[486,490,778,446,450,462],"product_tag":[],"class_list":{"0":"post-207395","1":"product","2":"type-product","3":"status-publish","4":"has-post-thumbnail","6":"product_cat-shirt-fr-2","7":"product_cat-t-shirts-fr-2","8":"product_cat-valenza-fr","9":"product_cat-kleding-fr","10":"product_cat-heren-fr","11":"product_cat-vousten-sports-fr-2","13":"first","14":"instock","15":"taxable","16":"shipping-taxable","17":"purchasable","18":"product-type-variable"},"acf":[],"yoast_head":"<!-- This site is optimized with the Yoast SEO plugin v23.9 - https:\/\/yoast.com\/wordpress\/plugins\/seo\/ -->\n<title>VALENZA - T-shirt marron clair \/ rose (41578) - Vousten Sports<\/title>\n<meta name=\"robots\" content=\"index, follow, max-snippet:-1, max-image-preview:large, max-video-preview:-1\" \/>\n<link rel=\"canonical\" href=\"https:\/\/www.voustensports.com\/fr\/valenza-t-shirt-marron-clair-rose-41578\/\" \/>\n<meta property=\"og:locale\" content=\"fr_FR\" \/>\n<meta property=\"og:type\" content=\"article\" \/>\n<meta property=\"og:title\" content=\"VALENZA - T-shirt marron clair \/ rose (41578) - Vousten Sports\" \/>\n<meta property=\"og:description\" content=\"T-shirt Valenza marron clair\/rose T-shirt ajust\u00e9 Effet scintillant Choisir une taille au-dessus pour un look oversize Col ras du cou Coton Supima interlock Mati\u00e8re : 100 % coton Poids : 190 g\/m\u00b2 \u00c9tiquettes en coton recycl\u00e9 \u00c9tiquettes volantes en papier recycl\u00e9 Fabriqu\u00e9 en Italie Fabriqu\u00e9 dans les Marches, en Italie. Certifi\u00e9 100 % fabriqu\u00e9 en [...]\" \/>\n<meta property=\"og:url\" content=\"https:\/\/www.voustensports.com\/fr\/valenza-t-shirt-marron-clair-rose-41578\/\" \/>\n<meta property=\"og:site_name\" content=\"Vousten Sports\" \/>\n<meta property=\"article:modified_time\" content=\"2026-04-07T02:21:06+00:00\" \/>\n<meta property=\"og:image\" content=\"https:\/\/www.voustensports.com\/wp-content\/uploads\/2023\/06\/T-shirt-lichtbruin-roze-415781.jpg\" \/>\n\t<meta property=\"og:image:width\" content=\"2048\" \/>\n\t<meta property=\"og:image:height\" content=\"2048\" \/>\n\t<meta property=\"og:image:type\" content=\"image\/jpeg\" \/>\n<meta name=\"twitter:card\" content=\"summary_large_image\" \/>\n<script type=\"application\/ld+json\" class=\"yoast-schema-graph\">{\"@context\":\"https:\/\/schema.org\",\"@graph\":[{\"@type\":\"WebPage\",\"@id\":\"https:\/\/www.voustensports.com\/fr\/valenza-t-shirt-marron-clair-rose-41578\/\",\"url\":\"https:\/\/www.voustensports.com\/fr\/valenza-t-shirt-marron-clair-rose-41578\/\",\"name\":\"VALENZA - T-shirt marron clair \/ rose (41578) - Vousten Sports\",\"isPartOf\":{\"@id\":\"https:\/\/www.voustensports.com\/nl\/#website\"},\"primaryImageOfPage\":{\"@id\":\"https:\/\/www.voustensports.com\/fr\/valenza-t-shirt-marron-clair-rose-41578\/#primaryimage\"},\"image\":{\"@id\":\"https:\/\/www.voustensports.com\/fr\/valenza-t-shirt-marron-clair-rose-41578\/#primaryimage\"},\"thumbnailUrl\":\"https:\/\/www.voustensports.com\/wp-content\/uploads\/2023\/06\/T-shirt-lichtbruin-roze-415781.jpg\",\"datePublished\":\"2025-08-20T06:42:17+00:00\",\"dateModified\":\"2026-04-07T02:21:06+00:00\",\"breadcrumb\":{\"@id\":\"https:\/\/www.voustensports.com\/fr\/valenza-t-shirt-marron-clair-rose-41578\/#breadcrumb\"},\"inLanguage\":\"fr-FR\",\"potentialAction\":[{\"@type\":\"ReadAction\",\"target\":[\"https:\/\/www.voustensports.com\/fr\/valenza-t-shirt-marron-clair-rose-41578\/\"]}]},{\"@type\":\"ImageObject\",\"inLanguage\":\"fr-FR\",\"@id\":\"https:\/\/www.voustensports.com\/fr\/valenza-t-shirt-marron-clair-rose-41578\/#primaryimage\",\"url\":\"https:\/\/www.voustensports.com\/wp-content\/uploads\/2023\/06\/T-shirt-lichtbruin-roze-415781.jpg\",\"contentUrl\":\"https:\/\/www.voustensports.com\/wp-content\/uploads\/2023\/06\/T-shirt-lichtbruin-roze-415781.jpg\",\"width\":2048,\"height\":2048},{\"@type\":\"BreadcrumbList\",\"@id\":\"https:\/\/www.voustensports.com\/fr\/valenza-t-shirt-marron-clair-rose-41578\/#breadcrumb\",\"itemListElement\":[{\"@type\":\"ListItem\",\"position\":1,\"name\":\"Home\",\"item\":\"https:\/\/www.voustensports.com\/fr\/\"},{\"@type\":\"ListItem\",\"position\":2,\"name\":\"Boutique\",\"item\":\"https:\/\/www.voustensports.com\/fr\/shop\/\"},{\"@type\":\"ListItem\",\"position\":3,\"name\":\"VALENZA &#8211; T-shirt marron clair \/ rose (41578)\"}]},{\"@type\":\"WebSite\",\"@id\":\"https:\/\/www.voustensports.com\/nl\/#website\",\"url\":\"https:\/\/www.voustensports.com\/nl\/\",\"name\":\"Vousten Sports\",\"description\":\"\",\"potentialAction\":[{\"@type\":\"SearchAction\",\"target\":{\"@type\":\"EntryPoint\",\"urlTemplate\":\"https:\/\/www.voustensports.com\/nl\/?s={search_term_string}\"},\"query-input\":{\"@type\":\"PropertyValueSpecification\",\"valueRequired\":true,\"valueName\":\"search_term_string\"}}],\"inLanguage\":\"fr-FR\"}]}<\/script>\n<!-- \/ Yoast SEO plugin. -->","yoast_head_json":{"title":"VALENZA - T-shirt marron clair \/ rose (41578) - Vousten Sports","robots":{"index":"index","follow":"follow","max-snippet":"max-snippet:-1","max-image-preview":"max-image-preview:large","max-video-preview":"max-video-preview:-1"},"canonical":"https:\/\/www.voustensports.com\/fr\/valenza-t-shirt-marron-clair-rose-41578\/","og_locale":"fr_FR","og_type":"article","og_title":"VALENZA - T-shirt marron clair \/ rose (41578) - Vousten Sports","og_description":"T-shirt Valenza marron clair\/rose T-shirt ajust\u00e9 Effet scintillant Choisir une taille au-dessus pour un look oversize Col ras du cou Coton Supima interlock Mati\u00e8re : 100 % coton Poids : 190 g\/m\u00b2 \u00c9tiquettes en coton recycl\u00e9 \u00c9tiquettes volantes en papier recycl\u00e9 Fabriqu\u00e9 en Italie Fabriqu\u00e9 dans les Marches, en Italie. Certifi\u00e9 100 % fabriqu\u00e9 en [...]","og_url":"https:\/\/www.voustensports.com\/fr\/valenza-t-shirt-marron-clair-rose-41578\/","og_site_name":"Vousten Sports","article_modified_time":"2026-04-07T02:21:06+00:00","og_image":[{"width":2048,"height":2048,"url":"https:\/\/www.voustensports.com\/wp-content\/uploads\/2023\/06\/T-shirt-lichtbruin-roze-415781.jpg","type":"image\/jpeg"}],"twitter_card":"summary_large_image","schema":{"@context":"https:\/\/schema.org","@graph":[{"@type":"WebPage","@id":"https:\/\/www.voustensports.com\/fr\/valenza-t-shirt-marron-clair-rose-41578\/","url":"https:\/\/www.voustensports.com\/fr\/valenza-t-shirt-marron-clair-rose-41578\/","name":"VALENZA - T-shirt marron clair \/ rose (41578) - Vousten Sports","isPartOf":{"@id":"https:\/\/www.voustensports.com\/nl\/#website"},"primaryImageOfPage":{"@id":"https:\/\/www.voustensports.com\/fr\/valenza-t-shirt-marron-clair-rose-41578\/#primaryimage"},"image":{"@id":"https:\/\/www.voustensports.com\/fr\/valenza-t-shirt-marron-clair-rose-41578\/#primaryimage"},"thumbnailUrl":"https:\/\/www.voustensports.com\/wp-content\/uploads\/2023\/06\/T-shirt-lichtbruin-roze-415781.jpg","datePublished":"2025-08-20T06:42:17+00:00","dateModified":"2026-04-07T02:21:06+00:00","breadcrumb":{"@id":"https:\/\/www.voustensports.com\/fr\/valenza-t-shirt-marron-clair-rose-41578\/#breadcrumb"},"inLanguage":"fr-FR","potentialAction":[{"@type":"ReadAction","target":["https:\/\/www.voustensports.com\/fr\/valenza-t-shirt-marron-clair-rose-41578\/"]}]},{"@type":"ImageObject","inLanguage":"fr-FR","@id":"https:\/\/www.voustensports.com\/fr\/valenza-t-shirt-marron-clair-rose-41578\/#primaryimage","url":"https:\/\/www.voustensports.com\/wp-content\/uploads\/2023\/06\/T-shirt-lichtbruin-roze-415781.jpg","contentUrl":"https:\/\/www.voustensports.com\/wp-content\/uploads\/2023\/06\/T-shirt-lichtbruin-roze-415781.jpg","width":2048,"height":2048},{"@type":"BreadcrumbList","@id":"https:\/\/www.voustensports.com\/fr\/valenza-t-shirt-marron-clair-rose-41578\/#breadcrumb","itemListElement":[{"@type":"ListItem","position":1,"name":"Home","item":"https:\/\/www.voustensports.com\/fr\/"},{"@type":"ListItem","position":2,"name":"Boutique","item":"https:\/\/www.voustensports.com\/fr\/shop\/"},{"@type":"ListItem","position":3,"name":"VALENZA &#8211; T-shirt marron clair \/ rose (41578)"}]},{"@type":"WebSite","@id":"https:\/\/www.voustensports.com\/nl\/#website","url":"https:\/\/www.voustensports.com\/nl\/","name":"Vousten Sports","description":"","potentialAction":[{"@type":"SearchAction","target":{"@type":"EntryPoint","urlTemplate":"https:\/\/www.voustensports.com\/nl\/?s={search_term_string}"},"query-input":{"@type":"PropertyValueSpecification","valueRequired":true,"valueName":"search_term_string"}}],"inLanguage":"fr-FR"}]}},"_links":{"self":[{"href":"https:\/\/www.voustensports.com\/fr\/wp-json\/wp\/v2\/product\/207395","targetHints":{"allow":["GET"]}}],"collection":[{"href":"https:\/\/www.voustensports.com\/fr\/wp-json\/wp\/v2\/product"}],"about":[{"href":"https:\/\/www.voustensports.com\/fr\/wp-json\/wp\/v2\/types\/product"}],"replies":[{"embeddable":true,"href":"https:\/\/www.voustensports.com\/fr\/wp-json\/wp\/v2\/comments?post=207395"}],"wp:featuredmedia":[{"embeddable":true,"href":"https:\/\/www.voustensports.com\/fr\/wp-json\/wp\/v2\/media\/207379"}],"wp:attachment":[{"href":"https:\/\/www.voustensports.com\/fr\/wp-json\/wp\/v2\/media?parent=207395"}],"wp:term":[{"taxonomy":"product_cat","embeddable":true,"href":"https:\/\/www.voustensports.com\/fr\/wp-json\/wp\/v2\/product_cat?post=207395"},{"taxonomy":"product_tag","embeddable":true,"href":"https:\/\/www.voustensports.com\/fr\/wp-json\/wp\/v2\/product_tag?post=207395"}],"curies":[{"name":"wp","href":"https:\/\/api.w.org\/{rel}","templated":true}]}}