{"id":207323,"date":"2025-08-20T02:03:47","date_gmt":"2025-08-20T00:03:47","guid":{"rendered":"https:\/\/www.voustensports.com\/valenza-polo-vert-41651\/"},"modified":"2026-02-05T12:38:11","modified_gmt":"2026-02-05T11:38:11","slug":"valenza-polo-vert-41651","status":"publish","type":"product","link":"https:\/\/www.voustensports.com\/fr\/valenza-polo-vert-41651\/","title":{"rendered":"VALENZA &#8211; Polo vert (41651)"},"content":{"rendered":"<div>Informations produit :<\/div>\n<ul>\n<li>Polo coupe ajust\u00e9e<\/li>\n<li>Manches courtes<\/li>\n<li>Polo col Schiller (une pi\u00e8ce)<\/li>\n<\/ul>\n<div>Informations mati\u00e8re :<\/div>\n<ul>\n<li>Tissu : Coton interlock Supima<\/li>\n<li>Fabriqu\u00e9 en Italie<\/li>\n<li>Composition : 100 % coton<\/li>\n<li>Poids : 190 g\/m\u00b2<\/li>\n<\/ul>\n<div>Boutons :<\/div>\n<ul>\n<li>Trocas nacr\u00e9s<\/li>\n<li>Fabriqu\u00e9 en Italie<\/li>\n<li>Composition : 100 % nacre<\/li>\n<li>\u00c9paisseur : 3 mm<\/li>\n<li>Ligne : 18<\/li>\n<\/ul>\n<div>\u00c9tiquettes et \u00e9tiquettes :<\/div>\n<ul>\n<li>\u00c9tiquettes en coton recycl\u00e9<\/li>\n<li>\u00c9tiquettes en papier recycl\u00e9<\/li>\n<li>Fabriqu\u00e9 en Italie<\/li>\n<\/ul>\n<div>Lieu de production :<\/div>\n<ul>\n<li>Fabriqu\u00e9 dans les Marches, en Italie.<\/li>\n<li>Certifi\u00e9 100 % Made in Italy.<\/li>\n<li>Toutes les \u00e9tapes de la production de ce polo ont \u00e9t\u00e9 r\u00e9alis\u00e9es dans les Marches, en Italie, selon des proc\u00e9d\u00e9s artisanaux.<\/li>\n<\/ul>\n","protected":false},"excerpt":{"rendered":"<p>Informations produit : Polo coupe ajust\u00e9e Manches courtes Polo col Schiller (une pi\u00e8ce) Informations mati\u00e8re : Tissu : Coton interlock Supima Fabriqu\u00e9 en Italie Composition : 100 % coton Poids : 190 g\/m\u00b2 Boutons : Trocas nacr\u00e9s Fabriqu\u00e9 en Italie Composition : 100 % nacre \u00c9paisseur : 3 mm Ligne : 18 \u00c9tiquettes et \u00e9tiquettes [&#8230;]\n","protected":false},"featured_media":207307,"comment_status":"open","ping_status":"closed","template":"","meta":{"rank_math_lock_modified_date":false},"product_cat":[446,450,462,478,486,778],"product_tag":[],"class_list":{"0":"post-207323","1":"product","2":"type-product","3":"status-publish","4":"has-post-thumbnail","6":"product_cat-kleding-fr","7":"product_cat-heren-fr","8":"product_cat-vousten-sports-fr-2","9":"product_cat-polos-fr-2","10":"product_cat-shirt-fr-2","11":"product_cat-valenza-fr","13":"first","14":"instock","15":"taxable","16":"shipping-taxable","17":"purchasable","18":"product-type-variable"},"acf":[],"yoast_head":"<!-- This site is optimized with the Yoast SEO plugin v23.9 - https:\/\/yoast.com\/wordpress\/plugins\/seo\/ -->\n<title>VALENZA - Polo vert (41651) - Vousten Sports<\/title>\n<meta name=\"robots\" content=\"index, follow, max-snippet:-1, max-image-preview:large, max-video-preview:-1\" \/>\n<link rel=\"canonical\" href=\"https:\/\/www.voustensports.com\/fr\/valenza-polo-vert-41651\/\" \/>\n<meta property=\"og:locale\" content=\"fr_FR\" \/>\n<meta property=\"og:type\" content=\"article\" \/>\n<meta property=\"og:title\" content=\"VALENZA - Polo vert (41651) - Vousten Sports\" \/>\n<meta property=\"og:description\" content=\"Informations produit : Polo coupe ajust\u00e9e Manches courtes Polo col Schiller (une pi\u00e8ce) Informations mati\u00e8re : Tissu : Coton interlock Supima Fabriqu\u00e9 en Italie Composition : 100 % coton Poids : 190 g\/m\u00b2 Boutons : Trocas nacr\u00e9s Fabriqu\u00e9 en Italie Composition : 100 % nacre \u00c9paisseur : 3 mm Ligne : 18 \u00c9tiquettes et \u00e9tiquettes [...]\" \/>\n<meta property=\"og:url\" content=\"https:\/\/www.voustensports.com\/fr\/valenza-polo-vert-41651\/\" \/>\n<meta property=\"og:site_name\" content=\"Vousten Sports\" \/>\n<meta property=\"article:modified_time\" content=\"2026-02-05T11:38:11+00:00\" \/>\n<meta property=\"og:image\" content=\"https:\/\/www.voustensports.com\/wp-content\/uploads\/2023\/06\/Poloshirt-groen-416511.jpg\" \/>\n\t<meta property=\"og:image:width\" content=\"2048\" \/>\n\t<meta property=\"og:image:height\" content=\"2048\" \/>\n\t<meta property=\"og:image:type\" content=\"image\/jpeg\" \/>\n<meta name=\"twitter:card\" content=\"summary_large_image\" \/>\n<script type=\"application\/ld+json\" class=\"yoast-schema-graph\">{\"@context\":\"https:\/\/schema.org\",\"@graph\":[{\"@type\":\"WebPage\",\"@id\":\"https:\/\/www.voustensports.com\/fr\/valenza-polo-vert-41651\/\",\"url\":\"https:\/\/www.voustensports.com\/fr\/valenza-polo-vert-41651\/\",\"name\":\"VALENZA - Polo vert (41651) - Vousten Sports\",\"isPartOf\":{\"@id\":\"https:\/\/www.voustensports.com\/nl\/#website\"},\"primaryImageOfPage\":{\"@id\":\"https:\/\/www.voustensports.com\/fr\/valenza-polo-vert-41651\/#primaryimage\"},\"image\":{\"@id\":\"https:\/\/www.voustensports.com\/fr\/valenza-polo-vert-41651\/#primaryimage\"},\"thumbnailUrl\":\"https:\/\/www.voustensports.com\/wp-content\/uploads\/2023\/06\/Poloshirt-groen-416511.jpg\",\"datePublished\":\"2025-08-20T00:03:47+00:00\",\"dateModified\":\"2026-02-05T11:38:11+00:00\",\"breadcrumb\":{\"@id\":\"https:\/\/www.voustensports.com\/fr\/valenza-polo-vert-41651\/#breadcrumb\"},\"inLanguage\":\"fr-FR\",\"potentialAction\":[{\"@type\":\"ReadAction\",\"target\":[\"https:\/\/www.voustensports.com\/fr\/valenza-polo-vert-41651\/\"]}]},{\"@type\":\"ImageObject\",\"inLanguage\":\"fr-FR\",\"@id\":\"https:\/\/www.voustensports.com\/fr\/valenza-polo-vert-41651\/#primaryimage\",\"url\":\"https:\/\/www.voustensports.com\/wp-content\/uploads\/2023\/06\/Poloshirt-groen-416511.jpg\",\"contentUrl\":\"https:\/\/www.voustensports.com\/wp-content\/uploads\/2023\/06\/Poloshirt-groen-416511.jpg\",\"width\":2048,\"height\":2048},{\"@type\":\"BreadcrumbList\",\"@id\":\"https:\/\/www.voustensports.com\/fr\/valenza-polo-vert-41651\/#breadcrumb\",\"itemListElement\":[{\"@type\":\"ListItem\",\"position\":1,\"name\":\"Home\",\"item\":\"https:\/\/www.voustensports.com\/fr\/\"},{\"@type\":\"ListItem\",\"position\":2,\"name\":\"Boutique\",\"item\":\"https:\/\/www.voustensports.com\/fr\/shop\/\"},{\"@type\":\"ListItem\",\"position\":3,\"name\":\"VALENZA &#8211; Polo vert (41651)\"}]},{\"@type\":\"WebSite\",\"@id\":\"https:\/\/www.voustensports.com\/nl\/#website\",\"url\":\"https:\/\/www.voustensports.com\/nl\/\",\"name\":\"Vousten Sports\",\"description\":\"\",\"potentialAction\":[{\"@type\":\"SearchAction\",\"target\":{\"@type\":\"EntryPoint\",\"urlTemplate\":\"https:\/\/www.voustensports.com\/nl\/?s={search_term_string}\"},\"query-input\":{\"@type\":\"PropertyValueSpecification\",\"valueRequired\":true,\"valueName\":\"search_term_string\"}}],\"inLanguage\":\"fr-FR\"}]}<\/script>\n<!-- \/ Yoast SEO plugin. -->","yoast_head_json":{"title":"VALENZA - Polo vert (41651) - Vousten Sports","robots":{"index":"index","follow":"follow","max-snippet":"max-snippet:-1","max-image-preview":"max-image-preview:large","max-video-preview":"max-video-preview:-1"},"canonical":"https:\/\/www.voustensports.com\/fr\/valenza-polo-vert-41651\/","og_locale":"fr_FR","og_type":"article","og_title":"VALENZA - Polo vert (41651) - Vousten Sports","og_description":"Informations produit : Polo coupe ajust\u00e9e Manches courtes Polo col Schiller (une pi\u00e8ce) Informations mati\u00e8re : Tissu : Coton interlock Supima Fabriqu\u00e9 en Italie Composition : 100 % coton Poids : 190 g\/m\u00b2 Boutons : Trocas nacr\u00e9s Fabriqu\u00e9 en Italie Composition : 100 % nacre \u00c9paisseur : 3 mm Ligne : 18 \u00c9tiquettes et \u00e9tiquettes [...]","og_url":"https:\/\/www.voustensports.com\/fr\/valenza-polo-vert-41651\/","og_site_name":"Vousten Sports","article_modified_time":"2026-02-05T11:38:11+00:00","og_image":[{"width":2048,"height":2048,"url":"https:\/\/www.voustensports.com\/wp-content\/uploads\/2023\/06\/Poloshirt-groen-416511.jpg","type":"image\/jpeg"}],"twitter_card":"summary_large_image","schema":{"@context":"https:\/\/schema.org","@graph":[{"@type":"WebPage","@id":"https:\/\/www.voustensports.com\/fr\/valenza-polo-vert-41651\/","url":"https:\/\/www.voustensports.com\/fr\/valenza-polo-vert-41651\/","name":"VALENZA - Polo vert (41651) - Vousten Sports","isPartOf":{"@id":"https:\/\/www.voustensports.com\/nl\/#website"},"primaryImageOfPage":{"@id":"https:\/\/www.voustensports.com\/fr\/valenza-polo-vert-41651\/#primaryimage"},"image":{"@id":"https:\/\/www.voustensports.com\/fr\/valenza-polo-vert-41651\/#primaryimage"},"thumbnailUrl":"https:\/\/www.voustensports.com\/wp-content\/uploads\/2023\/06\/Poloshirt-groen-416511.jpg","datePublished":"2025-08-20T00:03:47+00:00","dateModified":"2026-02-05T11:38:11+00:00","breadcrumb":{"@id":"https:\/\/www.voustensports.com\/fr\/valenza-polo-vert-41651\/#breadcrumb"},"inLanguage":"fr-FR","potentialAction":[{"@type":"ReadAction","target":["https:\/\/www.voustensports.com\/fr\/valenza-polo-vert-41651\/"]}]},{"@type":"ImageObject","inLanguage":"fr-FR","@id":"https:\/\/www.voustensports.com\/fr\/valenza-polo-vert-41651\/#primaryimage","url":"https:\/\/www.voustensports.com\/wp-content\/uploads\/2023\/06\/Poloshirt-groen-416511.jpg","contentUrl":"https:\/\/www.voustensports.com\/wp-content\/uploads\/2023\/06\/Poloshirt-groen-416511.jpg","width":2048,"height":2048},{"@type":"BreadcrumbList","@id":"https:\/\/www.voustensports.com\/fr\/valenza-polo-vert-41651\/#breadcrumb","itemListElement":[{"@type":"ListItem","position":1,"name":"Home","item":"https:\/\/www.voustensports.com\/fr\/"},{"@type":"ListItem","position":2,"name":"Boutique","item":"https:\/\/www.voustensports.com\/fr\/shop\/"},{"@type":"ListItem","position":3,"name":"VALENZA &#8211; Polo vert (41651)"}]},{"@type":"WebSite","@id":"https:\/\/www.voustensports.com\/nl\/#website","url":"https:\/\/www.voustensports.com\/nl\/","name":"Vousten Sports","description":"","potentialAction":[{"@type":"SearchAction","target":{"@type":"EntryPoint","urlTemplate":"https:\/\/www.voustensports.com\/nl\/?s={search_term_string}"},"query-input":{"@type":"PropertyValueSpecification","valueRequired":true,"valueName":"search_term_string"}}],"inLanguage":"fr-FR"}]}},"_links":{"self":[{"href":"https:\/\/www.voustensports.com\/fr\/wp-json\/wp\/v2\/product\/207323","targetHints":{"allow":["GET"]}}],"collection":[{"href":"https:\/\/www.voustensports.com\/fr\/wp-json\/wp\/v2\/product"}],"about":[{"href":"https:\/\/www.voustensports.com\/fr\/wp-json\/wp\/v2\/types\/product"}],"replies":[{"embeddable":true,"href":"https:\/\/www.voustensports.com\/fr\/wp-json\/wp\/v2\/comments?post=207323"}],"wp:featuredmedia":[{"embeddable":true,"href":"https:\/\/www.voustensports.com\/fr\/wp-json\/wp\/v2\/media\/207307"}],"wp:attachment":[{"href":"https:\/\/www.voustensports.com\/fr\/wp-json\/wp\/v2\/media?parent=207323"}],"wp:term":[{"taxonomy":"product_cat","embeddable":true,"href":"https:\/\/www.voustensports.com\/fr\/wp-json\/wp\/v2\/product_cat?post=207323"},{"taxonomy":"product_tag","embeddable":true,"href":"https:\/\/www.voustensports.com\/fr\/wp-json\/wp\/v2\/product_tag?post=207323"}],"curies":[{"name":"wp","href":"https:\/\/api.w.org\/{rel}","templated":true}]}}