{"id":205570,"date":"2025-07-16T10:42:25","date_gmt":"2025-07-16T08:42:25","guid":{"rendered":"https:\/\/www.voustensports.com\/stone-island-pull-en-maille-a-demi-zip-sable-41436\/"},"modified":"2026-02-05T12:34:11","modified_gmt":"2026-02-05T11:34:11","slug":"stone-island-pull-en-maille-a-demi-zip-sable-41436","status":"publish","type":"product","link":"https:\/\/www.voustensports.com\/fr\/stone-island-pull-en-maille-a-demi-zip-sable-41436\/","title":{"rendered":"STONE ISLAND &#8211; PULL EN MAILLE \u00c0 DEMI ZIP SABLE (41436)"},"content":{"rendered":"<div>D\u00c9TAILS PRODUIT<\/div>\n<div>Pull en maille \u00e0 demi-zip en m\u00e9lange de laine d&rsquo;agneau et de nylon. Point jersey. Jauge 7.<\/div>\n<div><\/div>\n<div>STYLE<\/div>\n<ul>\n<li>Col montant c\u00f4tel\u00e9 avec bordure int\u00e9rieure en feutre et fermeture zipp\u00e9e sous patte boutonn\u00e9e doubl\u00e9e de feutre.<\/li>\n<li>Bande de propret\u00e9 aux \u00e9paules et aux emmanchures.<\/li>\n<li>Badge Stone Island sur la manche gauche. Poignets et bas c\u00f4tel\u00e9s.<\/li>\n<li>Coupe standard.<\/li>\n<\/ul>\n<div><\/div>\n<div>COMPOSITION<\/div>\n<ul>\n<li>80 % laine, 20 % polyamide \/ nylon<\/li>\n<li>R\u00e9f\u00e9rence Stone Island : 5100040 009A<\/li>\n<li>R\u00e9f\u00e9rence : 41436<\/li>\n<\/ul>\n","protected":false},"excerpt":{"rendered":"<p>D\u00c9TAILS PRODUIT Pull en maille \u00e0 demi-zip en m\u00e9lange de laine d&rsquo;agneau et de nylon. Point jersey. Jauge 7. STYLE Col montant c\u00f4tel\u00e9 avec bordure int\u00e9rieure en feutre et fermeture zipp\u00e9e sous patte boutonn\u00e9e doubl\u00e9e de feutre. Bande de propret\u00e9 aux \u00e9paules et aux emmanchures. Badge Stone Island sur la manche gauche. Poignets et bas [&#8230;]\n","protected":false},"featured_media":205558,"comment_status":"open","ping_status":"closed","template":"","meta":{"rank_math_lock_modified_date":false},"product_cat":[446,450,462,482,534,538,694,697],"product_tag":[],"class_list":{"0":"post-205570","1":"product","2":"type-product","3":"status-publish","4":"has-post-thumbnail","6":"product_cat-kleding-fr","7":"product_cat-heren-fr","8":"product_cat-vousten-sports-fr-2","9":"product_cat-stone-island-fr-2","10":"product_cat-truien-fr-2","11":"product_cat-knitwear-fr","12":"product_cat-truien-vesten-fr-2","13":"product_cat-sweaters-fr-2","15":"first","16":"instock","17":"taxable","18":"shipping-taxable","19":"purchasable","20":"product-type-variable"},"acf":[],"yoast_head":"<!-- This site is optimized with the Yoast SEO plugin v23.9 - https:\/\/yoast.com\/wordpress\/plugins\/seo\/ -->\n<title>STONE ISLAND - PULL EN MAILLE \u00c0 DEMI ZIP SABLE (41436) - Vousten Sports<\/title>\n<meta name=\"robots\" content=\"index, follow, max-snippet:-1, max-image-preview:large, max-video-preview:-1\" \/>\n<link rel=\"canonical\" href=\"https:\/\/www.voustensports.com\/fr\/stone-island-pull-en-maille-a-demi-zip-sable-41436\/\" \/>\n<meta property=\"og:locale\" content=\"fr_FR\" \/>\n<meta property=\"og:type\" content=\"article\" \/>\n<meta property=\"og:title\" content=\"STONE ISLAND - PULL EN MAILLE \u00c0 DEMI ZIP SABLE (41436) - Vousten Sports\" \/>\n<meta property=\"og:description\" content=\"D\u00c9TAILS PRODUIT Pull en maille \u00e0 demi-zip en m\u00e9lange de laine d&rsquo;agneau et de nylon. Point jersey. Jauge 7. STYLE Col montant c\u00f4tel\u00e9 avec bordure int\u00e9rieure en feutre et fermeture zipp\u00e9e sous patte boutonn\u00e9e doubl\u00e9e de feutre. Bande de propret\u00e9 aux \u00e9paules et aux emmanchures. Badge Stone Island sur la manche gauche. Poignets et bas [...]\" \/>\n<meta property=\"og:url\" content=\"https:\/\/www.voustensports.com\/fr\/stone-island-pull-en-maille-a-demi-zip-sable-41436\/\" \/>\n<meta property=\"og:site_name\" content=\"Vousten Sports\" \/>\n<meta property=\"article:modified_time\" content=\"2026-02-05T11:34:11+00:00\" \/>\n<meta property=\"og:image\" content=\"https:\/\/www.voustensports.com\/wp-content\/uploads\/2023\/06\/HALF-ZIP-JUMPER-ZAND-414361.jpg\" \/>\n\t<meta property=\"og:image:width\" content=\"1365\" \/>\n\t<meta property=\"og:image:height\" content=\"2048\" \/>\n\t<meta property=\"og:image:type\" content=\"image\/jpeg\" \/>\n<meta name=\"twitter:card\" content=\"summary_large_image\" \/>\n<script type=\"application\/ld+json\" class=\"yoast-schema-graph\">{\"@context\":\"https:\/\/schema.org\",\"@graph\":[{\"@type\":\"WebPage\",\"@id\":\"https:\/\/www.voustensports.com\/fr\/stone-island-pull-en-maille-a-demi-zip-sable-41436\/\",\"url\":\"https:\/\/www.voustensports.com\/fr\/stone-island-pull-en-maille-a-demi-zip-sable-41436\/\",\"name\":\"STONE ISLAND - PULL EN MAILLE \u00c0 DEMI ZIP SABLE (41436) - Vousten Sports\",\"isPartOf\":{\"@id\":\"https:\/\/www.voustensports.com\/nl\/#website\"},\"primaryImageOfPage\":{\"@id\":\"https:\/\/www.voustensports.com\/fr\/stone-island-pull-en-maille-a-demi-zip-sable-41436\/#primaryimage\"},\"image\":{\"@id\":\"https:\/\/www.voustensports.com\/fr\/stone-island-pull-en-maille-a-demi-zip-sable-41436\/#primaryimage\"},\"thumbnailUrl\":\"https:\/\/www.voustensports.com\/wp-content\/uploads\/2023\/06\/HALF-ZIP-JUMPER-ZAND-414361.jpg\",\"datePublished\":\"2025-07-16T08:42:25+00:00\",\"dateModified\":\"2026-02-05T11:34:11+00:00\",\"breadcrumb\":{\"@id\":\"https:\/\/www.voustensports.com\/fr\/stone-island-pull-en-maille-a-demi-zip-sable-41436\/#breadcrumb\"},\"inLanguage\":\"fr-FR\",\"potentialAction\":[{\"@type\":\"ReadAction\",\"target\":[\"https:\/\/www.voustensports.com\/fr\/stone-island-pull-en-maille-a-demi-zip-sable-41436\/\"]}]},{\"@type\":\"ImageObject\",\"inLanguage\":\"fr-FR\",\"@id\":\"https:\/\/www.voustensports.com\/fr\/stone-island-pull-en-maille-a-demi-zip-sable-41436\/#primaryimage\",\"url\":\"https:\/\/www.voustensports.com\/wp-content\/uploads\/2023\/06\/HALF-ZIP-JUMPER-ZAND-414361.jpg\",\"contentUrl\":\"https:\/\/www.voustensports.com\/wp-content\/uploads\/2023\/06\/HALF-ZIP-JUMPER-ZAND-414361.jpg\",\"width\":1365,\"height\":2048},{\"@type\":\"BreadcrumbList\",\"@id\":\"https:\/\/www.voustensports.com\/fr\/stone-island-pull-en-maille-a-demi-zip-sable-41436\/#breadcrumb\",\"itemListElement\":[{\"@type\":\"ListItem\",\"position\":1,\"name\":\"Home\",\"item\":\"https:\/\/www.voustensports.com\/fr\/\"},{\"@type\":\"ListItem\",\"position\":2,\"name\":\"Boutique\",\"item\":\"https:\/\/www.voustensports.com\/fr\/shop\/\"},{\"@type\":\"ListItem\",\"position\":3,\"name\":\"STONE ISLAND &#8211; PULL EN MAILLE \u00c0 DEMI ZIP SABLE (41436)\"}]},{\"@type\":\"WebSite\",\"@id\":\"https:\/\/www.voustensports.com\/nl\/#website\",\"url\":\"https:\/\/www.voustensports.com\/nl\/\",\"name\":\"Vousten Sports\",\"description\":\"\",\"potentialAction\":[{\"@type\":\"SearchAction\",\"target\":{\"@type\":\"EntryPoint\",\"urlTemplate\":\"https:\/\/www.voustensports.com\/nl\/?s={search_term_string}\"},\"query-input\":{\"@type\":\"PropertyValueSpecification\",\"valueRequired\":true,\"valueName\":\"search_term_string\"}}],\"inLanguage\":\"fr-FR\"}]}<\/script>\n<!-- \/ Yoast SEO plugin. -->","yoast_head_json":{"title":"STONE ISLAND - PULL EN MAILLE \u00c0 DEMI ZIP SABLE (41436) - Vousten Sports","robots":{"index":"index","follow":"follow","max-snippet":"max-snippet:-1","max-image-preview":"max-image-preview:large","max-video-preview":"max-video-preview:-1"},"canonical":"https:\/\/www.voustensports.com\/fr\/stone-island-pull-en-maille-a-demi-zip-sable-41436\/","og_locale":"fr_FR","og_type":"article","og_title":"STONE ISLAND - PULL EN MAILLE \u00c0 DEMI ZIP SABLE (41436) - Vousten Sports","og_description":"D\u00c9TAILS PRODUIT Pull en maille \u00e0 demi-zip en m\u00e9lange de laine d&rsquo;agneau et de nylon. Point jersey. Jauge 7. STYLE Col montant c\u00f4tel\u00e9 avec bordure int\u00e9rieure en feutre et fermeture zipp\u00e9e sous patte boutonn\u00e9e doubl\u00e9e de feutre. Bande de propret\u00e9 aux \u00e9paules et aux emmanchures. Badge Stone Island sur la manche gauche. Poignets et bas [...]","og_url":"https:\/\/www.voustensports.com\/fr\/stone-island-pull-en-maille-a-demi-zip-sable-41436\/","og_site_name":"Vousten Sports","article_modified_time":"2026-02-05T11:34:11+00:00","og_image":[{"width":1365,"height":2048,"url":"https:\/\/www.voustensports.com\/wp-content\/uploads\/2023\/06\/HALF-ZIP-JUMPER-ZAND-414361.jpg","type":"image\/jpeg"}],"twitter_card":"summary_large_image","schema":{"@context":"https:\/\/schema.org","@graph":[{"@type":"WebPage","@id":"https:\/\/www.voustensports.com\/fr\/stone-island-pull-en-maille-a-demi-zip-sable-41436\/","url":"https:\/\/www.voustensports.com\/fr\/stone-island-pull-en-maille-a-demi-zip-sable-41436\/","name":"STONE ISLAND - PULL EN MAILLE \u00c0 DEMI ZIP SABLE (41436) - Vousten Sports","isPartOf":{"@id":"https:\/\/www.voustensports.com\/nl\/#website"},"primaryImageOfPage":{"@id":"https:\/\/www.voustensports.com\/fr\/stone-island-pull-en-maille-a-demi-zip-sable-41436\/#primaryimage"},"image":{"@id":"https:\/\/www.voustensports.com\/fr\/stone-island-pull-en-maille-a-demi-zip-sable-41436\/#primaryimage"},"thumbnailUrl":"https:\/\/www.voustensports.com\/wp-content\/uploads\/2023\/06\/HALF-ZIP-JUMPER-ZAND-414361.jpg","datePublished":"2025-07-16T08:42:25+00:00","dateModified":"2026-02-05T11:34:11+00:00","breadcrumb":{"@id":"https:\/\/www.voustensports.com\/fr\/stone-island-pull-en-maille-a-demi-zip-sable-41436\/#breadcrumb"},"inLanguage":"fr-FR","potentialAction":[{"@type":"ReadAction","target":["https:\/\/www.voustensports.com\/fr\/stone-island-pull-en-maille-a-demi-zip-sable-41436\/"]}]},{"@type":"ImageObject","inLanguage":"fr-FR","@id":"https:\/\/www.voustensports.com\/fr\/stone-island-pull-en-maille-a-demi-zip-sable-41436\/#primaryimage","url":"https:\/\/www.voustensports.com\/wp-content\/uploads\/2023\/06\/HALF-ZIP-JUMPER-ZAND-414361.jpg","contentUrl":"https:\/\/www.voustensports.com\/wp-content\/uploads\/2023\/06\/HALF-ZIP-JUMPER-ZAND-414361.jpg","width":1365,"height":2048},{"@type":"BreadcrumbList","@id":"https:\/\/www.voustensports.com\/fr\/stone-island-pull-en-maille-a-demi-zip-sable-41436\/#breadcrumb","itemListElement":[{"@type":"ListItem","position":1,"name":"Home","item":"https:\/\/www.voustensports.com\/fr\/"},{"@type":"ListItem","position":2,"name":"Boutique","item":"https:\/\/www.voustensports.com\/fr\/shop\/"},{"@type":"ListItem","position":3,"name":"STONE ISLAND &#8211; PULL EN MAILLE \u00c0 DEMI ZIP SABLE (41436)"}]},{"@type":"WebSite","@id":"https:\/\/www.voustensports.com\/nl\/#website","url":"https:\/\/www.voustensports.com\/nl\/","name":"Vousten Sports","description":"","potentialAction":[{"@type":"SearchAction","target":{"@type":"EntryPoint","urlTemplate":"https:\/\/www.voustensports.com\/nl\/?s={search_term_string}"},"query-input":{"@type":"PropertyValueSpecification","valueRequired":true,"valueName":"search_term_string"}}],"inLanguage":"fr-FR"}]}},"_links":{"self":[{"href":"https:\/\/www.voustensports.com\/fr\/wp-json\/wp\/v2\/product\/205570","targetHints":{"allow":["GET"]}}],"collection":[{"href":"https:\/\/www.voustensports.com\/fr\/wp-json\/wp\/v2\/product"}],"about":[{"href":"https:\/\/www.voustensports.com\/fr\/wp-json\/wp\/v2\/types\/product"}],"replies":[{"embeddable":true,"href":"https:\/\/www.voustensports.com\/fr\/wp-json\/wp\/v2\/comments?post=205570"}],"wp:featuredmedia":[{"embeddable":true,"href":"https:\/\/www.voustensports.com\/fr\/wp-json\/wp\/v2\/media\/205558"}],"wp:attachment":[{"href":"https:\/\/www.voustensports.com\/fr\/wp-json\/wp\/v2\/media?parent=205570"}],"wp:term":[{"taxonomy":"product_cat","embeddable":true,"href":"https:\/\/www.voustensports.com\/fr\/wp-json\/wp\/v2\/product_cat?post=205570"},{"taxonomy":"product_tag","embeddable":true,"href":"https:\/\/www.voustensports.com\/fr\/wp-json\/wp\/v2\/product_tag?post=205570"}],"curies":[{"name":"wp","href":"https:\/\/api.w.org\/{rel}","templated":true}]}}