{"id":205408,"date":"2025-07-13T02:27:19","date_gmt":"2025-07-13T00:27:19","guid":{"rendered":"https:\/\/www.voustensports.com\/stone-island-veste-doudoune-beige-41422\/"},"modified":"2026-02-05T12:33:50","modified_gmt":"2026-02-05T11:33:50","slug":"stone-island-veste-doudoune-beige-41422","status":"publish","type":"product","link":"https:\/\/www.voustensports.com\/fr\/stone-island-veste-doudoune-beige-41422\/","title":{"rendered":"STONE ISLAND &#8211; VESTE DOUDOUNE BEIGE (41422)"},"content":{"rendered":"<div>D\u00c9TAILS PRODUIT<\/div>\n<div>Veste matelass\u00e9e en reps de nylon recycl\u00e9 l\u00e9ger au tissage ultra-serr\u00e9. L&rsquo;enduction de sa face int\u00e9rieure en r\u00e9sine la rend coupe-vent et l\u00e9g\u00e8rement imperm\u00e9able. Ce traitement \u00e0 la r\u00e9sine entra\u00eene une p\u00e9n\u00e9tration irr\u00e9guli\u00e8re de la couleur, donnant un aspect froiss\u00e9 \u00e0 la surface. Rembourr\u00e9e en PrimaLoft\u00ae-TC, un m\u00e9lange exclusif de fibres isolantes haute performance, recycl\u00e9es \u00e0 70 %, con\u00e7u avec Stone Island pour la teinture en pi\u00e8ce. Teinte en pi\u00e8ce avec ajout d&rsquo;un agent d\u00e9perlant sp\u00e9cial.<\/div>\n<div><\/div>\n<div>STYLE<\/div>\n<ul>\n<li>Capuche avec cordon de serrage int\u00e9rieur fixe pour un ajustement optimal et une coupe horizontale.<\/li>\n<li>Poches repose-mains plaqu\u00e9es verticales avec fermeture \u00e9clair dissimul\u00e9e.<\/li>\n<li>Une poche int\u00e9rieure boutonn\u00e9e.<\/li>\n<li>Badge Stone Island sur la manche gauche.<\/li>\n<li>Poignets et bas c\u00f4tel\u00e9s \u00e9lastiqu\u00e9s.<\/li>\n<li>Fermeture \u00e9clair dissimul\u00e9e \u00e0 double curseur.<\/li>\n<\/ul>\n<div>COMPOSITION<\/div>\n<ul>\n<li>V\u00eatement : 100 % polyamide \/ nylon. Enduction : 100 % r\u00e9sine polyur\u00e9thane.<\/li>\n<li>Bord-c\u00f4te : 95 % polyamide \/ nylon, 5 % \u00e9lasthanne \/ \u00e9lasthanne.<\/li>\n<li>Doublure : 100 % polyamide \/ nylon. Doublure de la capuche : 100 % polyamide \/ nylon. Rembourrage : 100 % polyester.<\/li>\n<li>R\u00e9f\u00e9rence Stone Island : 4100013 0093<\/li>\n<li>R\u00e9f\u00e9rence : 41422<\/li>\n<\/ul>\n","protected":false},"excerpt":{"rendered":"<p>D\u00c9TAILS PRODUIT Veste matelass\u00e9e en reps de nylon recycl\u00e9 l\u00e9ger au tissage ultra-serr\u00e9. L&rsquo;enduction de sa face int\u00e9rieure en r\u00e9sine la rend coupe-vent et l\u00e9g\u00e8rement imperm\u00e9able. Ce traitement \u00e0 la r\u00e9sine entra\u00eene une p\u00e9n\u00e9tration irr\u00e9guli\u00e8re de la couleur, donnant un aspect froiss\u00e9 \u00e0 la surface. Rembourr\u00e9e en PrimaLoft\u00ae-TC, un m\u00e9lange exclusif de fibres isolantes haute [&#8230;]\n","protected":false},"featured_media":205396,"comment_status":"open","ping_status":"closed","template":"","meta":{"rank_math_lock_modified_date":false},"product_cat":[446,450,462,482,542,701,705],"product_tag":[],"class_list":{"0":"post-205408","1":"product","2":"type-product","3":"status-publish","4":"has-post-thumbnail","6":"product_cat-kleding-fr","7":"product_cat-heren-fr","8":"product_cat-vousten-sports-fr-2","9":"product_cat-stone-island-fr-2","10":"product_cat-jassen-fr","11":"product_cat-jackets-fr","12":"product_cat-jassen-jacks-fr","14":"first","15":"instock","16":"taxable","17":"shipping-taxable","18":"purchasable","19":"product-type-variable"},"acf":[],"yoast_head":"<!-- This site is optimized with the Yoast SEO plugin v23.9 - https:\/\/yoast.com\/wordpress\/plugins\/seo\/ -->\n<title>STONE ISLAND - VESTE DOUDOUNE BEIGE (41422) - Vousten Sports<\/title>\n<meta name=\"robots\" content=\"index, follow, max-snippet:-1, max-image-preview:large, max-video-preview:-1\" \/>\n<link rel=\"canonical\" href=\"https:\/\/www.voustensports.com\/fr\/stone-island-veste-doudoune-beige-41422\/\" \/>\n<meta property=\"og:locale\" content=\"fr_FR\" \/>\n<meta property=\"og:type\" content=\"article\" \/>\n<meta property=\"og:title\" content=\"STONE ISLAND - VESTE DOUDOUNE BEIGE (41422) - Vousten Sports\" \/>\n<meta property=\"og:description\" content=\"D\u00c9TAILS PRODUIT Veste matelass\u00e9e en reps de nylon recycl\u00e9 l\u00e9ger au tissage ultra-serr\u00e9. L&rsquo;enduction de sa face int\u00e9rieure en r\u00e9sine la rend coupe-vent et l\u00e9g\u00e8rement imperm\u00e9able. Ce traitement \u00e0 la r\u00e9sine entra\u00eene une p\u00e9n\u00e9tration irr\u00e9guli\u00e8re de la couleur, donnant un aspect froiss\u00e9 \u00e0 la surface. Rembourr\u00e9e en PrimaLoft\u00ae-TC, un m\u00e9lange exclusif de fibres isolantes haute [...]\" \/>\n<meta property=\"og:url\" content=\"https:\/\/www.voustensports.com\/fr\/stone-island-veste-doudoune-beige-41422\/\" \/>\n<meta property=\"og:site_name\" content=\"Vousten Sports\" \/>\n<meta property=\"article:modified_time\" content=\"2026-02-05T11:33:50+00:00\" \/>\n<meta property=\"og:image\" content=\"https:\/\/www.voustensports.com\/wp-content\/uploads\/2023\/06\/PEDDED-JACKET-BEIGE-414221-1.jpg\" \/>\n\t<meta property=\"og:image:width\" content=\"1365\" \/>\n\t<meta property=\"og:image:height\" content=\"2048\" \/>\n\t<meta property=\"og:image:type\" content=\"image\/jpeg\" \/>\n<meta name=\"twitter:card\" content=\"summary_large_image\" \/>\n<meta name=\"twitter:label1\" content=\"Est. reading time\" \/>\n\t<meta name=\"twitter:data1\" content=\"1 minute\" \/>\n<script type=\"application\/ld+json\" class=\"yoast-schema-graph\">{\"@context\":\"https:\/\/schema.org\",\"@graph\":[{\"@type\":\"WebPage\",\"@id\":\"https:\/\/www.voustensports.com\/fr\/stone-island-veste-doudoune-beige-41422\/\",\"url\":\"https:\/\/www.voustensports.com\/fr\/stone-island-veste-doudoune-beige-41422\/\",\"name\":\"STONE ISLAND - VESTE DOUDOUNE BEIGE (41422) - Vousten Sports\",\"isPartOf\":{\"@id\":\"https:\/\/www.voustensports.com\/nl\/#website\"},\"primaryImageOfPage\":{\"@id\":\"https:\/\/www.voustensports.com\/fr\/stone-island-veste-doudoune-beige-41422\/#primaryimage\"},\"image\":{\"@id\":\"https:\/\/www.voustensports.com\/fr\/stone-island-veste-doudoune-beige-41422\/#primaryimage\"},\"thumbnailUrl\":\"https:\/\/www.voustensports.com\/wp-content\/uploads\/2023\/06\/PEDDED-JACKET-BEIGE-414221-1.jpg\",\"datePublished\":\"2025-07-13T00:27:19+00:00\",\"dateModified\":\"2026-02-05T11:33:50+00:00\",\"breadcrumb\":{\"@id\":\"https:\/\/www.voustensports.com\/fr\/stone-island-veste-doudoune-beige-41422\/#breadcrumb\"},\"inLanguage\":\"fr-FR\",\"potentialAction\":[{\"@type\":\"ReadAction\",\"target\":[\"https:\/\/www.voustensports.com\/fr\/stone-island-veste-doudoune-beige-41422\/\"]}]},{\"@type\":\"ImageObject\",\"inLanguage\":\"fr-FR\",\"@id\":\"https:\/\/www.voustensports.com\/fr\/stone-island-veste-doudoune-beige-41422\/#primaryimage\",\"url\":\"https:\/\/www.voustensports.com\/wp-content\/uploads\/2023\/06\/PEDDED-JACKET-BEIGE-414221-1.jpg\",\"contentUrl\":\"https:\/\/www.voustensports.com\/wp-content\/uploads\/2023\/06\/PEDDED-JACKET-BEIGE-414221-1.jpg\",\"width\":1365,\"height\":2048},{\"@type\":\"BreadcrumbList\",\"@id\":\"https:\/\/www.voustensports.com\/fr\/stone-island-veste-doudoune-beige-41422\/#breadcrumb\",\"itemListElement\":[{\"@type\":\"ListItem\",\"position\":1,\"name\":\"Home\",\"item\":\"https:\/\/www.voustensports.com\/fr\/\"},{\"@type\":\"ListItem\",\"position\":2,\"name\":\"Boutique\",\"item\":\"https:\/\/www.voustensports.com\/fr\/shop\/\"},{\"@type\":\"ListItem\",\"position\":3,\"name\":\"STONE ISLAND &#8211; VESTE DOUDOUNE BEIGE (41422)\"}]},{\"@type\":\"WebSite\",\"@id\":\"https:\/\/www.voustensports.com\/nl\/#website\",\"url\":\"https:\/\/www.voustensports.com\/nl\/\",\"name\":\"Vousten Sports\",\"description\":\"\",\"potentialAction\":[{\"@type\":\"SearchAction\",\"target\":{\"@type\":\"EntryPoint\",\"urlTemplate\":\"https:\/\/www.voustensports.com\/nl\/?s={search_term_string}\"},\"query-input\":{\"@type\":\"PropertyValueSpecification\",\"valueRequired\":true,\"valueName\":\"search_term_string\"}}],\"inLanguage\":\"fr-FR\"}]}<\/script>\n<!-- \/ Yoast SEO plugin. -->","yoast_head_json":{"title":"STONE ISLAND - VESTE DOUDOUNE BEIGE (41422) - Vousten Sports","robots":{"index":"index","follow":"follow","max-snippet":"max-snippet:-1","max-image-preview":"max-image-preview:large","max-video-preview":"max-video-preview:-1"},"canonical":"https:\/\/www.voustensports.com\/fr\/stone-island-veste-doudoune-beige-41422\/","og_locale":"fr_FR","og_type":"article","og_title":"STONE ISLAND - VESTE DOUDOUNE BEIGE (41422) - Vousten Sports","og_description":"D\u00c9TAILS PRODUIT Veste matelass\u00e9e en reps de nylon recycl\u00e9 l\u00e9ger au tissage ultra-serr\u00e9. L&rsquo;enduction de sa face int\u00e9rieure en r\u00e9sine la rend coupe-vent et l\u00e9g\u00e8rement imperm\u00e9able. Ce traitement \u00e0 la r\u00e9sine entra\u00eene une p\u00e9n\u00e9tration irr\u00e9guli\u00e8re de la couleur, donnant un aspect froiss\u00e9 \u00e0 la surface. Rembourr\u00e9e en PrimaLoft\u00ae-TC, un m\u00e9lange exclusif de fibres isolantes haute [...]","og_url":"https:\/\/www.voustensports.com\/fr\/stone-island-veste-doudoune-beige-41422\/","og_site_name":"Vousten Sports","article_modified_time":"2026-02-05T11:33:50+00:00","og_image":[{"width":1365,"height":2048,"url":"https:\/\/www.voustensports.com\/wp-content\/uploads\/2023\/06\/PEDDED-JACKET-BEIGE-414221-1.jpg","type":"image\/jpeg"}],"twitter_card":"summary_large_image","twitter_misc":{"Est. reading time":"1 minute"},"schema":{"@context":"https:\/\/schema.org","@graph":[{"@type":"WebPage","@id":"https:\/\/www.voustensports.com\/fr\/stone-island-veste-doudoune-beige-41422\/","url":"https:\/\/www.voustensports.com\/fr\/stone-island-veste-doudoune-beige-41422\/","name":"STONE ISLAND - VESTE DOUDOUNE BEIGE (41422) - Vousten Sports","isPartOf":{"@id":"https:\/\/www.voustensports.com\/nl\/#website"},"primaryImageOfPage":{"@id":"https:\/\/www.voustensports.com\/fr\/stone-island-veste-doudoune-beige-41422\/#primaryimage"},"image":{"@id":"https:\/\/www.voustensports.com\/fr\/stone-island-veste-doudoune-beige-41422\/#primaryimage"},"thumbnailUrl":"https:\/\/www.voustensports.com\/wp-content\/uploads\/2023\/06\/PEDDED-JACKET-BEIGE-414221-1.jpg","datePublished":"2025-07-13T00:27:19+00:00","dateModified":"2026-02-05T11:33:50+00:00","breadcrumb":{"@id":"https:\/\/www.voustensports.com\/fr\/stone-island-veste-doudoune-beige-41422\/#breadcrumb"},"inLanguage":"fr-FR","potentialAction":[{"@type":"ReadAction","target":["https:\/\/www.voustensports.com\/fr\/stone-island-veste-doudoune-beige-41422\/"]}]},{"@type":"ImageObject","inLanguage":"fr-FR","@id":"https:\/\/www.voustensports.com\/fr\/stone-island-veste-doudoune-beige-41422\/#primaryimage","url":"https:\/\/www.voustensports.com\/wp-content\/uploads\/2023\/06\/PEDDED-JACKET-BEIGE-414221-1.jpg","contentUrl":"https:\/\/www.voustensports.com\/wp-content\/uploads\/2023\/06\/PEDDED-JACKET-BEIGE-414221-1.jpg","width":1365,"height":2048},{"@type":"BreadcrumbList","@id":"https:\/\/www.voustensports.com\/fr\/stone-island-veste-doudoune-beige-41422\/#breadcrumb","itemListElement":[{"@type":"ListItem","position":1,"name":"Home","item":"https:\/\/www.voustensports.com\/fr\/"},{"@type":"ListItem","position":2,"name":"Boutique","item":"https:\/\/www.voustensports.com\/fr\/shop\/"},{"@type":"ListItem","position":3,"name":"STONE ISLAND &#8211; VESTE DOUDOUNE BEIGE (41422)"}]},{"@type":"WebSite","@id":"https:\/\/www.voustensports.com\/nl\/#website","url":"https:\/\/www.voustensports.com\/nl\/","name":"Vousten Sports","description":"","potentialAction":[{"@type":"SearchAction","target":{"@type":"EntryPoint","urlTemplate":"https:\/\/www.voustensports.com\/nl\/?s={search_term_string}"},"query-input":{"@type":"PropertyValueSpecification","valueRequired":true,"valueName":"search_term_string"}}],"inLanguage":"fr-FR"}]}},"_links":{"self":[{"href":"https:\/\/www.voustensports.com\/fr\/wp-json\/wp\/v2\/product\/205408","targetHints":{"allow":["GET"]}}],"collection":[{"href":"https:\/\/www.voustensports.com\/fr\/wp-json\/wp\/v2\/product"}],"about":[{"href":"https:\/\/www.voustensports.com\/fr\/wp-json\/wp\/v2\/types\/product"}],"replies":[{"embeddable":true,"href":"https:\/\/www.voustensports.com\/fr\/wp-json\/wp\/v2\/comments?post=205408"}],"wp:featuredmedia":[{"embeddable":true,"href":"https:\/\/www.voustensports.com\/fr\/wp-json\/wp\/v2\/media\/205396"}],"wp:attachment":[{"href":"https:\/\/www.voustensports.com\/fr\/wp-json\/wp\/v2\/media?parent=205408"}],"wp:term":[{"taxonomy":"product_cat","embeddable":true,"href":"https:\/\/www.voustensports.com\/fr\/wp-json\/wp\/v2\/product_cat?post=205408"},{"taxonomy":"product_tag","embeddable":true,"href":"https:\/\/www.voustensports.com\/fr\/wp-json\/wp\/v2\/product_tag?post=205408"}],"curies":[{"name":"wp","href":"https:\/\/api.w.org\/{rel}","templated":true}]}}