{"id":205328,"date":"2025-07-12T17:48:27","date_gmt":"2025-07-12T15:48:27","guid":{"rendered":"https:\/\/www.voustensports.com\/stone-island-doudoune-sable-41447\/"},"modified":"2026-02-05T12:34:32","modified_gmt":"2026-02-05T11:34:32","slug":"stone-island-doudoune-sable-41447","status":"publish","type":"product","link":"https:\/\/www.voustensports.com\/fr\/stone-island-doudoune-sable-41447\/","title":{"rendered":"STONE ISLAND &#8211; DOUDOUNE SABLE (41447)"},"content":{"rendered":"<div>D\u00c9TAILS PRODUIT<\/div>\n<div>Doudoune en reps de nylon recycl\u00e9 l\u00e9ger au tissage ultra-serr\u00e9. L&rsquo;enduction de sa face int\u00e9rieure en r\u00e9sine la rend coupe-vent et l\u00e9g\u00e8rement imperm\u00e9able. En raison du traitement \u00e0 la r\u00e9sine, la couleur p\u00e9n\u00e8tre irr\u00e9guli\u00e8rement dans la mati\u00e8re, donnant un aspect froiss\u00e9 \u00e0 la surface.<\/div>\n<div>Cette pi\u00e8ce est rembourr\u00e9e de plumes de la plus haute qualit\u00e9, sp\u00e9cialement trait\u00e9es pour r\u00e9sister \u00e0 la teinture en pi\u00e8ce. Certifi\u00e9e RDS &#8211; Responsible Down Standard.<\/div>\n<div><\/div>\n<div>STYLE<\/div>\n<ul>\n<li>Col montant.<\/li>\n<li>Poches repose-mains en biais avec bouton-pression.<\/li>\n<li>Badge Stone Island sur la manche gauche.<\/li>\n<li>Poignets \u00e9lastiqu\u00e9s int\u00e9rieurs.<\/li>\n<li>Cordon de serrage int\u00e9rieur \u00e0 l&rsquo;ourlet du bas.<\/li>\n<li>Poche int\u00e9rieure avec bouton et logo Compass brod\u00e9.<\/li>\n<li>Fermeture zipp\u00e9e \u00e0 double curseur sous patte \u00e0 boutons-pression.<\/li>\n<\/ul>\n<div>COMPOSITION<\/div>\n<ul>\n<li>V\u00eatement : 100 % polyamide \/ nylon.<\/li>\n<li>Rev\u00eatement : 100 % r\u00e9sine polyur\u00e9thane.<\/li>\n<li>Doublure : 100 % polyamide \/ nylon.<\/li>\n<li>Garnissage : 100 % polyester.<\/li>\n<li>Garnissage : duvet de canard (minimum 80 % duvet), 80 % duvet de canard, 20 % plumes de canard. Contient des parties non textiles d\u2019origine animale.<\/li>\n<li>N\u00b0 Stone Island : 4100010 009A<\/li>\n<li>N\u00b0 d\u2019identification : 41447<\/li>\n<\/ul>\n","protected":false},"excerpt":{"rendered":"<p>D\u00c9TAILS PRODUIT Doudoune en reps de nylon recycl\u00e9 l\u00e9ger au tissage ultra-serr\u00e9. L&rsquo;enduction de sa face int\u00e9rieure en r\u00e9sine la rend coupe-vent et l\u00e9g\u00e8rement imperm\u00e9able. En raison du traitement \u00e0 la r\u00e9sine, la couleur p\u00e9n\u00e8tre irr\u00e9guli\u00e8rement dans la mati\u00e8re, donnant un aspect froiss\u00e9 \u00e0 la surface. Cette pi\u00e8ce est rembourr\u00e9e de plumes de la plus [&#8230;]\n","protected":false},"featured_media":213810,"comment_status":"open","ping_status":"closed","template":"","meta":{"rank_math_lock_modified_date":false},"product_cat":[446,450,462,482,542,701,705],"product_tag":[],"class_list":{"0":"post-205328","1":"product","2":"type-product","3":"status-publish","4":"has-post-thumbnail","6":"product_cat-kleding-fr","7":"product_cat-heren-fr","8":"product_cat-vousten-sports-fr-2","9":"product_cat-stone-island-fr-2","10":"product_cat-jassen-fr","11":"product_cat-jackets-fr","12":"product_cat-jassen-jacks-fr","14":"first","15":"instock","16":"taxable","17":"shipping-taxable","18":"purchasable","19":"product-type-variable"},"acf":[],"yoast_head":"<!-- This site is optimized with the Yoast SEO plugin v23.9 - https:\/\/yoast.com\/wordpress\/plugins\/seo\/ -->\n<title>STONE ISLAND - DOUDOUNE SABLE (41447) - Vousten Sports<\/title>\n<meta name=\"robots\" content=\"index, follow, max-snippet:-1, max-image-preview:large, max-video-preview:-1\" \/>\n<link rel=\"canonical\" href=\"https:\/\/www.voustensports.com\/fr\/stone-island-doudoune-sable-41447\/\" \/>\n<meta property=\"og:locale\" content=\"fr_FR\" \/>\n<meta property=\"og:type\" content=\"article\" \/>\n<meta property=\"og:title\" content=\"STONE ISLAND - DOUDOUNE SABLE (41447) - Vousten Sports\" \/>\n<meta property=\"og:description\" content=\"D\u00c9TAILS PRODUIT Doudoune en reps de nylon recycl\u00e9 l\u00e9ger au tissage ultra-serr\u00e9. L&rsquo;enduction de sa face int\u00e9rieure en r\u00e9sine la rend coupe-vent et l\u00e9g\u00e8rement imperm\u00e9able. En raison du traitement \u00e0 la r\u00e9sine, la couleur p\u00e9n\u00e8tre irr\u00e9guli\u00e8rement dans la mati\u00e8re, donnant un aspect froiss\u00e9 \u00e0 la surface. Cette pi\u00e8ce est rembourr\u00e9e de plumes de la plus [...]\" \/>\n<meta property=\"og:url\" content=\"https:\/\/www.voustensports.com\/fr\/stone-island-doudoune-sable-41447\/\" \/>\n<meta property=\"og:site_name\" content=\"Vousten Sports\" \/>\n<meta property=\"article:modified_time\" content=\"2026-02-05T11:34:32+00:00\" \/>\n<meta property=\"og:image\" content=\"https:\/\/www.voustensports.com\/wp-content\/uploads\/2023\/06\/DOWN-JACKET-ZAND-414471.png\" \/>\n\t<meta property=\"og:image:width\" content=\"1356\" \/>\n\t<meta property=\"og:image:height\" content=\"2048\" \/>\n\t<meta property=\"og:image:type\" content=\"image\/png\" \/>\n<meta name=\"twitter:card\" content=\"summary_large_image\" \/>\n<meta name=\"twitter:label1\" content=\"Est. reading time\" \/>\n\t<meta name=\"twitter:data1\" content=\"1 minute\" \/>\n<script type=\"application\/ld+json\" class=\"yoast-schema-graph\">{\"@context\":\"https:\/\/schema.org\",\"@graph\":[{\"@type\":\"WebPage\",\"@id\":\"https:\/\/www.voustensports.com\/fr\/stone-island-doudoune-sable-41447\/\",\"url\":\"https:\/\/www.voustensports.com\/fr\/stone-island-doudoune-sable-41447\/\",\"name\":\"STONE ISLAND - DOUDOUNE SABLE (41447) - Vousten Sports\",\"isPartOf\":{\"@id\":\"https:\/\/www.voustensports.com\/nl\/#website\"},\"primaryImageOfPage\":{\"@id\":\"https:\/\/www.voustensports.com\/fr\/stone-island-doudoune-sable-41447\/#primaryimage\"},\"image\":{\"@id\":\"https:\/\/www.voustensports.com\/fr\/stone-island-doudoune-sable-41447\/#primaryimage\"},\"thumbnailUrl\":\"https:\/\/www.voustensports.com\/wp-content\/uploads\/2023\/06\/DOWN-JACKET-ZAND-414471.jpg\",\"datePublished\":\"2025-07-12T15:48:27+00:00\",\"dateModified\":\"2026-02-05T11:34:32+00:00\",\"breadcrumb\":{\"@id\":\"https:\/\/www.voustensports.com\/fr\/stone-island-doudoune-sable-41447\/#breadcrumb\"},\"inLanguage\":\"fr-FR\",\"potentialAction\":[{\"@type\":\"ReadAction\",\"target\":[\"https:\/\/www.voustensports.com\/fr\/stone-island-doudoune-sable-41447\/\"]}]},{\"@type\":\"ImageObject\",\"inLanguage\":\"fr-FR\",\"@id\":\"https:\/\/www.voustensports.com\/fr\/stone-island-doudoune-sable-41447\/#primaryimage\",\"url\":\"https:\/\/www.voustensports.com\/wp-content\/uploads\/2023\/06\/DOWN-JACKET-ZAND-414471.jpg\",\"contentUrl\":\"https:\/\/www.voustensports.com\/wp-content\/uploads\/2023\/06\/DOWN-JACKET-ZAND-414471.jpg\",\"width\":1356,\"height\":2048},{\"@type\":\"BreadcrumbList\",\"@id\":\"https:\/\/www.voustensports.com\/fr\/stone-island-doudoune-sable-41447\/#breadcrumb\",\"itemListElement\":[{\"@type\":\"ListItem\",\"position\":1,\"name\":\"Home\",\"item\":\"https:\/\/www.voustensports.com\/fr\/\"},{\"@type\":\"ListItem\",\"position\":2,\"name\":\"Boutique\",\"item\":\"https:\/\/www.voustensports.com\/fr\/shop\/\"},{\"@type\":\"ListItem\",\"position\":3,\"name\":\"STONE ISLAND &#8211; DOUDOUNE SABLE (41447)\"}]},{\"@type\":\"WebSite\",\"@id\":\"https:\/\/www.voustensports.com\/nl\/#website\",\"url\":\"https:\/\/www.voustensports.com\/nl\/\",\"name\":\"Vousten Sports\",\"description\":\"\",\"potentialAction\":[{\"@type\":\"SearchAction\",\"target\":{\"@type\":\"EntryPoint\",\"urlTemplate\":\"https:\/\/www.voustensports.com\/nl\/?s={search_term_string}\"},\"query-input\":{\"@type\":\"PropertyValueSpecification\",\"valueRequired\":true,\"valueName\":\"search_term_string\"}}],\"inLanguage\":\"fr-FR\"}]}<\/script>\n<!-- \/ Yoast SEO plugin. -->","yoast_head_json":{"title":"STONE ISLAND - DOUDOUNE SABLE (41447) - Vousten Sports","robots":{"index":"index","follow":"follow","max-snippet":"max-snippet:-1","max-image-preview":"max-image-preview:large","max-video-preview":"max-video-preview:-1"},"canonical":"https:\/\/www.voustensports.com\/fr\/stone-island-doudoune-sable-41447\/","og_locale":"fr_FR","og_type":"article","og_title":"STONE ISLAND - DOUDOUNE SABLE (41447) - Vousten Sports","og_description":"D\u00c9TAILS PRODUIT Doudoune en reps de nylon recycl\u00e9 l\u00e9ger au tissage ultra-serr\u00e9. L&rsquo;enduction de sa face int\u00e9rieure en r\u00e9sine la rend coupe-vent et l\u00e9g\u00e8rement imperm\u00e9able. En raison du traitement \u00e0 la r\u00e9sine, la couleur p\u00e9n\u00e8tre irr\u00e9guli\u00e8rement dans la mati\u00e8re, donnant un aspect froiss\u00e9 \u00e0 la surface. Cette pi\u00e8ce est rembourr\u00e9e de plumes de la plus [...]","og_url":"https:\/\/www.voustensports.com\/fr\/stone-island-doudoune-sable-41447\/","og_site_name":"Vousten Sports","article_modified_time":"2026-02-05T11:34:32+00:00","og_image":[{"width":1356,"height":2048,"url":"https:\/\/www.voustensports.com\/wp-content\/uploads\/2023\/06\/DOWN-JACKET-ZAND-414471.png","type":"image\/png"}],"twitter_card":"summary_large_image","twitter_misc":{"Est. reading time":"1 minute"},"schema":{"@context":"https:\/\/schema.org","@graph":[{"@type":"WebPage","@id":"https:\/\/www.voustensports.com\/fr\/stone-island-doudoune-sable-41447\/","url":"https:\/\/www.voustensports.com\/fr\/stone-island-doudoune-sable-41447\/","name":"STONE ISLAND - DOUDOUNE SABLE (41447) - Vousten Sports","isPartOf":{"@id":"https:\/\/www.voustensports.com\/nl\/#website"},"primaryImageOfPage":{"@id":"https:\/\/www.voustensports.com\/fr\/stone-island-doudoune-sable-41447\/#primaryimage"},"image":{"@id":"https:\/\/www.voustensports.com\/fr\/stone-island-doudoune-sable-41447\/#primaryimage"},"thumbnailUrl":"https:\/\/www.voustensports.com\/wp-content\/uploads\/2023\/06\/DOWN-JACKET-ZAND-414471.jpg","datePublished":"2025-07-12T15:48:27+00:00","dateModified":"2026-02-05T11:34:32+00:00","breadcrumb":{"@id":"https:\/\/www.voustensports.com\/fr\/stone-island-doudoune-sable-41447\/#breadcrumb"},"inLanguage":"fr-FR","potentialAction":[{"@type":"ReadAction","target":["https:\/\/www.voustensports.com\/fr\/stone-island-doudoune-sable-41447\/"]}]},{"@type":"ImageObject","inLanguage":"fr-FR","@id":"https:\/\/www.voustensports.com\/fr\/stone-island-doudoune-sable-41447\/#primaryimage","url":"https:\/\/www.voustensports.com\/wp-content\/uploads\/2023\/06\/DOWN-JACKET-ZAND-414471.jpg","contentUrl":"https:\/\/www.voustensports.com\/wp-content\/uploads\/2023\/06\/DOWN-JACKET-ZAND-414471.jpg","width":1356,"height":2048},{"@type":"BreadcrumbList","@id":"https:\/\/www.voustensports.com\/fr\/stone-island-doudoune-sable-41447\/#breadcrumb","itemListElement":[{"@type":"ListItem","position":1,"name":"Home","item":"https:\/\/www.voustensports.com\/fr\/"},{"@type":"ListItem","position":2,"name":"Boutique","item":"https:\/\/www.voustensports.com\/fr\/shop\/"},{"@type":"ListItem","position":3,"name":"STONE ISLAND &#8211; DOUDOUNE SABLE (41447)"}]},{"@type":"WebSite","@id":"https:\/\/www.voustensports.com\/nl\/#website","url":"https:\/\/www.voustensports.com\/nl\/","name":"Vousten Sports","description":"","potentialAction":[{"@type":"SearchAction","target":{"@type":"EntryPoint","urlTemplate":"https:\/\/www.voustensports.com\/nl\/?s={search_term_string}"},"query-input":{"@type":"PropertyValueSpecification","valueRequired":true,"valueName":"search_term_string"}}],"inLanguage":"fr-FR"}]}},"_links":{"self":[{"href":"https:\/\/www.voustensports.com\/fr\/wp-json\/wp\/v2\/product\/205328","targetHints":{"allow":["GET"]}}],"collection":[{"href":"https:\/\/www.voustensports.com\/fr\/wp-json\/wp\/v2\/product"}],"about":[{"href":"https:\/\/www.voustensports.com\/fr\/wp-json\/wp\/v2\/types\/product"}],"replies":[{"embeddable":true,"href":"https:\/\/www.voustensports.com\/fr\/wp-json\/wp\/v2\/comments?post=205328"}],"wp:featuredmedia":[{"embeddable":true,"href":"https:\/\/www.voustensports.com\/fr\/wp-json\/wp\/v2\/media\/213810"}],"wp:attachment":[{"href":"https:\/\/www.voustensports.com\/fr\/wp-json\/wp\/v2\/media?parent=205328"}],"wp:term":[{"taxonomy":"product_cat","embeddable":true,"href":"https:\/\/www.voustensports.com\/fr\/wp-json\/wp\/v2\/product_cat?post=205328"},{"taxonomy":"product_tag","embeddable":true,"href":"https:\/\/www.voustensports.com\/fr\/wp-json\/wp\/v2\/product_tag?post=205328"}],"curies":[{"name":"wp","href":"https:\/\/api.w.org\/{rel}","templated":true}]}}