{"id":205288,"date":"2025-07-12T15:15:29","date_gmt":"2025-07-12T13:15:29","guid":{"rendered":"https:\/\/www.voustensports.com\/stone-island-polo-bleu-marine-41550\/"},"modified":"2026-04-07T04:21:04","modified_gmt":"2026-04-07T02:21:04","slug":"stone-island-polo-bleu-marine-41550","status":"publish","type":"product","link":"https:\/\/www.voustensports.com\/fr\/stone-island-polo-bleu-marine-41550\/","title":{"rendered":"STONE ISLAND &#8211; POLO BLEU MARINE (41550)"},"content":{"rendered":"<div>D\u00c9TAILS PRODUIT<\/div>\n<div>Polo \u00e0 manches courtes en piqu\u00e9 95 % coton biologique \/ 5 % \u00e9lasthanne.<\/div>\n<div><\/div>\n<div>STYLE<\/div>\n<ul>\n<li>Col c\u00f4tel\u00e9 avec deux bandes contrast\u00e9es parall\u00e8les et patte de boutonnage \u00e0 deux boutons.<\/li>\n<li>\u00c9cusson logo boussole Stone Island sur la poitrine.<\/li>\n<li>Poignets c\u00f4tel\u00e9s avec bandes contrast\u00e9es parall\u00e8les.<\/li>\n<li>Fentes lat\u00e9rales \u00e0 l&rsquo;ourlet avec bande ray\u00e9e \u00e0 l&rsquo;int\u00e9rieur.<\/li>\n<li>Coupe ajust\u00e9e.<\/li>\n<\/ul>\n<div>COMPOSITION<\/div>\n<ul>\n<li>V\u00eatement : 95 % coton \/ 5 % \u00e9lasthanne \/ \u00e9lasthanne.<\/li>\n<li>Bord-c\u00f4te du col : 97 % coton \/ 3 % polyester.<\/li>\n<li>Bord-c\u00f4te des poignets : 96 % coton \/ 4 % polyester<\/li>\n<li>R\u00e9f\u00e9rence Stone Island : 2200007 0020<\/li>\n<li>R\u00e9f\u00e9rence : 41550<\/li>\n<li>ID nr: 41550<\/li>\n<\/ul>\n","protected":false},"excerpt":{"rendered":"<p>D\u00c9TAILS PRODUIT Polo \u00e0 manches courtes en piqu\u00e9 95 % coton biologique \/ 5 % \u00e9lasthanne. STYLE Col c\u00f4tel\u00e9 avec deux bandes contrast\u00e9es parall\u00e8les et patte de boutonnage \u00e0 deux boutons. \u00c9cusson logo boussole Stone Island sur la poitrine. Poignets c\u00f4tel\u00e9s avec bandes contrast\u00e9es parall\u00e8les. Fentes lat\u00e9rales \u00e0 l&rsquo;ourlet avec bande ray\u00e9e \u00e0 l&rsquo;int\u00e9rieur. Coupe [&#8230;]\n","protected":false},"featured_media":205280,"comment_status":"open","ping_status":"closed","template":"","meta":{"rank_math_lock_modified_date":false},"product_cat":[446,450,462,478,482,486],"product_tag":[],"class_list":{"0":"post-205288","1":"product","2":"type-product","3":"status-publish","4":"has-post-thumbnail","6":"product_cat-kleding-fr","7":"product_cat-heren-fr","8":"product_cat-vousten-sports-fr-2","9":"product_cat-polos-fr-2","10":"product_cat-stone-island-fr-2","11":"product_cat-shirt-fr-2","13":"first","14":"instock","15":"taxable","16":"shipping-taxable","17":"purchasable","18":"product-type-variable"},"acf":[],"yoast_head":"<!-- This site is optimized with the Yoast SEO plugin v23.9 - https:\/\/yoast.com\/wordpress\/plugins\/seo\/ -->\n<title>STONE ISLAND - POLO BLEU MARINE (41550) - Vousten Sports<\/title>\n<meta name=\"robots\" content=\"index, follow, max-snippet:-1, max-image-preview:large, max-video-preview:-1\" \/>\n<link rel=\"canonical\" href=\"https:\/\/www.voustensports.com\/fr\/stone-island-polo-bleu-marine-41550\/\" \/>\n<meta property=\"og:locale\" content=\"fr_FR\" \/>\n<meta property=\"og:type\" content=\"article\" \/>\n<meta property=\"og:title\" content=\"STONE ISLAND - POLO BLEU MARINE (41550) - Vousten Sports\" \/>\n<meta property=\"og:description\" content=\"D\u00c9TAILS PRODUIT Polo \u00e0 manches courtes en piqu\u00e9 95 % coton biologique \/ 5 % \u00e9lasthanne. STYLE Col c\u00f4tel\u00e9 avec deux bandes contrast\u00e9es parall\u00e8les et patte de boutonnage \u00e0 deux boutons. \u00c9cusson logo boussole Stone Island sur la poitrine. Poignets c\u00f4tel\u00e9s avec bandes contrast\u00e9es parall\u00e8les. Fentes lat\u00e9rales \u00e0 l&rsquo;ourlet avec bande ray\u00e9e \u00e0 l&rsquo;int\u00e9rieur. Coupe [...]\" \/>\n<meta property=\"og:url\" content=\"https:\/\/www.voustensports.com\/fr\/stone-island-polo-bleu-marine-41550\/\" \/>\n<meta property=\"og:site_name\" content=\"Vousten Sports\" \/>\n<meta property=\"article:modified_time\" content=\"2026-04-07T02:21:04+00:00\" \/>\n<meta property=\"og:image\" content=\"https:\/\/www.voustensports.com\/wp-content\/uploads\/2023\/06\/POLOSHIRT-NAVY-415501.jpg\" \/>\n\t<meta property=\"og:image:width\" content=\"1365\" \/>\n\t<meta property=\"og:image:height\" content=\"2048\" \/>\n\t<meta property=\"og:image:type\" content=\"image\/jpeg\" \/>\n<meta name=\"twitter:card\" content=\"summary_large_image\" \/>\n<script type=\"application\/ld+json\" class=\"yoast-schema-graph\">{\"@context\":\"https:\/\/schema.org\",\"@graph\":[{\"@type\":\"WebPage\",\"@id\":\"https:\/\/www.voustensports.com\/fr\/stone-island-polo-bleu-marine-41550\/\",\"url\":\"https:\/\/www.voustensports.com\/fr\/stone-island-polo-bleu-marine-41550\/\",\"name\":\"STONE ISLAND - POLO BLEU MARINE (41550) - Vousten Sports\",\"isPartOf\":{\"@id\":\"https:\/\/www.voustensports.com\/nl\/#website\"},\"primaryImageOfPage\":{\"@id\":\"https:\/\/www.voustensports.com\/fr\/stone-island-polo-bleu-marine-41550\/#primaryimage\"},\"image\":{\"@id\":\"https:\/\/www.voustensports.com\/fr\/stone-island-polo-bleu-marine-41550\/#primaryimage\"},\"thumbnailUrl\":\"https:\/\/www.voustensports.com\/wp-content\/uploads\/2023\/06\/POLOSHIRT-NAVY-415501.jpg\",\"datePublished\":\"2025-07-12T13:15:29+00:00\",\"dateModified\":\"2026-04-07T02:21:04+00:00\",\"breadcrumb\":{\"@id\":\"https:\/\/www.voustensports.com\/fr\/stone-island-polo-bleu-marine-41550\/#breadcrumb\"},\"inLanguage\":\"fr-FR\",\"potentialAction\":[{\"@type\":\"ReadAction\",\"target\":[\"https:\/\/www.voustensports.com\/fr\/stone-island-polo-bleu-marine-41550\/\"]}]},{\"@type\":\"ImageObject\",\"inLanguage\":\"fr-FR\",\"@id\":\"https:\/\/www.voustensports.com\/fr\/stone-island-polo-bleu-marine-41550\/#primaryimage\",\"url\":\"https:\/\/www.voustensports.com\/wp-content\/uploads\/2023\/06\/POLOSHIRT-NAVY-415501.jpg\",\"contentUrl\":\"https:\/\/www.voustensports.com\/wp-content\/uploads\/2023\/06\/POLOSHIRT-NAVY-415501.jpg\",\"width\":1365,\"height\":2048},{\"@type\":\"BreadcrumbList\",\"@id\":\"https:\/\/www.voustensports.com\/fr\/stone-island-polo-bleu-marine-41550\/#breadcrumb\",\"itemListElement\":[{\"@type\":\"ListItem\",\"position\":1,\"name\":\"Home\",\"item\":\"https:\/\/www.voustensports.com\/fr\/\"},{\"@type\":\"ListItem\",\"position\":2,\"name\":\"Boutique\",\"item\":\"https:\/\/www.voustensports.com\/fr\/shop\/\"},{\"@type\":\"ListItem\",\"position\":3,\"name\":\"STONE ISLAND &#8211; POLO BLEU MARINE (41550)\"}]},{\"@type\":\"WebSite\",\"@id\":\"https:\/\/www.voustensports.com\/nl\/#website\",\"url\":\"https:\/\/www.voustensports.com\/nl\/\",\"name\":\"Vousten Sports\",\"description\":\"\",\"potentialAction\":[{\"@type\":\"SearchAction\",\"target\":{\"@type\":\"EntryPoint\",\"urlTemplate\":\"https:\/\/www.voustensports.com\/nl\/?s={search_term_string}\"},\"query-input\":{\"@type\":\"PropertyValueSpecification\",\"valueRequired\":true,\"valueName\":\"search_term_string\"}}],\"inLanguage\":\"fr-FR\"}]}<\/script>\n<!-- \/ Yoast SEO plugin. -->","yoast_head_json":{"title":"STONE ISLAND - POLO BLEU MARINE (41550) - Vousten Sports","robots":{"index":"index","follow":"follow","max-snippet":"max-snippet:-1","max-image-preview":"max-image-preview:large","max-video-preview":"max-video-preview:-1"},"canonical":"https:\/\/www.voustensports.com\/fr\/stone-island-polo-bleu-marine-41550\/","og_locale":"fr_FR","og_type":"article","og_title":"STONE ISLAND - POLO BLEU MARINE (41550) - Vousten Sports","og_description":"D\u00c9TAILS PRODUIT Polo \u00e0 manches courtes en piqu\u00e9 95 % coton biologique \/ 5 % \u00e9lasthanne. STYLE Col c\u00f4tel\u00e9 avec deux bandes contrast\u00e9es parall\u00e8les et patte de boutonnage \u00e0 deux boutons. \u00c9cusson logo boussole Stone Island sur la poitrine. Poignets c\u00f4tel\u00e9s avec bandes contrast\u00e9es parall\u00e8les. Fentes lat\u00e9rales \u00e0 l&rsquo;ourlet avec bande ray\u00e9e \u00e0 l&rsquo;int\u00e9rieur. Coupe [...]","og_url":"https:\/\/www.voustensports.com\/fr\/stone-island-polo-bleu-marine-41550\/","og_site_name":"Vousten Sports","article_modified_time":"2026-04-07T02:21:04+00:00","og_image":[{"width":1365,"height":2048,"url":"https:\/\/www.voustensports.com\/wp-content\/uploads\/2023\/06\/POLOSHIRT-NAVY-415501.jpg","type":"image\/jpeg"}],"twitter_card":"summary_large_image","schema":{"@context":"https:\/\/schema.org","@graph":[{"@type":"WebPage","@id":"https:\/\/www.voustensports.com\/fr\/stone-island-polo-bleu-marine-41550\/","url":"https:\/\/www.voustensports.com\/fr\/stone-island-polo-bleu-marine-41550\/","name":"STONE ISLAND - POLO BLEU MARINE (41550) - Vousten Sports","isPartOf":{"@id":"https:\/\/www.voustensports.com\/nl\/#website"},"primaryImageOfPage":{"@id":"https:\/\/www.voustensports.com\/fr\/stone-island-polo-bleu-marine-41550\/#primaryimage"},"image":{"@id":"https:\/\/www.voustensports.com\/fr\/stone-island-polo-bleu-marine-41550\/#primaryimage"},"thumbnailUrl":"https:\/\/www.voustensports.com\/wp-content\/uploads\/2023\/06\/POLOSHIRT-NAVY-415501.jpg","datePublished":"2025-07-12T13:15:29+00:00","dateModified":"2026-04-07T02:21:04+00:00","breadcrumb":{"@id":"https:\/\/www.voustensports.com\/fr\/stone-island-polo-bleu-marine-41550\/#breadcrumb"},"inLanguage":"fr-FR","potentialAction":[{"@type":"ReadAction","target":["https:\/\/www.voustensports.com\/fr\/stone-island-polo-bleu-marine-41550\/"]}]},{"@type":"ImageObject","inLanguage":"fr-FR","@id":"https:\/\/www.voustensports.com\/fr\/stone-island-polo-bleu-marine-41550\/#primaryimage","url":"https:\/\/www.voustensports.com\/wp-content\/uploads\/2023\/06\/POLOSHIRT-NAVY-415501.jpg","contentUrl":"https:\/\/www.voustensports.com\/wp-content\/uploads\/2023\/06\/POLOSHIRT-NAVY-415501.jpg","width":1365,"height":2048},{"@type":"BreadcrumbList","@id":"https:\/\/www.voustensports.com\/fr\/stone-island-polo-bleu-marine-41550\/#breadcrumb","itemListElement":[{"@type":"ListItem","position":1,"name":"Home","item":"https:\/\/www.voustensports.com\/fr\/"},{"@type":"ListItem","position":2,"name":"Boutique","item":"https:\/\/www.voustensports.com\/fr\/shop\/"},{"@type":"ListItem","position":3,"name":"STONE ISLAND &#8211; POLO BLEU MARINE (41550)"}]},{"@type":"WebSite","@id":"https:\/\/www.voustensports.com\/nl\/#website","url":"https:\/\/www.voustensports.com\/nl\/","name":"Vousten Sports","description":"","potentialAction":[{"@type":"SearchAction","target":{"@type":"EntryPoint","urlTemplate":"https:\/\/www.voustensports.com\/nl\/?s={search_term_string}"},"query-input":{"@type":"PropertyValueSpecification","valueRequired":true,"valueName":"search_term_string"}}],"inLanguage":"fr-FR"}]}},"_links":{"self":[{"href":"https:\/\/www.voustensports.com\/fr\/wp-json\/wp\/v2\/product\/205288","targetHints":{"allow":["GET"]}}],"collection":[{"href":"https:\/\/www.voustensports.com\/fr\/wp-json\/wp\/v2\/product"}],"about":[{"href":"https:\/\/www.voustensports.com\/fr\/wp-json\/wp\/v2\/types\/product"}],"replies":[{"embeddable":true,"href":"https:\/\/www.voustensports.com\/fr\/wp-json\/wp\/v2\/comments?post=205288"}],"wp:featuredmedia":[{"embeddable":true,"href":"https:\/\/www.voustensports.com\/fr\/wp-json\/wp\/v2\/media\/205280"}],"wp:attachment":[{"href":"https:\/\/www.voustensports.com\/fr\/wp-json\/wp\/v2\/media?parent=205288"}],"wp:term":[{"taxonomy":"product_cat","embeddable":true,"href":"https:\/\/www.voustensports.com\/fr\/wp-json\/wp\/v2\/product_cat?post=205288"},{"taxonomy":"product_tag","embeddable":true,"href":"https:\/\/www.voustensports.com\/fr\/wp-json\/wp\/v2\/product_tag?post=205288"}],"curies":[{"name":"wp","href":"https:\/\/api.w.org\/{rel}","templated":true}]}}