{"id":205056,"date":"2025-07-03T20:00:45","date_gmt":"2025-07-03T18:00:45","guid":{"rendered":"https:\/\/www.voustensports.com\/stone-island-bodywarmer-lead-gray-41425-2\/"},"modified":"2026-02-05T12:33:53","modified_gmt":"2026-02-05T11:33:53","slug":"stone-island-bodywarmer-lead-gray-41425-2","status":"publish","type":"product","link":"https:\/\/www.voustensports.com\/fr\/stone-island-bodywarmer-lead-gray-41425-2\/","title":{"rendered":"STONE ISLAND &#8211; BODYWARMER LEAD GRAY (41425)"},"content":{"rendered":"<p>D\u00c9TAILS DU PRODUIT<\/p>\n<p>Gilet en duvet fabriqu\u00e9 \u00e0 partir d&rsquo;un tissu monocouche l\u00e9ger en nylon extensible, utilisant une technique de tissage sp\u00e9ciale dans laquelle les compartiments de plumes sont cr\u00e9\u00e9s automatiquement directement \u00e0 partir du m\u00e9tier \u00e0 tisser. Les tunnels de plumes sans couture augmentent consid\u00e9rablement la capacit\u00e9 de charge du duvet. Le v\u00eatement fini est rempli par injection directe des plumes les plus fines, sp\u00e9cialement trait\u00e9es pour \u00e9viter la teinture. Teinture en fil avec ajout d&rsquo;un agent anti-goutte sp\u00e9cial. Certifi\u00e9 RDS (Responsible Down Standard).<\/p>\n<p>STYLE<\/p>\n<ul>\n<li>Col montant doubl\u00e9.<\/li>\n<li>Poches poitrine avec fermeture \u00e0 glissi\u00e8re invisible.<\/li>\n<li>Poches repose-mains avec fermeture \u00e0 glissi\u00e8re invisible.<\/li>\n<li>Insigne Stone Island en bas \u00e0 gauche.<\/li>\n<li>Bande \u00e9lastique aux emmanchures.<\/li>\n<li>Cordon de serrage \u00e0 l&rsquo;ourlet.<\/li>\n<li>Fermeture \u00e0 glissi\u00e8re double sens avec un bouton pression \u00e0 l&rsquo;int\u00e9rieur.<\/li>\n<\/ul>\n<p>COMPOSITION<\/p>\n<ul>\n<li>Ext\u00e9rieur : 86% polyamide \/ nylon 14% \u00e9lasthanne \/ spandex.<\/li>\n<li>Int\u00e9rieur : 86% polyamide \/ nylon 14% \u00e9lasthanne \/ spandex.<\/li>\n<li>Garnissage : Duvet de canard (minimum 90% duvet) 90% duvet de canard 10% plumes de canard.<\/li>\n<li>Contient des parties non textiles d&rsquo;origine animale.<\/li>\n<li>Stone Island no : G100004 006B<\/li>\n<li>ID no : 41425<\/li>\n<\/ul>\n","protected":false},"excerpt":{"rendered":"<p>D\u00c9TAILS DU PRODUIT Gilet en duvet fabriqu\u00e9 \u00e0 partir d&rsquo;un tissu monocouche l\u00e9ger en nylon extensible, utilisant une technique de tissage sp\u00e9ciale dans laquelle les compartiments de plumes sont cr\u00e9\u00e9s automatiquement directement \u00e0 partir du m\u00e9tier \u00e0 tisser. Les tunnels de plumes sans couture augmentent consid\u00e9rablement la capacit\u00e9 de charge du duvet. Le v\u00eatement fini [&#8230;]\n","protected":false},"featured_media":205520,"comment_status":"open","ping_status":"closed","template":"","meta":{"rank_math_lock_modified_date":false},"product_cat":[822,446,450,462,482,542,705,743],"product_tag":[],"class_list":{"0":"post-205056","1":"product","2":"type-product","3":"status-publish","4":"has-post-thumbnail","6":"product_cat-bodywarmer-fr","7":"product_cat-kleding-fr","8":"product_cat-heren-fr","9":"product_cat-vousten-sports-fr-2","10":"product_cat-stone-island-fr-2","11":"product_cat-jassen-fr","12":"product_cat-jassen-jacks-fr","13":"product_cat-bodywarmers-fr","15":"first","16":"instock","17":"taxable","18":"shipping-taxable","19":"purchasable","20":"product-type-variable"},"acf":[],"yoast_head":"<!-- This site is optimized with the Yoast SEO plugin v23.9 - https:\/\/yoast.com\/wordpress\/plugins\/seo\/ -->\n<title>STONE ISLAND - BODYWARMER LEAD GRAY (41425) - Vousten Sports<\/title>\n<meta name=\"robots\" content=\"index, follow, max-snippet:-1, max-image-preview:large, max-video-preview:-1\" \/>\n<link rel=\"canonical\" href=\"https:\/\/www.voustensports.com\/fr\/stone-island-bodywarmer-lead-gray-41425-2\/\" \/>\n<meta property=\"og:locale\" content=\"fr_FR\" \/>\n<meta property=\"og:type\" content=\"article\" \/>\n<meta property=\"og:title\" content=\"STONE ISLAND - BODYWARMER LEAD GRAY (41425) - Vousten Sports\" \/>\n<meta property=\"og:description\" content=\"D\u00c9TAILS DU PRODUIT Gilet en duvet fabriqu\u00e9 \u00e0 partir d&rsquo;un tissu monocouche l\u00e9ger en nylon extensible, utilisant une technique de tissage sp\u00e9ciale dans laquelle les compartiments de plumes sont cr\u00e9\u00e9s automatiquement directement \u00e0 partir du m\u00e9tier \u00e0 tisser. Les tunnels de plumes sans couture augmentent consid\u00e9rablement la capacit\u00e9 de charge du duvet. Le v\u00eatement fini [...]\" \/>\n<meta property=\"og:url\" content=\"https:\/\/www.voustensports.com\/fr\/stone-island-bodywarmer-lead-gray-41425-2\/\" \/>\n<meta property=\"og:site_name\" content=\"Vousten Sports\" \/>\n<meta property=\"article:modified_time\" content=\"2026-02-05T11:33:53+00:00\" \/>\n<meta property=\"og:image\" content=\"https:\/\/www.voustensports.com\/wp-content\/uploads\/2023\/06\/BODYWARMER-LEAD-GRAY-414251.jpg\" \/>\n\t<meta property=\"og:image:width\" content=\"1365\" \/>\n\t<meta property=\"og:image:height\" content=\"2048\" \/>\n\t<meta property=\"og:image:type\" content=\"image\/jpeg\" \/>\n<meta name=\"twitter:card\" content=\"summary_large_image\" \/>\n<meta name=\"twitter:label1\" content=\"Est. reading time\" \/>\n\t<meta name=\"twitter:data1\" content=\"1 minute\" \/>\n<script type=\"application\/ld+json\" class=\"yoast-schema-graph\">{\"@context\":\"https:\/\/schema.org\",\"@graph\":[{\"@type\":\"WebPage\",\"@id\":\"https:\/\/www.voustensports.com\/fr\/stone-island-bodywarmer-lead-gray-41425-2\/\",\"url\":\"https:\/\/www.voustensports.com\/fr\/stone-island-bodywarmer-lead-gray-41425-2\/\",\"name\":\"STONE ISLAND - BODYWARMER LEAD GRAY (41425) - Vousten Sports\",\"isPartOf\":{\"@id\":\"https:\/\/www.voustensports.com\/nl\/#website\"},\"primaryImageOfPage\":{\"@id\":\"https:\/\/www.voustensports.com\/fr\/stone-island-bodywarmer-lead-gray-41425-2\/#primaryimage\"},\"image\":{\"@id\":\"https:\/\/www.voustensports.com\/fr\/stone-island-bodywarmer-lead-gray-41425-2\/#primaryimage\"},\"thumbnailUrl\":\"https:\/\/www.voustensports.com\/wp-content\/uploads\/2023\/06\/BODYWARMER-LEAD-GRAY-414251-1.jpg\",\"datePublished\":\"2025-07-03T18:00:45+00:00\",\"dateModified\":\"2026-02-05T11:33:53+00:00\",\"breadcrumb\":{\"@id\":\"https:\/\/www.voustensports.com\/fr\/stone-island-bodywarmer-lead-gray-41425-2\/#breadcrumb\"},\"inLanguage\":\"fr-FR\",\"potentialAction\":[{\"@type\":\"ReadAction\",\"target\":[\"https:\/\/www.voustensports.com\/fr\/stone-island-bodywarmer-lead-gray-41425-2\/\"]}]},{\"@type\":\"ImageObject\",\"inLanguage\":\"fr-FR\",\"@id\":\"https:\/\/www.voustensports.com\/fr\/stone-island-bodywarmer-lead-gray-41425-2\/#primaryimage\",\"url\":\"https:\/\/www.voustensports.com\/wp-content\/uploads\/2023\/06\/BODYWARMER-LEAD-GRAY-414251-1.jpg\",\"contentUrl\":\"https:\/\/www.voustensports.com\/wp-content\/uploads\/2023\/06\/BODYWARMER-LEAD-GRAY-414251-1.jpg\",\"width\":1365,\"height\":2048},{\"@type\":\"BreadcrumbList\",\"@id\":\"https:\/\/www.voustensports.com\/fr\/stone-island-bodywarmer-lead-gray-41425-2\/#breadcrumb\",\"itemListElement\":[{\"@type\":\"ListItem\",\"position\":1,\"name\":\"Home\",\"item\":\"https:\/\/www.voustensports.com\/fr\/\"},{\"@type\":\"ListItem\",\"position\":2,\"name\":\"Boutique\",\"item\":\"https:\/\/www.voustensports.com\/fr\/shop\/\"},{\"@type\":\"ListItem\",\"position\":3,\"name\":\"STONE ISLAND &#8211; BODYWARMER LEAD GRAY (41425)\"}]},{\"@type\":\"WebSite\",\"@id\":\"https:\/\/www.voustensports.com\/nl\/#website\",\"url\":\"https:\/\/www.voustensports.com\/nl\/\",\"name\":\"Vousten Sports\",\"description\":\"\",\"potentialAction\":[{\"@type\":\"SearchAction\",\"target\":{\"@type\":\"EntryPoint\",\"urlTemplate\":\"https:\/\/www.voustensports.com\/nl\/?s={search_term_string}\"},\"query-input\":{\"@type\":\"PropertyValueSpecification\",\"valueRequired\":true,\"valueName\":\"search_term_string\"}}],\"inLanguage\":\"fr-FR\"}]}<\/script>\n<!-- \/ Yoast SEO plugin. -->","yoast_head_json":{"title":"STONE ISLAND - BODYWARMER LEAD GRAY (41425) - Vousten Sports","robots":{"index":"index","follow":"follow","max-snippet":"max-snippet:-1","max-image-preview":"max-image-preview:large","max-video-preview":"max-video-preview:-1"},"canonical":"https:\/\/www.voustensports.com\/fr\/stone-island-bodywarmer-lead-gray-41425-2\/","og_locale":"fr_FR","og_type":"article","og_title":"STONE ISLAND - BODYWARMER LEAD GRAY (41425) - Vousten Sports","og_description":"D\u00c9TAILS DU PRODUIT Gilet en duvet fabriqu\u00e9 \u00e0 partir d&rsquo;un tissu monocouche l\u00e9ger en nylon extensible, utilisant une technique de tissage sp\u00e9ciale dans laquelle les compartiments de plumes sont cr\u00e9\u00e9s automatiquement directement \u00e0 partir du m\u00e9tier \u00e0 tisser. Les tunnels de plumes sans couture augmentent consid\u00e9rablement la capacit\u00e9 de charge du duvet. Le v\u00eatement fini [...]","og_url":"https:\/\/www.voustensports.com\/fr\/stone-island-bodywarmer-lead-gray-41425-2\/","og_site_name":"Vousten Sports","article_modified_time":"2026-02-05T11:33:53+00:00","og_image":[{"width":1365,"height":2048,"url":"https:\/\/www.voustensports.com\/wp-content\/uploads\/2023\/06\/BODYWARMER-LEAD-GRAY-414251.jpg","type":"image\/jpeg"}],"twitter_card":"summary_large_image","twitter_misc":{"Est. reading time":"1 minute"},"schema":{"@context":"https:\/\/schema.org","@graph":[{"@type":"WebPage","@id":"https:\/\/www.voustensports.com\/fr\/stone-island-bodywarmer-lead-gray-41425-2\/","url":"https:\/\/www.voustensports.com\/fr\/stone-island-bodywarmer-lead-gray-41425-2\/","name":"STONE ISLAND - BODYWARMER LEAD GRAY (41425) - Vousten Sports","isPartOf":{"@id":"https:\/\/www.voustensports.com\/nl\/#website"},"primaryImageOfPage":{"@id":"https:\/\/www.voustensports.com\/fr\/stone-island-bodywarmer-lead-gray-41425-2\/#primaryimage"},"image":{"@id":"https:\/\/www.voustensports.com\/fr\/stone-island-bodywarmer-lead-gray-41425-2\/#primaryimage"},"thumbnailUrl":"https:\/\/www.voustensports.com\/wp-content\/uploads\/2023\/06\/BODYWARMER-LEAD-GRAY-414251-1.jpg","datePublished":"2025-07-03T18:00:45+00:00","dateModified":"2026-02-05T11:33:53+00:00","breadcrumb":{"@id":"https:\/\/www.voustensports.com\/fr\/stone-island-bodywarmer-lead-gray-41425-2\/#breadcrumb"},"inLanguage":"fr-FR","potentialAction":[{"@type":"ReadAction","target":["https:\/\/www.voustensports.com\/fr\/stone-island-bodywarmer-lead-gray-41425-2\/"]}]},{"@type":"ImageObject","inLanguage":"fr-FR","@id":"https:\/\/www.voustensports.com\/fr\/stone-island-bodywarmer-lead-gray-41425-2\/#primaryimage","url":"https:\/\/www.voustensports.com\/wp-content\/uploads\/2023\/06\/BODYWARMER-LEAD-GRAY-414251-1.jpg","contentUrl":"https:\/\/www.voustensports.com\/wp-content\/uploads\/2023\/06\/BODYWARMER-LEAD-GRAY-414251-1.jpg","width":1365,"height":2048},{"@type":"BreadcrumbList","@id":"https:\/\/www.voustensports.com\/fr\/stone-island-bodywarmer-lead-gray-41425-2\/#breadcrumb","itemListElement":[{"@type":"ListItem","position":1,"name":"Home","item":"https:\/\/www.voustensports.com\/fr\/"},{"@type":"ListItem","position":2,"name":"Boutique","item":"https:\/\/www.voustensports.com\/fr\/shop\/"},{"@type":"ListItem","position":3,"name":"STONE ISLAND &#8211; BODYWARMER LEAD GRAY (41425)"}]},{"@type":"WebSite","@id":"https:\/\/www.voustensports.com\/nl\/#website","url":"https:\/\/www.voustensports.com\/nl\/","name":"Vousten Sports","description":"","potentialAction":[{"@type":"SearchAction","target":{"@type":"EntryPoint","urlTemplate":"https:\/\/www.voustensports.com\/nl\/?s={search_term_string}"},"query-input":{"@type":"PropertyValueSpecification","valueRequired":true,"valueName":"search_term_string"}}],"inLanguage":"fr-FR"}]}},"_links":{"self":[{"href":"https:\/\/www.voustensports.com\/fr\/wp-json\/wp\/v2\/product\/205056","targetHints":{"allow":["GET"]}}],"collection":[{"href":"https:\/\/www.voustensports.com\/fr\/wp-json\/wp\/v2\/product"}],"about":[{"href":"https:\/\/www.voustensports.com\/fr\/wp-json\/wp\/v2\/types\/product"}],"replies":[{"embeddable":true,"href":"https:\/\/www.voustensports.com\/fr\/wp-json\/wp\/v2\/comments?post=205056"}],"wp:featuredmedia":[{"embeddable":true,"href":"https:\/\/www.voustensports.com\/fr\/wp-json\/wp\/v2\/media\/205520"}],"wp:attachment":[{"href":"https:\/\/www.voustensports.com\/fr\/wp-json\/wp\/v2\/media?parent=205056"}],"wp:term":[{"taxonomy":"product_cat","embeddable":true,"href":"https:\/\/www.voustensports.com\/fr\/wp-json\/wp\/v2\/product_cat?post=205056"},{"taxonomy":"product_tag","embeddable":true,"href":"https:\/\/www.voustensports.com\/fr\/wp-json\/wp\/v2\/product_tag?post=205056"}],"curies":[{"name":"wp","href":"https:\/\/api.w.org\/{rel}","templated":true}]}}