{"id":204941,"date":"2025-07-03T15:42:20","date_gmt":"2025-07-03T13:42:20","guid":{"rendered":"https:\/\/www.voustensports.com\/stone-island-t-shirt-imprime-industriel-sable-41445\/"},"modified":"2026-02-05T12:34:26","modified_gmt":"2026-02-05T11:34:26","slug":"stone-island-t-shirt-imprime-industriel-sable-41445","status":"publish","type":"product","link":"https:\/\/www.voustensports.com\/fr\/stone-island-t-shirt-imprime-industriel-sable-41445\/","title":{"rendered":"STONE ISLAND &#8211; T-SHIRT IMPRIM\u00c9 INDUSTRIEL SABLE (41445)"},"content":{"rendered":"<div>D\u00c9TAILS PRODUIT<\/div>\n<div>T-shirt \u00e0 manches courtes en jersey de coton biologique peign\u00e9 avec imprim\u00e9 \u00ab Industrial \u00bb. Teint en pi\u00e8ce.<\/div>\n<div><\/div>\n<div>STYLE<\/div>\n<ul>\n<li>Encolure c\u00f4tel\u00e9e.<\/li>\n<li>Logo Stone Island imprim\u00e9 sur la poitrine.<\/li>\n<li>Grand logo boussole Stone Island imprim\u00e9 dans le dos.<\/li>\n<li>Coupe standard.<\/li>\n<\/ul>\n<div>COMPOSITION<\/div>\n<ul>\n<li>V\u00eatement : 100 % coton.<\/li>\n<li>Bord-c\u00f4te : 100 % coton<\/li>\n<li>R\u00e9f\u00e9rence Stone Island : 2100037 009A<\/li>\n<li>R\u00e9f\u00e9rence : 41445<\/li>\n<\/ul>\n","protected":false},"excerpt":{"rendered":"<p>D\u00c9TAILS PRODUIT T-shirt \u00e0 manches courtes en jersey de coton biologique peign\u00e9 avec imprim\u00e9 \u00ab Industrial \u00bb. Teint en pi\u00e8ce. STYLE Encolure c\u00f4tel\u00e9e. Logo Stone Island imprim\u00e9 sur la poitrine. Grand logo boussole Stone Island imprim\u00e9 dans le dos. Coupe standard. COMPOSITION V\u00eatement : 100 % coton. Bord-c\u00f4te : 100 % coton R\u00e9f\u00e9rence Stone Island [&#8230;]\n","protected":false},"featured_media":204933,"comment_status":"open","ping_status":"closed","template":"","meta":{"rank_math_lock_modified_date":false},"product_cat":[482,486,490,446,450,462],"product_tag":[],"class_list":{"0":"post-204941","1":"product","2":"type-product","3":"status-publish","4":"has-post-thumbnail","6":"product_cat-stone-island-fr-2","7":"product_cat-shirt-fr-2","8":"product_cat-t-shirts-fr-2","9":"product_cat-kleding-fr","10":"product_cat-heren-fr","11":"product_cat-vousten-sports-fr-2","13":"first","14":"instock","15":"taxable","16":"shipping-taxable","17":"purchasable","18":"product-type-variable"},"acf":[],"yoast_head":"<!-- This site is optimized with the Yoast SEO plugin v23.9 - https:\/\/yoast.com\/wordpress\/plugins\/seo\/ -->\n<title>STONE ISLAND - T-SHIRT IMPRIM\u00c9 INDUSTRIEL SABLE (41445) - Vousten Sports<\/title>\n<meta name=\"robots\" content=\"index, follow, max-snippet:-1, max-image-preview:large, max-video-preview:-1\" \/>\n<link rel=\"canonical\" href=\"https:\/\/www.voustensports.com\/fr\/stone-island-t-shirt-imprime-industriel-sable-41445\/\" \/>\n<meta property=\"og:locale\" content=\"fr_FR\" \/>\n<meta property=\"og:type\" content=\"article\" \/>\n<meta property=\"og:title\" content=\"STONE ISLAND - T-SHIRT IMPRIM\u00c9 INDUSTRIEL SABLE (41445) - Vousten Sports\" \/>\n<meta property=\"og:description\" content=\"D\u00c9TAILS PRODUIT T-shirt \u00e0 manches courtes en jersey de coton biologique peign\u00e9 avec imprim\u00e9 \u00ab Industrial \u00bb. Teint en pi\u00e8ce. STYLE Encolure c\u00f4tel\u00e9e. Logo Stone Island imprim\u00e9 sur la poitrine. Grand logo boussole Stone Island imprim\u00e9 dans le dos. Coupe standard. COMPOSITION V\u00eatement : 100 % coton. Bord-c\u00f4te : 100 % coton R\u00e9f\u00e9rence Stone Island [...]\" \/>\n<meta property=\"og:url\" content=\"https:\/\/www.voustensports.com\/fr\/stone-island-t-shirt-imprime-industriel-sable-41445\/\" \/>\n<meta property=\"og:site_name\" content=\"Vousten Sports\" \/>\n<meta property=\"article:modified_time\" content=\"2026-02-05T11:34:26+00:00\" \/>\n<meta property=\"og:image\" content=\"https:\/\/www.voustensports.com\/wp-content\/uploads\/2023\/06\/INDUSTRIAL-PRINT-T-SHIRT-ZAND-414451.jpg\" \/>\n\t<meta property=\"og:image:width\" content=\"1365\" \/>\n\t<meta property=\"og:image:height\" content=\"2048\" \/>\n\t<meta property=\"og:image:type\" content=\"image\/jpeg\" \/>\n<meta name=\"twitter:card\" content=\"summary_large_image\" \/>\n<script type=\"application\/ld+json\" class=\"yoast-schema-graph\">{\"@context\":\"https:\/\/schema.org\",\"@graph\":[{\"@type\":\"WebPage\",\"@id\":\"https:\/\/www.voustensports.com\/fr\/stone-island-t-shirt-imprime-industriel-sable-41445\/\",\"url\":\"https:\/\/www.voustensports.com\/fr\/stone-island-t-shirt-imprime-industriel-sable-41445\/\",\"name\":\"STONE ISLAND - T-SHIRT IMPRIM\u00c9 INDUSTRIEL SABLE (41445) - Vousten Sports\",\"isPartOf\":{\"@id\":\"https:\/\/www.voustensports.com\/nl\/#website\"},\"primaryImageOfPage\":{\"@id\":\"https:\/\/www.voustensports.com\/fr\/stone-island-t-shirt-imprime-industriel-sable-41445\/#primaryimage\"},\"image\":{\"@id\":\"https:\/\/www.voustensports.com\/fr\/stone-island-t-shirt-imprime-industriel-sable-41445\/#primaryimage\"},\"thumbnailUrl\":\"https:\/\/www.voustensports.com\/wp-content\/uploads\/2023\/06\/INDUSTRIAL-PRINT-T-SHIRT-ZAND-414451.jpg\",\"datePublished\":\"2025-07-03T13:42:20+00:00\",\"dateModified\":\"2026-02-05T11:34:26+00:00\",\"breadcrumb\":{\"@id\":\"https:\/\/www.voustensports.com\/fr\/stone-island-t-shirt-imprime-industriel-sable-41445\/#breadcrumb\"},\"inLanguage\":\"fr-FR\",\"potentialAction\":[{\"@type\":\"ReadAction\",\"target\":[\"https:\/\/www.voustensports.com\/fr\/stone-island-t-shirt-imprime-industriel-sable-41445\/\"]}]},{\"@type\":\"ImageObject\",\"inLanguage\":\"fr-FR\",\"@id\":\"https:\/\/www.voustensports.com\/fr\/stone-island-t-shirt-imprime-industriel-sable-41445\/#primaryimage\",\"url\":\"https:\/\/www.voustensports.com\/wp-content\/uploads\/2023\/06\/INDUSTRIAL-PRINT-T-SHIRT-ZAND-414451.jpg\",\"contentUrl\":\"https:\/\/www.voustensports.com\/wp-content\/uploads\/2023\/06\/INDUSTRIAL-PRINT-T-SHIRT-ZAND-414451.jpg\",\"width\":1365,\"height\":2048},{\"@type\":\"BreadcrumbList\",\"@id\":\"https:\/\/www.voustensports.com\/fr\/stone-island-t-shirt-imprime-industriel-sable-41445\/#breadcrumb\",\"itemListElement\":[{\"@type\":\"ListItem\",\"position\":1,\"name\":\"Home\",\"item\":\"https:\/\/www.voustensports.com\/fr\/\"},{\"@type\":\"ListItem\",\"position\":2,\"name\":\"Boutique\",\"item\":\"https:\/\/www.voustensports.com\/fr\/shop\/\"},{\"@type\":\"ListItem\",\"position\":3,\"name\":\"STONE ISLAND &#8211; T-SHIRT IMPRIM\u00c9 INDUSTRIEL SABLE (41445)\"}]},{\"@type\":\"WebSite\",\"@id\":\"https:\/\/www.voustensports.com\/nl\/#website\",\"url\":\"https:\/\/www.voustensports.com\/nl\/\",\"name\":\"Vousten Sports\",\"description\":\"\",\"potentialAction\":[{\"@type\":\"SearchAction\",\"target\":{\"@type\":\"EntryPoint\",\"urlTemplate\":\"https:\/\/www.voustensports.com\/nl\/?s={search_term_string}\"},\"query-input\":{\"@type\":\"PropertyValueSpecification\",\"valueRequired\":true,\"valueName\":\"search_term_string\"}}],\"inLanguage\":\"fr-FR\"}]}<\/script>\n<!-- \/ Yoast SEO plugin. -->","yoast_head_json":{"title":"STONE ISLAND - T-SHIRT IMPRIM\u00c9 INDUSTRIEL SABLE (41445) - Vousten Sports","robots":{"index":"index","follow":"follow","max-snippet":"max-snippet:-1","max-image-preview":"max-image-preview:large","max-video-preview":"max-video-preview:-1"},"canonical":"https:\/\/www.voustensports.com\/fr\/stone-island-t-shirt-imprime-industriel-sable-41445\/","og_locale":"fr_FR","og_type":"article","og_title":"STONE ISLAND - T-SHIRT IMPRIM\u00c9 INDUSTRIEL SABLE (41445) - Vousten Sports","og_description":"D\u00c9TAILS PRODUIT T-shirt \u00e0 manches courtes en jersey de coton biologique peign\u00e9 avec imprim\u00e9 \u00ab Industrial \u00bb. Teint en pi\u00e8ce. STYLE Encolure c\u00f4tel\u00e9e. Logo Stone Island imprim\u00e9 sur la poitrine. Grand logo boussole Stone Island imprim\u00e9 dans le dos. Coupe standard. COMPOSITION V\u00eatement : 100 % coton. Bord-c\u00f4te : 100 % coton R\u00e9f\u00e9rence Stone Island [...]","og_url":"https:\/\/www.voustensports.com\/fr\/stone-island-t-shirt-imprime-industriel-sable-41445\/","og_site_name":"Vousten Sports","article_modified_time":"2026-02-05T11:34:26+00:00","og_image":[{"width":1365,"height":2048,"url":"https:\/\/www.voustensports.com\/wp-content\/uploads\/2023\/06\/INDUSTRIAL-PRINT-T-SHIRT-ZAND-414451.jpg","type":"image\/jpeg"}],"twitter_card":"summary_large_image","schema":{"@context":"https:\/\/schema.org","@graph":[{"@type":"WebPage","@id":"https:\/\/www.voustensports.com\/fr\/stone-island-t-shirt-imprime-industriel-sable-41445\/","url":"https:\/\/www.voustensports.com\/fr\/stone-island-t-shirt-imprime-industriel-sable-41445\/","name":"STONE ISLAND - T-SHIRT IMPRIM\u00c9 INDUSTRIEL SABLE (41445) - Vousten Sports","isPartOf":{"@id":"https:\/\/www.voustensports.com\/nl\/#website"},"primaryImageOfPage":{"@id":"https:\/\/www.voustensports.com\/fr\/stone-island-t-shirt-imprime-industriel-sable-41445\/#primaryimage"},"image":{"@id":"https:\/\/www.voustensports.com\/fr\/stone-island-t-shirt-imprime-industriel-sable-41445\/#primaryimage"},"thumbnailUrl":"https:\/\/www.voustensports.com\/wp-content\/uploads\/2023\/06\/INDUSTRIAL-PRINT-T-SHIRT-ZAND-414451.jpg","datePublished":"2025-07-03T13:42:20+00:00","dateModified":"2026-02-05T11:34:26+00:00","breadcrumb":{"@id":"https:\/\/www.voustensports.com\/fr\/stone-island-t-shirt-imprime-industriel-sable-41445\/#breadcrumb"},"inLanguage":"fr-FR","potentialAction":[{"@type":"ReadAction","target":["https:\/\/www.voustensports.com\/fr\/stone-island-t-shirt-imprime-industriel-sable-41445\/"]}]},{"@type":"ImageObject","inLanguage":"fr-FR","@id":"https:\/\/www.voustensports.com\/fr\/stone-island-t-shirt-imprime-industriel-sable-41445\/#primaryimage","url":"https:\/\/www.voustensports.com\/wp-content\/uploads\/2023\/06\/INDUSTRIAL-PRINT-T-SHIRT-ZAND-414451.jpg","contentUrl":"https:\/\/www.voustensports.com\/wp-content\/uploads\/2023\/06\/INDUSTRIAL-PRINT-T-SHIRT-ZAND-414451.jpg","width":1365,"height":2048},{"@type":"BreadcrumbList","@id":"https:\/\/www.voustensports.com\/fr\/stone-island-t-shirt-imprime-industriel-sable-41445\/#breadcrumb","itemListElement":[{"@type":"ListItem","position":1,"name":"Home","item":"https:\/\/www.voustensports.com\/fr\/"},{"@type":"ListItem","position":2,"name":"Boutique","item":"https:\/\/www.voustensports.com\/fr\/shop\/"},{"@type":"ListItem","position":3,"name":"STONE ISLAND &#8211; T-SHIRT IMPRIM\u00c9 INDUSTRIEL SABLE (41445)"}]},{"@type":"WebSite","@id":"https:\/\/www.voustensports.com\/nl\/#website","url":"https:\/\/www.voustensports.com\/nl\/","name":"Vousten Sports","description":"","potentialAction":[{"@type":"SearchAction","target":{"@type":"EntryPoint","urlTemplate":"https:\/\/www.voustensports.com\/nl\/?s={search_term_string}"},"query-input":{"@type":"PropertyValueSpecification","valueRequired":true,"valueName":"search_term_string"}}],"inLanguage":"fr-FR"}]}},"_links":{"self":[{"href":"https:\/\/www.voustensports.com\/fr\/wp-json\/wp\/v2\/product\/204941","targetHints":{"allow":["GET"]}}],"collection":[{"href":"https:\/\/www.voustensports.com\/fr\/wp-json\/wp\/v2\/product"}],"about":[{"href":"https:\/\/www.voustensports.com\/fr\/wp-json\/wp\/v2\/types\/product"}],"replies":[{"embeddable":true,"href":"https:\/\/www.voustensports.com\/fr\/wp-json\/wp\/v2\/comments?post=204941"}],"wp:featuredmedia":[{"embeddable":true,"href":"https:\/\/www.voustensports.com\/fr\/wp-json\/wp\/v2\/media\/204933"}],"wp:attachment":[{"href":"https:\/\/www.voustensports.com\/fr\/wp-json\/wp\/v2\/media?parent=204941"}],"wp:term":[{"taxonomy":"product_cat","embeddable":true,"href":"https:\/\/www.voustensports.com\/fr\/wp-json\/wp\/v2\/product_cat?post=204941"},{"taxonomy":"product_tag","embeddable":true,"href":"https:\/\/www.voustensports.com\/fr\/wp-json\/wp\/v2\/product_tag?post=204941"}],"curies":[{"name":"wp","href":"https:\/\/api.w.org\/{rel}","templated":true}]}}