{"id":204545,"date":"2025-06-21T12:48:33","date_gmt":"2025-06-21T10:48:33","guid":{"rendered":"https:\/\/www.voustensports.com\/hogan-dames-baskets-rebel-bordeaux-41258\/"},"modified":"2026-04-15T23:57:14","modified_gmt":"2026-04-15T21:57:14","slug":"hogan-dames-baskets-rebel-bordeaux-41258","status":"publish","type":"product","link":"https:\/\/www.voustensports.com\/fr\/hogan-dames-baskets-rebel-bordeaux-41258\/","title":{"rendered":"HOGAN Dames &#8211; Baskets Rebel bordeaux (41258)"},"content":{"rendered":"<div>Les baskets Hogan Rebel se caract\u00e9risent par une semelle ext\u00e9rieure ultra-l\u00e9g\u00e8re avec rainures \u00e0 l&rsquo;arri\u00e8re. Dot\u00e9es de lignes douces et raffin\u00e9es, elles sont confectionn\u00e9es en cuir nappa avec un H ondul\u00e9 sur le c\u00f4t\u00e9. La semelle int\u00e9rieure en mousse \u00e0 m\u00e9moire de forme assure un maintien amorti \u00e0 ce mod\u00e8le tendance et polyvalent.<\/div>\n<ul>\n<li>Baskets Hogan Rebel pour femme<\/li>\n<li>Fabriqu\u00e9es en Italie<\/li>\n<li>Tige en cuir nappa<\/li>\n<li>H et d\u00e9tails en cuir lisse sur le c\u00f4t\u00e9<\/li>\n<li>Semelle int\u00e9rieure en mousse \u00e0 m\u00e9moire de forme 5 mm<\/li>\n<li>Semelle ext\u00e9rieure en caoutchouc<\/li>\n<li>Hauteur totale 5 cm<\/li>\n<li>Carnets d&rsquo;entretien inclus<\/li>\n<li>Housse de protection en tissu incluse<\/li>\n<li>Lacets suppl\u00e9mentaires inclus<\/li>\n<\/ul>\n","protected":false},"excerpt":{"rendered":"<p>Les baskets Hogan Rebel se caract\u00e9risent par une semelle ext\u00e9rieure ultra-l\u00e9g\u00e8re avec rainures \u00e0 l&rsquo;arri\u00e8re. Dot\u00e9es de lignes douces et raffin\u00e9es, elles sont confectionn\u00e9es en cuir nappa avec un H ondul\u00e9 sur le c\u00f4t\u00e9. La semelle int\u00e9rieure en mousse \u00e0 m\u00e9moire de forme assure un maintien amorti \u00e0 ce mod\u00e8le tendance et polyvalent. Baskets Hogan [&#8230;]\n","protected":false},"featured_media":204521,"comment_status":"open","ping_status":"closed","template":"","meta":{"rank_math_lock_modified_date":false},"product_cat":[916,446,462,518,522,526,637,887],"product_tag":[],"class_list":{"0":"post-204545","1":"product","2":"type-product","3":"status-publish","4":"has-post-thumbnail","6":"product_cat-veterschoenen-fr","7":"product_cat-kleding-fr","8":"product_cat-vousten-sports-fr-2","9":"product_cat-hogan-fr","10":"product_cat-schoenen-fr-2","11":"product_cat-sneakers-fr-2","12":"product_cat-dames-fr","13":"product_cat-damesschoenen-fr","15":"first","16":"instock","17":"taxable","18":"shipping-taxable","19":"purchasable","20":"product-type-variable"},"acf":[],"yoast_head":"<!-- This site is optimized with the Yoast SEO plugin v23.9 - https:\/\/yoast.com\/wordpress\/plugins\/seo\/ -->\n<title>HOGAN Dames - Baskets Rebel bordeaux (41258) - Vousten Sports<\/title>\n<meta name=\"robots\" content=\"index, follow, max-snippet:-1, max-image-preview:large, max-video-preview:-1\" \/>\n<link rel=\"canonical\" href=\"https:\/\/www.voustensports.com\/fr\/hogan-dames-baskets-rebel-bordeaux-41258\/\" \/>\n<meta property=\"og:locale\" content=\"fr_FR\" \/>\n<meta property=\"og:type\" content=\"article\" \/>\n<meta property=\"og:title\" content=\"HOGAN Dames - Baskets Rebel bordeaux (41258) - Vousten Sports\" \/>\n<meta property=\"og:description\" content=\"Les baskets Hogan Rebel se caract\u00e9risent par une semelle ext\u00e9rieure ultra-l\u00e9g\u00e8re avec rainures \u00e0 l&rsquo;arri\u00e8re. Dot\u00e9es de lignes douces et raffin\u00e9es, elles sont confectionn\u00e9es en cuir nappa avec un H ondul\u00e9 sur le c\u00f4t\u00e9. La semelle int\u00e9rieure en mousse \u00e0 m\u00e9moire de forme assure un maintien amorti \u00e0 ce mod\u00e8le tendance et polyvalent. Baskets Hogan [...]\" \/>\n<meta property=\"og:url\" content=\"https:\/\/www.voustensports.com\/fr\/hogan-dames-baskets-rebel-bordeaux-41258\/\" \/>\n<meta property=\"og:site_name\" content=\"Vousten Sports\" \/>\n<meta property=\"article:modified_time\" content=\"2026-04-15T21:57:14+00:00\" \/>\n<meta property=\"og:image\" content=\"https:\/\/www.voustensports.com\/wp-content\/uploads\/2023\/06\/Sneakers-Rebel-bordeaux-412581.png\" \/>\n\t<meta property=\"og:image:width\" content=\"1365\" \/>\n\t<meta property=\"og:image:height\" content=\"1365\" \/>\n\t<meta property=\"og:image:type\" content=\"image\/png\" \/>\n<meta name=\"twitter:card\" content=\"summary_large_image\" \/>\n<meta name=\"twitter:label1\" content=\"Est. reading time\" \/>\n\t<meta name=\"twitter:data1\" content=\"1 minute\" \/>\n<script type=\"application\/ld+json\" class=\"yoast-schema-graph\">{\"@context\":\"https:\/\/schema.org\",\"@graph\":[{\"@type\":\"WebPage\",\"@id\":\"https:\/\/www.voustensports.com\/fr\/hogan-dames-baskets-rebel-bordeaux-41258\/\",\"url\":\"https:\/\/www.voustensports.com\/fr\/hogan-dames-baskets-rebel-bordeaux-41258\/\",\"name\":\"HOGAN Dames - Baskets Rebel bordeaux (41258) - Vousten Sports\",\"isPartOf\":{\"@id\":\"https:\/\/www.voustensports.com\/nl\/#website\"},\"primaryImageOfPage\":{\"@id\":\"https:\/\/www.voustensports.com\/fr\/hogan-dames-baskets-rebel-bordeaux-41258\/#primaryimage\"},\"image\":{\"@id\":\"https:\/\/www.voustensports.com\/fr\/hogan-dames-baskets-rebel-bordeaux-41258\/#primaryimage\"},\"thumbnailUrl\":\"https:\/\/www.voustensports.com\/wp-content\/uploads\/2023\/06\/Sneakers-Rebel-bordeaux-412581.png\",\"datePublished\":\"2025-06-21T10:48:33+00:00\",\"dateModified\":\"2026-04-15T21:57:14+00:00\",\"breadcrumb\":{\"@id\":\"https:\/\/www.voustensports.com\/fr\/hogan-dames-baskets-rebel-bordeaux-41258\/#breadcrumb\"},\"inLanguage\":\"fr-FR\",\"potentialAction\":[{\"@type\":\"ReadAction\",\"target\":[\"https:\/\/www.voustensports.com\/fr\/hogan-dames-baskets-rebel-bordeaux-41258\/\"]}]},{\"@type\":\"ImageObject\",\"inLanguage\":\"fr-FR\",\"@id\":\"https:\/\/www.voustensports.com\/fr\/hogan-dames-baskets-rebel-bordeaux-41258\/#primaryimage\",\"url\":\"https:\/\/www.voustensports.com\/wp-content\/uploads\/2023\/06\/Sneakers-Rebel-bordeaux-412581.png\",\"contentUrl\":\"https:\/\/www.voustensports.com\/wp-content\/uploads\/2023\/06\/Sneakers-Rebel-bordeaux-412581.png\",\"width\":1365,\"height\":1365},{\"@type\":\"BreadcrumbList\",\"@id\":\"https:\/\/www.voustensports.com\/fr\/hogan-dames-baskets-rebel-bordeaux-41258\/#breadcrumb\",\"itemListElement\":[{\"@type\":\"ListItem\",\"position\":1,\"name\":\"Home\",\"item\":\"https:\/\/www.voustensports.com\/fr\/\"},{\"@type\":\"ListItem\",\"position\":2,\"name\":\"Boutique\",\"item\":\"https:\/\/www.voustensports.com\/fr\/shop\/\"},{\"@type\":\"ListItem\",\"position\":3,\"name\":\"HOGAN Dames &#8211; Baskets Rebel bordeaux (41258)\"}]},{\"@type\":\"WebSite\",\"@id\":\"https:\/\/www.voustensports.com\/nl\/#website\",\"url\":\"https:\/\/www.voustensports.com\/nl\/\",\"name\":\"Vousten Sports\",\"description\":\"\",\"potentialAction\":[{\"@type\":\"SearchAction\",\"target\":{\"@type\":\"EntryPoint\",\"urlTemplate\":\"https:\/\/www.voustensports.com\/nl\/?s={search_term_string}\"},\"query-input\":{\"@type\":\"PropertyValueSpecification\",\"valueRequired\":true,\"valueName\":\"search_term_string\"}}],\"inLanguage\":\"fr-FR\"}]}<\/script>\n<!-- \/ Yoast SEO plugin. -->","yoast_head_json":{"title":"HOGAN Dames - Baskets Rebel bordeaux (41258) - Vousten Sports","robots":{"index":"index","follow":"follow","max-snippet":"max-snippet:-1","max-image-preview":"max-image-preview:large","max-video-preview":"max-video-preview:-1"},"canonical":"https:\/\/www.voustensports.com\/fr\/hogan-dames-baskets-rebel-bordeaux-41258\/","og_locale":"fr_FR","og_type":"article","og_title":"HOGAN Dames - Baskets Rebel bordeaux (41258) - Vousten Sports","og_description":"Les baskets Hogan Rebel se caract\u00e9risent par une semelle ext\u00e9rieure ultra-l\u00e9g\u00e8re avec rainures \u00e0 l&rsquo;arri\u00e8re. Dot\u00e9es de lignes douces et raffin\u00e9es, elles sont confectionn\u00e9es en cuir nappa avec un H ondul\u00e9 sur le c\u00f4t\u00e9. La semelle int\u00e9rieure en mousse \u00e0 m\u00e9moire de forme assure un maintien amorti \u00e0 ce mod\u00e8le tendance et polyvalent. Baskets Hogan [...]","og_url":"https:\/\/www.voustensports.com\/fr\/hogan-dames-baskets-rebel-bordeaux-41258\/","og_site_name":"Vousten Sports","article_modified_time":"2026-04-15T21:57:14+00:00","og_image":[{"width":1365,"height":1365,"url":"https:\/\/www.voustensports.com\/wp-content\/uploads\/2023\/06\/Sneakers-Rebel-bordeaux-412581.png","type":"image\/png"}],"twitter_card":"summary_large_image","twitter_misc":{"Est. reading time":"1 minute"},"schema":{"@context":"https:\/\/schema.org","@graph":[{"@type":"WebPage","@id":"https:\/\/www.voustensports.com\/fr\/hogan-dames-baskets-rebel-bordeaux-41258\/","url":"https:\/\/www.voustensports.com\/fr\/hogan-dames-baskets-rebel-bordeaux-41258\/","name":"HOGAN Dames - Baskets Rebel bordeaux (41258) - Vousten Sports","isPartOf":{"@id":"https:\/\/www.voustensports.com\/nl\/#website"},"primaryImageOfPage":{"@id":"https:\/\/www.voustensports.com\/fr\/hogan-dames-baskets-rebel-bordeaux-41258\/#primaryimage"},"image":{"@id":"https:\/\/www.voustensports.com\/fr\/hogan-dames-baskets-rebel-bordeaux-41258\/#primaryimage"},"thumbnailUrl":"https:\/\/www.voustensports.com\/wp-content\/uploads\/2023\/06\/Sneakers-Rebel-bordeaux-412581.png","datePublished":"2025-06-21T10:48:33+00:00","dateModified":"2026-04-15T21:57:14+00:00","breadcrumb":{"@id":"https:\/\/www.voustensports.com\/fr\/hogan-dames-baskets-rebel-bordeaux-41258\/#breadcrumb"},"inLanguage":"fr-FR","potentialAction":[{"@type":"ReadAction","target":["https:\/\/www.voustensports.com\/fr\/hogan-dames-baskets-rebel-bordeaux-41258\/"]}]},{"@type":"ImageObject","inLanguage":"fr-FR","@id":"https:\/\/www.voustensports.com\/fr\/hogan-dames-baskets-rebel-bordeaux-41258\/#primaryimage","url":"https:\/\/www.voustensports.com\/wp-content\/uploads\/2023\/06\/Sneakers-Rebel-bordeaux-412581.png","contentUrl":"https:\/\/www.voustensports.com\/wp-content\/uploads\/2023\/06\/Sneakers-Rebel-bordeaux-412581.png","width":1365,"height":1365},{"@type":"BreadcrumbList","@id":"https:\/\/www.voustensports.com\/fr\/hogan-dames-baskets-rebel-bordeaux-41258\/#breadcrumb","itemListElement":[{"@type":"ListItem","position":1,"name":"Home","item":"https:\/\/www.voustensports.com\/fr\/"},{"@type":"ListItem","position":2,"name":"Boutique","item":"https:\/\/www.voustensports.com\/fr\/shop\/"},{"@type":"ListItem","position":3,"name":"HOGAN Dames &#8211; Baskets Rebel bordeaux (41258)"}]},{"@type":"WebSite","@id":"https:\/\/www.voustensports.com\/nl\/#website","url":"https:\/\/www.voustensports.com\/nl\/","name":"Vousten Sports","description":"","potentialAction":[{"@type":"SearchAction","target":{"@type":"EntryPoint","urlTemplate":"https:\/\/www.voustensports.com\/nl\/?s={search_term_string}"},"query-input":{"@type":"PropertyValueSpecification","valueRequired":true,"valueName":"search_term_string"}}],"inLanguage":"fr-FR"}]}},"_links":{"self":[{"href":"https:\/\/www.voustensports.com\/fr\/wp-json\/wp\/v2\/product\/204545","targetHints":{"allow":["GET"]}}],"collection":[{"href":"https:\/\/www.voustensports.com\/fr\/wp-json\/wp\/v2\/product"}],"about":[{"href":"https:\/\/www.voustensports.com\/fr\/wp-json\/wp\/v2\/types\/product"}],"replies":[{"embeddable":true,"href":"https:\/\/www.voustensports.com\/fr\/wp-json\/wp\/v2\/comments?post=204545"}],"wp:featuredmedia":[{"embeddable":true,"href":"https:\/\/www.voustensports.com\/fr\/wp-json\/wp\/v2\/media\/204521"}],"wp:attachment":[{"href":"https:\/\/www.voustensports.com\/fr\/wp-json\/wp\/v2\/media?parent=204545"}],"wp:term":[{"taxonomy":"product_cat","embeddable":true,"href":"https:\/\/www.voustensports.com\/fr\/wp-json\/wp\/v2\/product_cat?post=204545"},{"taxonomy":"product_tag","embeddable":true,"href":"https:\/\/www.voustensports.com\/fr\/wp-json\/wp\/v2\/product_tag?post=204545"}],"curies":[{"name":"wp","href":"https:\/\/api.w.org\/{rel}","templated":true}]}}