{"id":204443,"date":"2025-06-19T12:08:28","date_gmt":"2025-06-19T10:08:28","guid":{"rendered":"https:\/\/www.voustensports.com\/hogan-baskets-h-stripes-bleu-41251\/"},"modified":"2026-03-17T08:57:06","modified_gmt":"2026-03-17T07:57:06","slug":"hogan-baskets-h-stripes-bleu-41251","status":"publish","type":"product","link":"https:\/\/www.voustensports.com\/fr\/hogan-baskets-h-stripes-bleu-41251\/","title":{"rendered":"HOGAN &#8211; Baskets H-Stripes bleu (41251)"},"content":{"rendered":"<div>Avec leurs lignes sportives et polyvalentes, les baskets H-Stripes sont dot\u00e9es d&rsquo;une semelle ext\u00e9rieure ultra-l\u00e9g\u00e8re \u00e0 rayures verticales. La tige, au design compact et \u00e9quilibr\u00e9, est orn\u00e9e d&rsquo;une bande lat\u00e9rale avec logo. La bordure sup\u00e9rieure, orn\u00e9e de surpiq\u00fbres sur le patch arri\u00e8re, est dot\u00e9e d&rsquo;un rembourrage moelleux. Cette version est confectionn\u00e9e en daim et dot\u00e9e d&rsquo;une semelle int\u00e9rieure en mousse \u00e0 m\u00e9moire de forme pour un amorti confortable.<\/div>\n<ul>\n<li>Baskets Hogan H-Stripes Homme<\/li>\n<li>Fabriqu\u00e9es en Italie<\/li>\n<li>Tige en daim<\/li>\n<li>Bande lat\u00e9rale en cuir lisse<\/li>\n<li>Semelle int\u00e9rieure en mousse \u00e0 m\u00e9moire de forme 8 mm<\/li>\n<li>Semelle ext\u00e9rieure en EVA<\/li>\n<li>Hauteur totale 4,8 cm<\/li>\n<li>Carnets d&rsquo;entretien inclus<\/li>\n<li>Housse de protection en tissu incluse<\/li>\n<li>Lacets suppl\u00e9mentaires inclus<\/li>\n<\/ul>\n","protected":false},"excerpt":{"rendered":"<p>Avec leurs lignes sportives et polyvalentes, les baskets H-Stripes sont dot\u00e9es d&rsquo;une semelle ext\u00e9rieure ultra-l\u00e9g\u00e8re \u00e0 rayures verticales. La tige, au design compact et \u00e9quilibr\u00e9, est orn\u00e9e d&rsquo;une bande lat\u00e9rale avec logo. La bordure sup\u00e9rieure, orn\u00e9e de surpiq\u00fbres sur le patch arri\u00e8re, est dot\u00e9e d&rsquo;un rembourrage moelleux. Cette version est confectionn\u00e9e en daim et dot\u00e9e [&#8230;]\n","protected":false},"featured_media":205102,"comment_status":"open","ping_status":"closed","template":"","meta":{"rank_math_lock_modified_date":false},"product_cat":[518,522,526,530,916,446,450,462],"product_tag":[],"class_list":{"0":"post-204443","1":"product","2":"type-product","3":"status-publish","4":"has-post-thumbnail","6":"product_cat-hogan-fr","7":"product_cat-schoenen-fr-2","8":"product_cat-sneakers-fr-2","9":"product_cat-herenschoenen-fr","10":"product_cat-veterschoenen-fr","11":"product_cat-kleding-fr","12":"product_cat-heren-fr","13":"product_cat-vousten-sports-fr-2","15":"first","16":"instock","17":"taxable","18":"shipping-taxable","19":"purchasable","20":"product-type-variable"},"acf":[],"yoast_head":"<!-- This site is optimized with the Yoast SEO plugin v23.9 - https:\/\/yoast.com\/wordpress\/plugins\/seo\/ -->\n<title>HOGAN - Baskets H-Stripes bleu (41251) - Vousten Sports<\/title>\n<meta name=\"robots\" content=\"index, follow, max-snippet:-1, max-image-preview:large, max-video-preview:-1\" \/>\n<link rel=\"canonical\" href=\"https:\/\/www.voustensports.com\/fr\/hogan-baskets-h-stripes-bleu-41251\/\" \/>\n<meta property=\"og:locale\" content=\"fr_FR\" \/>\n<meta property=\"og:type\" content=\"article\" \/>\n<meta property=\"og:title\" content=\"HOGAN - Baskets H-Stripes bleu (41251) - Vousten Sports\" \/>\n<meta property=\"og:description\" content=\"Avec leurs lignes sportives et polyvalentes, les baskets H-Stripes sont dot\u00e9es d&rsquo;une semelle ext\u00e9rieure ultra-l\u00e9g\u00e8re \u00e0 rayures verticales. La tige, au design compact et \u00e9quilibr\u00e9, est orn\u00e9e d&rsquo;une bande lat\u00e9rale avec logo. La bordure sup\u00e9rieure, orn\u00e9e de surpiq\u00fbres sur le patch arri\u00e8re, est dot\u00e9e d&rsquo;un rembourrage moelleux. Cette version est confectionn\u00e9e en daim et dot\u00e9e [...]\" \/>\n<meta property=\"og:url\" content=\"https:\/\/www.voustensports.com\/fr\/hogan-baskets-h-stripes-bleu-41251\/\" \/>\n<meta property=\"og:site_name\" content=\"Vousten Sports\" \/>\n<meta property=\"article:modified_time\" content=\"2026-03-17T07:57:06+00:00\" \/>\n<meta property=\"og:image\" content=\"https:\/\/www.voustensports.com\/wp-content\/uploads\/2023\/06\/Sneakers-H-Stripes-blauw-412511.png\" \/>\n\t<meta property=\"og:image:width\" content=\"1365\" \/>\n\t<meta property=\"og:image:height\" content=\"1365\" \/>\n\t<meta property=\"og:image:type\" content=\"image\/png\" \/>\n<meta name=\"twitter:card\" content=\"summary_large_image\" \/>\n<meta name=\"twitter:label1\" content=\"Est. reading time\" \/>\n\t<meta name=\"twitter:data1\" content=\"1 minute\" \/>\n<script type=\"application\/ld+json\" class=\"yoast-schema-graph\">{\"@context\":\"https:\/\/schema.org\",\"@graph\":[{\"@type\":\"WebPage\",\"@id\":\"https:\/\/www.voustensports.com\/fr\/hogan-baskets-h-stripes-bleu-41251\/\",\"url\":\"https:\/\/www.voustensports.com\/fr\/hogan-baskets-h-stripes-bleu-41251\/\",\"name\":\"HOGAN - Baskets H-Stripes bleu (41251) - Vousten Sports\",\"isPartOf\":{\"@id\":\"https:\/\/www.voustensports.com\/nl\/#website\"},\"primaryImageOfPage\":{\"@id\":\"https:\/\/www.voustensports.com\/fr\/hogan-baskets-h-stripes-bleu-41251\/#primaryimage\"},\"image\":{\"@id\":\"https:\/\/www.voustensports.com\/fr\/hogan-baskets-h-stripes-bleu-41251\/#primaryimage\"},\"thumbnailUrl\":\"https:\/\/www.voustensports.com\/wp-content\/uploads\/2023\/06\/HOGAN-Sneakers-H-Stripes-blauw-41251.png\",\"datePublished\":\"2025-06-19T10:08:28+00:00\",\"dateModified\":\"2026-03-17T07:57:06+00:00\",\"breadcrumb\":{\"@id\":\"https:\/\/www.voustensports.com\/fr\/hogan-baskets-h-stripes-bleu-41251\/#breadcrumb\"},\"inLanguage\":\"fr-FR\",\"potentialAction\":[{\"@type\":\"ReadAction\",\"target\":[\"https:\/\/www.voustensports.com\/fr\/hogan-baskets-h-stripes-bleu-41251\/\"]}]},{\"@type\":\"ImageObject\",\"inLanguage\":\"fr-FR\",\"@id\":\"https:\/\/www.voustensports.com\/fr\/hogan-baskets-h-stripes-bleu-41251\/#primaryimage\",\"url\":\"https:\/\/www.voustensports.com\/wp-content\/uploads\/2023\/06\/HOGAN-Sneakers-H-Stripes-blauw-41251.png\",\"contentUrl\":\"https:\/\/www.voustensports.com\/wp-content\/uploads\/2023\/06\/HOGAN-Sneakers-H-Stripes-blauw-41251.png\",\"width\":1365,\"height\":1365},{\"@type\":\"BreadcrumbList\",\"@id\":\"https:\/\/www.voustensports.com\/fr\/hogan-baskets-h-stripes-bleu-41251\/#breadcrumb\",\"itemListElement\":[{\"@type\":\"ListItem\",\"position\":1,\"name\":\"Home\",\"item\":\"https:\/\/www.voustensports.com\/fr\/\"},{\"@type\":\"ListItem\",\"position\":2,\"name\":\"Boutique\",\"item\":\"https:\/\/www.voustensports.com\/fr\/shop\/\"},{\"@type\":\"ListItem\",\"position\":3,\"name\":\"HOGAN &#8211; Baskets H-Stripes bleu (41251)\"}]},{\"@type\":\"WebSite\",\"@id\":\"https:\/\/www.voustensports.com\/nl\/#website\",\"url\":\"https:\/\/www.voustensports.com\/nl\/\",\"name\":\"Vousten Sports\",\"description\":\"\",\"potentialAction\":[{\"@type\":\"SearchAction\",\"target\":{\"@type\":\"EntryPoint\",\"urlTemplate\":\"https:\/\/www.voustensports.com\/nl\/?s={search_term_string}\"},\"query-input\":{\"@type\":\"PropertyValueSpecification\",\"valueRequired\":true,\"valueName\":\"search_term_string\"}}],\"inLanguage\":\"fr-FR\"}]}<\/script>\n<!-- \/ Yoast SEO plugin. -->","yoast_head_json":{"title":"HOGAN - Baskets H-Stripes bleu (41251) - Vousten Sports","robots":{"index":"index","follow":"follow","max-snippet":"max-snippet:-1","max-image-preview":"max-image-preview:large","max-video-preview":"max-video-preview:-1"},"canonical":"https:\/\/www.voustensports.com\/fr\/hogan-baskets-h-stripes-bleu-41251\/","og_locale":"fr_FR","og_type":"article","og_title":"HOGAN - Baskets H-Stripes bleu (41251) - Vousten Sports","og_description":"Avec leurs lignes sportives et polyvalentes, les baskets H-Stripes sont dot\u00e9es d&rsquo;une semelle ext\u00e9rieure ultra-l\u00e9g\u00e8re \u00e0 rayures verticales. La tige, au design compact et \u00e9quilibr\u00e9, est orn\u00e9e d&rsquo;une bande lat\u00e9rale avec logo. La bordure sup\u00e9rieure, orn\u00e9e de surpiq\u00fbres sur le patch arri\u00e8re, est dot\u00e9e d&rsquo;un rembourrage moelleux. Cette version est confectionn\u00e9e en daim et dot\u00e9e [...]","og_url":"https:\/\/www.voustensports.com\/fr\/hogan-baskets-h-stripes-bleu-41251\/","og_site_name":"Vousten Sports","article_modified_time":"2026-03-17T07:57:06+00:00","og_image":[{"width":1365,"height":1365,"url":"https:\/\/www.voustensports.com\/wp-content\/uploads\/2023\/06\/Sneakers-H-Stripes-blauw-412511.png","type":"image\/png"}],"twitter_card":"summary_large_image","twitter_misc":{"Est. reading time":"1 minute"},"schema":{"@context":"https:\/\/schema.org","@graph":[{"@type":"WebPage","@id":"https:\/\/www.voustensports.com\/fr\/hogan-baskets-h-stripes-bleu-41251\/","url":"https:\/\/www.voustensports.com\/fr\/hogan-baskets-h-stripes-bleu-41251\/","name":"HOGAN - Baskets H-Stripes bleu (41251) - Vousten Sports","isPartOf":{"@id":"https:\/\/www.voustensports.com\/nl\/#website"},"primaryImageOfPage":{"@id":"https:\/\/www.voustensports.com\/fr\/hogan-baskets-h-stripes-bleu-41251\/#primaryimage"},"image":{"@id":"https:\/\/www.voustensports.com\/fr\/hogan-baskets-h-stripes-bleu-41251\/#primaryimage"},"thumbnailUrl":"https:\/\/www.voustensports.com\/wp-content\/uploads\/2023\/06\/HOGAN-Sneakers-H-Stripes-blauw-41251.png","datePublished":"2025-06-19T10:08:28+00:00","dateModified":"2026-03-17T07:57:06+00:00","breadcrumb":{"@id":"https:\/\/www.voustensports.com\/fr\/hogan-baskets-h-stripes-bleu-41251\/#breadcrumb"},"inLanguage":"fr-FR","potentialAction":[{"@type":"ReadAction","target":["https:\/\/www.voustensports.com\/fr\/hogan-baskets-h-stripes-bleu-41251\/"]}]},{"@type":"ImageObject","inLanguage":"fr-FR","@id":"https:\/\/www.voustensports.com\/fr\/hogan-baskets-h-stripes-bleu-41251\/#primaryimage","url":"https:\/\/www.voustensports.com\/wp-content\/uploads\/2023\/06\/HOGAN-Sneakers-H-Stripes-blauw-41251.png","contentUrl":"https:\/\/www.voustensports.com\/wp-content\/uploads\/2023\/06\/HOGAN-Sneakers-H-Stripes-blauw-41251.png","width":1365,"height":1365},{"@type":"BreadcrumbList","@id":"https:\/\/www.voustensports.com\/fr\/hogan-baskets-h-stripes-bleu-41251\/#breadcrumb","itemListElement":[{"@type":"ListItem","position":1,"name":"Home","item":"https:\/\/www.voustensports.com\/fr\/"},{"@type":"ListItem","position":2,"name":"Boutique","item":"https:\/\/www.voustensports.com\/fr\/shop\/"},{"@type":"ListItem","position":3,"name":"HOGAN &#8211; Baskets H-Stripes bleu (41251)"}]},{"@type":"WebSite","@id":"https:\/\/www.voustensports.com\/nl\/#website","url":"https:\/\/www.voustensports.com\/nl\/","name":"Vousten Sports","description":"","potentialAction":[{"@type":"SearchAction","target":{"@type":"EntryPoint","urlTemplate":"https:\/\/www.voustensports.com\/nl\/?s={search_term_string}"},"query-input":{"@type":"PropertyValueSpecification","valueRequired":true,"valueName":"search_term_string"}}],"inLanguage":"fr-FR"}]}},"_links":{"self":[{"href":"https:\/\/www.voustensports.com\/fr\/wp-json\/wp\/v2\/product\/204443","targetHints":{"allow":["GET"]}}],"collection":[{"href":"https:\/\/www.voustensports.com\/fr\/wp-json\/wp\/v2\/product"}],"about":[{"href":"https:\/\/www.voustensports.com\/fr\/wp-json\/wp\/v2\/types\/product"}],"replies":[{"embeddable":true,"href":"https:\/\/www.voustensports.com\/fr\/wp-json\/wp\/v2\/comments?post=204443"}],"wp:featuredmedia":[{"embeddable":true,"href":"https:\/\/www.voustensports.com\/fr\/wp-json\/wp\/v2\/media\/205102"}],"wp:attachment":[{"href":"https:\/\/www.voustensports.com\/fr\/wp-json\/wp\/v2\/media?parent=204443"}],"wp:term":[{"taxonomy":"product_cat","embeddable":true,"href":"https:\/\/www.voustensports.com\/fr\/wp-json\/wp\/v2\/product_cat?post=204443"},{"taxonomy":"product_tag","embeddable":true,"href":"https:\/\/www.voustensports.com\/fr\/wp-json\/wp\/v2\/product_tag?post=204443"}],"curies":[{"name":"wp","href":"https:\/\/api.w.org\/{rel}","templated":true}]}}