{"id":203577,"date":"2025-04-25T16:02:11","date_gmt":"2025-04-25T14:02:11","guid":{"rendered":"https:\/\/www.voustensports.com\/genti-pantalon-bleu-fonce-40633\/"},"modified":"2026-02-24T04:57:07","modified_gmt":"2026-02-24T03:57:07","slug":"genti-pantalon-bleu-fonce-40633","status":"publish","type":"product","link":"https:\/\/www.voustensports.com\/fr\/genti-pantalon-bleu-fonce-40633\/","title":{"rendered":"GENTI &#8211; Pantalon bleu fonc\u00e9 (40633)"},"content":{"rendered":"<div>Pantalon dynamique bleu fonc\u00e9 mod\u00e8le Wynwood. Ce pantalon a une structure en piqu\u00e9 fin et beaucoup d&rsquo;\u00e9lasticit\u00e9 pour un confort de port optimal.<\/div>\n<ul>\n<li>Style : Wynwood<\/li>\n<li>Coupe ajust\u00e9e<\/li>\n<li>Dynamique<\/li>\n<li>Pantalon<\/li>\n<li>Poches lat\u00e9rales<\/li>\n<li>Mat\u00e9riel:<\/li>\n<li>75 % polyamide 25 % \u00e9lasthanne<\/li>\n<\/ul>\n","protected":false},"excerpt":{"rendered":"<p>Pantalon dynamique bleu fonc\u00e9 mod\u00e8le Wynwood. Ce pantalon a une structure en piqu\u00e9 fin et beaucoup d&rsquo;\u00e9lasticit\u00e9 pour un confort de port optimal. Style : Wynwood Coupe ajust\u00e9e Dynamique Pantalon Poches lat\u00e9rales Mat\u00e9riel: 75 % polyamide 25 % \u00e9lasthanne<\/p>\n","protected":false},"featured_media":203565,"comment_status":"open","ping_status":"closed","template":"","meta":{"rank_math_lock_modified_date":false},"product_cat":[446,450,462,466,786],"product_tag":[],"class_list":{"0":"post-203577","1":"product","2":"type-product","3":"status-publish","4":"has-post-thumbnail","6":"product_cat-kleding-fr","7":"product_cat-heren-fr","8":"product_cat-vousten-sports-fr-2","9":"product_cat-broeken-fr","10":"product_cat-broek-fr","12":"first","13":"instock","14":"taxable","15":"shipping-taxable","16":"purchasable","17":"product-type-variable"},"acf":[],"yoast_head":"<!-- This site is optimized with the Yoast SEO plugin v23.9 - https:\/\/yoast.com\/wordpress\/plugins\/seo\/ -->\n<title>GENTI - Pantalon bleu fonc\u00e9 (40633) - Vousten Sports<\/title>\n<meta name=\"robots\" content=\"index, follow, max-snippet:-1, max-image-preview:large, max-video-preview:-1\" \/>\n<link rel=\"canonical\" href=\"https:\/\/www.voustensports.com\/fr\/genti-pantalon-bleu-fonce-40633\/\" \/>\n<meta property=\"og:locale\" content=\"fr_FR\" \/>\n<meta property=\"og:type\" content=\"article\" \/>\n<meta property=\"og:title\" content=\"GENTI - Pantalon bleu fonc\u00e9 (40633) - Vousten Sports\" \/>\n<meta property=\"og:description\" content=\"Pantalon dynamique bleu fonc\u00e9 mod\u00e8le Wynwood. Ce pantalon a une structure en piqu\u00e9 fin et beaucoup d&rsquo;\u00e9lasticit\u00e9 pour un confort de port optimal. Style : Wynwood Coupe ajust\u00e9e Dynamique Pantalon Poches lat\u00e9rales Mat\u00e9riel: 75 % polyamide 25 % \u00e9lasthanne\" \/>\n<meta property=\"og:url\" content=\"https:\/\/www.voustensports.com\/fr\/genti-pantalon-bleu-fonce-40633\/\" \/>\n<meta property=\"og:site_name\" content=\"Vousten Sports\" \/>\n<meta property=\"article:modified_time\" content=\"2026-02-24T03:57:07+00:00\" \/>\n<meta property=\"og:image\" content=\"https:\/\/www.voustensports.com\/wp-content\/uploads\/2023\/06\/Pantalon-donkerblauw-406331.jpg\" \/>\n\t<meta property=\"og:image:width\" content=\"1721\" \/>\n\t<meta property=\"og:image:height\" content=\"2048\" \/>\n\t<meta property=\"og:image:type\" content=\"image\/jpeg\" \/>\n<meta name=\"twitter:card\" content=\"summary_large_image\" \/>\n<script type=\"application\/ld+json\" class=\"yoast-schema-graph\">{\"@context\":\"https:\/\/schema.org\",\"@graph\":[{\"@type\":\"WebPage\",\"@id\":\"https:\/\/www.voustensports.com\/fr\/genti-pantalon-bleu-fonce-40633\/\",\"url\":\"https:\/\/www.voustensports.com\/fr\/genti-pantalon-bleu-fonce-40633\/\",\"name\":\"GENTI - Pantalon bleu fonc\u00e9 (40633) - Vousten Sports\",\"isPartOf\":{\"@id\":\"https:\/\/www.voustensports.com\/nl\/#website\"},\"primaryImageOfPage\":{\"@id\":\"https:\/\/www.voustensports.com\/fr\/genti-pantalon-bleu-fonce-40633\/#primaryimage\"},\"image\":{\"@id\":\"https:\/\/www.voustensports.com\/fr\/genti-pantalon-bleu-fonce-40633\/#primaryimage\"},\"thumbnailUrl\":\"https:\/\/www.voustensports.com\/wp-content\/uploads\/2023\/06\/Pantalon-donkerblauw-406331.jpg\",\"datePublished\":\"2025-04-25T14:02:11+00:00\",\"dateModified\":\"2026-02-24T03:57:07+00:00\",\"breadcrumb\":{\"@id\":\"https:\/\/www.voustensports.com\/fr\/genti-pantalon-bleu-fonce-40633\/#breadcrumb\"},\"inLanguage\":\"fr-FR\",\"potentialAction\":[{\"@type\":\"ReadAction\",\"target\":[\"https:\/\/www.voustensports.com\/fr\/genti-pantalon-bleu-fonce-40633\/\"]}]},{\"@type\":\"ImageObject\",\"inLanguage\":\"fr-FR\",\"@id\":\"https:\/\/www.voustensports.com\/fr\/genti-pantalon-bleu-fonce-40633\/#primaryimage\",\"url\":\"https:\/\/www.voustensports.com\/wp-content\/uploads\/2023\/06\/Pantalon-donkerblauw-406331.jpg\",\"contentUrl\":\"https:\/\/www.voustensports.com\/wp-content\/uploads\/2023\/06\/Pantalon-donkerblauw-406331.jpg\",\"width\":1721,\"height\":2048},{\"@type\":\"BreadcrumbList\",\"@id\":\"https:\/\/www.voustensports.com\/fr\/genti-pantalon-bleu-fonce-40633\/#breadcrumb\",\"itemListElement\":[{\"@type\":\"ListItem\",\"position\":1,\"name\":\"Home\",\"item\":\"https:\/\/www.voustensports.com\/fr\/\"},{\"@type\":\"ListItem\",\"position\":2,\"name\":\"Boutique\",\"item\":\"https:\/\/www.voustensports.com\/fr\/shop\/\"},{\"@type\":\"ListItem\",\"position\":3,\"name\":\"GENTI &#8211; Pantalon bleu fonc\u00e9 (40633)\"}]},{\"@type\":\"WebSite\",\"@id\":\"https:\/\/www.voustensports.com\/nl\/#website\",\"url\":\"https:\/\/www.voustensports.com\/nl\/\",\"name\":\"Vousten Sports\",\"description\":\"\",\"potentialAction\":[{\"@type\":\"SearchAction\",\"target\":{\"@type\":\"EntryPoint\",\"urlTemplate\":\"https:\/\/www.voustensports.com\/nl\/?s={search_term_string}\"},\"query-input\":{\"@type\":\"PropertyValueSpecification\",\"valueRequired\":true,\"valueName\":\"search_term_string\"}}],\"inLanguage\":\"fr-FR\"}]}<\/script>\n<!-- \/ Yoast SEO plugin. -->","yoast_head_json":{"title":"GENTI - Pantalon bleu fonc\u00e9 (40633) - Vousten Sports","robots":{"index":"index","follow":"follow","max-snippet":"max-snippet:-1","max-image-preview":"max-image-preview:large","max-video-preview":"max-video-preview:-1"},"canonical":"https:\/\/www.voustensports.com\/fr\/genti-pantalon-bleu-fonce-40633\/","og_locale":"fr_FR","og_type":"article","og_title":"GENTI - Pantalon bleu fonc\u00e9 (40633) - Vousten Sports","og_description":"Pantalon dynamique bleu fonc\u00e9 mod\u00e8le Wynwood. Ce pantalon a une structure en piqu\u00e9 fin et beaucoup d&rsquo;\u00e9lasticit\u00e9 pour un confort de port optimal. Style : Wynwood Coupe ajust\u00e9e Dynamique Pantalon Poches lat\u00e9rales Mat\u00e9riel: 75 % polyamide 25 % \u00e9lasthanne","og_url":"https:\/\/www.voustensports.com\/fr\/genti-pantalon-bleu-fonce-40633\/","og_site_name":"Vousten Sports","article_modified_time":"2026-02-24T03:57:07+00:00","og_image":[{"width":1721,"height":2048,"url":"https:\/\/www.voustensports.com\/wp-content\/uploads\/2023\/06\/Pantalon-donkerblauw-406331.jpg","type":"image\/jpeg"}],"twitter_card":"summary_large_image","schema":{"@context":"https:\/\/schema.org","@graph":[{"@type":"WebPage","@id":"https:\/\/www.voustensports.com\/fr\/genti-pantalon-bleu-fonce-40633\/","url":"https:\/\/www.voustensports.com\/fr\/genti-pantalon-bleu-fonce-40633\/","name":"GENTI - Pantalon bleu fonc\u00e9 (40633) - Vousten Sports","isPartOf":{"@id":"https:\/\/www.voustensports.com\/nl\/#website"},"primaryImageOfPage":{"@id":"https:\/\/www.voustensports.com\/fr\/genti-pantalon-bleu-fonce-40633\/#primaryimage"},"image":{"@id":"https:\/\/www.voustensports.com\/fr\/genti-pantalon-bleu-fonce-40633\/#primaryimage"},"thumbnailUrl":"https:\/\/www.voustensports.com\/wp-content\/uploads\/2023\/06\/Pantalon-donkerblauw-406331.jpg","datePublished":"2025-04-25T14:02:11+00:00","dateModified":"2026-02-24T03:57:07+00:00","breadcrumb":{"@id":"https:\/\/www.voustensports.com\/fr\/genti-pantalon-bleu-fonce-40633\/#breadcrumb"},"inLanguage":"fr-FR","potentialAction":[{"@type":"ReadAction","target":["https:\/\/www.voustensports.com\/fr\/genti-pantalon-bleu-fonce-40633\/"]}]},{"@type":"ImageObject","inLanguage":"fr-FR","@id":"https:\/\/www.voustensports.com\/fr\/genti-pantalon-bleu-fonce-40633\/#primaryimage","url":"https:\/\/www.voustensports.com\/wp-content\/uploads\/2023\/06\/Pantalon-donkerblauw-406331.jpg","contentUrl":"https:\/\/www.voustensports.com\/wp-content\/uploads\/2023\/06\/Pantalon-donkerblauw-406331.jpg","width":1721,"height":2048},{"@type":"BreadcrumbList","@id":"https:\/\/www.voustensports.com\/fr\/genti-pantalon-bleu-fonce-40633\/#breadcrumb","itemListElement":[{"@type":"ListItem","position":1,"name":"Home","item":"https:\/\/www.voustensports.com\/fr\/"},{"@type":"ListItem","position":2,"name":"Boutique","item":"https:\/\/www.voustensports.com\/fr\/shop\/"},{"@type":"ListItem","position":3,"name":"GENTI &#8211; Pantalon bleu fonc\u00e9 (40633)"}]},{"@type":"WebSite","@id":"https:\/\/www.voustensports.com\/nl\/#website","url":"https:\/\/www.voustensports.com\/nl\/","name":"Vousten Sports","description":"","potentialAction":[{"@type":"SearchAction","target":{"@type":"EntryPoint","urlTemplate":"https:\/\/www.voustensports.com\/nl\/?s={search_term_string}"},"query-input":{"@type":"PropertyValueSpecification","valueRequired":true,"valueName":"search_term_string"}}],"inLanguage":"fr-FR"}]}},"_links":{"self":[{"href":"https:\/\/www.voustensports.com\/fr\/wp-json\/wp\/v2\/product\/203577","targetHints":{"allow":["GET"]}}],"collection":[{"href":"https:\/\/www.voustensports.com\/fr\/wp-json\/wp\/v2\/product"}],"about":[{"href":"https:\/\/www.voustensports.com\/fr\/wp-json\/wp\/v2\/types\/product"}],"replies":[{"embeddable":true,"href":"https:\/\/www.voustensports.com\/fr\/wp-json\/wp\/v2\/comments?post=203577"}],"wp:featuredmedia":[{"embeddable":true,"href":"https:\/\/www.voustensports.com\/fr\/wp-json\/wp\/v2\/media\/203565"}],"wp:attachment":[{"href":"https:\/\/www.voustensports.com\/fr\/wp-json\/wp\/v2\/media?parent=203577"}],"wp:term":[{"taxonomy":"product_cat","embeddable":true,"href":"https:\/\/www.voustensports.com\/fr\/wp-json\/wp\/v2\/product_cat?post=203577"},{"taxonomy":"product_tag","embeddable":true,"href":"https:\/\/www.voustensports.com\/fr\/wp-json\/wp\/v2\/product_tag?post=203577"}],"curies":[{"name":"wp","href":"https:\/\/api.w.org\/{rel}","templated":true}]}}