{"id":203445,"date":"2025-04-25T13:46:14","date_gmt":"2025-04-25T11:46:14","guid":{"rendered":"https:\/\/www.voustensports.com\/genti-surchemise-sable-40632\/"},"modified":"2026-02-05T12:27:52","modified_gmt":"2026-02-05T11:27:52","slug":"genti-surchemise-sable-40632","status":"publish","type":"product","link":"https:\/\/www.voustensports.com\/fr\/genti-surchemise-sable-40632\/","title":{"rendered":"GENTI &#8211; Surchemise sable (40632)"},"content":{"rendered":"<div>Surchemise couleur sable mod\u00e8le Oaks et dot\u00e9e de deux poches sur le devant. Cette surchemise a une coupe normale et est fabriqu\u00e9e dans une qualit\u00e9 de coton extensible.<\/div>\n<ul>\n<li>Mod\u00e8le : Ch\u00eanes<\/li>\n<li>Coton extensible<\/li>\n<li>Fermeture \u00e9clair<\/li>\n<li>Ajustement normal<\/li>\n<li>Mati\u00e8re : 52 % coton, 42 % polyamide, 6 % \u00e9lasthanne<\/li>\n<\/ul>\n","protected":false},"excerpt":{"rendered":"<p>Surchemise couleur sable mod\u00e8le Oaks et dot\u00e9e de deux poches sur le devant. Cette surchemise a une coupe normale et est fabriqu\u00e9e dans une qualit\u00e9 de coton extensible. Mod\u00e8le : Ch\u00eanes Coton extensible Fermeture \u00e9clair Ajustement normal Mati\u00e8re : 52 % coton, 42 % polyamide, 6 % \u00e9lasthanne<\/p>\n","protected":false},"featured_media":203429,"comment_status":"open","ping_status":"closed","template":"","meta":{"rank_math_lock_modified_date":false},"product_cat":[486,710,739,446,450,462],"product_tag":[],"class_list":{"0":"post-203445","1":"product","2":"type-product","3":"status-publish","4":"has-post-thumbnail","6":"product_cat-shirt-fr-2","7":"product_cat-genti-fr","8":"product_cat-overshirt-fr-2","9":"product_cat-kleding-fr","10":"product_cat-heren-fr","11":"product_cat-vousten-sports-fr-2","13":"first","14":"instock","15":"taxable","16":"shipping-taxable","17":"purchasable","18":"product-type-variable"},"acf":[],"yoast_head":"<!-- This site is optimized with the Yoast SEO plugin v23.9 - https:\/\/yoast.com\/wordpress\/plugins\/seo\/ -->\n<title>GENTI - Surchemise sable (40632) - Vousten Sports<\/title>\n<meta name=\"robots\" content=\"index, follow, max-snippet:-1, max-image-preview:large, max-video-preview:-1\" \/>\n<link rel=\"canonical\" href=\"https:\/\/www.voustensports.com\/fr\/genti-surchemise-sable-40632\/\" \/>\n<meta property=\"og:locale\" content=\"fr_FR\" \/>\n<meta property=\"og:type\" content=\"article\" \/>\n<meta property=\"og:title\" content=\"GENTI - Surchemise sable (40632) - Vousten Sports\" \/>\n<meta property=\"og:description\" content=\"Surchemise couleur sable mod\u00e8le Oaks et dot\u00e9e de deux poches sur le devant. Cette surchemise a une coupe normale et est fabriqu\u00e9e dans une qualit\u00e9 de coton extensible. Mod\u00e8le : Ch\u00eanes Coton extensible Fermeture \u00e9clair Ajustement normal Mati\u00e8re : 52 % coton, 42 % polyamide, 6 % \u00e9lasthanne\" \/>\n<meta property=\"og:url\" content=\"https:\/\/www.voustensports.com\/fr\/genti-surchemise-sable-40632\/\" \/>\n<meta property=\"og:site_name\" content=\"Vousten Sports\" \/>\n<meta property=\"article:modified_time\" content=\"2026-02-05T11:27:52+00:00\" \/>\n<meta property=\"og:image\" content=\"https:\/\/www.voustensports.com\/wp-content\/uploads\/2023\/06\/Overshirt-zand-406321.jpg\" \/>\n\t<meta property=\"og:image:width\" content=\"1365\" \/>\n\t<meta property=\"og:image:height\" content=\"2048\" \/>\n\t<meta property=\"og:image:type\" content=\"image\/jpeg\" \/>\n<meta name=\"twitter:card\" content=\"summary_large_image\" \/>\n<script type=\"application\/ld+json\" class=\"yoast-schema-graph\">{\"@context\":\"https:\/\/schema.org\",\"@graph\":[{\"@type\":\"WebPage\",\"@id\":\"https:\/\/www.voustensports.com\/fr\/genti-surchemise-sable-40632\/\",\"url\":\"https:\/\/www.voustensports.com\/fr\/genti-surchemise-sable-40632\/\",\"name\":\"GENTI - Surchemise sable (40632) - Vousten Sports\",\"isPartOf\":{\"@id\":\"https:\/\/www.voustensports.com\/nl\/#website\"},\"primaryImageOfPage\":{\"@id\":\"https:\/\/www.voustensports.com\/fr\/genti-surchemise-sable-40632\/#primaryimage\"},\"image\":{\"@id\":\"https:\/\/www.voustensports.com\/fr\/genti-surchemise-sable-40632\/#primaryimage\"},\"thumbnailUrl\":\"https:\/\/www.voustensports.com\/wp-content\/uploads\/2023\/06\/Overshirt-zand-406321.jpg\",\"datePublished\":\"2025-04-25T11:46:14+00:00\",\"dateModified\":\"2026-02-05T11:27:52+00:00\",\"breadcrumb\":{\"@id\":\"https:\/\/www.voustensports.com\/fr\/genti-surchemise-sable-40632\/#breadcrumb\"},\"inLanguage\":\"fr-FR\",\"potentialAction\":[{\"@type\":\"ReadAction\",\"target\":[\"https:\/\/www.voustensports.com\/fr\/genti-surchemise-sable-40632\/\"]}]},{\"@type\":\"ImageObject\",\"inLanguage\":\"fr-FR\",\"@id\":\"https:\/\/www.voustensports.com\/fr\/genti-surchemise-sable-40632\/#primaryimage\",\"url\":\"https:\/\/www.voustensports.com\/wp-content\/uploads\/2023\/06\/Overshirt-zand-406321.jpg\",\"contentUrl\":\"https:\/\/www.voustensports.com\/wp-content\/uploads\/2023\/06\/Overshirt-zand-406321.jpg\",\"width\":1365,\"height\":2048},{\"@type\":\"BreadcrumbList\",\"@id\":\"https:\/\/www.voustensports.com\/fr\/genti-surchemise-sable-40632\/#breadcrumb\",\"itemListElement\":[{\"@type\":\"ListItem\",\"position\":1,\"name\":\"Home\",\"item\":\"https:\/\/www.voustensports.com\/fr\/\"},{\"@type\":\"ListItem\",\"position\":2,\"name\":\"Boutique\",\"item\":\"https:\/\/www.voustensports.com\/fr\/shop\/\"},{\"@type\":\"ListItem\",\"position\":3,\"name\":\"GENTI &#8211; Surchemise sable (40632)\"}]},{\"@type\":\"WebSite\",\"@id\":\"https:\/\/www.voustensports.com\/nl\/#website\",\"url\":\"https:\/\/www.voustensports.com\/nl\/\",\"name\":\"Vousten Sports\",\"description\":\"\",\"potentialAction\":[{\"@type\":\"SearchAction\",\"target\":{\"@type\":\"EntryPoint\",\"urlTemplate\":\"https:\/\/www.voustensports.com\/nl\/?s={search_term_string}\"},\"query-input\":{\"@type\":\"PropertyValueSpecification\",\"valueRequired\":true,\"valueName\":\"search_term_string\"}}],\"inLanguage\":\"fr-FR\"}]}<\/script>\n<!-- \/ Yoast SEO plugin. -->","yoast_head_json":{"title":"GENTI - Surchemise sable (40632) - Vousten Sports","robots":{"index":"index","follow":"follow","max-snippet":"max-snippet:-1","max-image-preview":"max-image-preview:large","max-video-preview":"max-video-preview:-1"},"canonical":"https:\/\/www.voustensports.com\/fr\/genti-surchemise-sable-40632\/","og_locale":"fr_FR","og_type":"article","og_title":"GENTI - Surchemise sable (40632) - Vousten Sports","og_description":"Surchemise couleur sable mod\u00e8le Oaks et dot\u00e9e de deux poches sur le devant. Cette surchemise a une coupe normale et est fabriqu\u00e9e dans une qualit\u00e9 de coton extensible. Mod\u00e8le : Ch\u00eanes Coton extensible Fermeture \u00e9clair Ajustement normal Mati\u00e8re : 52 % coton, 42 % polyamide, 6 % \u00e9lasthanne","og_url":"https:\/\/www.voustensports.com\/fr\/genti-surchemise-sable-40632\/","og_site_name":"Vousten Sports","article_modified_time":"2026-02-05T11:27:52+00:00","og_image":[{"width":1365,"height":2048,"url":"https:\/\/www.voustensports.com\/wp-content\/uploads\/2023\/06\/Overshirt-zand-406321.jpg","type":"image\/jpeg"}],"twitter_card":"summary_large_image","schema":{"@context":"https:\/\/schema.org","@graph":[{"@type":"WebPage","@id":"https:\/\/www.voustensports.com\/fr\/genti-surchemise-sable-40632\/","url":"https:\/\/www.voustensports.com\/fr\/genti-surchemise-sable-40632\/","name":"GENTI - Surchemise sable (40632) - Vousten Sports","isPartOf":{"@id":"https:\/\/www.voustensports.com\/nl\/#website"},"primaryImageOfPage":{"@id":"https:\/\/www.voustensports.com\/fr\/genti-surchemise-sable-40632\/#primaryimage"},"image":{"@id":"https:\/\/www.voustensports.com\/fr\/genti-surchemise-sable-40632\/#primaryimage"},"thumbnailUrl":"https:\/\/www.voustensports.com\/wp-content\/uploads\/2023\/06\/Overshirt-zand-406321.jpg","datePublished":"2025-04-25T11:46:14+00:00","dateModified":"2026-02-05T11:27:52+00:00","breadcrumb":{"@id":"https:\/\/www.voustensports.com\/fr\/genti-surchemise-sable-40632\/#breadcrumb"},"inLanguage":"fr-FR","potentialAction":[{"@type":"ReadAction","target":["https:\/\/www.voustensports.com\/fr\/genti-surchemise-sable-40632\/"]}]},{"@type":"ImageObject","inLanguage":"fr-FR","@id":"https:\/\/www.voustensports.com\/fr\/genti-surchemise-sable-40632\/#primaryimage","url":"https:\/\/www.voustensports.com\/wp-content\/uploads\/2023\/06\/Overshirt-zand-406321.jpg","contentUrl":"https:\/\/www.voustensports.com\/wp-content\/uploads\/2023\/06\/Overshirt-zand-406321.jpg","width":1365,"height":2048},{"@type":"BreadcrumbList","@id":"https:\/\/www.voustensports.com\/fr\/genti-surchemise-sable-40632\/#breadcrumb","itemListElement":[{"@type":"ListItem","position":1,"name":"Home","item":"https:\/\/www.voustensports.com\/fr\/"},{"@type":"ListItem","position":2,"name":"Boutique","item":"https:\/\/www.voustensports.com\/fr\/shop\/"},{"@type":"ListItem","position":3,"name":"GENTI &#8211; Surchemise sable (40632)"}]},{"@type":"WebSite","@id":"https:\/\/www.voustensports.com\/nl\/#website","url":"https:\/\/www.voustensports.com\/nl\/","name":"Vousten Sports","description":"","potentialAction":[{"@type":"SearchAction","target":{"@type":"EntryPoint","urlTemplate":"https:\/\/www.voustensports.com\/nl\/?s={search_term_string}"},"query-input":{"@type":"PropertyValueSpecification","valueRequired":true,"valueName":"search_term_string"}}],"inLanguage":"fr-FR"}]}},"_links":{"self":[{"href":"https:\/\/www.voustensports.com\/fr\/wp-json\/wp\/v2\/product\/203445","targetHints":{"allow":["GET"]}}],"collection":[{"href":"https:\/\/www.voustensports.com\/fr\/wp-json\/wp\/v2\/product"}],"about":[{"href":"https:\/\/www.voustensports.com\/fr\/wp-json\/wp\/v2\/types\/product"}],"replies":[{"embeddable":true,"href":"https:\/\/www.voustensports.com\/fr\/wp-json\/wp\/v2\/comments?post=203445"}],"wp:featuredmedia":[{"embeddable":true,"href":"https:\/\/www.voustensports.com\/fr\/wp-json\/wp\/v2\/media\/203429"}],"wp:attachment":[{"href":"https:\/\/www.voustensports.com\/fr\/wp-json\/wp\/v2\/media?parent=203445"}],"wp:term":[{"taxonomy":"product_cat","embeddable":true,"href":"https:\/\/www.voustensports.com\/fr\/wp-json\/wp\/v2\/product_cat?post=203445"},{"taxonomy":"product_tag","embeddable":true,"href":"https:\/\/www.voustensports.com\/fr\/wp-json\/wp\/v2\/product_tag?post=203445"}],"curies":[{"name":"wp","href":"https:\/\/api.w.org\/{rel}","templated":true}]}}