{"id":202549,"date":"2025-04-04T20:00:50","date_gmt":"2025-04-04T18:00:50","guid":{"rendered":"https:\/\/www.voustensports.com\/hogan-baskets-hyperlight-gris-40639\/"},"modified":"2026-02-05T12:28:09","modified_gmt":"2026-02-05T11:28:09","slug":"hogan-baskets-hyperlight-gris-40639","status":"publish","type":"product","link":"https:\/\/www.voustensports.com\/fr\/hogan-baskets-hyperlight-gris-40639\/","title":{"rendered":"HOGAN &#8211; Baskets Hyperlight gris (40639)"},"content":{"rendered":"<div>Caract\u00e9ris\u00e9es par des formes douces et dynamiques, les baskets Hogan Hyperlight allient les lignes des chaussures de jogging et les caract\u00e9ristiques urbaines. La tige en daim et les empi\u00e8cements en tissu technique rappellent les d\u00e9tails embl\u00e9matiques de la marque et sont rehauss\u00e9s par le H lat\u00e9ral. Un style dynamique, avec une semelle int\u00e9rieure en mousse \u00e0 m\u00e9moire de forme et une semelle ext\u00e9rieure l\u00e9g\u00e8re \u00e0 crampons.<\/div>\n<ul>\n<li>Hogan Baskets Hyperlight pour homme<\/li>\n<li>Fabriqu\u00e9 en Italie<\/li>\n<li>Tige en daim<\/li>\n<li>Inserts en tissu technique<\/li>\n<li>D\u00e9tails en cuir lisse<\/li>\n<li>Kant H.<\/li>\n<li>Semelle int\u00e9rieure en mousse \u00e0 m\u00e9moire de forme 8 mm<\/li>\n<li>Semelle ext\u00e9rieure en caoutchouc<\/li>\n<li>Hauteur totale 4,5 cm<\/li>\n<li>Cartes d&rsquo;entretien et de soins incluses<\/li>\n<li>Comprend un sac \u00e0 poussi\u00e8re en tissu<\/li>\n<li>Lacets suppl\u00e9mentaires inclus<\/li>\n<\/ul>\n","protected":false},"excerpt":{"rendered":"<p>Caract\u00e9ris\u00e9es par des formes douces et dynamiques, les baskets Hogan Hyperlight allient les lignes des chaussures de jogging et les caract\u00e9ristiques urbaines. La tige en daim et les empi\u00e8cements en tissu technique rappellent les d\u00e9tails embl\u00e9matiques de la marque et sont rehauss\u00e9s par le H lat\u00e9ral. Un style dynamique, avec une semelle int\u00e9rieure en mousse [&#8230;]\n","protected":false},"featured_media":202529,"comment_status":"open","ping_status":"closed","template":"","meta":{"rank_math_lock_modified_date":false},"product_cat":[518,522,526,530,916,446,450,462],"product_tag":[],"class_list":{"0":"post-202549","1":"product","2":"type-product","3":"status-publish","4":"has-post-thumbnail","6":"product_cat-hogan-fr","7":"product_cat-schoenen-fr-2","8":"product_cat-sneakers-fr-2","9":"product_cat-herenschoenen-fr","10":"product_cat-veterschoenen-fr","11":"product_cat-kleding-fr","12":"product_cat-heren-fr","13":"product_cat-vousten-sports-fr-2","15":"first","16":"outofstock","17":"taxable","18":"shipping-taxable","19":"purchasable","20":"product-type-variable"},"acf":[],"yoast_head":"<!-- This site is optimized with the Yoast SEO plugin v23.9 - https:\/\/yoast.com\/wordpress\/plugins\/seo\/ -->\n<title>HOGAN - Baskets Hyperlight gris (40639) - Vousten Sports<\/title>\n<meta name=\"robots\" content=\"index, follow, max-snippet:-1, max-image-preview:large, max-video-preview:-1\" \/>\n<link rel=\"canonical\" href=\"https:\/\/www.voustensports.com\/fr\/hogan-baskets-hyperlight-gris-40639\/\" \/>\n<meta property=\"og:locale\" content=\"fr_FR\" \/>\n<meta property=\"og:type\" content=\"article\" \/>\n<meta property=\"og:title\" content=\"HOGAN - Baskets Hyperlight gris (40639) - Vousten Sports\" \/>\n<meta property=\"og:description\" content=\"Caract\u00e9ris\u00e9es par des formes douces et dynamiques, les baskets Hogan Hyperlight allient les lignes des chaussures de jogging et les caract\u00e9ristiques urbaines. La tige en daim et les empi\u00e8cements en tissu technique rappellent les d\u00e9tails embl\u00e9matiques de la marque et sont rehauss\u00e9s par le H lat\u00e9ral. Un style dynamique, avec une semelle int\u00e9rieure en mousse [...]\" \/>\n<meta property=\"og:url\" content=\"https:\/\/www.voustensports.com\/fr\/hogan-baskets-hyperlight-gris-40639\/\" \/>\n<meta property=\"og:site_name\" content=\"Vousten Sports\" \/>\n<meta property=\"article:modified_time\" content=\"2026-02-05T11:28:09+00:00\" \/>\n<meta property=\"og:image\" content=\"https:\/\/www.voustensports.com\/wp-content\/uploads\/2023\/06\/Sneaker-Hyperlight-grijs-406391.jpg\" \/>\n\t<meta property=\"og:image:width\" content=\"2048\" \/>\n\t<meta property=\"og:image:height\" content=\"2048\" \/>\n\t<meta property=\"og:image:type\" content=\"image\/jpeg\" \/>\n<meta name=\"twitter:card\" content=\"summary_large_image\" \/>\n<meta name=\"twitter:label1\" content=\"Est. reading time\" \/>\n\t<meta name=\"twitter:data1\" content=\"1 minute\" \/>\n<script type=\"application\/ld+json\" class=\"yoast-schema-graph\">{\"@context\":\"https:\/\/schema.org\",\"@graph\":[{\"@type\":\"WebPage\",\"@id\":\"https:\/\/www.voustensports.com\/fr\/hogan-baskets-hyperlight-gris-40639\/\",\"url\":\"https:\/\/www.voustensports.com\/fr\/hogan-baskets-hyperlight-gris-40639\/\",\"name\":\"HOGAN - Baskets Hyperlight gris (40639) - Vousten Sports\",\"isPartOf\":{\"@id\":\"https:\/\/www.voustensports.com\/nl\/#website\"},\"primaryImageOfPage\":{\"@id\":\"https:\/\/www.voustensports.com\/fr\/hogan-baskets-hyperlight-gris-40639\/#primaryimage\"},\"image\":{\"@id\":\"https:\/\/www.voustensports.com\/fr\/hogan-baskets-hyperlight-gris-40639\/#primaryimage\"},\"thumbnailUrl\":\"https:\/\/www.voustensports.com\/wp-content\/uploads\/2023\/06\/Sneaker-Hyperlight-grijs-406391.jpg\",\"datePublished\":\"2025-04-04T18:00:50+00:00\",\"dateModified\":\"2026-02-05T11:28:09+00:00\",\"breadcrumb\":{\"@id\":\"https:\/\/www.voustensports.com\/fr\/hogan-baskets-hyperlight-gris-40639\/#breadcrumb\"},\"inLanguage\":\"fr-FR\",\"potentialAction\":[{\"@type\":\"ReadAction\",\"target\":[\"https:\/\/www.voustensports.com\/fr\/hogan-baskets-hyperlight-gris-40639\/\"]}]},{\"@type\":\"ImageObject\",\"inLanguage\":\"fr-FR\",\"@id\":\"https:\/\/www.voustensports.com\/fr\/hogan-baskets-hyperlight-gris-40639\/#primaryimage\",\"url\":\"https:\/\/www.voustensports.com\/wp-content\/uploads\/2023\/06\/Sneaker-Hyperlight-grijs-406391.jpg\",\"contentUrl\":\"https:\/\/www.voustensports.com\/wp-content\/uploads\/2023\/06\/Sneaker-Hyperlight-grijs-406391.jpg\",\"width\":2048,\"height\":2048},{\"@type\":\"BreadcrumbList\",\"@id\":\"https:\/\/www.voustensports.com\/fr\/hogan-baskets-hyperlight-gris-40639\/#breadcrumb\",\"itemListElement\":[{\"@type\":\"ListItem\",\"position\":1,\"name\":\"Home\",\"item\":\"https:\/\/www.voustensports.com\/fr\/\"},{\"@type\":\"ListItem\",\"position\":2,\"name\":\"Boutique\",\"item\":\"https:\/\/www.voustensports.com\/fr\/shop\/\"},{\"@type\":\"ListItem\",\"position\":3,\"name\":\"HOGAN &#8211; Baskets Hyperlight gris (40639)\"}]},{\"@type\":\"WebSite\",\"@id\":\"https:\/\/www.voustensports.com\/nl\/#website\",\"url\":\"https:\/\/www.voustensports.com\/nl\/\",\"name\":\"Vousten Sports\",\"description\":\"\",\"potentialAction\":[{\"@type\":\"SearchAction\",\"target\":{\"@type\":\"EntryPoint\",\"urlTemplate\":\"https:\/\/www.voustensports.com\/nl\/?s={search_term_string}\"},\"query-input\":{\"@type\":\"PropertyValueSpecification\",\"valueRequired\":true,\"valueName\":\"search_term_string\"}}],\"inLanguage\":\"fr-FR\"}]}<\/script>\n<!-- \/ Yoast SEO plugin. -->","yoast_head_json":{"title":"HOGAN - Baskets Hyperlight gris (40639) - Vousten Sports","robots":{"index":"index","follow":"follow","max-snippet":"max-snippet:-1","max-image-preview":"max-image-preview:large","max-video-preview":"max-video-preview:-1"},"canonical":"https:\/\/www.voustensports.com\/fr\/hogan-baskets-hyperlight-gris-40639\/","og_locale":"fr_FR","og_type":"article","og_title":"HOGAN - Baskets Hyperlight gris (40639) - Vousten Sports","og_description":"Caract\u00e9ris\u00e9es par des formes douces et dynamiques, les baskets Hogan Hyperlight allient les lignes des chaussures de jogging et les caract\u00e9ristiques urbaines. La tige en daim et les empi\u00e8cements en tissu technique rappellent les d\u00e9tails embl\u00e9matiques de la marque et sont rehauss\u00e9s par le H lat\u00e9ral. Un style dynamique, avec une semelle int\u00e9rieure en mousse [...]","og_url":"https:\/\/www.voustensports.com\/fr\/hogan-baskets-hyperlight-gris-40639\/","og_site_name":"Vousten Sports","article_modified_time":"2026-02-05T11:28:09+00:00","og_image":[{"width":2048,"height":2048,"url":"https:\/\/www.voustensports.com\/wp-content\/uploads\/2023\/06\/Sneaker-Hyperlight-grijs-406391.jpg","type":"image\/jpeg"}],"twitter_card":"summary_large_image","twitter_misc":{"Est. reading time":"1 minute"},"schema":{"@context":"https:\/\/schema.org","@graph":[{"@type":"WebPage","@id":"https:\/\/www.voustensports.com\/fr\/hogan-baskets-hyperlight-gris-40639\/","url":"https:\/\/www.voustensports.com\/fr\/hogan-baskets-hyperlight-gris-40639\/","name":"HOGAN - Baskets Hyperlight gris (40639) - Vousten Sports","isPartOf":{"@id":"https:\/\/www.voustensports.com\/nl\/#website"},"primaryImageOfPage":{"@id":"https:\/\/www.voustensports.com\/fr\/hogan-baskets-hyperlight-gris-40639\/#primaryimage"},"image":{"@id":"https:\/\/www.voustensports.com\/fr\/hogan-baskets-hyperlight-gris-40639\/#primaryimage"},"thumbnailUrl":"https:\/\/www.voustensports.com\/wp-content\/uploads\/2023\/06\/Sneaker-Hyperlight-grijs-406391.jpg","datePublished":"2025-04-04T18:00:50+00:00","dateModified":"2026-02-05T11:28:09+00:00","breadcrumb":{"@id":"https:\/\/www.voustensports.com\/fr\/hogan-baskets-hyperlight-gris-40639\/#breadcrumb"},"inLanguage":"fr-FR","potentialAction":[{"@type":"ReadAction","target":["https:\/\/www.voustensports.com\/fr\/hogan-baskets-hyperlight-gris-40639\/"]}]},{"@type":"ImageObject","inLanguage":"fr-FR","@id":"https:\/\/www.voustensports.com\/fr\/hogan-baskets-hyperlight-gris-40639\/#primaryimage","url":"https:\/\/www.voustensports.com\/wp-content\/uploads\/2023\/06\/Sneaker-Hyperlight-grijs-406391.jpg","contentUrl":"https:\/\/www.voustensports.com\/wp-content\/uploads\/2023\/06\/Sneaker-Hyperlight-grijs-406391.jpg","width":2048,"height":2048},{"@type":"BreadcrumbList","@id":"https:\/\/www.voustensports.com\/fr\/hogan-baskets-hyperlight-gris-40639\/#breadcrumb","itemListElement":[{"@type":"ListItem","position":1,"name":"Home","item":"https:\/\/www.voustensports.com\/fr\/"},{"@type":"ListItem","position":2,"name":"Boutique","item":"https:\/\/www.voustensports.com\/fr\/shop\/"},{"@type":"ListItem","position":3,"name":"HOGAN &#8211; Baskets Hyperlight gris (40639)"}]},{"@type":"WebSite","@id":"https:\/\/www.voustensports.com\/nl\/#website","url":"https:\/\/www.voustensports.com\/nl\/","name":"Vousten Sports","description":"","potentialAction":[{"@type":"SearchAction","target":{"@type":"EntryPoint","urlTemplate":"https:\/\/www.voustensports.com\/nl\/?s={search_term_string}"},"query-input":{"@type":"PropertyValueSpecification","valueRequired":true,"valueName":"search_term_string"}}],"inLanguage":"fr-FR"}]}},"_links":{"self":[{"href":"https:\/\/www.voustensports.com\/fr\/wp-json\/wp\/v2\/product\/202549","targetHints":{"allow":["GET"]}}],"collection":[{"href":"https:\/\/www.voustensports.com\/fr\/wp-json\/wp\/v2\/product"}],"about":[{"href":"https:\/\/www.voustensports.com\/fr\/wp-json\/wp\/v2\/types\/product"}],"replies":[{"embeddable":true,"href":"https:\/\/www.voustensports.com\/fr\/wp-json\/wp\/v2\/comments?post=202549"}],"wp:featuredmedia":[{"embeddable":true,"href":"https:\/\/www.voustensports.com\/fr\/wp-json\/wp\/v2\/media\/202529"}],"wp:attachment":[{"href":"https:\/\/www.voustensports.com\/fr\/wp-json\/wp\/v2\/media?parent=202549"}],"wp:term":[{"taxonomy":"product_cat","embeddable":true,"href":"https:\/\/www.voustensports.com\/fr\/wp-json\/wp\/v2\/product_cat?post=202549"},{"taxonomy":"product_tag","embeddable":true,"href":"https:\/\/www.voustensports.com\/fr\/wp-json\/wp\/v2\/product_tag?post=202549"}],"curies":[{"name":"wp","href":"https:\/\/api.w.org\/{rel}","templated":true}]}}