{"id":201975,"date":"2025-03-29T12:52:23","date_gmt":"2025-03-29T11:52:23","guid":{"rendered":"https:\/\/www.voustensports.com\/john-miller-polo-hyperstretch-zippe-manches-courtes-blanc-40500\/"},"modified":"2026-04-21T17:18:16","modified_gmt":"2026-04-21T15:18:16","slug":"john-miller-polo-hyperstretch-zippe-manches-courtes-blanc-40500","status":"publish","type":"product","link":"https:\/\/www.voustensports.com\/fr\/john-miller-polo-hyperstretch-zippe-manches-courtes-blanc-40500\/","title":{"rendered":"JOHN MILLER &#8211; Polo Hyperstretch Zipp\u00e9 Manches Courtes blanc (40500)"},"content":{"rendered":"<div>Ce polo blanc coupe slim avec fermeture \u00e9clair est con\u00e7u dans une qualit\u00e9 hyperstretch et poss\u00e8de des manches courtes. Le nouveau venu au sein de la collection hyperstretch ! Les chemises John Miller Slim Fit sont coup\u00e9es slim et mettent ainsi en valeur le corps. La qualit\u00e9 hyperstretch du tissu vous offre un confort de port \u00e9l\u00e9gant. Ce tricot italien a fait ses preuves depuis des saisons comme l&rsquo;une des qualit\u00e9s les plus vendues au sein des collections John Miller. Le polo a un col italien tendance dont les pointes du col sont d\u00e9coup\u00e9es \u00e0 l&rsquo;arri\u00e8re.<\/div>\n<ul>\n<li>Coupe : Polo coupe ajust\u00e9e<\/li>\n<li>Couleur: Blanc<\/li>\n<li>Conception: Plaine<\/li>\n<li>Manche : manche courte<\/li>\n<li>Planche : Pan coup\u00e9<\/li>\n<li>Manchette : Autre<\/li>\n<li>Composition du tissu : 89% Polyamide 11% \u00c9lasthanne<\/li>\n<li>Propri\u00e9t\u00e9s du tissu : Hyperstretch, Stretch<\/li>\n<li>Poche poitrine : Non<\/li>\n<li>Code produit : 5142038-910-000-000<\/li>\n<\/ul>\n","protected":false},"excerpt":{"rendered":"<p>Ce polo blanc coupe slim avec fermeture \u00e9clair est con\u00e7u dans une qualit\u00e9 hyperstretch et poss\u00e8de des manches courtes. Le nouveau venu au sein de la collection hyperstretch ! Les chemises John Miller Slim Fit sont coup\u00e9es slim et mettent ainsi en valeur le corps. La qualit\u00e9 hyperstretch du tissu vous offre un confort de [&#8230;]\n","protected":false},"featured_media":201959,"comment_status":"open","ping_status":"closed","template":"","meta":{"rank_math_lock_modified_date":false},"product_cat":[478,486,920,446,450,462],"product_tag":[],"class_list":{"0":"post-201975","1":"product","2":"type-product","3":"status-publish","4":"has-post-thumbnail","6":"product_cat-polos-fr-2","7":"product_cat-shirt-fr-2","8":"product_cat-john-miller-fr","9":"product_cat-kleding-fr","10":"product_cat-heren-fr","11":"product_cat-vousten-sports-fr-2","13":"first","14":"instock","15":"taxable","16":"shipping-taxable","17":"purchasable","18":"product-type-variable"},"acf":[],"yoast_head":"<!-- This site is optimized with the Yoast SEO plugin v23.9 - https:\/\/yoast.com\/wordpress\/plugins\/seo\/ -->\n<title>JOHN MILLER - Polo Hyperstretch Zipp\u00e9 Manches Courtes blanc (40500) - Vousten Sports<\/title>\n<meta name=\"robots\" content=\"index, follow, max-snippet:-1, max-image-preview:large, max-video-preview:-1\" \/>\n<link rel=\"canonical\" href=\"https:\/\/www.voustensports.com\/fr\/john-miller-polo-hyperstretch-zippe-manches-courtes-blanc-40500\/\" \/>\n<meta property=\"og:locale\" content=\"fr_FR\" \/>\n<meta property=\"og:type\" content=\"article\" \/>\n<meta property=\"og:title\" content=\"JOHN MILLER - Polo Hyperstretch Zipp\u00e9 Manches Courtes blanc (40500) - Vousten Sports\" \/>\n<meta property=\"og:description\" content=\"Ce polo blanc coupe slim avec fermeture \u00e9clair est con\u00e7u dans une qualit\u00e9 hyperstretch et poss\u00e8de des manches courtes. Le nouveau venu au sein de la collection hyperstretch ! Les chemises John Miller Slim Fit sont coup\u00e9es slim et mettent ainsi en valeur le corps. La qualit\u00e9 hyperstretch du tissu vous offre un confort de [...]\" \/>\n<meta property=\"og:url\" content=\"https:\/\/www.voustensports.com\/fr\/john-miller-polo-hyperstretch-zippe-manches-courtes-blanc-40500\/\" \/>\n<meta property=\"og:site_name\" content=\"Vousten Sports\" \/>\n<meta property=\"article:modified_time\" content=\"2026-04-21T15:18:16+00:00\" \/>\n<meta property=\"og:image\" content=\"https:\/\/www.voustensports.com\/wp-content\/uploads\/2023\/06\/Hyperstretch-Polo-Shirt-Rits-Korte-Mouw-wit-405001.jpg\" \/>\n\t<meta property=\"og:image:width\" content=\"2048\" \/>\n\t<meta property=\"og:image:height\" content=\"1913\" \/>\n\t<meta property=\"og:image:type\" content=\"image\/jpeg\" \/>\n<meta name=\"twitter:card\" content=\"summary_large_image\" \/>\n<meta name=\"twitter:label1\" content=\"Est. reading time\" \/>\n\t<meta name=\"twitter:data1\" content=\"1 minute\" \/>\n<script type=\"application\/ld+json\" class=\"yoast-schema-graph\">{\"@context\":\"https:\/\/schema.org\",\"@graph\":[{\"@type\":\"WebPage\",\"@id\":\"https:\/\/www.voustensports.com\/fr\/john-miller-polo-hyperstretch-zippe-manches-courtes-blanc-40500\/\",\"url\":\"https:\/\/www.voustensports.com\/fr\/john-miller-polo-hyperstretch-zippe-manches-courtes-blanc-40500\/\",\"name\":\"JOHN MILLER - Polo Hyperstretch Zipp\u00e9 Manches Courtes blanc (40500) - Vousten Sports\",\"isPartOf\":{\"@id\":\"https:\/\/www.voustensports.com\/nl\/#website\"},\"primaryImageOfPage\":{\"@id\":\"https:\/\/www.voustensports.com\/fr\/john-miller-polo-hyperstretch-zippe-manches-courtes-blanc-40500\/#primaryimage\"},\"image\":{\"@id\":\"https:\/\/www.voustensports.com\/fr\/john-miller-polo-hyperstretch-zippe-manches-courtes-blanc-40500\/#primaryimage\"},\"thumbnailUrl\":\"https:\/\/www.voustensports.com\/wp-content\/uploads\/2023\/06\/Hyperstretch-Polo-Shirt-Rits-Korte-Mouw-wit-405001.jpg\",\"datePublished\":\"2025-03-29T11:52:23+00:00\",\"dateModified\":\"2026-04-21T15:18:16+00:00\",\"breadcrumb\":{\"@id\":\"https:\/\/www.voustensports.com\/fr\/john-miller-polo-hyperstretch-zippe-manches-courtes-blanc-40500\/#breadcrumb\"},\"inLanguage\":\"fr-FR\",\"potentialAction\":[{\"@type\":\"ReadAction\",\"target\":[\"https:\/\/www.voustensports.com\/fr\/john-miller-polo-hyperstretch-zippe-manches-courtes-blanc-40500\/\"]}]},{\"@type\":\"ImageObject\",\"inLanguage\":\"fr-FR\",\"@id\":\"https:\/\/www.voustensports.com\/fr\/john-miller-polo-hyperstretch-zippe-manches-courtes-blanc-40500\/#primaryimage\",\"url\":\"https:\/\/www.voustensports.com\/wp-content\/uploads\/2023\/06\/Hyperstretch-Polo-Shirt-Rits-Korte-Mouw-wit-405001.jpg\",\"contentUrl\":\"https:\/\/www.voustensports.com\/wp-content\/uploads\/2023\/06\/Hyperstretch-Polo-Shirt-Rits-Korte-Mouw-wit-405001.jpg\",\"width\":2048,\"height\":1913},{\"@type\":\"BreadcrumbList\",\"@id\":\"https:\/\/www.voustensports.com\/fr\/john-miller-polo-hyperstretch-zippe-manches-courtes-blanc-40500\/#breadcrumb\",\"itemListElement\":[{\"@type\":\"ListItem\",\"position\":1,\"name\":\"Home\",\"item\":\"https:\/\/www.voustensports.com\/fr\/\"},{\"@type\":\"ListItem\",\"position\":2,\"name\":\"Boutique\",\"item\":\"https:\/\/www.voustensports.com\/fr\/shop\/\"},{\"@type\":\"ListItem\",\"position\":3,\"name\":\"JOHN MILLER &#8211; Polo Hyperstretch Zipp\u00e9 Manches Courtes blanc (40500)\"}]},{\"@type\":\"WebSite\",\"@id\":\"https:\/\/www.voustensports.com\/nl\/#website\",\"url\":\"https:\/\/www.voustensports.com\/nl\/\",\"name\":\"Vousten Sports\",\"description\":\"\",\"potentialAction\":[{\"@type\":\"SearchAction\",\"target\":{\"@type\":\"EntryPoint\",\"urlTemplate\":\"https:\/\/www.voustensports.com\/nl\/?s={search_term_string}\"},\"query-input\":{\"@type\":\"PropertyValueSpecification\",\"valueRequired\":true,\"valueName\":\"search_term_string\"}}],\"inLanguage\":\"fr-FR\"}]}<\/script>\n<!-- \/ Yoast SEO plugin. -->","yoast_head_json":{"title":"JOHN MILLER - Polo Hyperstretch Zipp\u00e9 Manches Courtes blanc (40500) - Vousten Sports","robots":{"index":"index","follow":"follow","max-snippet":"max-snippet:-1","max-image-preview":"max-image-preview:large","max-video-preview":"max-video-preview:-1"},"canonical":"https:\/\/www.voustensports.com\/fr\/john-miller-polo-hyperstretch-zippe-manches-courtes-blanc-40500\/","og_locale":"fr_FR","og_type":"article","og_title":"JOHN MILLER - Polo Hyperstretch Zipp\u00e9 Manches Courtes blanc (40500) - Vousten Sports","og_description":"Ce polo blanc coupe slim avec fermeture \u00e9clair est con\u00e7u dans une qualit\u00e9 hyperstretch et poss\u00e8de des manches courtes. Le nouveau venu au sein de la collection hyperstretch ! Les chemises John Miller Slim Fit sont coup\u00e9es slim et mettent ainsi en valeur le corps. La qualit\u00e9 hyperstretch du tissu vous offre un confort de [...]","og_url":"https:\/\/www.voustensports.com\/fr\/john-miller-polo-hyperstretch-zippe-manches-courtes-blanc-40500\/","og_site_name":"Vousten Sports","article_modified_time":"2026-04-21T15:18:16+00:00","og_image":[{"width":2048,"height":1913,"url":"https:\/\/www.voustensports.com\/wp-content\/uploads\/2023\/06\/Hyperstretch-Polo-Shirt-Rits-Korte-Mouw-wit-405001.jpg","type":"image\/jpeg"}],"twitter_card":"summary_large_image","twitter_misc":{"Est. reading time":"1 minute"},"schema":{"@context":"https:\/\/schema.org","@graph":[{"@type":"WebPage","@id":"https:\/\/www.voustensports.com\/fr\/john-miller-polo-hyperstretch-zippe-manches-courtes-blanc-40500\/","url":"https:\/\/www.voustensports.com\/fr\/john-miller-polo-hyperstretch-zippe-manches-courtes-blanc-40500\/","name":"JOHN MILLER - Polo Hyperstretch Zipp\u00e9 Manches Courtes blanc (40500) - Vousten Sports","isPartOf":{"@id":"https:\/\/www.voustensports.com\/nl\/#website"},"primaryImageOfPage":{"@id":"https:\/\/www.voustensports.com\/fr\/john-miller-polo-hyperstretch-zippe-manches-courtes-blanc-40500\/#primaryimage"},"image":{"@id":"https:\/\/www.voustensports.com\/fr\/john-miller-polo-hyperstretch-zippe-manches-courtes-blanc-40500\/#primaryimage"},"thumbnailUrl":"https:\/\/www.voustensports.com\/wp-content\/uploads\/2023\/06\/Hyperstretch-Polo-Shirt-Rits-Korte-Mouw-wit-405001.jpg","datePublished":"2025-03-29T11:52:23+00:00","dateModified":"2026-04-21T15:18:16+00:00","breadcrumb":{"@id":"https:\/\/www.voustensports.com\/fr\/john-miller-polo-hyperstretch-zippe-manches-courtes-blanc-40500\/#breadcrumb"},"inLanguage":"fr-FR","potentialAction":[{"@type":"ReadAction","target":["https:\/\/www.voustensports.com\/fr\/john-miller-polo-hyperstretch-zippe-manches-courtes-blanc-40500\/"]}]},{"@type":"ImageObject","inLanguage":"fr-FR","@id":"https:\/\/www.voustensports.com\/fr\/john-miller-polo-hyperstretch-zippe-manches-courtes-blanc-40500\/#primaryimage","url":"https:\/\/www.voustensports.com\/wp-content\/uploads\/2023\/06\/Hyperstretch-Polo-Shirt-Rits-Korte-Mouw-wit-405001.jpg","contentUrl":"https:\/\/www.voustensports.com\/wp-content\/uploads\/2023\/06\/Hyperstretch-Polo-Shirt-Rits-Korte-Mouw-wit-405001.jpg","width":2048,"height":1913},{"@type":"BreadcrumbList","@id":"https:\/\/www.voustensports.com\/fr\/john-miller-polo-hyperstretch-zippe-manches-courtes-blanc-40500\/#breadcrumb","itemListElement":[{"@type":"ListItem","position":1,"name":"Home","item":"https:\/\/www.voustensports.com\/fr\/"},{"@type":"ListItem","position":2,"name":"Boutique","item":"https:\/\/www.voustensports.com\/fr\/shop\/"},{"@type":"ListItem","position":3,"name":"JOHN MILLER &#8211; Polo Hyperstretch Zipp\u00e9 Manches Courtes blanc (40500)"}]},{"@type":"WebSite","@id":"https:\/\/www.voustensports.com\/nl\/#website","url":"https:\/\/www.voustensports.com\/nl\/","name":"Vousten Sports","description":"","potentialAction":[{"@type":"SearchAction","target":{"@type":"EntryPoint","urlTemplate":"https:\/\/www.voustensports.com\/nl\/?s={search_term_string}"},"query-input":{"@type":"PropertyValueSpecification","valueRequired":true,"valueName":"search_term_string"}}],"inLanguage":"fr-FR"}]}},"_links":{"self":[{"href":"https:\/\/www.voustensports.com\/fr\/wp-json\/wp\/v2\/product\/201975","targetHints":{"allow":["GET"]}}],"collection":[{"href":"https:\/\/www.voustensports.com\/fr\/wp-json\/wp\/v2\/product"}],"about":[{"href":"https:\/\/www.voustensports.com\/fr\/wp-json\/wp\/v2\/types\/product"}],"replies":[{"embeddable":true,"href":"https:\/\/www.voustensports.com\/fr\/wp-json\/wp\/v2\/comments?post=201975"}],"wp:featuredmedia":[{"embeddable":true,"href":"https:\/\/www.voustensports.com\/fr\/wp-json\/wp\/v2\/media\/201959"}],"wp:attachment":[{"href":"https:\/\/www.voustensports.com\/fr\/wp-json\/wp\/v2\/media?parent=201975"}],"wp:term":[{"taxonomy":"product_cat","embeddable":true,"href":"https:\/\/www.voustensports.com\/fr\/wp-json\/wp\/v2\/product_cat?post=201975"},{"taxonomy":"product_tag","embeddable":true,"href":"https:\/\/www.voustensports.com\/fr\/wp-json\/wp\/v2\/product_tag?post=201975"}],"curies":[{"name":"wp","href":"https:\/\/api.w.org\/{rel}","templated":true}]}}