{"id":201768,"date":"2025-03-28T18:02:13","date_gmt":"2025-03-28T17:02:13","guid":{"rendered":"https:\/\/www.voustensports.com\/genti-t-shirt-logo-en-coton-glace-vert-sauge-40611\/"},"modified":"2026-02-05T12:27:15","modified_gmt":"2026-02-05T11:27:15","slug":"genti-t-shirt-logo-en-coton-glace-vert-sauge-40611","status":"publish","type":"product","link":"https:\/\/www.voustensports.com\/fr\/genti-t-shirt-logo-en-coton-glace-vert-sauge-40611\/","title":{"rendered":"GENTI &#8211; T-shirt Logo en coton glac\u00e9 vert sauge (40611)"},"content":{"rendered":"<div>T-shirt Ice Cotton en coton de haute qualit\u00e9 extensible qui assure un ajustement parfait et un confort de port optimal.<\/div>\n<ul>\n<li>Impression du logo<\/li>\n<li>Coton glac\u00e9<\/li>\n<li>Confort de port ultime<\/li>\n<li>Fabriqu\u00e9 au Portugal<\/li>\n<li>Mati\u00e8re : 93% coton, 7% \u00e9lasthanne<\/li>\n<\/ul>\n","protected":false},"excerpt":{"rendered":"<p>T-shirt Ice Cotton en coton de haute qualit\u00e9 extensible qui assure un ajustement parfait et un confort de port optimal. Impression du logo Coton glac\u00e9 Confort de port ultime Fabriqu\u00e9 au Portugal Mati\u00e8re : 93% coton, 7% \u00e9lasthanne<\/p>\n","protected":false},"featured_media":201748,"comment_status":"open","ping_status":"closed","template":"","meta":{"rank_math_lock_modified_date":false},"product_cat":[446,450,462,486,490,710],"product_tag":[],"class_list":{"0":"post-201768","1":"product","2":"type-product","3":"status-publish","4":"has-post-thumbnail","6":"product_cat-kleding-fr","7":"product_cat-heren-fr","8":"product_cat-vousten-sports-fr-2","9":"product_cat-shirt-fr-2","10":"product_cat-t-shirts-fr-2","11":"product_cat-genti-fr","13":"first","14":"instock","15":"taxable","16":"shipping-taxable","17":"purchasable","18":"product-type-variable"},"acf":[],"yoast_head":"<!-- This site is optimized with the Yoast SEO plugin v23.9 - https:\/\/yoast.com\/wordpress\/plugins\/seo\/ -->\n<title>GENTI - T-shirt Logo en coton glac\u00e9 vert sauge (40611) - Vousten Sports<\/title>\n<meta name=\"robots\" content=\"index, follow, max-snippet:-1, max-image-preview:large, max-video-preview:-1\" \/>\n<link rel=\"canonical\" href=\"https:\/\/www.voustensports.com\/fr\/genti-t-shirt-logo-en-coton-glace-vert-sauge-40611\/\" \/>\n<meta property=\"og:locale\" content=\"fr_FR\" \/>\n<meta property=\"og:type\" content=\"article\" \/>\n<meta property=\"og:title\" content=\"GENTI - T-shirt Logo en coton glac\u00e9 vert sauge (40611) - Vousten Sports\" \/>\n<meta property=\"og:description\" content=\"T-shirt Ice Cotton en coton de haute qualit\u00e9 extensible qui assure un ajustement parfait et un confort de port optimal. Impression du logo Coton glac\u00e9 Confort de port ultime Fabriqu\u00e9 au Portugal Mati\u00e8re : 93% coton, 7% \u00e9lasthanne\" \/>\n<meta property=\"og:url\" content=\"https:\/\/www.voustensports.com\/fr\/genti-t-shirt-logo-en-coton-glace-vert-sauge-40611\/\" \/>\n<meta property=\"og:site_name\" content=\"Vousten Sports\" \/>\n<meta property=\"article:modified_time\" content=\"2026-02-05T11:27:15+00:00\" \/>\n<meta property=\"og:image\" content=\"https:\/\/www.voustensports.com\/wp-content\/uploads\/2023\/06\/Ice-cotton-Logo-T-shirt-sage-green-406111.jpg\" \/>\n\t<meta property=\"og:image:width\" content=\"1365\" \/>\n\t<meta property=\"og:image:height\" content=\"2048\" \/>\n\t<meta property=\"og:image:type\" content=\"image\/jpeg\" \/>\n<meta name=\"twitter:card\" content=\"summary_large_image\" \/>\n<script type=\"application\/ld+json\" class=\"yoast-schema-graph\">{\"@context\":\"https:\/\/schema.org\",\"@graph\":[{\"@type\":\"WebPage\",\"@id\":\"https:\/\/www.voustensports.com\/fr\/genti-t-shirt-logo-en-coton-glace-vert-sauge-40611\/\",\"url\":\"https:\/\/www.voustensports.com\/fr\/genti-t-shirt-logo-en-coton-glace-vert-sauge-40611\/\",\"name\":\"GENTI - T-shirt Logo en coton glac\u00e9 vert sauge (40611) - Vousten Sports\",\"isPartOf\":{\"@id\":\"https:\/\/www.voustensports.com\/nl\/#website\"},\"primaryImageOfPage\":{\"@id\":\"https:\/\/www.voustensports.com\/fr\/genti-t-shirt-logo-en-coton-glace-vert-sauge-40611\/#primaryimage\"},\"image\":{\"@id\":\"https:\/\/www.voustensports.com\/fr\/genti-t-shirt-logo-en-coton-glace-vert-sauge-40611\/#primaryimage\"},\"thumbnailUrl\":\"https:\/\/www.voustensports.com\/wp-content\/uploads\/2023\/06\/Ice-cotton-Logo-T-shirt-sage-green-406111.jpg\",\"datePublished\":\"2025-03-28T17:02:13+00:00\",\"dateModified\":\"2026-02-05T11:27:15+00:00\",\"breadcrumb\":{\"@id\":\"https:\/\/www.voustensports.com\/fr\/genti-t-shirt-logo-en-coton-glace-vert-sauge-40611\/#breadcrumb\"},\"inLanguage\":\"fr-FR\",\"potentialAction\":[{\"@type\":\"ReadAction\",\"target\":[\"https:\/\/www.voustensports.com\/fr\/genti-t-shirt-logo-en-coton-glace-vert-sauge-40611\/\"]}]},{\"@type\":\"ImageObject\",\"inLanguage\":\"fr-FR\",\"@id\":\"https:\/\/www.voustensports.com\/fr\/genti-t-shirt-logo-en-coton-glace-vert-sauge-40611\/#primaryimage\",\"url\":\"https:\/\/www.voustensports.com\/wp-content\/uploads\/2023\/06\/Ice-cotton-Logo-T-shirt-sage-green-406111.jpg\",\"contentUrl\":\"https:\/\/www.voustensports.com\/wp-content\/uploads\/2023\/06\/Ice-cotton-Logo-T-shirt-sage-green-406111.jpg\",\"width\":1365,\"height\":2048},{\"@type\":\"BreadcrumbList\",\"@id\":\"https:\/\/www.voustensports.com\/fr\/genti-t-shirt-logo-en-coton-glace-vert-sauge-40611\/#breadcrumb\",\"itemListElement\":[{\"@type\":\"ListItem\",\"position\":1,\"name\":\"Home\",\"item\":\"https:\/\/www.voustensports.com\/fr\/\"},{\"@type\":\"ListItem\",\"position\":2,\"name\":\"Boutique\",\"item\":\"https:\/\/www.voustensports.com\/fr\/shop\/\"},{\"@type\":\"ListItem\",\"position\":3,\"name\":\"GENTI &#8211; T-shirt Logo en coton glac\u00e9 vert sauge (40611)\"}]},{\"@type\":\"WebSite\",\"@id\":\"https:\/\/www.voustensports.com\/nl\/#website\",\"url\":\"https:\/\/www.voustensports.com\/nl\/\",\"name\":\"Vousten Sports\",\"description\":\"\",\"potentialAction\":[{\"@type\":\"SearchAction\",\"target\":{\"@type\":\"EntryPoint\",\"urlTemplate\":\"https:\/\/www.voustensports.com\/nl\/?s={search_term_string}\"},\"query-input\":{\"@type\":\"PropertyValueSpecification\",\"valueRequired\":true,\"valueName\":\"search_term_string\"}}],\"inLanguage\":\"fr-FR\"}]}<\/script>\n<!-- \/ Yoast SEO plugin. -->","yoast_head_json":{"title":"GENTI - T-shirt Logo en coton glac\u00e9 vert sauge (40611) - Vousten Sports","robots":{"index":"index","follow":"follow","max-snippet":"max-snippet:-1","max-image-preview":"max-image-preview:large","max-video-preview":"max-video-preview:-1"},"canonical":"https:\/\/www.voustensports.com\/fr\/genti-t-shirt-logo-en-coton-glace-vert-sauge-40611\/","og_locale":"fr_FR","og_type":"article","og_title":"GENTI - T-shirt Logo en coton glac\u00e9 vert sauge (40611) - Vousten Sports","og_description":"T-shirt Ice Cotton en coton de haute qualit\u00e9 extensible qui assure un ajustement parfait et un confort de port optimal. Impression du logo Coton glac\u00e9 Confort de port ultime Fabriqu\u00e9 au Portugal Mati\u00e8re : 93% coton, 7% \u00e9lasthanne","og_url":"https:\/\/www.voustensports.com\/fr\/genti-t-shirt-logo-en-coton-glace-vert-sauge-40611\/","og_site_name":"Vousten Sports","article_modified_time":"2026-02-05T11:27:15+00:00","og_image":[{"width":1365,"height":2048,"url":"https:\/\/www.voustensports.com\/wp-content\/uploads\/2023\/06\/Ice-cotton-Logo-T-shirt-sage-green-406111.jpg","type":"image\/jpeg"}],"twitter_card":"summary_large_image","schema":{"@context":"https:\/\/schema.org","@graph":[{"@type":"WebPage","@id":"https:\/\/www.voustensports.com\/fr\/genti-t-shirt-logo-en-coton-glace-vert-sauge-40611\/","url":"https:\/\/www.voustensports.com\/fr\/genti-t-shirt-logo-en-coton-glace-vert-sauge-40611\/","name":"GENTI - T-shirt Logo en coton glac\u00e9 vert sauge (40611) - Vousten Sports","isPartOf":{"@id":"https:\/\/www.voustensports.com\/nl\/#website"},"primaryImageOfPage":{"@id":"https:\/\/www.voustensports.com\/fr\/genti-t-shirt-logo-en-coton-glace-vert-sauge-40611\/#primaryimage"},"image":{"@id":"https:\/\/www.voustensports.com\/fr\/genti-t-shirt-logo-en-coton-glace-vert-sauge-40611\/#primaryimage"},"thumbnailUrl":"https:\/\/www.voustensports.com\/wp-content\/uploads\/2023\/06\/Ice-cotton-Logo-T-shirt-sage-green-406111.jpg","datePublished":"2025-03-28T17:02:13+00:00","dateModified":"2026-02-05T11:27:15+00:00","breadcrumb":{"@id":"https:\/\/www.voustensports.com\/fr\/genti-t-shirt-logo-en-coton-glace-vert-sauge-40611\/#breadcrumb"},"inLanguage":"fr-FR","potentialAction":[{"@type":"ReadAction","target":["https:\/\/www.voustensports.com\/fr\/genti-t-shirt-logo-en-coton-glace-vert-sauge-40611\/"]}]},{"@type":"ImageObject","inLanguage":"fr-FR","@id":"https:\/\/www.voustensports.com\/fr\/genti-t-shirt-logo-en-coton-glace-vert-sauge-40611\/#primaryimage","url":"https:\/\/www.voustensports.com\/wp-content\/uploads\/2023\/06\/Ice-cotton-Logo-T-shirt-sage-green-406111.jpg","contentUrl":"https:\/\/www.voustensports.com\/wp-content\/uploads\/2023\/06\/Ice-cotton-Logo-T-shirt-sage-green-406111.jpg","width":1365,"height":2048},{"@type":"BreadcrumbList","@id":"https:\/\/www.voustensports.com\/fr\/genti-t-shirt-logo-en-coton-glace-vert-sauge-40611\/#breadcrumb","itemListElement":[{"@type":"ListItem","position":1,"name":"Home","item":"https:\/\/www.voustensports.com\/fr\/"},{"@type":"ListItem","position":2,"name":"Boutique","item":"https:\/\/www.voustensports.com\/fr\/shop\/"},{"@type":"ListItem","position":3,"name":"GENTI &#8211; T-shirt Logo en coton glac\u00e9 vert sauge (40611)"}]},{"@type":"WebSite","@id":"https:\/\/www.voustensports.com\/nl\/#website","url":"https:\/\/www.voustensports.com\/nl\/","name":"Vousten Sports","description":"","potentialAction":[{"@type":"SearchAction","target":{"@type":"EntryPoint","urlTemplate":"https:\/\/www.voustensports.com\/nl\/?s={search_term_string}"},"query-input":{"@type":"PropertyValueSpecification","valueRequired":true,"valueName":"search_term_string"}}],"inLanguage":"fr-FR"}]}},"_links":{"self":[{"href":"https:\/\/www.voustensports.com\/fr\/wp-json\/wp\/v2\/product\/201768","targetHints":{"allow":["GET"]}}],"collection":[{"href":"https:\/\/www.voustensports.com\/fr\/wp-json\/wp\/v2\/product"}],"about":[{"href":"https:\/\/www.voustensports.com\/fr\/wp-json\/wp\/v2\/types\/product"}],"replies":[{"embeddable":true,"href":"https:\/\/www.voustensports.com\/fr\/wp-json\/wp\/v2\/comments?post=201768"}],"wp:featuredmedia":[{"embeddable":true,"href":"https:\/\/www.voustensports.com\/fr\/wp-json\/wp\/v2\/media\/201748"}],"wp:attachment":[{"href":"https:\/\/www.voustensports.com\/fr\/wp-json\/wp\/v2\/media?parent=201768"}],"wp:term":[{"taxonomy":"product_cat","embeddable":true,"href":"https:\/\/www.voustensports.com\/fr\/wp-json\/wp\/v2\/product_cat?post=201768"},{"taxonomy":"product_tag","embeddable":true,"href":"https:\/\/www.voustensports.com\/fr\/wp-json\/wp\/v2\/product_tag?post=201768"}],"curies":[{"name":"wp","href":"https:\/\/api.w.org\/{rel}","templated":true}]}}