{"id":201604,"date":"2025-03-28T16:30:27","date_gmt":"2025-03-28T15:30:27","guid":{"rendered":"https:\/\/www.voustensports.com\/genti-sweat-court-bleu-clair-40605\/"},"modified":"2026-02-05T12:27:06","modified_gmt":"2026-02-05T11:27:06","slug":"genti-sweat-court-bleu-clair-40605","status":"publish","type":"product","link":"https:\/\/www.voustensports.com\/fr\/genti-sweat-court-bleu-clair-40605\/","title":{"rendered":"GENTI &#8211; Sweat court bleu clair (40605)"},"content":{"rendered":"<div>Le short de surv\u00eatement Genti est fabriqu\u00e9 dans un mat\u00e9riau sweat de haute qualit\u00e9 qui assure un confort de port optimal. Ce short est id\u00e9al pour un look d\u00e9contract\u00e9.<\/div>\n<ul>\n<li>Impression du logo<\/li>\n<li>Bande \u00e9lastique avec cordons<\/li>\n<li>Confort de port optimal<\/li>\n<li>Fabriqu\u00e9 au Portugal<\/li>\n<li>Mati\u00e8re : 96% coton, 4% \u00e9lasthanne<\/li>\n<\/ul>\n","protected":false},"excerpt":{"rendered":"<p>Le short de surv\u00eatement Genti est fabriqu\u00e9 dans un mat\u00e9riau sweat de haute qualit\u00e9 qui assure un confort de port optimal. Ce short est id\u00e9al pour un look d\u00e9contract\u00e9. Impression du logo Bande \u00e9lastique avec cordons Confort de port optimal Fabriqu\u00e9 au Portugal Mati\u00e8re : 96% coton, 4% \u00e9lasthanne<\/p>\n","protected":false},"featured_media":201592,"comment_status":"open","ping_status":"closed","template":"","meta":{"rank_math_lock_modified_date":false},"product_cat":[446,450,458,462,466,710,786],"product_tag":[],"class_list":{"0":"post-201604","1":"product","2":"type-product","3":"status-publish","4":"has-post-thumbnail","6":"product_cat-kleding-fr","7":"product_cat-heren-fr","8":"product_cat-shorts-fr-2","9":"product_cat-vousten-sports-fr-2","10":"product_cat-broeken-fr","11":"product_cat-genti-fr","12":"product_cat-broek-fr","14":"first","15":"outofstock","16":"taxable","17":"shipping-taxable","18":"purchasable","19":"product-type-variable"},"acf":[],"yoast_head":"<!-- This site is optimized with the Yoast SEO plugin v23.9 - https:\/\/yoast.com\/wordpress\/plugins\/seo\/ -->\n<title>GENTI - Sweat court bleu clair (40605) - Vousten Sports<\/title>\n<meta name=\"robots\" content=\"index, follow, max-snippet:-1, max-image-preview:large, max-video-preview:-1\" \/>\n<link rel=\"canonical\" href=\"https:\/\/www.voustensports.com\/fr\/genti-sweat-court-bleu-clair-40605\/\" \/>\n<meta property=\"og:locale\" content=\"fr_FR\" \/>\n<meta property=\"og:type\" content=\"article\" \/>\n<meta property=\"og:title\" content=\"GENTI - Sweat court bleu clair (40605) - Vousten Sports\" \/>\n<meta property=\"og:description\" content=\"Le short de surv\u00eatement Genti est fabriqu\u00e9 dans un mat\u00e9riau sweat de haute qualit\u00e9 qui assure un confort de port optimal. Ce short est id\u00e9al pour un look d\u00e9contract\u00e9. Impression du logo Bande \u00e9lastique avec cordons Confort de port optimal Fabriqu\u00e9 au Portugal Mati\u00e8re : 96% coton, 4% \u00e9lasthanne\" \/>\n<meta property=\"og:url\" content=\"https:\/\/www.voustensports.com\/fr\/genti-sweat-court-bleu-clair-40605\/\" \/>\n<meta property=\"og:site_name\" content=\"Vousten Sports\" \/>\n<meta property=\"article:modified_time\" content=\"2026-02-05T11:27:06+00:00\" \/>\n<meta property=\"og:image\" content=\"https:\/\/www.voustensports.com\/wp-content\/uploads\/2023\/06\/Sweat-Short-lichtblauw-406051.jpg\" \/>\n\t<meta property=\"og:image:width\" content=\"1365\" \/>\n\t<meta property=\"og:image:height\" content=\"2048\" \/>\n\t<meta property=\"og:image:type\" content=\"image\/jpeg\" \/>\n<meta name=\"twitter:card\" content=\"summary_large_image\" \/>\n<script type=\"application\/ld+json\" class=\"yoast-schema-graph\">{\"@context\":\"https:\/\/schema.org\",\"@graph\":[{\"@type\":\"WebPage\",\"@id\":\"https:\/\/www.voustensports.com\/fr\/genti-sweat-court-bleu-clair-40605\/\",\"url\":\"https:\/\/www.voustensports.com\/fr\/genti-sweat-court-bleu-clair-40605\/\",\"name\":\"GENTI - Sweat court bleu clair (40605) - Vousten Sports\",\"isPartOf\":{\"@id\":\"https:\/\/www.voustensports.com\/nl\/#website\"},\"primaryImageOfPage\":{\"@id\":\"https:\/\/www.voustensports.com\/fr\/genti-sweat-court-bleu-clair-40605\/#primaryimage\"},\"image\":{\"@id\":\"https:\/\/www.voustensports.com\/fr\/genti-sweat-court-bleu-clair-40605\/#primaryimage\"},\"thumbnailUrl\":\"https:\/\/www.voustensports.com\/wp-content\/uploads\/2023\/06\/Sweat-Short-lichtblauw-406051.jpg\",\"datePublished\":\"2025-03-28T15:30:27+00:00\",\"dateModified\":\"2026-02-05T11:27:06+00:00\",\"breadcrumb\":{\"@id\":\"https:\/\/www.voustensports.com\/fr\/genti-sweat-court-bleu-clair-40605\/#breadcrumb\"},\"inLanguage\":\"fr-FR\",\"potentialAction\":[{\"@type\":\"ReadAction\",\"target\":[\"https:\/\/www.voustensports.com\/fr\/genti-sweat-court-bleu-clair-40605\/\"]}]},{\"@type\":\"ImageObject\",\"inLanguage\":\"fr-FR\",\"@id\":\"https:\/\/www.voustensports.com\/fr\/genti-sweat-court-bleu-clair-40605\/#primaryimage\",\"url\":\"https:\/\/www.voustensports.com\/wp-content\/uploads\/2023\/06\/Sweat-Short-lichtblauw-406051.jpg\",\"contentUrl\":\"https:\/\/www.voustensports.com\/wp-content\/uploads\/2023\/06\/Sweat-Short-lichtblauw-406051.jpg\",\"width\":1365,\"height\":2048},{\"@type\":\"BreadcrumbList\",\"@id\":\"https:\/\/www.voustensports.com\/fr\/genti-sweat-court-bleu-clair-40605\/#breadcrumb\",\"itemListElement\":[{\"@type\":\"ListItem\",\"position\":1,\"name\":\"Home\",\"item\":\"https:\/\/www.voustensports.com\/fr\/\"},{\"@type\":\"ListItem\",\"position\":2,\"name\":\"Boutique\",\"item\":\"https:\/\/www.voustensports.com\/fr\/shop\/\"},{\"@type\":\"ListItem\",\"position\":3,\"name\":\"GENTI &#8211; Sweat court bleu clair (40605)\"}]},{\"@type\":\"WebSite\",\"@id\":\"https:\/\/www.voustensports.com\/nl\/#website\",\"url\":\"https:\/\/www.voustensports.com\/nl\/\",\"name\":\"Vousten Sports\",\"description\":\"\",\"potentialAction\":[{\"@type\":\"SearchAction\",\"target\":{\"@type\":\"EntryPoint\",\"urlTemplate\":\"https:\/\/www.voustensports.com\/nl\/?s={search_term_string}\"},\"query-input\":{\"@type\":\"PropertyValueSpecification\",\"valueRequired\":true,\"valueName\":\"search_term_string\"}}],\"inLanguage\":\"fr-FR\"}]}<\/script>\n<!-- \/ Yoast SEO plugin. -->","yoast_head_json":{"title":"GENTI - Sweat court bleu clair (40605) - Vousten Sports","robots":{"index":"index","follow":"follow","max-snippet":"max-snippet:-1","max-image-preview":"max-image-preview:large","max-video-preview":"max-video-preview:-1"},"canonical":"https:\/\/www.voustensports.com\/fr\/genti-sweat-court-bleu-clair-40605\/","og_locale":"fr_FR","og_type":"article","og_title":"GENTI - Sweat court bleu clair (40605) - Vousten Sports","og_description":"Le short de surv\u00eatement Genti est fabriqu\u00e9 dans un mat\u00e9riau sweat de haute qualit\u00e9 qui assure un confort de port optimal. Ce short est id\u00e9al pour un look d\u00e9contract\u00e9. Impression du logo Bande \u00e9lastique avec cordons Confort de port optimal Fabriqu\u00e9 au Portugal Mati\u00e8re : 96% coton, 4% \u00e9lasthanne","og_url":"https:\/\/www.voustensports.com\/fr\/genti-sweat-court-bleu-clair-40605\/","og_site_name":"Vousten Sports","article_modified_time":"2026-02-05T11:27:06+00:00","og_image":[{"width":1365,"height":2048,"url":"https:\/\/www.voustensports.com\/wp-content\/uploads\/2023\/06\/Sweat-Short-lichtblauw-406051.jpg","type":"image\/jpeg"}],"twitter_card":"summary_large_image","schema":{"@context":"https:\/\/schema.org","@graph":[{"@type":"WebPage","@id":"https:\/\/www.voustensports.com\/fr\/genti-sweat-court-bleu-clair-40605\/","url":"https:\/\/www.voustensports.com\/fr\/genti-sweat-court-bleu-clair-40605\/","name":"GENTI - Sweat court bleu clair (40605) - Vousten Sports","isPartOf":{"@id":"https:\/\/www.voustensports.com\/nl\/#website"},"primaryImageOfPage":{"@id":"https:\/\/www.voustensports.com\/fr\/genti-sweat-court-bleu-clair-40605\/#primaryimage"},"image":{"@id":"https:\/\/www.voustensports.com\/fr\/genti-sweat-court-bleu-clair-40605\/#primaryimage"},"thumbnailUrl":"https:\/\/www.voustensports.com\/wp-content\/uploads\/2023\/06\/Sweat-Short-lichtblauw-406051.jpg","datePublished":"2025-03-28T15:30:27+00:00","dateModified":"2026-02-05T11:27:06+00:00","breadcrumb":{"@id":"https:\/\/www.voustensports.com\/fr\/genti-sweat-court-bleu-clair-40605\/#breadcrumb"},"inLanguage":"fr-FR","potentialAction":[{"@type":"ReadAction","target":["https:\/\/www.voustensports.com\/fr\/genti-sweat-court-bleu-clair-40605\/"]}]},{"@type":"ImageObject","inLanguage":"fr-FR","@id":"https:\/\/www.voustensports.com\/fr\/genti-sweat-court-bleu-clair-40605\/#primaryimage","url":"https:\/\/www.voustensports.com\/wp-content\/uploads\/2023\/06\/Sweat-Short-lichtblauw-406051.jpg","contentUrl":"https:\/\/www.voustensports.com\/wp-content\/uploads\/2023\/06\/Sweat-Short-lichtblauw-406051.jpg","width":1365,"height":2048},{"@type":"BreadcrumbList","@id":"https:\/\/www.voustensports.com\/fr\/genti-sweat-court-bleu-clair-40605\/#breadcrumb","itemListElement":[{"@type":"ListItem","position":1,"name":"Home","item":"https:\/\/www.voustensports.com\/fr\/"},{"@type":"ListItem","position":2,"name":"Boutique","item":"https:\/\/www.voustensports.com\/fr\/shop\/"},{"@type":"ListItem","position":3,"name":"GENTI &#8211; Sweat court bleu clair (40605)"}]},{"@type":"WebSite","@id":"https:\/\/www.voustensports.com\/nl\/#website","url":"https:\/\/www.voustensports.com\/nl\/","name":"Vousten Sports","description":"","potentialAction":[{"@type":"SearchAction","target":{"@type":"EntryPoint","urlTemplate":"https:\/\/www.voustensports.com\/nl\/?s={search_term_string}"},"query-input":{"@type":"PropertyValueSpecification","valueRequired":true,"valueName":"search_term_string"}}],"inLanguage":"fr-FR"}]}},"_links":{"self":[{"href":"https:\/\/www.voustensports.com\/fr\/wp-json\/wp\/v2\/product\/201604","targetHints":{"allow":["GET"]}}],"collection":[{"href":"https:\/\/www.voustensports.com\/fr\/wp-json\/wp\/v2\/product"}],"about":[{"href":"https:\/\/www.voustensports.com\/fr\/wp-json\/wp\/v2\/types\/product"}],"replies":[{"embeddable":true,"href":"https:\/\/www.voustensports.com\/fr\/wp-json\/wp\/v2\/comments?post=201604"}],"wp:featuredmedia":[{"embeddable":true,"href":"https:\/\/www.voustensports.com\/fr\/wp-json\/wp\/v2\/media\/201592"}],"wp:attachment":[{"href":"https:\/\/www.voustensports.com\/fr\/wp-json\/wp\/v2\/media?parent=201604"}],"wp:term":[{"taxonomy":"product_cat","embeddable":true,"href":"https:\/\/www.voustensports.com\/fr\/wp-json\/wp\/v2\/product_cat?post=201604"},{"taxonomy":"product_tag","embeddable":true,"href":"https:\/\/www.voustensports.com\/fr\/wp-json\/wp\/v2\/product_tag?post=201604"}],"curies":[{"name":"wp","href":"https:\/\/api.w.org\/{rel}","templated":true}]}}