{"id":201396,"date":"2025-03-28T13:02:14","date_gmt":"2025-03-28T12:02:14","guid":{"rendered":"https:\/\/www.voustensports.com\/c-p-company-short-de-bain-bleu-40569\/"},"modified":"2026-02-05T12:26:05","modified_gmt":"2026-02-05T11:26:05","slug":"c-p-company-short-de-bain-bleu-40569","status":"publish","type":"product","link":"https:\/\/www.voustensports.com\/fr\/c-p-company-short-de-bain-bleu-40569\/","title":{"rendered":"C.P. Company &#8211; Short de bain bleu (40569)"},"content":{"rendered":"<div>D\u00c9TAILS PRODUIT<\/div>\n<div>Short de bain confectionn\u00e9 en Chrome-R, un nylon multifilament brillant 100 % r\u00e9g\u00e9n\u00e9r\u00e9. Fabriqu\u00e9 \u00e0 partir de chutes de production transform\u00e9es en une nouvelle fibre. Certifi\u00e9 GRS (Global Recycled Standard). Teint en pi\u00e8ce.<\/div>\n<div>STYLE<\/div>\n<div>&#8211; Ceinture ajustable avec cordon de serrage<\/div>\n<div>&#8211; Poches lat\u00e9rales<\/div>\n<div>&#8211; Logo brod\u00e9 sur le devant<\/div>\n<div>&#8211; Teint en pi\u00e8ce<\/div>\n<div>&#8211; Coupe classique<\/div>\n<div>COMPOSITION<\/div>\n<div>100 % polyamide<\/div>\n","protected":false},"excerpt":{"rendered":"<p>D\u00c9TAILS PRODUIT Short de bain confectionn\u00e9 en Chrome-R, un nylon multifilament brillant 100 % r\u00e9g\u00e9n\u00e9r\u00e9. Fabriqu\u00e9 \u00e0 partir de chutes de production transform\u00e9es en une nouvelle fibre. Certifi\u00e9 GRS (Global Recycled Standard). Teint en pi\u00e8ce. STYLE &#8211; Ceinture ajustable avec cordon de serrage &#8211; Poches lat\u00e9rales &#8211; Logo brod\u00e9 sur le devant &#8211; Teint en [&#8230;]\n","protected":false},"featured_media":201380,"comment_status":"open","ping_status":"closed","template":"","meta":{"rank_math_lock_modified_date":false},"product_cat":[458,462,466,755,786,438,446,450],"product_tag":[],"class_list":{"0":"post-201396","1":"product","2":"type-product","3":"status-publish","4":"has-post-thumbnail","6":"product_cat-shorts-fr-2","7":"product_cat-vousten-sports-fr-2","8":"product_cat-broeken-fr","9":"product_cat-zwembroeken-fr-2","10":"product_cat-broek-fr","11":"product_cat-cp-company-fr","12":"product_cat-kleding-fr","13":"product_cat-heren-fr","15":"first","16":"instock","17":"taxable","18":"shipping-taxable","19":"purchasable","20":"product-type-variable"},"acf":[],"yoast_head":"<!-- This site is optimized with the Yoast SEO plugin v23.9 - https:\/\/yoast.com\/wordpress\/plugins\/seo\/ -->\n<title>C.P. Company - Short de bain bleu (40569) - Vousten Sports<\/title>\n<meta name=\"robots\" content=\"index, follow, max-snippet:-1, max-image-preview:large, max-video-preview:-1\" \/>\n<link rel=\"canonical\" href=\"https:\/\/www.voustensports.com\/fr\/c-p-company-short-de-bain-bleu-40569\/\" \/>\n<meta property=\"og:locale\" content=\"fr_FR\" \/>\n<meta property=\"og:type\" content=\"article\" \/>\n<meta property=\"og:title\" content=\"C.P. Company - Short de bain bleu (40569) - Vousten Sports\" \/>\n<meta property=\"og:description\" content=\"D\u00c9TAILS PRODUIT Short de bain confectionn\u00e9 en Chrome-R, un nylon multifilament brillant 100 % r\u00e9g\u00e9n\u00e9r\u00e9. Fabriqu\u00e9 \u00e0 partir de chutes de production transform\u00e9es en une nouvelle fibre. Certifi\u00e9 GRS (Global Recycled Standard). Teint en pi\u00e8ce. STYLE &#8211; Ceinture ajustable avec cordon de serrage &#8211; Poches lat\u00e9rales &#8211; Logo brod\u00e9 sur le devant &#8211; Teint en [...]\" \/>\n<meta property=\"og:url\" content=\"https:\/\/www.voustensports.com\/fr\/c-p-company-short-de-bain-bleu-40569\/\" \/>\n<meta property=\"og:site_name\" content=\"Vousten Sports\" \/>\n<meta property=\"article:modified_time\" content=\"2026-02-05T11:26:05+00:00\" \/>\n<meta property=\"og:image\" content=\"https:\/\/www.voustensports.com\/wp-content\/uploads\/2023\/06\/Swim-Short-blauw-405691.jpg\" \/>\n\t<meta property=\"og:image:width\" content=\"1638\" \/>\n\t<meta property=\"og:image:height\" content=\"2048\" \/>\n\t<meta property=\"og:image:type\" content=\"image\/jpeg\" \/>\n<meta name=\"twitter:card\" content=\"summary_large_image\" \/>\n<script type=\"application\/ld+json\" class=\"yoast-schema-graph\">{\"@context\":\"https:\/\/schema.org\",\"@graph\":[{\"@type\":\"WebPage\",\"@id\":\"https:\/\/www.voustensports.com\/fr\/c-p-company-short-de-bain-bleu-40569\/\",\"url\":\"https:\/\/www.voustensports.com\/fr\/c-p-company-short-de-bain-bleu-40569\/\",\"name\":\"C.P. Company - Short de bain bleu (40569) - Vousten Sports\",\"isPartOf\":{\"@id\":\"https:\/\/www.voustensports.com\/nl\/#website\"},\"primaryImageOfPage\":{\"@id\":\"https:\/\/www.voustensports.com\/fr\/c-p-company-short-de-bain-bleu-40569\/#primaryimage\"},\"image\":{\"@id\":\"https:\/\/www.voustensports.com\/fr\/c-p-company-short-de-bain-bleu-40569\/#primaryimage\"},\"thumbnailUrl\":\"https:\/\/www.voustensports.com\/wp-content\/uploads\/2023\/06\/Swim-Short-blauw-405691.jpg\",\"datePublished\":\"2025-03-28T12:02:14+00:00\",\"dateModified\":\"2026-02-05T11:26:05+00:00\",\"breadcrumb\":{\"@id\":\"https:\/\/www.voustensports.com\/fr\/c-p-company-short-de-bain-bleu-40569\/#breadcrumb\"},\"inLanguage\":\"fr-FR\",\"potentialAction\":[{\"@type\":\"ReadAction\",\"target\":[\"https:\/\/www.voustensports.com\/fr\/c-p-company-short-de-bain-bleu-40569\/\"]}]},{\"@type\":\"ImageObject\",\"inLanguage\":\"fr-FR\",\"@id\":\"https:\/\/www.voustensports.com\/fr\/c-p-company-short-de-bain-bleu-40569\/#primaryimage\",\"url\":\"https:\/\/www.voustensports.com\/wp-content\/uploads\/2023\/06\/Swim-Short-blauw-405691.jpg\",\"contentUrl\":\"https:\/\/www.voustensports.com\/wp-content\/uploads\/2023\/06\/Swim-Short-blauw-405691.jpg\",\"width\":1638,\"height\":2048},{\"@type\":\"BreadcrumbList\",\"@id\":\"https:\/\/www.voustensports.com\/fr\/c-p-company-short-de-bain-bleu-40569\/#breadcrumb\",\"itemListElement\":[{\"@type\":\"ListItem\",\"position\":1,\"name\":\"Home\",\"item\":\"https:\/\/www.voustensports.com\/fr\/\"},{\"@type\":\"ListItem\",\"position\":2,\"name\":\"Boutique\",\"item\":\"https:\/\/www.voustensports.com\/fr\/shop\/\"},{\"@type\":\"ListItem\",\"position\":3,\"name\":\"C.P. Company &#8211; Short de bain bleu (40569)\"}]},{\"@type\":\"WebSite\",\"@id\":\"https:\/\/www.voustensports.com\/nl\/#website\",\"url\":\"https:\/\/www.voustensports.com\/nl\/\",\"name\":\"Vousten Sports\",\"description\":\"\",\"potentialAction\":[{\"@type\":\"SearchAction\",\"target\":{\"@type\":\"EntryPoint\",\"urlTemplate\":\"https:\/\/www.voustensports.com\/nl\/?s={search_term_string}\"},\"query-input\":{\"@type\":\"PropertyValueSpecification\",\"valueRequired\":true,\"valueName\":\"search_term_string\"}}],\"inLanguage\":\"fr-FR\"}]}<\/script>\n<!-- \/ Yoast SEO plugin. -->","yoast_head_json":{"title":"C.P. Company - Short de bain bleu (40569) - Vousten Sports","robots":{"index":"index","follow":"follow","max-snippet":"max-snippet:-1","max-image-preview":"max-image-preview:large","max-video-preview":"max-video-preview:-1"},"canonical":"https:\/\/www.voustensports.com\/fr\/c-p-company-short-de-bain-bleu-40569\/","og_locale":"fr_FR","og_type":"article","og_title":"C.P. Company - Short de bain bleu (40569) - Vousten Sports","og_description":"D\u00c9TAILS PRODUIT Short de bain confectionn\u00e9 en Chrome-R, un nylon multifilament brillant 100 % r\u00e9g\u00e9n\u00e9r\u00e9. Fabriqu\u00e9 \u00e0 partir de chutes de production transform\u00e9es en une nouvelle fibre. Certifi\u00e9 GRS (Global Recycled Standard). Teint en pi\u00e8ce. STYLE &#8211; Ceinture ajustable avec cordon de serrage &#8211; Poches lat\u00e9rales &#8211; Logo brod\u00e9 sur le devant &#8211; Teint en [...]","og_url":"https:\/\/www.voustensports.com\/fr\/c-p-company-short-de-bain-bleu-40569\/","og_site_name":"Vousten Sports","article_modified_time":"2026-02-05T11:26:05+00:00","og_image":[{"width":1638,"height":2048,"url":"https:\/\/www.voustensports.com\/wp-content\/uploads\/2023\/06\/Swim-Short-blauw-405691.jpg","type":"image\/jpeg"}],"twitter_card":"summary_large_image","schema":{"@context":"https:\/\/schema.org","@graph":[{"@type":"WebPage","@id":"https:\/\/www.voustensports.com\/fr\/c-p-company-short-de-bain-bleu-40569\/","url":"https:\/\/www.voustensports.com\/fr\/c-p-company-short-de-bain-bleu-40569\/","name":"C.P. Company - Short de bain bleu (40569) - Vousten Sports","isPartOf":{"@id":"https:\/\/www.voustensports.com\/nl\/#website"},"primaryImageOfPage":{"@id":"https:\/\/www.voustensports.com\/fr\/c-p-company-short-de-bain-bleu-40569\/#primaryimage"},"image":{"@id":"https:\/\/www.voustensports.com\/fr\/c-p-company-short-de-bain-bleu-40569\/#primaryimage"},"thumbnailUrl":"https:\/\/www.voustensports.com\/wp-content\/uploads\/2023\/06\/Swim-Short-blauw-405691.jpg","datePublished":"2025-03-28T12:02:14+00:00","dateModified":"2026-02-05T11:26:05+00:00","breadcrumb":{"@id":"https:\/\/www.voustensports.com\/fr\/c-p-company-short-de-bain-bleu-40569\/#breadcrumb"},"inLanguage":"fr-FR","potentialAction":[{"@type":"ReadAction","target":["https:\/\/www.voustensports.com\/fr\/c-p-company-short-de-bain-bleu-40569\/"]}]},{"@type":"ImageObject","inLanguage":"fr-FR","@id":"https:\/\/www.voustensports.com\/fr\/c-p-company-short-de-bain-bleu-40569\/#primaryimage","url":"https:\/\/www.voustensports.com\/wp-content\/uploads\/2023\/06\/Swim-Short-blauw-405691.jpg","contentUrl":"https:\/\/www.voustensports.com\/wp-content\/uploads\/2023\/06\/Swim-Short-blauw-405691.jpg","width":1638,"height":2048},{"@type":"BreadcrumbList","@id":"https:\/\/www.voustensports.com\/fr\/c-p-company-short-de-bain-bleu-40569\/#breadcrumb","itemListElement":[{"@type":"ListItem","position":1,"name":"Home","item":"https:\/\/www.voustensports.com\/fr\/"},{"@type":"ListItem","position":2,"name":"Boutique","item":"https:\/\/www.voustensports.com\/fr\/shop\/"},{"@type":"ListItem","position":3,"name":"C.P. Company &#8211; Short de bain bleu (40569)"}]},{"@type":"WebSite","@id":"https:\/\/www.voustensports.com\/nl\/#website","url":"https:\/\/www.voustensports.com\/nl\/","name":"Vousten Sports","description":"","potentialAction":[{"@type":"SearchAction","target":{"@type":"EntryPoint","urlTemplate":"https:\/\/www.voustensports.com\/nl\/?s={search_term_string}"},"query-input":{"@type":"PropertyValueSpecification","valueRequired":true,"valueName":"search_term_string"}}],"inLanguage":"fr-FR"}]}},"_links":{"self":[{"href":"https:\/\/www.voustensports.com\/fr\/wp-json\/wp\/v2\/product\/201396","targetHints":{"allow":["GET"]}}],"collection":[{"href":"https:\/\/www.voustensports.com\/fr\/wp-json\/wp\/v2\/product"}],"about":[{"href":"https:\/\/www.voustensports.com\/fr\/wp-json\/wp\/v2\/types\/product"}],"replies":[{"embeddable":true,"href":"https:\/\/www.voustensports.com\/fr\/wp-json\/wp\/v2\/comments?post=201396"}],"wp:featuredmedia":[{"embeddable":true,"href":"https:\/\/www.voustensports.com\/fr\/wp-json\/wp\/v2\/media\/201380"}],"wp:attachment":[{"href":"https:\/\/www.voustensports.com\/fr\/wp-json\/wp\/v2\/media?parent=201396"}],"wp:term":[{"taxonomy":"product_cat","embeddable":true,"href":"https:\/\/www.voustensports.com\/fr\/wp-json\/wp\/v2\/product_cat?post=201396"},{"taxonomy":"product_tag","embeddable":true,"href":"https:\/\/www.voustensports.com\/fr\/wp-json\/wp\/v2\/product_tag?post=201396"}],"curies":[{"name":"wp","href":"https:\/\/api.w.org\/{rel}","templated":true}]}}