{"id":200984,"date":"2025-03-26T17:06:06","date_gmt":"2025-03-26T16:06:06","guid":{"rendered":"https:\/\/www.voustensports.com\/c-p-company-stretch-piquet-logo-polo-taupe-39564-3\/"},"modified":"2026-02-05T12:19:59","modified_gmt":"2026-02-05T11:19:59","slug":"c-p-company-stretch-piquet-logo-polo-taupe-39564-3","status":"publish","type":"product","link":"https:\/\/www.voustensports.com\/fr\/c-p-company-stretch-piquet-logo-polo-taupe-39564-3\/","title":{"rendered":"C.P. Company &#8211; Stretch Piquet Logo Polo taupe (39564)"},"content":{"rendered":"<div>Polo confectionn\u00e9 en coton piqu\u00e9 stretch.<\/div>\n<div>\u2013 Col c\u00f4tel\u00e9 avec fermeture \u00e0 deux boutons<\/div>\n<div>\u2013 Patch logo brod\u00e9 sur la poitrine<\/div>\n<div>\u2013 Bas de manches c\u00f4tel\u00e9<\/div>\n<div>\u2013 Coupe r\u00e9guli\u00e8re<\/div>\n<div>Compos\u00e9<\/div>\n<div>\u2013 Tissu ext\u00e9rieur : 95 % coton, 5 % \u00e9lasthanne\/spandex<\/div>\n","protected":false},"excerpt":{"rendered":"<p>Polo confectionn\u00e9 en coton piqu\u00e9 stretch. \u2013 Col c\u00f4tel\u00e9 avec fermeture \u00e0 deux boutons \u2013 Patch logo brod\u00e9 sur la poitrine \u2013 Bas de manches c\u00f4tel\u00e9 \u2013 Coupe r\u00e9guli\u00e8re Compos\u00e9 \u2013 Tissu ext\u00e9rieur : 95 % coton, 5 % \u00e9lasthanne\/spandex<\/p>\n","protected":false},"featured_media":185126,"comment_status":"open","ping_status":"closed","template":"","meta":{"rank_math_lock_modified_date":false},"product_cat":[462,478,486,438,446,450],"product_tag":[],"class_list":{"0":"post-200984","1":"product","2":"type-product","3":"status-publish","4":"has-post-thumbnail","6":"product_cat-vousten-sports-fr-2","7":"product_cat-polos-fr-2","8":"product_cat-shirt-fr-2","9":"product_cat-cp-company-fr","10":"product_cat-kleding-fr","11":"product_cat-heren-fr","13":"first","14":"outofstock","15":"taxable","16":"shipping-taxable","17":"purchasable","18":"product-type-variable"},"acf":[],"yoast_head":"<!-- This site is optimized with the Yoast SEO plugin v23.9 - https:\/\/yoast.com\/wordpress\/plugins\/seo\/ -->\n<title>C.P. Company - Stretch Piquet Logo Polo taupe (39564) - Vousten Sports<\/title>\n<meta name=\"robots\" content=\"index, follow, max-snippet:-1, max-image-preview:large, max-video-preview:-1\" \/>\n<link rel=\"canonical\" href=\"https:\/\/www.voustensports.com\/fr\/c-p-company-stretch-piquet-logo-polo-taupe-39564-3\/\" \/>\n<meta property=\"og:locale\" content=\"fr_FR\" \/>\n<meta property=\"og:type\" content=\"article\" \/>\n<meta property=\"og:title\" content=\"C.P. Company - Stretch Piquet Logo Polo taupe (39564) - Vousten Sports\" \/>\n<meta property=\"og:description\" content=\"Polo confectionn\u00e9 en coton piqu\u00e9 stretch. \u2013 Col c\u00f4tel\u00e9 avec fermeture \u00e0 deux boutons \u2013 Patch logo brod\u00e9 sur la poitrine \u2013 Bas de manches c\u00f4tel\u00e9 \u2013 Coupe r\u00e9guli\u00e8re Compos\u00e9 \u2013 Tissu ext\u00e9rieur : 95 % coton, 5 % \u00e9lasthanne\/spandex\" \/>\n<meta property=\"og:url\" content=\"https:\/\/www.voustensports.com\/fr\/c-p-company-stretch-piquet-logo-polo-taupe-39564-3\/\" \/>\n<meta property=\"og:site_name\" content=\"Vousten Sports\" \/>\n<meta property=\"article:modified_time\" content=\"2026-02-05T11:19:59+00:00\" \/>\n<meta property=\"og:image\" content=\"https:\/\/www.voustensports.com\/wp-content\/uploads\/2023\/06\/Stretch-Piquet-Logo-Polo-taupe-395641.jpg\" \/>\n\t<meta property=\"og:image:width\" content=\"1638\" \/>\n\t<meta property=\"og:image:height\" content=\"2048\" \/>\n\t<meta property=\"og:image:type\" content=\"image\/jpeg\" \/>\n<meta name=\"twitter:card\" content=\"summary_large_image\" \/>\n<script type=\"application\/ld+json\" class=\"yoast-schema-graph\">{\"@context\":\"https:\/\/schema.org\",\"@graph\":[{\"@type\":\"WebPage\",\"@id\":\"https:\/\/www.voustensports.com\/fr\/c-p-company-stretch-piquet-logo-polo-taupe-39564-3\/\",\"url\":\"https:\/\/www.voustensports.com\/fr\/c-p-company-stretch-piquet-logo-polo-taupe-39564-3\/\",\"name\":\"C.P. Company - Stretch Piquet Logo Polo taupe (39564) - Vousten Sports\",\"isPartOf\":{\"@id\":\"https:\/\/www.voustensports.com\/nl\/#website\"},\"primaryImageOfPage\":{\"@id\":\"https:\/\/www.voustensports.com\/fr\/c-p-company-stretch-piquet-logo-polo-taupe-39564-3\/#primaryimage\"},\"image\":{\"@id\":\"https:\/\/www.voustensports.com\/fr\/c-p-company-stretch-piquet-logo-polo-taupe-39564-3\/#primaryimage\"},\"thumbnailUrl\":\"https:\/\/www.voustensports.com\/wp-content\/uploads\/2023\/06\/Stretch-Piquet-Logo-Polo-taupe-395641.jpg\",\"datePublished\":\"2025-03-26T16:06:06+00:00\",\"dateModified\":\"2026-02-05T11:19:59+00:00\",\"breadcrumb\":{\"@id\":\"https:\/\/www.voustensports.com\/fr\/c-p-company-stretch-piquet-logo-polo-taupe-39564-3\/#breadcrumb\"},\"inLanguage\":\"fr-FR\",\"potentialAction\":[{\"@type\":\"ReadAction\",\"target\":[\"https:\/\/www.voustensports.com\/fr\/c-p-company-stretch-piquet-logo-polo-taupe-39564-3\/\"]}]},{\"@type\":\"ImageObject\",\"inLanguage\":\"fr-FR\",\"@id\":\"https:\/\/www.voustensports.com\/fr\/c-p-company-stretch-piquet-logo-polo-taupe-39564-3\/#primaryimage\",\"url\":\"https:\/\/www.voustensports.com\/wp-content\/uploads\/2023\/06\/Stretch-Piquet-Logo-Polo-taupe-395641.jpg\",\"contentUrl\":\"https:\/\/www.voustensports.com\/wp-content\/uploads\/2023\/06\/Stretch-Piquet-Logo-Polo-taupe-395641.jpg\",\"width\":1638,\"height\":2048},{\"@type\":\"BreadcrumbList\",\"@id\":\"https:\/\/www.voustensports.com\/fr\/c-p-company-stretch-piquet-logo-polo-taupe-39564-3\/#breadcrumb\",\"itemListElement\":[{\"@type\":\"ListItem\",\"position\":1,\"name\":\"Home\",\"item\":\"https:\/\/www.voustensports.com\/fr\/\"},{\"@type\":\"ListItem\",\"position\":2,\"name\":\"Boutique\",\"item\":\"https:\/\/www.voustensports.com\/fr\/shop\/\"},{\"@type\":\"ListItem\",\"position\":3,\"name\":\"C.P. Company &#8211; Stretch Piquet Logo Polo taupe (39564)\"}]},{\"@type\":\"WebSite\",\"@id\":\"https:\/\/www.voustensports.com\/nl\/#website\",\"url\":\"https:\/\/www.voustensports.com\/nl\/\",\"name\":\"Vousten Sports\",\"description\":\"\",\"potentialAction\":[{\"@type\":\"SearchAction\",\"target\":{\"@type\":\"EntryPoint\",\"urlTemplate\":\"https:\/\/www.voustensports.com\/nl\/?s={search_term_string}\"},\"query-input\":{\"@type\":\"PropertyValueSpecification\",\"valueRequired\":true,\"valueName\":\"search_term_string\"}}],\"inLanguage\":\"fr-FR\"}]}<\/script>\n<!-- \/ Yoast SEO plugin. -->","yoast_head_json":{"title":"C.P. Company - Stretch Piquet Logo Polo taupe (39564) - Vousten Sports","robots":{"index":"index","follow":"follow","max-snippet":"max-snippet:-1","max-image-preview":"max-image-preview:large","max-video-preview":"max-video-preview:-1"},"canonical":"https:\/\/www.voustensports.com\/fr\/c-p-company-stretch-piquet-logo-polo-taupe-39564-3\/","og_locale":"fr_FR","og_type":"article","og_title":"C.P. Company - Stretch Piquet Logo Polo taupe (39564) - Vousten Sports","og_description":"Polo confectionn\u00e9 en coton piqu\u00e9 stretch. \u2013 Col c\u00f4tel\u00e9 avec fermeture \u00e0 deux boutons \u2013 Patch logo brod\u00e9 sur la poitrine \u2013 Bas de manches c\u00f4tel\u00e9 \u2013 Coupe r\u00e9guli\u00e8re Compos\u00e9 \u2013 Tissu ext\u00e9rieur : 95 % coton, 5 % \u00e9lasthanne\/spandex","og_url":"https:\/\/www.voustensports.com\/fr\/c-p-company-stretch-piquet-logo-polo-taupe-39564-3\/","og_site_name":"Vousten Sports","article_modified_time":"2026-02-05T11:19:59+00:00","og_image":[{"width":1638,"height":2048,"url":"https:\/\/www.voustensports.com\/wp-content\/uploads\/2023\/06\/Stretch-Piquet-Logo-Polo-taupe-395641.jpg","type":"image\/jpeg"}],"twitter_card":"summary_large_image","schema":{"@context":"https:\/\/schema.org","@graph":[{"@type":"WebPage","@id":"https:\/\/www.voustensports.com\/fr\/c-p-company-stretch-piquet-logo-polo-taupe-39564-3\/","url":"https:\/\/www.voustensports.com\/fr\/c-p-company-stretch-piquet-logo-polo-taupe-39564-3\/","name":"C.P. Company - Stretch Piquet Logo Polo taupe (39564) - Vousten Sports","isPartOf":{"@id":"https:\/\/www.voustensports.com\/nl\/#website"},"primaryImageOfPage":{"@id":"https:\/\/www.voustensports.com\/fr\/c-p-company-stretch-piquet-logo-polo-taupe-39564-3\/#primaryimage"},"image":{"@id":"https:\/\/www.voustensports.com\/fr\/c-p-company-stretch-piquet-logo-polo-taupe-39564-3\/#primaryimage"},"thumbnailUrl":"https:\/\/www.voustensports.com\/wp-content\/uploads\/2023\/06\/Stretch-Piquet-Logo-Polo-taupe-395641.jpg","datePublished":"2025-03-26T16:06:06+00:00","dateModified":"2026-02-05T11:19:59+00:00","breadcrumb":{"@id":"https:\/\/www.voustensports.com\/fr\/c-p-company-stretch-piquet-logo-polo-taupe-39564-3\/#breadcrumb"},"inLanguage":"fr-FR","potentialAction":[{"@type":"ReadAction","target":["https:\/\/www.voustensports.com\/fr\/c-p-company-stretch-piquet-logo-polo-taupe-39564-3\/"]}]},{"@type":"ImageObject","inLanguage":"fr-FR","@id":"https:\/\/www.voustensports.com\/fr\/c-p-company-stretch-piquet-logo-polo-taupe-39564-3\/#primaryimage","url":"https:\/\/www.voustensports.com\/wp-content\/uploads\/2023\/06\/Stretch-Piquet-Logo-Polo-taupe-395641.jpg","contentUrl":"https:\/\/www.voustensports.com\/wp-content\/uploads\/2023\/06\/Stretch-Piquet-Logo-Polo-taupe-395641.jpg","width":1638,"height":2048},{"@type":"BreadcrumbList","@id":"https:\/\/www.voustensports.com\/fr\/c-p-company-stretch-piquet-logo-polo-taupe-39564-3\/#breadcrumb","itemListElement":[{"@type":"ListItem","position":1,"name":"Home","item":"https:\/\/www.voustensports.com\/fr\/"},{"@type":"ListItem","position":2,"name":"Boutique","item":"https:\/\/www.voustensports.com\/fr\/shop\/"},{"@type":"ListItem","position":3,"name":"C.P. Company &#8211; Stretch Piquet Logo Polo taupe (39564)"}]},{"@type":"WebSite","@id":"https:\/\/www.voustensports.com\/nl\/#website","url":"https:\/\/www.voustensports.com\/nl\/","name":"Vousten Sports","description":"","potentialAction":[{"@type":"SearchAction","target":{"@type":"EntryPoint","urlTemplate":"https:\/\/www.voustensports.com\/nl\/?s={search_term_string}"},"query-input":{"@type":"PropertyValueSpecification","valueRequired":true,"valueName":"search_term_string"}}],"inLanguage":"fr-FR"}]}},"_links":{"self":[{"href":"https:\/\/www.voustensports.com\/fr\/wp-json\/wp\/v2\/product\/200984","targetHints":{"allow":["GET"]}}],"collection":[{"href":"https:\/\/www.voustensports.com\/fr\/wp-json\/wp\/v2\/product"}],"about":[{"href":"https:\/\/www.voustensports.com\/fr\/wp-json\/wp\/v2\/types\/product"}],"replies":[{"embeddable":true,"href":"https:\/\/www.voustensports.com\/fr\/wp-json\/wp\/v2\/comments?post=200984"}],"wp:featuredmedia":[{"embeddable":true,"href":"https:\/\/www.voustensports.com\/fr\/wp-json\/wp\/v2\/media\/185126"}],"wp:attachment":[{"href":"https:\/\/www.voustensports.com\/fr\/wp-json\/wp\/v2\/media?parent=200984"}],"wp:term":[{"taxonomy":"product_cat","embeddable":true,"href":"https:\/\/www.voustensports.com\/fr\/wp-json\/wp\/v2\/product_cat?post=200984"},{"taxonomy":"product_tag","embeddable":true,"href":"https:\/\/www.voustensports.com\/fr\/wp-json\/wp\/v2\/product_tag?post=200984"}],"curies":[{"name":"wp","href":"https:\/\/api.w.org\/{rel}","templated":true}]}}