{"id":200892,"date":"2025-03-26T13:08:07","date_gmt":"2025-03-26T12:08:07","guid":{"rendered":"https:\/\/www.voustensports.com\/stone-island-technologie-soft-shell-r_e-dye-en-polyester-recycle-bleu-fonce-39437\/"},"modified":"2026-02-05T12:18:04","modified_gmt":"2026-02-05T11:18:04","slug":"stone-island-technologie-soft-shell-r_e-dye-en-polyester-recycle-bleu-fonce-39437-2","status":"publish","type":"product","link":"https:\/\/www.voustensports.com\/fr\/stone-island-technologie-soft-shell-r_e-dye-en-polyester-recycle-bleu-fonce-39437-2\/","title":{"rendered":"STONE ISLAND &#8211; TECHNOLOGIE SOFT SHELL-R_E.DYE\u00ae EN POLYESTER RECYCL\u00c9 BLEU FONC\u00c9 (39437)"},"content":{"rendered":"<div>D\u00c9TAILS DU PRODUIT<\/div>\n<div>TECHNOLOGIE SOFT SHELL-R_e.dye\u00ae EN POLYESTER RECYCL\u00c9 : Veste l\u00e9g\u00e8re \u00e0 capuche fabriqu\u00e9e dans un mat\u00e9riau performant 3 \u00e9paisseurs avec une colonne d&rsquo;eau de 8000 MM. La face ext\u00e9rieure en toile extensible 100 % polyester recycl\u00e9 est tiss\u00e9e avec des fils utilisant la technologie e.dye\u00ae Waterless Color System\u2122, le syst\u00e8me innovant de saturation des couleurs des fils qui r\u00e9duit l&rsquo;utilisation d&rsquo;eau de 85 % ainsi que 90 % des produits chimiques utilis\u00e9s dans le processus de teinture. Le tissu est lamin\u00e9 sur une membrane int\u00e9rieure respirante, r\u00e9sistante au vent et \u00e0 l&rsquo;eau, prot\u00e9g\u00e9e par un support en velours de polyester. La structure ext\u00e9rieure du mat\u00e9riau conf\u00e8re une grande flexibilit\u00e9 et confort au v\u00eatement.<\/div>\n<div><\/div>\n<div>STYLE<\/div>\n<div>Capuche avec bordure \u00e9lastiqu\u00e9e et cordon de serrage. Panneau incrust\u00e9 central sur le devant formant les poches repose-mains avec fermeture zipp\u00e9e invisible. \u00c9cusson Stone Island sur la manche gauche. Poignets et bande inf\u00e9rieure c\u00f4tel\u00e9s. Fermeture zipp\u00e9e \u00e0 double sens.<\/div>\n<div><\/div>\n<div>COMPOSITION<\/div>\n<div>TISSU EXTERNE : COUCHE EXT\u00c9RIEURE : 92 % polyester, 8 % \u00e9lasthanne\/\u00e9lasthanne<\/div>\n<div>MEMBRANE : R\u00e9sine 100% polyur\u00e9thane<\/div>\n<div>COUCHE INTERNE : 100 % polyester<\/div>\n<div>D\u00c9TAILS DU V\u00caTEMENT : 92 % polyester, 8 % \u00e9lasthanne\/\u00e9lasthanne<\/div>\n<div>Membrane : 100% r\u00e9sine polyur\u00e9thane<\/div>\n<div><\/div>\n<div>Num\u00e9ro Stone Island : Q0322<\/div>\n<div>Num\u00e9ro de couleur: V0020<\/div>\n<div>Num\u00e9ro d&rsquo;identification : 39437<\/div>\n","protected":false},"excerpt":{"rendered":"<p>D\u00c9TAILS DU PRODUIT TECHNOLOGIE SOFT SHELL-R_e.dye\u00ae EN POLYESTER RECYCL\u00c9 : Veste l\u00e9g\u00e8re \u00e0 capuche fabriqu\u00e9e dans un mat\u00e9riau performant 3 \u00e9paisseurs avec une colonne d&rsquo;eau de 8000 MM. La face ext\u00e9rieure en toile extensible 100 % polyester recycl\u00e9 est tiss\u00e9e avec des fils utilisant la technologie e.dye\u00ae Waterless Color System\u2122, le syst\u00e8me innovant de saturation [&#8230;]\n","protected":false},"featured_media":178598,"comment_status":"open","ping_status":"closed","template":"","meta":{"rank_math_lock_modified_date":false},"product_cat":[482,542,701,705,843,446,450,462],"product_tag":[],"class_list":{"0":"post-200892","1":"product","2":"type-product","3":"status-publish","4":"has-post-thumbnail","6":"product_cat-stone-island-fr-2","7":"product_cat-jassen-fr","8":"product_cat-jackets-fr","9":"product_cat-jassen-jacks-fr","10":"product_cat-stone-presale-23-fr","11":"product_cat-kleding-fr","12":"product_cat-heren-fr","13":"product_cat-vousten-sports-fr-2","15":"first","16":"outofstock","17":"taxable","18":"shipping-taxable","19":"purchasable","20":"product-type-variable"},"acf":[],"yoast_head":"<!-- This site is optimized with the Yoast SEO plugin v23.9 - https:\/\/yoast.com\/wordpress\/plugins\/seo\/ -->\n<title>STONE ISLAND - TECHNOLOGIE SOFT SHELL-R_E.DYE\u00ae EN POLYESTER RECYCL\u00c9 BLEU FONC\u00c9 (39437) - Vousten Sports<\/title>\n<meta name=\"robots\" content=\"index, follow, max-snippet:-1, max-image-preview:large, max-video-preview:-1\" \/>\n<link rel=\"canonical\" href=\"https:\/\/www.voustensports.com\/fr\/stone-island-technologie-soft-shell-r_e-dye-en-polyester-recycle-bleu-fonce-39437-2\/\" \/>\n<meta property=\"og:locale\" content=\"fr_FR\" \/>\n<meta property=\"og:type\" content=\"article\" \/>\n<meta property=\"og:title\" content=\"STONE ISLAND - TECHNOLOGIE SOFT SHELL-R_E.DYE\u00ae EN POLYESTER RECYCL\u00c9 BLEU FONC\u00c9 (39437) - Vousten Sports\" \/>\n<meta property=\"og:description\" content=\"D\u00c9TAILS DU PRODUIT TECHNOLOGIE SOFT SHELL-R_e.dye\u00ae EN POLYESTER RECYCL\u00c9 : Veste l\u00e9g\u00e8re \u00e0 capuche fabriqu\u00e9e dans un mat\u00e9riau performant 3 \u00e9paisseurs avec une colonne d&rsquo;eau de 8000 MM. La face ext\u00e9rieure en toile extensible 100 % polyester recycl\u00e9 est tiss\u00e9e avec des fils utilisant la technologie e.dye\u00ae Waterless Color System\u2122, le syst\u00e8me innovant de saturation [...]\" \/>\n<meta property=\"og:url\" content=\"https:\/\/www.voustensports.com\/fr\/stone-island-technologie-soft-shell-r_e-dye-en-polyester-recycle-bleu-fonce-39437-2\/\" \/>\n<meta property=\"og:site_name\" content=\"Vousten Sports\" \/>\n<meta property=\"article:modified_time\" content=\"2026-02-05T11:18:04+00:00\" \/>\n<meta property=\"og:image\" content=\"https:\/\/www.voustensports.com\/wp-content\/uploads\/2023\/06\/SOFT-SHELL-R_E.DYE\u00ae-TECHNOLOGY-IN-RECYCLED-POLYESTER-DARK-BLUE-39437-1.jpg\" \/>\n\t<meta property=\"og:image:width\" content=\"1365\" \/>\n\t<meta property=\"og:image:height\" content=\"2048\" \/>\n\t<meta property=\"og:image:type\" content=\"image\/jpeg\" \/>\n<meta name=\"twitter:card\" content=\"summary_large_image\" \/>\n<meta name=\"twitter:label1\" content=\"Est. reading time\" \/>\n\t<meta name=\"twitter:data1\" content=\"1 minute\" \/>\n<script type=\"application\/ld+json\" class=\"yoast-schema-graph\">{\"@context\":\"https:\/\/schema.org\",\"@graph\":[{\"@type\":\"WebPage\",\"@id\":\"https:\/\/www.voustensports.com\/fr\/stone-island-technologie-soft-shell-r_e-dye-en-polyester-recycle-bleu-fonce-39437-2\/\",\"url\":\"https:\/\/www.voustensports.com\/fr\/stone-island-technologie-soft-shell-r_e-dye-en-polyester-recycle-bleu-fonce-39437-2\/\",\"name\":\"STONE ISLAND - TECHNOLOGIE SOFT SHELL-R_E.DYE\u00ae EN POLYESTER RECYCL\u00c9 BLEU FONC\u00c9 (39437) - Vousten Sports\",\"isPartOf\":{\"@id\":\"https:\/\/www.voustensports.com\/nl\/#website\"},\"primaryImageOfPage\":{\"@id\":\"https:\/\/www.voustensports.com\/fr\/stone-island-technologie-soft-shell-r_e-dye-en-polyester-recycle-bleu-fonce-39437-2\/#primaryimage\"},\"image\":{\"@id\":\"https:\/\/www.voustensports.com\/fr\/stone-island-technologie-soft-shell-r_e-dye-en-polyester-recycle-bleu-fonce-39437-2\/#primaryimage\"},\"thumbnailUrl\":\"https:\/\/www.voustensports.com\/wp-content\/uploads\/2023\/06\/SOFT-SHELL-R_E.DYE\u00ae-TECHNOLOGY-IN-RECYCLED-POLYESTER-DARK-BLUE-39437-1.jpg\",\"datePublished\":\"2025-03-26T12:08:07+00:00\",\"dateModified\":\"2026-02-05T11:18:04+00:00\",\"breadcrumb\":{\"@id\":\"https:\/\/www.voustensports.com\/fr\/stone-island-technologie-soft-shell-r_e-dye-en-polyester-recycle-bleu-fonce-39437-2\/#breadcrumb\"},\"inLanguage\":\"fr-FR\",\"potentialAction\":[{\"@type\":\"ReadAction\",\"target\":[\"https:\/\/www.voustensports.com\/fr\/stone-island-technologie-soft-shell-r_e-dye-en-polyester-recycle-bleu-fonce-39437-2\/\"]}]},{\"@type\":\"ImageObject\",\"inLanguage\":\"fr-FR\",\"@id\":\"https:\/\/www.voustensports.com\/fr\/stone-island-technologie-soft-shell-r_e-dye-en-polyester-recycle-bleu-fonce-39437-2\/#primaryimage\",\"url\":\"https:\/\/www.voustensports.com\/wp-content\/uploads\/2023\/06\/SOFT-SHELL-R_E.DYE\u00ae-TECHNOLOGY-IN-RECYCLED-POLYESTER-DARK-BLUE-39437-1.jpg\",\"contentUrl\":\"https:\/\/www.voustensports.com\/wp-content\/uploads\/2023\/06\/SOFT-SHELL-R_E.DYE\u00ae-TECHNOLOGY-IN-RECYCLED-POLYESTER-DARK-BLUE-39437-1.jpg\",\"width\":1365,\"height\":2048},{\"@type\":\"BreadcrumbList\",\"@id\":\"https:\/\/www.voustensports.com\/fr\/stone-island-technologie-soft-shell-r_e-dye-en-polyester-recycle-bleu-fonce-39437-2\/#breadcrumb\",\"itemListElement\":[{\"@type\":\"ListItem\",\"position\":1,\"name\":\"Home\",\"item\":\"https:\/\/www.voustensports.com\/fr\/\"},{\"@type\":\"ListItem\",\"position\":2,\"name\":\"Boutique\",\"item\":\"https:\/\/www.voustensports.com\/fr\/shop\/\"},{\"@type\":\"ListItem\",\"position\":3,\"name\":\"STONE ISLAND &#8211; TECHNOLOGIE SOFT SHELL-R_E.DYE\u00ae EN POLYESTER RECYCL\u00c9 BLEU FONC\u00c9 (39437)\"}]},{\"@type\":\"WebSite\",\"@id\":\"https:\/\/www.voustensports.com\/nl\/#website\",\"url\":\"https:\/\/www.voustensports.com\/nl\/\",\"name\":\"Vousten Sports\",\"description\":\"\",\"potentialAction\":[{\"@type\":\"SearchAction\",\"target\":{\"@type\":\"EntryPoint\",\"urlTemplate\":\"https:\/\/www.voustensports.com\/nl\/?s={search_term_string}\"},\"query-input\":{\"@type\":\"PropertyValueSpecification\",\"valueRequired\":true,\"valueName\":\"search_term_string\"}}],\"inLanguage\":\"fr-FR\"}]}<\/script>\n<!-- \/ Yoast SEO plugin. -->","yoast_head_json":{"title":"STONE ISLAND - TECHNOLOGIE SOFT SHELL-R_E.DYE\u00ae EN POLYESTER RECYCL\u00c9 BLEU FONC\u00c9 (39437) - Vousten Sports","robots":{"index":"index","follow":"follow","max-snippet":"max-snippet:-1","max-image-preview":"max-image-preview:large","max-video-preview":"max-video-preview:-1"},"canonical":"https:\/\/www.voustensports.com\/fr\/stone-island-technologie-soft-shell-r_e-dye-en-polyester-recycle-bleu-fonce-39437-2\/","og_locale":"fr_FR","og_type":"article","og_title":"STONE ISLAND - TECHNOLOGIE SOFT SHELL-R_E.DYE\u00ae EN POLYESTER RECYCL\u00c9 BLEU FONC\u00c9 (39437) - Vousten Sports","og_description":"D\u00c9TAILS DU PRODUIT TECHNOLOGIE SOFT SHELL-R_e.dye\u00ae EN POLYESTER RECYCL\u00c9 : Veste l\u00e9g\u00e8re \u00e0 capuche fabriqu\u00e9e dans un mat\u00e9riau performant 3 \u00e9paisseurs avec une colonne d&rsquo;eau de 8000 MM. La face ext\u00e9rieure en toile extensible 100 % polyester recycl\u00e9 est tiss\u00e9e avec des fils utilisant la technologie e.dye\u00ae Waterless Color System\u2122, le syst\u00e8me innovant de saturation [...]","og_url":"https:\/\/www.voustensports.com\/fr\/stone-island-technologie-soft-shell-r_e-dye-en-polyester-recycle-bleu-fonce-39437-2\/","og_site_name":"Vousten Sports","article_modified_time":"2026-02-05T11:18:04+00:00","og_image":[{"width":1365,"height":2048,"url":"https:\/\/www.voustensports.com\/wp-content\/uploads\/2023\/06\/SOFT-SHELL-R_E.DYE\u00ae-TECHNOLOGY-IN-RECYCLED-POLYESTER-DARK-BLUE-39437-1.jpg","type":"image\/jpeg"}],"twitter_card":"summary_large_image","twitter_misc":{"Est. reading time":"1 minute"},"schema":{"@context":"https:\/\/schema.org","@graph":[{"@type":"WebPage","@id":"https:\/\/www.voustensports.com\/fr\/stone-island-technologie-soft-shell-r_e-dye-en-polyester-recycle-bleu-fonce-39437-2\/","url":"https:\/\/www.voustensports.com\/fr\/stone-island-technologie-soft-shell-r_e-dye-en-polyester-recycle-bleu-fonce-39437-2\/","name":"STONE ISLAND - TECHNOLOGIE SOFT SHELL-R_E.DYE\u00ae EN POLYESTER RECYCL\u00c9 BLEU FONC\u00c9 (39437) - Vousten Sports","isPartOf":{"@id":"https:\/\/www.voustensports.com\/nl\/#website"},"primaryImageOfPage":{"@id":"https:\/\/www.voustensports.com\/fr\/stone-island-technologie-soft-shell-r_e-dye-en-polyester-recycle-bleu-fonce-39437-2\/#primaryimage"},"image":{"@id":"https:\/\/www.voustensports.com\/fr\/stone-island-technologie-soft-shell-r_e-dye-en-polyester-recycle-bleu-fonce-39437-2\/#primaryimage"},"thumbnailUrl":"https:\/\/www.voustensports.com\/wp-content\/uploads\/2023\/06\/SOFT-SHELL-R_E.DYE\u00ae-TECHNOLOGY-IN-RECYCLED-POLYESTER-DARK-BLUE-39437-1.jpg","datePublished":"2025-03-26T12:08:07+00:00","dateModified":"2026-02-05T11:18:04+00:00","breadcrumb":{"@id":"https:\/\/www.voustensports.com\/fr\/stone-island-technologie-soft-shell-r_e-dye-en-polyester-recycle-bleu-fonce-39437-2\/#breadcrumb"},"inLanguage":"fr-FR","potentialAction":[{"@type":"ReadAction","target":["https:\/\/www.voustensports.com\/fr\/stone-island-technologie-soft-shell-r_e-dye-en-polyester-recycle-bleu-fonce-39437-2\/"]}]},{"@type":"ImageObject","inLanguage":"fr-FR","@id":"https:\/\/www.voustensports.com\/fr\/stone-island-technologie-soft-shell-r_e-dye-en-polyester-recycle-bleu-fonce-39437-2\/#primaryimage","url":"https:\/\/www.voustensports.com\/wp-content\/uploads\/2023\/06\/SOFT-SHELL-R_E.DYE\u00ae-TECHNOLOGY-IN-RECYCLED-POLYESTER-DARK-BLUE-39437-1.jpg","contentUrl":"https:\/\/www.voustensports.com\/wp-content\/uploads\/2023\/06\/SOFT-SHELL-R_E.DYE\u00ae-TECHNOLOGY-IN-RECYCLED-POLYESTER-DARK-BLUE-39437-1.jpg","width":1365,"height":2048},{"@type":"BreadcrumbList","@id":"https:\/\/www.voustensports.com\/fr\/stone-island-technologie-soft-shell-r_e-dye-en-polyester-recycle-bleu-fonce-39437-2\/#breadcrumb","itemListElement":[{"@type":"ListItem","position":1,"name":"Home","item":"https:\/\/www.voustensports.com\/fr\/"},{"@type":"ListItem","position":2,"name":"Boutique","item":"https:\/\/www.voustensports.com\/fr\/shop\/"},{"@type":"ListItem","position":3,"name":"STONE ISLAND &#8211; TECHNOLOGIE SOFT SHELL-R_E.DYE\u00ae EN POLYESTER RECYCL\u00c9 BLEU FONC\u00c9 (39437)"}]},{"@type":"WebSite","@id":"https:\/\/www.voustensports.com\/nl\/#website","url":"https:\/\/www.voustensports.com\/nl\/","name":"Vousten Sports","description":"","potentialAction":[{"@type":"SearchAction","target":{"@type":"EntryPoint","urlTemplate":"https:\/\/www.voustensports.com\/nl\/?s={search_term_string}"},"query-input":{"@type":"PropertyValueSpecification","valueRequired":true,"valueName":"search_term_string"}}],"inLanguage":"fr-FR"}]}},"_links":{"self":[{"href":"https:\/\/www.voustensports.com\/fr\/wp-json\/wp\/v2\/product\/200892","targetHints":{"allow":["GET"]}}],"collection":[{"href":"https:\/\/www.voustensports.com\/fr\/wp-json\/wp\/v2\/product"}],"about":[{"href":"https:\/\/www.voustensports.com\/fr\/wp-json\/wp\/v2\/types\/product"}],"replies":[{"embeddable":true,"href":"https:\/\/www.voustensports.com\/fr\/wp-json\/wp\/v2\/comments?post=200892"}],"wp:featuredmedia":[{"embeddable":true,"href":"https:\/\/www.voustensports.com\/fr\/wp-json\/wp\/v2\/media\/178598"}],"wp:attachment":[{"href":"https:\/\/www.voustensports.com\/fr\/wp-json\/wp\/v2\/media?parent=200892"}],"wp:term":[{"taxonomy":"product_cat","embeddable":true,"href":"https:\/\/www.voustensports.com\/fr\/wp-json\/wp\/v2\/product_cat?post=200892"},{"taxonomy":"product_tag","embeddable":true,"href":"https:\/\/www.voustensports.com\/fr\/wp-json\/wp\/v2\/product_tag?post=200892"}],"curies":[{"name":"wp","href":"https:\/\/api.w.org\/{rel}","templated":true}]}}