{"id":200876,"date":"2025-03-26T12:48:15","date_gmt":"2025-03-26T11:48:15","guid":{"rendered":"https:\/\/www.voustensports.com\/stone-island-sur-chemise-a-manches-courtes-coupe-confort-38771\/"},"modified":"2026-02-05T12:12:18","modified_gmt":"2026-02-05T11:12:18","slug":"stone-island-sur-chemise-a-manches-courtes-coupe-confort-38771-2","status":"publish","type":"product","link":"https:\/\/www.voustensports.com\/fr\/stone-island-sur-chemise-a-manches-courtes-coupe-confort-38771-2\/","title":{"rendered":"STONE ISLAND &#8211; SUR-CHEMISE \u00c0 MANCHES COURTES COUPE CONFORT (38771)"},"content":{"rendered":"<p>D\u00c9TAILS DU PRODUIT<br \/>\nChemise \u00e0 manches courtes en toile de chanvre et coton flamm\u00e9. Teint en pi\u00e8ce.<\/p>\n<p>STYLE<br \/>\nCoupe confort.<br \/>\nUne poche poitrine plaqu\u00e9e, avec rabat et bouton cach\u00e9<br \/>\nfixation; sous.<br \/>\npetit lettrage Stone Island caoutchout\u00e9 en relief.<br \/>\nEmpi\u00e8cement au dos, avec deux petits plis.<br \/>\nFermeture boutons apparents au col et au bas, l&rsquo;autre cach\u00e9 par une patte de boutonnage.<\/p>\n<p>COMPOSITION<br \/>\n56% Coton 44% Chanvre v\u00e9ritable<\/p>\n<p>Num\u00e9ro de Stone Island\u00a0: 511805<br \/>\nNum\u00e9ro de couleur: V0059<br \/>\nNum\u00e9ro d&rsquo;identification : 38771<\/p>\n","protected":false},"excerpt":{"rendered":"<p>D\u00c9TAILS DU PRODUIT Chemise \u00e0 manches courtes en toile de chanvre et coton flamm\u00e9. Teint en pi\u00e8ce. STYLE Coupe confort. Une poche poitrine plaqu\u00e9e, avec rabat et bouton cach\u00e9 fixation; sous. petit lettrage Stone Island caoutchout\u00e9 en relief. Empi\u00e8cement au dos, avec deux petits plis. Fermeture boutons apparents au col et au bas, l&rsquo;autre cach\u00e9 [&#8230;]\n","protected":false},"featured_media":174741,"comment_status":"open","ping_status":"closed","template":"","meta":{"rank_math_lock_modified_date":false},"product_cat":[446,450,462,482,739,843],"product_tag":[],"class_list":{"0":"post-200876","1":"product","2":"type-product","3":"status-publish","4":"has-post-thumbnail","6":"product_cat-kleding-fr","7":"product_cat-heren-fr","8":"product_cat-vousten-sports-fr-2","9":"product_cat-stone-island-fr-2","10":"product_cat-overshirt-fr-2","11":"product_cat-stone-presale-23-fr","13":"first","14":"outofstock","15":"taxable","16":"shipping-taxable","17":"purchasable","18":"product-type-variable"},"acf":[],"yoast_head":"<!-- This site is optimized with the Yoast SEO plugin v23.9 - https:\/\/yoast.com\/wordpress\/plugins\/seo\/ -->\n<title>STONE ISLAND - SUR-CHEMISE \u00c0 MANCHES COURTES COUPE CONFORT (38771) - Vousten Sports<\/title>\n<meta name=\"robots\" content=\"index, follow, max-snippet:-1, max-image-preview:large, max-video-preview:-1\" \/>\n<link rel=\"canonical\" href=\"https:\/\/www.voustensports.com\/fr\/stone-island-sur-chemise-a-manches-courtes-coupe-confort-38771-2\/\" \/>\n<meta property=\"og:locale\" content=\"fr_FR\" \/>\n<meta property=\"og:type\" content=\"article\" \/>\n<meta property=\"og:title\" content=\"STONE ISLAND - SUR-CHEMISE \u00c0 MANCHES COURTES COUPE CONFORT (38771) - Vousten Sports\" \/>\n<meta property=\"og:description\" content=\"D\u00c9TAILS DU PRODUIT Chemise \u00e0 manches courtes en toile de chanvre et coton flamm\u00e9. Teint en pi\u00e8ce. STYLE Coupe confort. Une poche poitrine plaqu\u00e9e, avec rabat et bouton cach\u00e9 fixation; sous. petit lettrage Stone Island caoutchout\u00e9 en relief. Empi\u00e8cement au dos, avec deux petits plis. Fermeture boutons apparents au col et au bas, l&rsquo;autre cach\u00e9 [...]\" \/>\n<meta property=\"og:url\" content=\"https:\/\/www.voustensports.com\/fr\/stone-island-sur-chemise-a-manches-courtes-coupe-confort-38771-2\/\" \/>\n<meta property=\"og:site_name\" content=\"Vousten Sports\" \/>\n<meta property=\"article:modified_time\" content=\"2026-02-05T11:12:18+00:00\" \/>\n<meta property=\"og:image\" content=\"https:\/\/www.voustensports.com\/wp-content\/uploads\/2023\/06\/SHORT-SLEEVE-OVER-SHIRT-COMFORT-FIT-38771-1.png\" \/>\n\t<meta property=\"og:image:width\" content=\"1365\" \/>\n\t<meta property=\"og:image:height\" content=\"2048\" \/>\n\t<meta property=\"og:image:type\" content=\"image\/png\" \/>\n<meta name=\"twitter:card\" content=\"summary_large_image\" \/>\n<script type=\"application\/ld+json\" class=\"yoast-schema-graph\">{\"@context\":\"https:\/\/schema.org\",\"@graph\":[{\"@type\":\"WebPage\",\"@id\":\"https:\/\/www.voustensports.com\/fr\/stone-island-sur-chemise-a-manches-courtes-coupe-confort-38771-2\/\",\"url\":\"https:\/\/www.voustensports.com\/fr\/stone-island-sur-chemise-a-manches-courtes-coupe-confort-38771-2\/\",\"name\":\"STONE ISLAND - SUR-CHEMISE \u00c0 MANCHES COURTES COUPE CONFORT (38771) - Vousten Sports\",\"isPartOf\":{\"@id\":\"https:\/\/www.voustensports.com\/nl\/#website\"},\"primaryImageOfPage\":{\"@id\":\"https:\/\/www.voustensports.com\/fr\/stone-island-sur-chemise-a-manches-courtes-coupe-confort-38771-2\/#primaryimage\"},\"image\":{\"@id\":\"https:\/\/www.voustensports.com\/fr\/stone-island-sur-chemise-a-manches-courtes-coupe-confort-38771-2\/#primaryimage\"},\"thumbnailUrl\":\"https:\/\/www.voustensports.com\/wp-content\/uploads\/2023\/06\/SHORT-SLEEVE-OVER-SHIRT-COMFORT-FIT-38771-1.png\",\"datePublished\":\"2025-03-26T11:48:15+00:00\",\"dateModified\":\"2026-02-05T11:12:18+00:00\",\"breadcrumb\":{\"@id\":\"https:\/\/www.voustensports.com\/fr\/stone-island-sur-chemise-a-manches-courtes-coupe-confort-38771-2\/#breadcrumb\"},\"inLanguage\":\"fr-FR\",\"potentialAction\":[{\"@type\":\"ReadAction\",\"target\":[\"https:\/\/www.voustensports.com\/fr\/stone-island-sur-chemise-a-manches-courtes-coupe-confort-38771-2\/\"]}]},{\"@type\":\"ImageObject\",\"inLanguage\":\"fr-FR\",\"@id\":\"https:\/\/www.voustensports.com\/fr\/stone-island-sur-chemise-a-manches-courtes-coupe-confort-38771-2\/#primaryimage\",\"url\":\"https:\/\/www.voustensports.com\/wp-content\/uploads\/2023\/06\/SHORT-SLEEVE-OVER-SHIRT-COMFORT-FIT-38771-1.png\",\"contentUrl\":\"https:\/\/www.voustensports.com\/wp-content\/uploads\/2023\/06\/SHORT-SLEEVE-OVER-SHIRT-COMFORT-FIT-38771-1.png\",\"width\":1365,\"height\":2048},{\"@type\":\"BreadcrumbList\",\"@id\":\"https:\/\/www.voustensports.com\/fr\/stone-island-sur-chemise-a-manches-courtes-coupe-confort-38771-2\/#breadcrumb\",\"itemListElement\":[{\"@type\":\"ListItem\",\"position\":1,\"name\":\"Home\",\"item\":\"https:\/\/www.voustensports.com\/fr\/\"},{\"@type\":\"ListItem\",\"position\":2,\"name\":\"Boutique\",\"item\":\"https:\/\/www.voustensports.com\/fr\/shop\/\"},{\"@type\":\"ListItem\",\"position\":3,\"name\":\"STONE ISLAND &#8211; SUR-CHEMISE \u00c0 MANCHES COURTES COUPE CONFORT (38771)\"}]},{\"@type\":\"WebSite\",\"@id\":\"https:\/\/www.voustensports.com\/nl\/#website\",\"url\":\"https:\/\/www.voustensports.com\/nl\/\",\"name\":\"Vousten Sports\",\"description\":\"\",\"potentialAction\":[{\"@type\":\"SearchAction\",\"target\":{\"@type\":\"EntryPoint\",\"urlTemplate\":\"https:\/\/www.voustensports.com\/nl\/?s={search_term_string}\"},\"query-input\":{\"@type\":\"PropertyValueSpecification\",\"valueRequired\":true,\"valueName\":\"search_term_string\"}}],\"inLanguage\":\"fr-FR\"}]}<\/script>\n<!-- \/ Yoast SEO plugin. -->","yoast_head_json":{"title":"STONE ISLAND - SUR-CHEMISE \u00c0 MANCHES COURTES COUPE CONFORT (38771) - Vousten Sports","robots":{"index":"index","follow":"follow","max-snippet":"max-snippet:-1","max-image-preview":"max-image-preview:large","max-video-preview":"max-video-preview:-1"},"canonical":"https:\/\/www.voustensports.com\/fr\/stone-island-sur-chemise-a-manches-courtes-coupe-confort-38771-2\/","og_locale":"fr_FR","og_type":"article","og_title":"STONE ISLAND - SUR-CHEMISE \u00c0 MANCHES COURTES COUPE CONFORT (38771) - Vousten Sports","og_description":"D\u00c9TAILS DU PRODUIT Chemise \u00e0 manches courtes en toile de chanvre et coton flamm\u00e9. Teint en pi\u00e8ce. STYLE Coupe confort. Une poche poitrine plaqu\u00e9e, avec rabat et bouton cach\u00e9 fixation; sous. petit lettrage Stone Island caoutchout\u00e9 en relief. Empi\u00e8cement au dos, avec deux petits plis. Fermeture boutons apparents au col et au bas, l&rsquo;autre cach\u00e9 [...]","og_url":"https:\/\/www.voustensports.com\/fr\/stone-island-sur-chemise-a-manches-courtes-coupe-confort-38771-2\/","og_site_name":"Vousten Sports","article_modified_time":"2026-02-05T11:12:18+00:00","og_image":[{"width":1365,"height":2048,"url":"https:\/\/www.voustensports.com\/wp-content\/uploads\/2023\/06\/SHORT-SLEEVE-OVER-SHIRT-COMFORT-FIT-38771-1.png","type":"image\/png"}],"twitter_card":"summary_large_image","schema":{"@context":"https:\/\/schema.org","@graph":[{"@type":"WebPage","@id":"https:\/\/www.voustensports.com\/fr\/stone-island-sur-chemise-a-manches-courtes-coupe-confort-38771-2\/","url":"https:\/\/www.voustensports.com\/fr\/stone-island-sur-chemise-a-manches-courtes-coupe-confort-38771-2\/","name":"STONE ISLAND - SUR-CHEMISE \u00c0 MANCHES COURTES COUPE CONFORT (38771) - Vousten Sports","isPartOf":{"@id":"https:\/\/www.voustensports.com\/nl\/#website"},"primaryImageOfPage":{"@id":"https:\/\/www.voustensports.com\/fr\/stone-island-sur-chemise-a-manches-courtes-coupe-confort-38771-2\/#primaryimage"},"image":{"@id":"https:\/\/www.voustensports.com\/fr\/stone-island-sur-chemise-a-manches-courtes-coupe-confort-38771-2\/#primaryimage"},"thumbnailUrl":"https:\/\/www.voustensports.com\/wp-content\/uploads\/2023\/06\/SHORT-SLEEVE-OVER-SHIRT-COMFORT-FIT-38771-1.png","datePublished":"2025-03-26T11:48:15+00:00","dateModified":"2026-02-05T11:12:18+00:00","breadcrumb":{"@id":"https:\/\/www.voustensports.com\/fr\/stone-island-sur-chemise-a-manches-courtes-coupe-confort-38771-2\/#breadcrumb"},"inLanguage":"fr-FR","potentialAction":[{"@type":"ReadAction","target":["https:\/\/www.voustensports.com\/fr\/stone-island-sur-chemise-a-manches-courtes-coupe-confort-38771-2\/"]}]},{"@type":"ImageObject","inLanguage":"fr-FR","@id":"https:\/\/www.voustensports.com\/fr\/stone-island-sur-chemise-a-manches-courtes-coupe-confort-38771-2\/#primaryimage","url":"https:\/\/www.voustensports.com\/wp-content\/uploads\/2023\/06\/SHORT-SLEEVE-OVER-SHIRT-COMFORT-FIT-38771-1.png","contentUrl":"https:\/\/www.voustensports.com\/wp-content\/uploads\/2023\/06\/SHORT-SLEEVE-OVER-SHIRT-COMFORT-FIT-38771-1.png","width":1365,"height":2048},{"@type":"BreadcrumbList","@id":"https:\/\/www.voustensports.com\/fr\/stone-island-sur-chemise-a-manches-courtes-coupe-confort-38771-2\/#breadcrumb","itemListElement":[{"@type":"ListItem","position":1,"name":"Home","item":"https:\/\/www.voustensports.com\/fr\/"},{"@type":"ListItem","position":2,"name":"Boutique","item":"https:\/\/www.voustensports.com\/fr\/shop\/"},{"@type":"ListItem","position":3,"name":"STONE ISLAND &#8211; SUR-CHEMISE \u00c0 MANCHES COURTES COUPE CONFORT (38771)"}]},{"@type":"WebSite","@id":"https:\/\/www.voustensports.com\/nl\/#website","url":"https:\/\/www.voustensports.com\/nl\/","name":"Vousten Sports","description":"","potentialAction":[{"@type":"SearchAction","target":{"@type":"EntryPoint","urlTemplate":"https:\/\/www.voustensports.com\/nl\/?s={search_term_string}"},"query-input":{"@type":"PropertyValueSpecification","valueRequired":true,"valueName":"search_term_string"}}],"inLanguage":"fr-FR"}]}},"_links":{"self":[{"href":"https:\/\/www.voustensports.com\/fr\/wp-json\/wp\/v2\/product\/200876","targetHints":{"allow":["GET"]}}],"collection":[{"href":"https:\/\/www.voustensports.com\/fr\/wp-json\/wp\/v2\/product"}],"about":[{"href":"https:\/\/www.voustensports.com\/fr\/wp-json\/wp\/v2\/types\/product"}],"replies":[{"embeddable":true,"href":"https:\/\/www.voustensports.com\/fr\/wp-json\/wp\/v2\/comments?post=200876"}],"wp:featuredmedia":[{"embeddable":true,"href":"https:\/\/www.voustensports.com\/fr\/wp-json\/wp\/v2\/media\/174741"}],"wp:attachment":[{"href":"https:\/\/www.voustensports.com\/fr\/wp-json\/wp\/v2\/media?parent=200876"}],"wp:term":[{"taxonomy":"product_cat","embeddable":true,"href":"https:\/\/www.voustensports.com\/fr\/wp-json\/wp\/v2\/product_cat?post=200876"},{"taxonomy":"product_tag","embeddable":true,"href":"https:\/\/www.voustensports.com\/fr\/wp-json\/wp\/v2\/product_tag?post=200876"}],"curies":[{"name":"wp","href":"https:\/\/api.w.org\/{rel}","templated":true}]}}