{"id":200854,"date":"2025-03-26T11:54:06","date_gmt":"2025-03-26T10:54:06","guid":{"rendered":"https:\/\/www.voustensports.com\/genti-dynamic-stretch-colbert-bleu-fonce-38799\/"},"modified":"2026-02-05T12:12:45","modified_gmt":"2026-02-05T11:12:45","slug":"genti-dynamic-stretch-colbert-bleu-fonce-38799-2","status":"publish","type":"product","link":"https:\/\/www.voustensports.com\/fr\/genti-dynamic-stretch-colbert-bleu-fonce-38799-2\/","title":{"rendered":"GENTI &#8211; Dynamic Stretch Colbert bleu fonc\u00e9 (38799)"},"content":{"rendered":"<p>Veste bleu fonc\u00e9 faisant partie de la collection Dynamic. Le mat\u00e9riau du jersey est compact, extr\u00eamement flexible et super doux \u00e0 porter.<\/p>\n<p><strong>D\u00e9tails du style<\/strong><\/p>\n<ul>\n<li>Super extensible<\/li>\n<li>Sans doublure<\/li>\n<li>Poches plaqu\u00e9es<\/li>\n<li>Coupe slim<\/li>\n<\/ul>\n","protected":false},"excerpt":{"rendered":"<p>Veste bleu fonc\u00e9 faisant partie de la collection Dynamic. Le mat\u00e9riau du jersey est compact, extr\u00eamement flexible et super doux \u00e0 porter. D\u00e9tails du style Super extensible Sans doublure Poches plaqu\u00e9es Coupe slim<\/p>\n","protected":false},"featured_media":171892,"comment_status":"open","ping_status":"closed","template":"","meta":{"rank_math_lock_modified_date":false},"product_cat":[446,450,462,710],"product_tag":[],"class_list":{"0":"post-200854","1":"product","2":"type-product","3":"status-publish","4":"has-post-thumbnail","6":"product_cat-kleding-fr","7":"product_cat-heren-fr","8":"product_cat-vousten-sports-fr-2","9":"product_cat-genti-fr","11":"first","12":"outofstock","13":"taxable","14":"shipping-taxable","15":"purchasable","16":"product-type-variable"},"acf":[],"yoast_head":"<!-- This site is optimized with the Yoast SEO plugin v23.9 - https:\/\/yoast.com\/wordpress\/plugins\/seo\/ -->\n<title>GENTI - Dynamic Stretch Colbert bleu fonc\u00e9 (38799) - Vousten Sports<\/title>\n<meta name=\"robots\" content=\"index, follow, max-snippet:-1, max-image-preview:large, max-video-preview:-1\" \/>\n<link rel=\"canonical\" href=\"https:\/\/www.voustensports.com\/fr\/genti-dynamic-stretch-colbert-bleu-fonce-38799-2\/\" \/>\n<meta property=\"og:locale\" content=\"fr_FR\" \/>\n<meta property=\"og:type\" content=\"article\" \/>\n<meta property=\"og:title\" content=\"GENTI - Dynamic Stretch Colbert bleu fonc\u00e9 (38799) - Vousten Sports\" \/>\n<meta property=\"og:description\" content=\"Veste bleu fonc\u00e9 faisant partie de la collection Dynamic. Le mat\u00e9riau du jersey est compact, extr\u00eamement flexible et super doux \u00e0 porter. D\u00e9tails du style Super extensible Sans doublure Poches plaqu\u00e9es Coupe slim\" \/>\n<meta property=\"og:url\" content=\"https:\/\/www.voustensports.com\/fr\/genti-dynamic-stretch-colbert-bleu-fonce-38799-2\/\" \/>\n<meta property=\"og:site_name\" content=\"Vousten Sports\" \/>\n<meta property=\"article:modified_time\" content=\"2026-02-05T11:12:45+00:00\" \/>\n<meta property=\"og:image\" content=\"https:\/\/www.voustensports.com\/wp-content\/uploads\/2023\/06\/Genti-Dynamic-Stretch-Colbert-donkerblauw-38799.png\" \/>\n\t<meta property=\"og:image:width\" content=\"1200\" \/>\n\t<meta property=\"og:image:height\" content=\"1800\" \/>\n\t<meta property=\"og:image:type\" content=\"image\/png\" \/>\n<meta name=\"twitter:card\" content=\"summary_large_image\" \/>\n<script type=\"application\/ld+json\" class=\"yoast-schema-graph\">{\"@context\":\"https:\/\/schema.org\",\"@graph\":[{\"@type\":\"WebPage\",\"@id\":\"https:\/\/www.voustensports.com\/fr\/genti-dynamic-stretch-colbert-bleu-fonce-38799-2\/\",\"url\":\"https:\/\/www.voustensports.com\/fr\/genti-dynamic-stretch-colbert-bleu-fonce-38799-2\/\",\"name\":\"GENTI - Dynamic Stretch Colbert bleu fonc\u00e9 (38799) - Vousten Sports\",\"isPartOf\":{\"@id\":\"https:\/\/www.voustensports.com\/nl\/#website\"},\"primaryImageOfPage\":{\"@id\":\"https:\/\/www.voustensports.com\/fr\/genti-dynamic-stretch-colbert-bleu-fonce-38799-2\/#primaryimage\"},\"image\":{\"@id\":\"https:\/\/www.voustensports.com\/fr\/genti-dynamic-stretch-colbert-bleu-fonce-38799-2\/#primaryimage\"},\"thumbnailUrl\":\"https:\/\/www.voustensports.com\/wp-content\/uploads\/2023\/06\/Genti-Dynamic-Stretch-Colbert-donkerblauw-38799.png\",\"datePublished\":\"2025-03-26T10:54:06+00:00\",\"dateModified\":\"2026-02-05T11:12:45+00:00\",\"breadcrumb\":{\"@id\":\"https:\/\/www.voustensports.com\/fr\/genti-dynamic-stretch-colbert-bleu-fonce-38799-2\/#breadcrumb\"},\"inLanguage\":\"fr-FR\",\"potentialAction\":[{\"@type\":\"ReadAction\",\"target\":[\"https:\/\/www.voustensports.com\/fr\/genti-dynamic-stretch-colbert-bleu-fonce-38799-2\/\"]}]},{\"@type\":\"ImageObject\",\"inLanguage\":\"fr-FR\",\"@id\":\"https:\/\/www.voustensports.com\/fr\/genti-dynamic-stretch-colbert-bleu-fonce-38799-2\/#primaryimage\",\"url\":\"https:\/\/www.voustensports.com\/wp-content\/uploads\/2023\/06\/Genti-Dynamic-Stretch-Colbert-donkerblauw-38799.png\",\"contentUrl\":\"https:\/\/www.voustensports.com\/wp-content\/uploads\/2023\/06\/Genti-Dynamic-Stretch-Colbert-donkerblauw-38799.png\",\"width\":1200,\"height\":1800},{\"@type\":\"BreadcrumbList\",\"@id\":\"https:\/\/www.voustensports.com\/fr\/genti-dynamic-stretch-colbert-bleu-fonce-38799-2\/#breadcrumb\",\"itemListElement\":[{\"@type\":\"ListItem\",\"position\":1,\"name\":\"Home\",\"item\":\"https:\/\/www.voustensports.com\/fr\/\"},{\"@type\":\"ListItem\",\"position\":2,\"name\":\"Boutique\",\"item\":\"https:\/\/www.voustensports.com\/fr\/shop\/\"},{\"@type\":\"ListItem\",\"position\":3,\"name\":\"GENTI &#8211; Dynamic Stretch Colbert bleu fonc\u00e9 (38799)\"}]},{\"@type\":\"WebSite\",\"@id\":\"https:\/\/www.voustensports.com\/nl\/#website\",\"url\":\"https:\/\/www.voustensports.com\/nl\/\",\"name\":\"Vousten Sports\",\"description\":\"\",\"potentialAction\":[{\"@type\":\"SearchAction\",\"target\":{\"@type\":\"EntryPoint\",\"urlTemplate\":\"https:\/\/www.voustensports.com\/nl\/?s={search_term_string}\"},\"query-input\":{\"@type\":\"PropertyValueSpecification\",\"valueRequired\":true,\"valueName\":\"search_term_string\"}}],\"inLanguage\":\"fr-FR\"}]}<\/script>\n<!-- \/ Yoast SEO plugin. -->","yoast_head_json":{"title":"GENTI - Dynamic Stretch Colbert bleu fonc\u00e9 (38799) - Vousten Sports","robots":{"index":"index","follow":"follow","max-snippet":"max-snippet:-1","max-image-preview":"max-image-preview:large","max-video-preview":"max-video-preview:-1"},"canonical":"https:\/\/www.voustensports.com\/fr\/genti-dynamic-stretch-colbert-bleu-fonce-38799-2\/","og_locale":"fr_FR","og_type":"article","og_title":"GENTI - Dynamic Stretch Colbert bleu fonc\u00e9 (38799) - Vousten Sports","og_description":"Veste bleu fonc\u00e9 faisant partie de la collection Dynamic. Le mat\u00e9riau du jersey est compact, extr\u00eamement flexible et super doux \u00e0 porter. D\u00e9tails du style Super extensible Sans doublure Poches plaqu\u00e9es Coupe slim","og_url":"https:\/\/www.voustensports.com\/fr\/genti-dynamic-stretch-colbert-bleu-fonce-38799-2\/","og_site_name":"Vousten Sports","article_modified_time":"2026-02-05T11:12:45+00:00","og_image":[{"width":1200,"height":1800,"url":"https:\/\/www.voustensports.com\/wp-content\/uploads\/2023\/06\/Genti-Dynamic-Stretch-Colbert-donkerblauw-38799.png","type":"image\/png"}],"twitter_card":"summary_large_image","schema":{"@context":"https:\/\/schema.org","@graph":[{"@type":"WebPage","@id":"https:\/\/www.voustensports.com\/fr\/genti-dynamic-stretch-colbert-bleu-fonce-38799-2\/","url":"https:\/\/www.voustensports.com\/fr\/genti-dynamic-stretch-colbert-bleu-fonce-38799-2\/","name":"GENTI - Dynamic Stretch Colbert bleu fonc\u00e9 (38799) - Vousten Sports","isPartOf":{"@id":"https:\/\/www.voustensports.com\/nl\/#website"},"primaryImageOfPage":{"@id":"https:\/\/www.voustensports.com\/fr\/genti-dynamic-stretch-colbert-bleu-fonce-38799-2\/#primaryimage"},"image":{"@id":"https:\/\/www.voustensports.com\/fr\/genti-dynamic-stretch-colbert-bleu-fonce-38799-2\/#primaryimage"},"thumbnailUrl":"https:\/\/www.voustensports.com\/wp-content\/uploads\/2023\/06\/Genti-Dynamic-Stretch-Colbert-donkerblauw-38799.png","datePublished":"2025-03-26T10:54:06+00:00","dateModified":"2026-02-05T11:12:45+00:00","breadcrumb":{"@id":"https:\/\/www.voustensports.com\/fr\/genti-dynamic-stretch-colbert-bleu-fonce-38799-2\/#breadcrumb"},"inLanguage":"fr-FR","potentialAction":[{"@type":"ReadAction","target":["https:\/\/www.voustensports.com\/fr\/genti-dynamic-stretch-colbert-bleu-fonce-38799-2\/"]}]},{"@type":"ImageObject","inLanguage":"fr-FR","@id":"https:\/\/www.voustensports.com\/fr\/genti-dynamic-stretch-colbert-bleu-fonce-38799-2\/#primaryimage","url":"https:\/\/www.voustensports.com\/wp-content\/uploads\/2023\/06\/Genti-Dynamic-Stretch-Colbert-donkerblauw-38799.png","contentUrl":"https:\/\/www.voustensports.com\/wp-content\/uploads\/2023\/06\/Genti-Dynamic-Stretch-Colbert-donkerblauw-38799.png","width":1200,"height":1800},{"@type":"BreadcrumbList","@id":"https:\/\/www.voustensports.com\/fr\/genti-dynamic-stretch-colbert-bleu-fonce-38799-2\/#breadcrumb","itemListElement":[{"@type":"ListItem","position":1,"name":"Home","item":"https:\/\/www.voustensports.com\/fr\/"},{"@type":"ListItem","position":2,"name":"Boutique","item":"https:\/\/www.voustensports.com\/fr\/shop\/"},{"@type":"ListItem","position":3,"name":"GENTI &#8211; Dynamic Stretch Colbert bleu fonc\u00e9 (38799)"}]},{"@type":"WebSite","@id":"https:\/\/www.voustensports.com\/nl\/#website","url":"https:\/\/www.voustensports.com\/nl\/","name":"Vousten Sports","description":"","potentialAction":[{"@type":"SearchAction","target":{"@type":"EntryPoint","urlTemplate":"https:\/\/www.voustensports.com\/nl\/?s={search_term_string}"},"query-input":{"@type":"PropertyValueSpecification","valueRequired":true,"valueName":"search_term_string"}}],"inLanguage":"fr-FR"}]}},"_links":{"self":[{"href":"https:\/\/www.voustensports.com\/fr\/wp-json\/wp\/v2\/product\/200854","targetHints":{"allow":["GET"]}}],"collection":[{"href":"https:\/\/www.voustensports.com\/fr\/wp-json\/wp\/v2\/product"}],"about":[{"href":"https:\/\/www.voustensports.com\/fr\/wp-json\/wp\/v2\/types\/product"}],"replies":[{"embeddable":true,"href":"https:\/\/www.voustensports.com\/fr\/wp-json\/wp\/v2\/comments?post=200854"}],"wp:featuredmedia":[{"embeddable":true,"href":"https:\/\/www.voustensports.com\/fr\/wp-json\/wp\/v2\/media\/171892"}],"wp:attachment":[{"href":"https:\/\/www.voustensports.com\/fr\/wp-json\/wp\/v2\/media?parent=200854"}],"wp:term":[{"taxonomy":"product_cat","embeddable":true,"href":"https:\/\/www.voustensports.com\/fr\/wp-json\/wp\/v2\/product_cat?post=200854"},{"taxonomy":"product_tag","embeddable":true,"href":"https:\/\/www.voustensports.com\/fr\/wp-json\/wp\/v2\/product_tag?post=200854"}],"curies":[{"name":"wp","href":"https:\/\/api.w.org\/{rel}","templated":true}]}}