{"id":200830,"date":"2025-03-26T11:24:08","date_gmt":"2025-03-26T10:24:08","guid":{"rendered":"https:\/\/www.voustensports.com\/stone-island-technologie-legere-soft-shell-r_e-dye-en-polyester-recycle-vert-musc-38678\/"},"modified":"2026-02-05T12:10:13","modified_gmt":"2026-02-05T11:10:13","slug":"stone-island-technologie-legere-soft-shell-r_e-dye-en-polyester-recycle-vert-musc-38678-2","status":"publish","type":"product","link":"https:\/\/www.voustensports.com\/fr\/stone-island-technologie-legere-soft-shell-r_e-dye-en-polyester-recycle-vert-musc-38678-2\/","title":{"rendered":"STONE ISLAND &#8211; TECHNOLOGIE L\u00c9G\u00c8RE SOFT SHELL-R_E.DYE\u00ae EN POLYESTER RECYCL\u00c9 VERT MUSC (38678)"},"content":{"rendered":"<p>D\u00c9TAILS DU PRODUIT<br \/>\nTECHNOLOGIE LIGHT SOFT SHELL-R_e.dye\u00ae EN POLYESTER RECYCL\u00c9 : Blouson \u00e0 capuche fabriqu\u00e9 dans un mat\u00e9riau performant \u00e0 3 \u00e9paisseurs avec une colonne d&rsquo;eau de 8000 MM. La face ext\u00e9rieure en toile extensible 100 % polyester recycl\u00e9 est tiss\u00e9e avec des fils utilisant la technologie e.dye\u00ae Waterless Color System\u2122, le syst\u00e8me innovant de saturation des couleurs des fils qui r\u00e9duit l&rsquo;utilisation d&rsquo;eau de 85 % ainsi que 90 % des produits chimiques utilis\u00e9s dans le processus de teinture. Le tissu est lamin\u00e9 sur une membrane int\u00e9rieure respirante, imperm\u00e9able et coupe-vent, prot\u00e9g\u00e9e par une couche de support en jersey de polyester textur\u00e9 100 % recycl\u00e9. La structure ext\u00e9rieure du mat\u00e9riau conf\u00e8re une grande flexibilit\u00e9 et confort au v\u00eatement.<\/p>\n<p>STYLE<br \/>\nCapuche haute au col avec un bouton-pression.<br \/>\nPoches mains verticales zipp\u00e9es cach\u00e9es sous un long rabat \u00e0 bouton-pression.<br \/>\n\u00c9cusson Stone Island sur la manche gauche.<br \/>\nPoignets et bande inf\u00e9rieure c\u00f4tel\u00e9s.<br \/>\nFermeture \u00e0 glissi\u00e8re cach\u00e9e \u00e0 double sens sous patte boutonn\u00e9e.<\/p>\n<p>COMPOSITION<br \/>\nV\u00caTEMENT\u00a0: COUCHE EXT\u00c9RIEURE\u00a0: 92\u00a0% polyester, 8\u00a0% \u00e9lasthanne \/ spandex<br \/>\nMEMBRANE\u00a0:\u00a0R\u00e9sine 100\u00a0% polyur\u00e9thane<br \/>\nCOUCHE INT\u00c9RIEURE\u00a0: 100\u00a0% polyester<\/p>\n<p>Num\u00e9ro de Stone Island\u00a0:\u00a040227<br \/>\nNum\u00e9ro de couleur: V0059<br \/>\nNum\u00e9ro d&rsquo;identification : 38678<\/p>\n","protected":false},"excerpt":{"rendered":"<p>D\u00c9TAILS DU PRODUIT TECHNOLOGIE LIGHT SOFT SHELL-R_e.dye\u00ae EN POLYESTER RECYCL\u00c9 : Blouson \u00e0 capuche fabriqu\u00e9 dans un mat\u00e9riau performant \u00e0 3 \u00e9paisseurs avec une colonne d&rsquo;eau de 8000 MM. La face ext\u00e9rieure en toile extensible 100 % polyester recycl\u00e9 est tiss\u00e9e avec des fils utilisant la technologie e.dye\u00ae Waterless Color System\u2122, le syst\u00e8me innovant de [&#8230;]\n","protected":false},"featured_media":170421,"comment_status":"open","ping_status":"closed","template":"","meta":{"rank_math_lock_modified_date":false},"product_cat":[446,450,462,482,542,701,705,843],"product_tag":[],"class_list":{"0":"post-200830","1":"product","2":"type-product","3":"status-publish","4":"has-post-thumbnail","6":"product_cat-kleding-fr","7":"product_cat-heren-fr","8":"product_cat-vousten-sports-fr-2","9":"product_cat-stone-island-fr-2","10":"product_cat-jassen-fr","11":"product_cat-jackets-fr","12":"product_cat-jassen-jacks-fr","13":"product_cat-stone-presale-23-fr","15":"first","16":"outofstock","17":"taxable","18":"shipping-taxable","19":"purchasable","20":"product-type-variable"},"acf":[],"yoast_head":"<!-- This site is optimized with the Yoast SEO plugin v23.9 - https:\/\/yoast.com\/wordpress\/plugins\/seo\/ -->\n<title>STONE ISLAND - TECHNOLOGIE L\u00c9G\u00c8RE SOFT SHELL-R_E.DYE\u00ae EN POLYESTER RECYCL\u00c9 VERT MUSC (38678) - Vousten Sports<\/title>\n<meta name=\"robots\" content=\"index, follow, max-snippet:-1, max-image-preview:large, max-video-preview:-1\" \/>\n<link rel=\"canonical\" href=\"https:\/\/www.voustensports.com\/fr\/stone-island-technologie-legere-soft-shell-r_e-dye-en-polyester-recycle-vert-musc-38678-2\/\" \/>\n<meta property=\"og:locale\" content=\"fr_FR\" \/>\n<meta property=\"og:type\" content=\"article\" \/>\n<meta property=\"og:title\" content=\"STONE ISLAND - TECHNOLOGIE L\u00c9G\u00c8RE SOFT SHELL-R_E.DYE\u00ae EN POLYESTER RECYCL\u00c9 VERT MUSC (38678) - Vousten Sports\" \/>\n<meta property=\"og:description\" content=\"D\u00c9TAILS DU PRODUIT TECHNOLOGIE LIGHT SOFT SHELL-R_e.dye\u00ae EN POLYESTER RECYCL\u00c9 : Blouson \u00e0 capuche fabriqu\u00e9 dans un mat\u00e9riau performant \u00e0 3 \u00e9paisseurs avec une colonne d&rsquo;eau de 8000 MM. La face ext\u00e9rieure en toile extensible 100 % polyester recycl\u00e9 est tiss\u00e9e avec des fils utilisant la technologie e.dye\u00ae Waterless Color System\u2122, le syst\u00e8me innovant de [...]\" \/>\n<meta property=\"og:url\" content=\"https:\/\/www.voustensports.com\/fr\/stone-island-technologie-legere-soft-shell-r_e-dye-en-polyester-recycle-vert-musc-38678-2\/\" \/>\n<meta property=\"og:site_name\" content=\"Vousten Sports\" \/>\n<meta property=\"article:modified_time\" content=\"2026-02-05T11:10:13+00:00\" \/>\n<meta property=\"og:image\" content=\"https:\/\/www.voustensports.com\/wp-content\/uploads\/2023\/06\/LIGHT-SOFT-SHELL-R_E.DYE\u00ae-TECHNOLOGY-IN-RECYCLED-POLYESTER-MUSK-GREEN-38678-1.png\" \/>\n\t<meta property=\"og:image:width\" content=\"1365\" \/>\n\t<meta property=\"og:image:height\" content=\"2048\" \/>\n\t<meta property=\"og:image:type\" content=\"image\/png\" \/>\n<meta name=\"twitter:card\" content=\"summary_large_image\" \/>\n<meta name=\"twitter:label1\" content=\"Est. reading time\" \/>\n\t<meta name=\"twitter:data1\" content=\"1 minute\" \/>\n<script type=\"application\/ld+json\" class=\"yoast-schema-graph\">{\"@context\":\"https:\/\/schema.org\",\"@graph\":[{\"@type\":\"WebPage\",\"@id\":\"https:\/\/www.voustensports.com\/fr\/stone-island-technologie-legere-soft-shell-r_e-dye-en-polyester-recycle-vert-musc-38678-2\/\",\"url\":\"https:\/\/www.voustensports.com\/fr\/stone-island-technologie-legere-soft-shell-r_e-dye-en-polyester-recycle-vert-musc-38678-2\/\",\"name\":\"STONE ISLAND - TECHNOLOGIE L\u00c9G\u00c8RE SOFT SHELL-R_E.DYE\u00ae EN POLYESTER RECYCL\u00c9 VERT MUSC (38678) - Vousten Sports\",\"isPartOf\":{\"@id\":\"https:\/\/www.voustensports.com\/nl\/#website\"},\"primaryImageOfPage\":{\"@id\":\"https:\/\/www.voustensports.com\/fr\/stone-island-technologie-legere-soft-shell-r_e-dye-en-polyester-recycle-vert-musc-38678-2\/#primaryimage\"},\"image\":{\"@id\":\"https:\/\/www.voustensports.com\/fr\/stone-island-technologie-legere-soft-shell-r_e-dye-en-polyester-recycle-vert-musc-38678-2\/#primaryimage\"},\"thumbnailUrl\":\"https:\/\/www.voustensports.com\/wp-content\/uploads\/2023\/06\/LIGHT-SOFT-SHELL-R_E.DYE\u00ae-TECHNOLOGY-IN-RECYCLED-POLYESTER-MUSK-GREEN-38678-1.png\",\"datePublished\":\"2025-03-26T10:24:08+00:00\",\"dateModified\":\"2026-02-05T11:10:13+00:00\",\"breadcrumb\":{\"@id\":\"https:\/\/www.voustensports.com\/fr\/stone-island-technologie-legere-soft-shell-r_e-dye-en-polyester-recycle-vert-musc-38678-2\/#breadcrumb\"},\"inLanguage\":\"fr-FR\",\"potentialAction\":[{\"@type\":\"ReadAction\",\"target\":[\"https:\/\/www.voustensports.com\/fr\/stone-island-technologie-legere-soft-shell-r_e-dye-en-polyester-recycle-vert-musc-38678-2\/\"]}]},{\"@type\":\"ImageObject\",\"inLanguage\":\"fr-FR\",\"@id\":\"https:\/\/www.voustensports.com\/fr\/stone-island-technologie-legere-soft-shell-r_e-dye-en-polyester-recycle-vert-musc-38678-2\/#primaryimage\",\"url\":\"https:\/\/www.voustensports.com\/wp-content\/uploads\/2023\/06\/LIGHT-SOFT-SHELL-R_E.DYE\u00ae-TECHNOLOGY-IN-RECYCLED-POLYESTER-MUSK-GREEN-38678-1.png\",\"contentUrl\":\"https:\/\/www.voustensports.com\/wp-content\/uploads\/2023\/06\/LIGHT-SOFT-SHELL-R_E.DYE\u00ae-TECHNOLOGY-IN-RECYCLED-POLYESTER-MUSK-GREEN-38678-1.png\",\"width\":1365,\"height\":2048},{\"@type\":\"BreadcrumbList\",\"@id\":\"https:\/\/www.voustensports.com\/fr\/stone-island-technologie-legere-soft-shell-r_e-dye-en-polyester-recycle-vert-musc-38678-2\/#breadcrumb\",\"itemListElement\":[{\"@type\":\"ListItem\",\"position\":1,\"name\":\"Home\",\"item\":\"https:\/\/www.voustensports.com\/fr\/\"},{\"@type\":\"ListItem\",\"position\":2,\"name\":\"Boutique\",\"item\":\"https:\/\/www.voustensports.com\/fr\/shop\/\"},{\"@type\":\"ListItem\",\"position\":3,\"name\":\"STONE ISLAND &#8211; TECHNOLOGIE L\u00c9G\u00c8RE SOFT SHELL-R_E.DYE\u00ae EN POLYESTER RECYCL\u00c9 VERT MUSC (38678)\"}]},{\"@type\":\"WebSite\",\"@id\":\"https:\/\/www.voustensports.com\/nl\/#website\",\"url\":\"https:\/\/www.voustensports.com\/nl\/\",\"name\":\"Vousten Sports\",\"description\":\"\",\"potentialAction\":[{\"@type\":\"SearchAction\",\"target\":{\"@type\":\"EntryPoint\",\"urlTemplate\":\"https:\/\/www.voustensports.com\/nl\/?s={search_term_string}\"},\"query-input\":{\"@type\":\"PropertyValueSpecification\",\"valueRequired\":true,\"valueName\":\"search_term_string\"}}],\"inLanguage\":\"fr-FR\"}]}<\/script>\n<!-- \/ Yoast SEO plugin. -->","yoast_head_json":{"title":"STONE ISLAND - TECHNOLOGIE L\u00c9G\u00c8RE SOFT SHELL-R_E.DYE\u00ae EN POLYESTER RECYCL\u00c9 VERT MUSC (38678) - Vousten Sports","robots":{"index":"index","follow":"follow","max-snippet":"max-snippet:-1","max-image-preview":"max-image-preview:large","max-video-preview":"max-video-preview:-1"},"canonical":"https:\/\/www.voustensports.com\/fr\/stone-island-technologie-legere-soft-shell-r_e-dye-en-polyester-recycle-vert-musc-38678-2\/","og_locale":"fr_FR","og_type":"article","og_title":"STONE ISLAND - TECHNOLOGIE L\u00c9G\u00c8RE SOFT SHELL-R_E.DYE\u00ae EN POLYESTER RECYCL\u00c9 VERT MUSC (38678) - Vousten Sports","og_description":"D\u00c9TAILS DU PRODUIT TECHNOLOGIE LIGHT SOFT SHELL-R_e.dye\u00ae EN POLYESTER RECYCL\u00c9 : Blouson \u00e0 capuche fabriqu\u00e9 dans un mat\u00e9riau performant \u00e0 3 \u00e9paisseurs avec une colonne d&rsquo;eau de 8000 MM. La face ext\u00e9rieure en toile extensible 100 % polyester recycl\u00e9 est tiss\u00e9e avec des fils utilisant la technologie e.dye\u00ae Waterless Color System\u2122, le syst\u00e8me innovant de [...]","og_url":"https:\/\/www.voustensports.com\/fr\/stone-island-technologie-legere-soft-shell-r_e-dye-en-polyester-recycle-vert-musc-38678-2\/","og_site_name":"Vousten Sports","article_modified_time":"2026-02-05T11:10:13+00:00","og_image":[{"width":1365,"height":2048,"url":"https:\/\/www.voustensports.com\/wp-content\/uploads\/2023\/06\/LIGHT-SOFT-SHELL-R_E.DYE\u00ae-TECHNOLOGY-IN-RECYCLED-POLYESTER-MUSK-GREEN-38678-1.png","type":"image\/png"}],"twitter_card":"summary_large_image","twitter_misc":{"Est. reading time":"1 minute"},"schema":{"@context":"https:\/\/schema.org","@graph":[{"@type":"WebPage","@id":"https:\/\/www.voustensports.com\/fr\/stone-island-technologie-legere-soft-shell-r_e-dye-en-polyester-recycle-vert-musc-38678-2\/","url":"https:\/\/www.voustensports.com\/fr\/stone-island-technologie-legere-soft-shell-r_e-dye-en-polyester-recycle-vert-musc-38678-2\/","name":"STONE ISLAND - TECHNOLOGIE L\u00c9G\u00c8RE SOFT SHELL-R_E.DYE\u00ae EN POLYESTER RECYCL\u00c9 VERT MUSC (38678) - Vousten Sports","isPartOf":{"@id":"https:\/\/www.voustensports.com\/nl\/#website"},"primaryImageOfPage":{"@id":"https:\/\/www.voustensports.com\/fr\/stone-island-technologie-legere-soft-shell-r_e-dye-en-polyester-recycle-vert-musc-38678-2\/#primaryimage"},"image":{"@id":"https:\/\/www.voustensports.com\/fr\/stone-island-technologie-legere-soft-shell-r_e-dye-en-polyester-recycle-vert-musc-38678-2\/#primaryimage"},"thumbnailUrl":"https:\/\/www.voustensports.com\/wp-content\/uploads\/2023\/06\/LIGHT-SOFT-SHELL-R_E.DYE\u00ae-TECHNOLOGY-IN-RECYCLED-POLYESTER-MUSK-GREEN-38678-1.png","datePublished":"2025-03-26T10:24:08+00:00","dateModified":"2026-02-05T11:10:13+00:00","breadcrumb":{"@id":"https:\/\/www.voustensports.com\/fr\/stone-island-technologie-legere-soft-shell-r_e-dye-en-polyester-recycle-vert-musc-38678-2\/#breadcrumb"},"inLanguage":"fr-FR","potentialAction":[{"@type":"ReadAction","target":["https:\/\/www.voustensports.com\/fr\/stone-island-technologie-legere-soft-shell-r_e-dye-en-polyester-recycle-vert-musc-38678-2\/"]}]},{"@type":"ImageObject","inLanguage":"fr-FR","@id":"https:\/\/www.voustensports.com\/fr\/stone-island-technologie-legere-soft-shell-r_e-dye-en-polyester-recycle-vert-musc-38678-2\/#primaryimage","url":"https:\/\/www.voustensports.com\/wp-content\/uploads\/2023\/06\/LIGHT-SOFT-SHELL-R_E.DYE\u00ae-TECHNOLOGY-IN-RECYCLED-POLYESTER-MUSK-GREEN-38678-1.png","contentUrl":"https:\/\/www.voustensports.com\/wp-content\/uploads\/2023\/06\/LIGHT-SOFT-SHELL-R_E.DYE\u00ae-TECHNOLOGY-IN-RECYCLED-POLYESTER-MUSK-GREEN-38678-1.png","width":1365,"height":2048},{"@type":"BreadcrumbList","@id":"https:\/\/www.voustensports.com\/fr\/stone-island-technologie-legere-soft-shell-r_e-dye-en-polyester-recycle-vert-musc-38678-2\/#breadcrumb","itemListElement":[{"@type":"ListItem","position":1,"name":"Home","item":"https:\/\/www.voustensports.com\/fr\/"},{"@type":"ListItem","position":2,"name":"Boutique","item":"https:\/\/www.voustensports.com\/fr\/shop\/"},{"@type":"ListItem","position":3,"name":"STONE ISLAND &#8211; TECHNOLOGIE L\u00c9G\u00c8RE SOFT SHELL-R_E.DYE\u00ae EN POLYESTER RECYCL\u00c9 VERT MUSC (38678)"}]},{"@type":"WebSite","@id":"https:\/\/www.voustensports.com\/nl\/#website","url":"https:\/\/www.voustensports.com\/nl\/","name":"Vousten Sports","description":"","potentialAction":[{"@type":"SearchAction","target":{"@type":"EntryPoint","urlTemplate":"https:\/\/www.voustensports.com\/nl\/?s={search_term_string}"},"query-input":{"@type":"PropertyValueSpecification","valueRequired":true,"valueName":"search_term_string"}}],"inLanguage":"fr-FR"}]}},"_links":{"self":[{"href":"https:\/\/www.voustensports.com\/fr\/wp-json\/wp\/v2\/product\/200830","targetHints":{"allow":["GET"]}}],"collection":[{"href":"https:\/\/www.voustensports.com\/fr\/wp-json\/wp\/v2\/product"}],"about":[{"href":"https:\/\/www.voustensports.com\/fr\/wp-json\/wp\/v2\/types\/product"}],"replies":[{"embeddable":true,"href":"https:\/\/www.voustensports.com\/fr\/wp-json\/wp\/v2\/comments?post=200830"}],"wp:featuredmedia":[{"embeddable":true,"href":"https:\/\/www.voustensports.com\/fr\/wp-json\/wp\/v2\/media\/170421"}],"wp:attachment":[{"href":"https:\/\/www.voustensports.com\/fr\/wp-json\/wp\/v2\/media?parent=200830"}],"wp:term":[{"taxonomy":"product_cat","embeddable":true,"href":"https:\/\/www.voustensports.com\/fr\/wp-json\/wp\/v2\/product_cat?post=200830"},{"taxonomy":"product_tag","embeddable":true,"href":"https:\/\/www.voustensports.com\/fr\/wp-json\/wp\/v2\/product_tag?post=200830"}],"curies":[{"name":"wp","href":"https:\/\/api.w.org\/{rel}","templated":true}]}}