{"id":200810,"date":"2025-03-26T11:22:05","date_gmt":"2025-03-26T10:22:05","guid":{"rendered":"https:\/\/www.voustensports.com\/c-p-company-sweat-shirt-en-coton-avec-logo-en-molleton-diagonal-bleu-fonce-38862\/"},"modified":"2026-02-05T12:13:39","modified_gmt":"2026-02-05T11:13:39","slug":"c-p-company-sweat-shirt-en-coton-avec-logo-en-molleton-diagonal-bleu-fonce-38862-2","status":"publish","type":"product","link":"https:\/\/www.voustensports.com\/fr\/c-p-company-sweat-shirt-en-coton-avec-logo-en-molleton-diagonal-bleu-fonce-38862-2\/","title":{"rendered":"C.P. Company &#8211; Sweat-shirt en coton avec logo en molleton diagonal bleu fonc\u00e9 (38862)"},"content":{"rendered":"<div>Sweat-shirt avec col rond, logo brod\u00e9 et col, poignets et ourlet c\u00f4tel\u00e9s. Fabriqu\u00e9 en molleton de coton basique, alliant confort et construction respirante, et r\u00e9sistant \u00e0 la teinture pour une finition ton sur ton vari\u00e9e. Coupe r\u00e9guli\u00e8re.<\/div>\n<div>&#8211; Col rond<\/div>\n<div>&#8211; D\u00e9tail du logo brod\u00e9<\/div>\n<div>&#8211; Col, poignets et ourlet c\u00f4tel\u00e9s<\/div>\n<div>&#8211; R\u00e9sistant teint<\/div>\n<div>&#8211; Coupe r\u00e9guli\u00e8re<\/div>\n<div><\/div>\n<div>COMPOSITION<\/div>\n<div>&#8211; Tissu ext\u00e9rieur : 100% Coton<\/div>\n","protected":false},"excerpt":{"rendered":"<p>Sweat-shirt avec col rond, logo brod\u00e9 et col, poignets et ourlet c\u00f4tel\u00e9s. Fabriqu\u00e9 en molleton de coton basique, alliant confort et construction respirante, et r\u00e9sistant \u00e0 la teinture pour une finition ton sur ton vari\u00e9e. Coupe r\u00e9guli\u00e8re. &#8211; Col rond &#8211; D\u00e9tail du logo brod\u00e9 &#8211; Col, poignets et ourlet c\u00f4tel\u00e9s &#8211; R\u00e9sistant teint &#8211; [&#8230;]\n","protected":false},"featured_media":173056,"comment_status":"open","ping_status":"closed","template":"","meta":{"rank_math_lock_modified_date":false},"product_cat":[438,446,450,462,534,697],"product_tag":[],"class_list":{"0":"post-200810","1":"product","2":"type-product","3":"status-publish","4":"has-post-thumbnail","6":"product_cat-cp-company-fr","7":"product_cat-kleding-fr","8":"product_cat-heren-fr","9":"product_cat-vousten-sports-fr-2","10":"product_cat-truien-fr-2","11":"product_cat-sweaters-fr-2","13":"first","14":"outofstock","15":"taxable","16":"shipping-taxable","17":"purchasable","18":"product-type-variable"},"acf":[],"yoast_head":"<!-- This site is optimized with the Yoast SEO plugin v23.9 - https:\/\/yoast.com\/wordpress\/plugins\/seo\/ -->\n<title>C.P. Company - Sweat-shirt en coton avec logo en molleton diagonal bleu fonc\u00e9 (38862) - Vousten Sports<\/title>\n<meta name=\"robots\" content=\"index, follow, max-snippet:-1, max-image-preview:large, max-video-preview:-1\" \/>\n<link rel=\"canonical\" href=\"https:\/\/www.voustensports.com\/fr\/c-p-company-sweat-shirt-en-coton-avec-logo-en-molleton-diagonal-bleu-fonce-38862-2\/\" \/>\n<meta property=\"og:locale\" content=\"fr_FR\" \/>\n<meta property=\"og:type\" content=\"article\" \/>\n<meta property=\"og:title\" content=\"C.P. Company - Sweat-shirt en coton avec logo en molleton diagonal bleu fonc\u00e9 (38862) - Vousten Sports\" \/>\n<meta property=\"og:description\" content=\"Sweat-shirt avec col rond, logo brod\u00e9 et col, poignets et ourlet c\u00f4tel\u00e9s. Fabriqu\u00e9 en molleton de coton basique, alliant confort et construction respirante, et r\u00e9sistant \u00e0 la teinture pour une finition ton sur ton vari\u00e9e. Coupe r\u00e9guli\u00e8re. &#8211; Col rond &#8211; D\u00e9tail du logo brod\u00e9 &#8211; Col, poignets et ourlet c\u00f4tel\u00e9s &#8211; R\u00e9sistant teint &#8211; [...]\" \/>\n<meta property=\"og:url\" content=\"https:\/\/www.voustensports.com\/fr\/c-p-company-sweat-shirt-en-coton-avec-logo-en-molleton-diagonal-bleu-fonce-38862-2\/\" \/>\n<meta property=\"og:site_name\" content=\"Vousten Sports\" \/>\n<meta property=\"article:modified_time\" content=\"2026-02-05T11:13:39+00:00\" \/>\n<meta property=\"og:image\" content=\"https:\/\/www.voustensports.com\/wp-content\/uploads\/2023\/06\/Cotton-Diagonal-Fleece-Logo-Sweatshirt-donkerblauw-38862-1.jpg\" \/>\n\t<meta property=\"og:image:width\" content=\"1638\" \/>\n\t<meta property=\"og:image:height\" content=\"2048\" \/>\n\t<meta property=\"og:image:type\" content=\"image\/jpeg\" \/>\n<meta name=\"twitter:card\" content=\"summary_large_image\" \/>\n<script type=\"application\/ld+json\" class=\"yoast-schema-graph\">{\"@context\":\"https:\/\/schema.org\",\"@graph\":[{\"@type\":\"WebPage\",\"@id\":\"https:\/\/www.voustensports.com\/fr\/c-p-company-sweat-shirt-en-coton-avec-logo-en-molleton-diagonal-bleu-fonce-38862-2\/\",\"url\":\"https:\/\/www.voustensports.com\/fr\/c-p-company-sweat-shirt-en-coton-avec-logo-en-molleton-diagonal-bleu-fonce-38862-2\/\",\"name\":\"C.P. Company - Sweat-shirt en coton avec logo en molleton diagonal bleu fonc\u00e9 (38862) - Vousten Sports\",\"isPartOf\":{\"@id\":\"https:\/\/www.voustensports.com\/nl\/#website\"},\"primaryImageOfPage\":{\"@id\":\"https:\/\/www.voustensports.com\/fr\/c-p-company-sweat-shirt-en-coton-avec-logo-en-molleton-diagonal-bleu-fonce-38862-2\/#primaryimage\"},\"image\":{\"@id\":\"https:\/\/www.voustensports.com\/fr\/c-p-company-sweat-shirt-en-coton-avec-logo-en-molleton-diagonal-bleu-fonce-38862-2\/#primaryimage\"},\"thumbnailUrl\":\"https:\/\/www.voustensports.com\/wp-content\/uploads\/2023\/06\/Cotton-Diagonal-Fleece-Logo-Sweatshirt-donkerblauw-38862-1.jpg\",\"datePublished\":\"2025-03-26T10:22:05+00:00\",\"dateModified\":\"2026-02-05T11:13:39+00:00\",\"breadcrumb\":{\"@id\":\"https:\/\/www.voustensports.com\/fr\/c-p-company-sweat-shirt-en-coton-avec-logo-en-molleton-diagonal-bleu-fonce-38862-2\/#breadcrumb\"},\"inLanguage\":\"fr-FR\",\"potentialAction\":[{\"@type\":\"ReadAction\",\"target\":[\"https:\/\/www.voustensports.com\/fr\/c-p-company-sweat-shirt-en-coton-avec-logo-en-molleton-diagonal-bleu-fonce-38862-2\/\"]}]},{\"@type\":\"ImageObject\",\"inLanguage\":\"fr-FR\",\"@id\":\"https:\/\/www.voustensports.com\/fr\/c-p-company-sweat-shirt-en-coton-avec-logo-en-molleton-diagonal-bleu-fonce-38862-2\/#primaryimage\",\"url\":\"https:\/\/www.voustensports.com\/wp-content\/uploads\/2023\/06\/Cotton-Diagonal-Fleece-Logo-Sweatshirt-donkerblauw-38862-1.jpg\",\"contentUrl\":\"https:\/\/www.voustensports.com\/wp-content\/uploads\/2023\/06\/Cotton-Diagonal-Fleece-Logo-Sweatshirt-donkerblauw-38862-1.jpg\",\"width\":1638,\"height\":2048},{\"@type\":\"BreadcrumbList\",\"@id\":\"https:\/\/www.voustensports.com\/fr\/c-p-company-sweat-shirt-en-coton-avec-logo-en-molleton-diagonal-bleu-fonce-38862-2\/#breadcrumb\",\"itemListElement\":[{\"@type\":\"ListItem\",\"position\":1,\"name\":\"Home\",\"item\":\"https:\/\/www.voustensports.com\/fr\/\"},{\"@type\":\"ListItem\",\"position\":2,\"name\":\"Boutique\",\"item\":\"https:\/\/www.voustensports.com\/fr\/shop\/\"},{\"@type\":\"ListItem\",\"position\":3,\"name\":\"C.P. Company &#8211; Sweat-shirt en coton avec logo en molleton diagonal bleu fonc\u00e9 (38862)\"}]},{\"@type\":\"WebSite\",\"@id\":\"https:\/\/www.voustensports.com\/nl\/#website\",\"url\":\"https:\/\/www.voustensports.com\/nl\/\",\"name\":\"Vousten Sports\",\"description\":\"\",\"potentialAction\":[{\"@type\":\"SearchAction\",\"target\":{\"@type\":\"EntryPoint\",\"urlTemplate\":\"https:\/\/www.voustensports.com\/nl\/?s={search_term_string}\"},\"query-input\":{\"@type\":\"PropertyValueSpecification\",\"valueRequired\":true,\"valueName\":\"search_term_string\"}}],\"inLanguage\":\"fr-FR\"}]}<\/script>\n<!-- \/ Yoast SEO plugin. -->","yoast_head_json":{"title":"C.P. Company - Sweat-shirt en coton avec logo en molleton diagonal bleu fonc\u00e9 (38862) - Vousten Sports","robots":{"index":"index","follow":"follow","max-snippet":"max-snippet:-1","max-image-preview":"max-image-preview:large","max-video-preview":"max-video-preview:-1"},"canonical":"https:\/\/www.voustensports.com\/fr\/c-p-company-sweat-shirt-en-coton-avec-logo-en-molleton-diagonal-bleu-fonce-38862-2\/","og_locale":"fr_FR","og_type":"article","og_title":"C.P. Company - Sweat-shirt en coton avec logo en molleton diagonal bleu fonc\u00e9 (38862) - Vousten Sports","og_description":"Sweat-shirt avec col rond, logo brod\u00e9 et col, poignets et ourlet c\u00f4tel\u00e9s. Fabriqu\u00e9 en molleton de coton basique, alliant confort et construction respirante, et r\u00e9sistant \u00e0 la teinture pour une finition ton sur ton vari\u00e9e. Coupe r\u00e9guli\u00e8re. &#8211; Col rond &#8211; D\u00e9tail du logo brod\u00e9 &#8211; Col, poignets et ourlet c\u00f4tel\u00e9s &#8211; R\u00e9sistant teint &#8211; [...]","og_url":"https:\/\/www.voustensports.com\/fr\/c-p-company-sweat-shirt-en-coton-avec-logo-en-molleton-diagonal-bleu-fonce-38862-2\/","og_site_name":"Vousten Sports","article_modified_time":"2026-02-05T11:13:39+00:00","og_image":[{"width":1638,"height":2048,"url":"https:\/\/www.voustensports.com\/wp-content\/uploads\/2023\/06\/Cotton-Diagonal-Fleece-Logo-Sweatshirt-donkerblauw-38862-1.jpg","type":"image\/jpeg"}],"twitter_card":"summary_large_image","schema":{"@context":"https:\/\/schema.org","@graph":[{"@type":"WebPage","@id":"https:\/\/www.voustensports.com\/fr\/c-p-company-sweat-shirt-en-coton-avec-logo-en-molleton-diagonal-bleu-fonce-38862-2\/","url":"https:\/\/www.voustensports.com\/fr\/c-p-company-sweat-shirt-en-coton-avec-logo-en-molleton-diagonal-bleu-fonce-38862-2\/","name":"C.P. Company - Sweat-shirt en coton avec logo en molleton diagonal bleu fonc\u00e9 (38862) - Vousten Sports","isPartOf":{"@id":"https:\/\/www.voustensports.com\/nl\/#website"},"primaryImageOfPage":{"@id":"https:\/\/www.voustensports.com\/fr\/c-p-company-sweat-shirt-en-coton-avec-logo-en-molleton-diagonal-bleu-fonce-38862-2\/#primaryimage"},"image":{"@id":"https:\/\/www.voustensports.com\/fr\/c-p-company-sweat-shirt-en-coton-avec-logo-en-molleton-diagonal-bleu-fonce-38862-2\/#primaryimage"},"thumbnailUrl":"https:\/\/www.voustensports.com\/wp-content\/uploads\/2023\/06\/Cotton-Diagonal-Fleece-Logo-Sweatshirt-donkerblauw-38862-1.jpg","datePublished":"2025-03-26T10:22:05+00:00","dateModified":"2026-02-05T11:13:39+00:00","breadcrumb":{"@id":"https:\/\/www.voustensports.com\/fr\/c-p-company-sweat-shirt-en-coton-avec-logo-en-molleton-diagonal-bleu-fonce-38862-2\/#breadcrumb"},"inLanguage":"fr-FR","potentialAction":[{"@type":"ReadAction","target":["https:\/\/www.voustensports.com\/fr\/c-p-company-sweat-shirt-en-coton-avec-logo-en-molleton-diagonal-bleu-fonce-38862-2\/"]}]},{"@type":"ImageObject","inLanguage":"fr-FR","@id":"https:\/\/www.voustensports.com\/fr\/c-p-company-sweat-shirt-en-coton-avec-logo-en-molleton-diagonal-bleu-fonce-38862-2\/#primaryimage","url":"https:\/\/www.voustensports.com\/wp-content\/uploads\/2023\/06\/Cotton-Diagonal-Fleece-Logo-Sweatshirt-donkerblauw-38862-1.jpg","contentUrl":"https:\/\/www.voustensports.com\/wp-content\/uploads\/2023\/06\/Cotton-Diagonal-Fleece-Logo-Sweatshirt-donkerblauw-38862-1.jpg","width":1638,"height":2048},{"@type":"BreadcrumbList","@id":"https:\/\/www.voustensports.com\/fr\/c-p-company-sweat-shirt-en-coton-avec-logo-en-molleton-diagonal-bleu-fonce-38862-2\/#breadcrumb","itemListElement":[{"@type":"ListItem","position":1,"name":"Home","item":"https:\/\/www.voustensports.com\/fr\/"},{"@type":"ListItem","position":2,"name":"Boutique","item":"https:\/\/www.voustensports.com\/fr\/shop\/"},{"@type":"ListItem","position":3,"name":"C.P. Company &#8211; Sweat-shirt en coton avec logo en molleton diagonal bleu fonc\u00e9 (38862)"}]},{"@type":"WebSite","@id":"https:\/\/www.voustensports.com\/nl\/#website","url":"https:\/\/www.voustensports.com\/nl\/","name":"Vousten Sports","description":"","potentialAction":[{"@type":"SearchAction","target":{"@type":"EntryPoint","urlTemplate":"https:\/\/www.voustensports.com\/nl\/?s={search_term_string}"},"query-input":{"@type":"PropertyValueSpecification","valueRequired":true,"valueName":"search_term_string"}}],"inLanguage":"fr-FR"}]}},"_links":{"self":[{"href":"https:\/\/www.voustensports.com\/fr\/wp-json\/wp\/v2\/product\/200810","targetHints":{"allow":["GET"]}}],"collection":[{"href":"https:\/\/www.voustensports.com\/fr\/wp-json\/wp\/v2\/product"}],"about":[{"href":"https:\/\/www.voustensports.com\/fr\/wp-json\/wp\/v2\/types\/product"}],"replies":[{"embeddable":true,"href":"https:\/\/www.voustensports.com\/fr\/wp-json\/wp\/v2\/comments?post=200810"}],"wp:featuredmedia":[{"embeddable":true,"href":"https:\/\/www.voustensports.com\/fr\/wp-json\/wp\/v2\/media\/173056"}],"wp:attachment":[{"href":"https:\/\/www.voustensports.com\/fr\/wp-json\/wp\/v2\/media?parent=200810"}],"wp:term":[{"taxonomy":"product_cat","embeddable":true,"href":"https:\/\/www.voustensports.com\/fr\/wp-json\/wp\/v2\/product_cat?post=200810"},{"taxonomy":"product_tag","embeddable":true,"href":"https:\/\/www.voustensports.com\/fr\/wp-json\/wp\/v2\/product_tag?post=200810"}],"curies":[{"name":"wp","href":"https:\/\/api.w.org\/{rel}","templated":true}]}}