{"id":200790,"date":"2025-03-26T11:10:06","date_gmt":"2025-03-26T10:10:06","guid":{"rendered":"https:\/\/www.voustensports.com\/c-p-company-surchemise-chrome-r-pocket-bleu-fonce-38868\/"},"modified":"2026-02-05T12:13:44","modified_gmt":"2026-02-05T11:13:44","slug":"c-p-company-surchemise-chrome-r-pocket-bleu-fonce-38868-2","status":"publish","type":"product","link":"https:\/\/www.voustensports.com\/fr\/c-p-company-surchemise-chrome-r-pocket-bleu-fonce-38868-2\/","title":{"rendered":"C.P. Company &#8211; Surchemise Chrome-R Pocket bleu fonc\u00e9 (38868)"},"content":{"rendered":"<div>Surchemise \u00e0 col classique, fermeture \u00e9clair dissimul\u00e9e et une poche poitrine, d\u00e9tail lentille sur la manche gauche et poignets r\u00e9glables. Chrome-R utilise du nylon 100 % recycl\u00e9 avant consommation, formul\u00e9 \u00e0 partir de d\u00e9chets de fabrication d\u00e9tourn\u00e9s du flux de d\u00e9chets et r\u00e9\u00e9valu\u00e9s, revitalisant le tissu et teignant le v\u00eatement pour une profondeur et une intensit\u00e9 chromatiques accrues. Coupe r\u00e9guli\u00e8re.<\/div>\n<div>\u2013 Col classique<\/div>\n<div>\u2013 Fermeture \u00e0 boutons enti\u00e8rement cach\u00e9e<\/div>\n<div>\u2013 Poche poitrine avec rabat<\/div>\n<div>\u2013 Poignets r\u00e9glables<\/div>\n<div>\u2013 Teint en pi\u00e8ce<\/div>\n<div>\u2013 Coupe r\u00e9guli\u00e8re<\/div>\n","protected":false},"excerpt":{"rendered":"<p>Surchemise \u00e0 col classique, fermeture \u00e9clair dissimul\u00e9e et une poche poitrine, d\u00e9tail lentille sur la manche gauche et poignets r\u00e9glables. Chrome-R utilise du nylon 100 % recycl\u00e9 avant consommation, formul\u00e9 \u00e0 partir de d\u00e9chets de fabrication d\u00e9tourn\u00e9s du flux de d\u00e9chets et r\u00e9\u00e9valu\u00e9s, revitalisant le tissu et teignant le v\u00eatement pour une profondeur et une [&#8230;]\n","protected":false},"featured_media":173155,"comment_status":"open","ping_status":"closed","template":"","meta":{"rank_math_lock_modified_date":false},"product_cat":[462,542,701,705,438,446,450],"product_tag":[],"class_list":{"0":"post-200790","1":"product","2":"type-product","3":"status-publish","4":"has-post-thumbnail","6":"product_cat-vousten-sports-fr-2","7":"product_cat-jassen-fr","8":"product_cat-jackets-fr","9":"product_cat-jassen-jacks-fr","10":"product_cat-cp-company-fr","11":"product_cat-kleding-fr","12":"product_cat-heren-fr","14":"first","15":"outofstock","16":"taxable","17":"shipping-taxable","18":"purchasable","19":"product-type-variable"},"acf":[],"yoast_head":"<!-- This site is optimized with the Yoast SEO plugin v23.9 - https:\/\/yoast.com\/wordpress\/plugins\/seo\/ -->\n<title>C.P. Company - Surchemise Chrome-R Pocket bleu fonc\u00e9 (38868) - Vousten Sports<\/title>\n<meta name=\"robots\" content=\"index, follow, max-snippet:-1, max-image-preview:large, max-video-preview:-1\" \/>\n<link rel=\"canonical\" href=\"https:\/\/www.voustensports.com\/fr\/c-p-company-surchemise-chrome-r-pocket-bleu-fonce-38868-2\/\" \/>\n<meta property=\"og:locale\" content=\"fr_FR\" \/>\n<meta property=\"og:type\" content=\"article\" \/>\n<meta property=\"og:title\" content=\"C.P. Company - Surchemise Chrome-R Pocket bleu fonc\u00e9 (38868) - Vousten Sports\" \/>\n<meta property=\"og:description\" content=\"Surchemise \u00e0 col classique, fermeture \u00e9clair dissimul\u00e9e et une poche poitrine, d\u00e9tail lentille sur la manche gauche et poignets r\u00e9glables. Chrome-R utilise du nylon 100 % recycl\u00e9 avant consommation, formul\u00e9 \u00e0 partir de d\u00e9chets de fabrication d\u00e9tourn\u00e9s du flux de d\u00e9chets et r\u00e9\u00e9valu\u00e9s, revitalisant le tissu et teignant le v\u00eatement pour une profondeur et une [...]\" \/>\n<meta property=\"og:url\" content=\"https:\/\/www.voustensports.com\/fr\/c-p-company-surchemise-chrome-r-pocket-bleu-fonce-38868-2\/\" \/>\n<meta property=\"og:site_name\" content=\"Vousten Sports\" \/>\n<meta property=\"article:modified_time\" content=\"2026-02-05T11:13:44+00:00\" \/>\n<meta property=\"og:image\" content=\"https:\/\/www.voustensports.com\/wp-content\/uploads\/2023\/06\/Chrome-R-Pocket-Overshirt-dark-blue-38868-1.jpg\" \/>\n\t<meta property=\"og:image:width\" content=\"1638\" \/>\n\t<meta property=\"og:image:height\" content=\"2048\" \/>\n\t<meta property=\"og:image:type\" content=\"image\/jpeg\" \/>\n<meta name=\"twitter:card\" content=\"summary_large_image\" \/>\n<script type=\"application\/ld+json\" class=\"yoast-schema-graph\">{\"@context\":\"https:\/\/schema.org\",\"@graph\":[{\"@type\":\"WebPage\",\"@id\":\"https:\/\/www.voustensports.com\/fr\/c-p-company-surchemise-chrome-r-pocket-bleu-fonce-38868-2\/\",\"url\":\"https:\/\/www.voustensports.com\/fr\/c-p-company-surchemise-chrome-r-pocket-bleu-fonce-38868-2\/\",\"name\":\"C.P. Company - Surchemise Chrome-R Pocket bleu fonc\u00e9 (38868) - Vousten Sports\",\"isPartOf\":{\"@id\":\"https:\/\/www.voustensports.com\/nl\/#website\"},\"primaryImageOfPage\":{\"@id\":\"https:\/\/www.voustensports.com\/fr\/c-p-company-surchemise-chrome-r-pocket-bleu-fonce-38868-2\/#primaryimage\"},\"image\":{\"@id\":\"https:\/\/www.voustensports.com\/fr\/c-p-company-surchemise-chrome-r-pocket-bleu-fonce-38868-2\/#primaryimage\"},\"thumbnailUrl\":\"https:\/\/www.voustensports.com\/wp-content\/uploads\/2023\/06\/Chrome-R-Pocket-Overshirt-dark-blue-38868-1.jpg\",\"datePublished\":\"2025-03-26T10:10:06+00:00\",\"dateModified\":\"2026-02-05T11:13:44+00:00\",\"breadcrumb\":{\"@id\":\"https:\/\/www.voustensports.com\/fr\/c-p-company-surchemise-chrome-r-pocket-bleu-fonce-38868-2\/#breadcrumb\"},\"inLanguage\":\"fr-FR\",\"potentialAction\":[{\"@type\":\"ReadAction\",\"target\":[\"https:\/\/www.voustensports.com\/fr\/c-p-company-surchemise-chrome-r-pocket-bleu-fonce-38868-2\/\"]}]},{\"@type\":\"ImageObject\",\"inLanguage\":\"fr-FR\",\"@id\":\"https:\/\/www.voustensports.com\/fr\/c-p-company-surchemise-chrome-r-pocket-bleu-fonce-38868-2\/#primaryimage\",\"url\":\"https:\/\/www.voustensports.com\/wp-content\/uploads\/2023\/06\/Chrome-R-Pocket-Overshirt-dark-blue-38868-1.jpg\",\"contentUrl\":\"https:\/\/www.voustensports.com\/wp-content\/uploads\/2023\/06\/Chrome-R-Pocket-Overshirt-dark-blue-38868-1.jpg\",\"width\":1638,\"height\":2048},{\"@type\":\"BreadcrumbList\",\"@id\":\"https:\/\/www.voustensports.com\/fr\/c-p-company-surchemise-chrome-r-pocket-bleu-fonce-38868-2\/#breadcrumb\",\"itemListElement\":[{\"@type\":\"ListItem\",\"position\":1,\"name\":\"Home\",\"item\":\"https:\/\/www.voustensports.com\/fr\/\"},{\"@type\":\"ListItem\",\"position\":2,\"name\":\"Boutique\",\"item\":\"https:\/\/www.voustensports.com\/fr\/shop\/\"},{\"@type\":\"ListItem\",\"position\":3,\"name\":\"C.P. Company &#8211; Surchemise Chrome-R Pocket bleu fonc\u00e9 (38868)\"}]},{\"@type\":\"WebSite\",\"@id\":\"https:\/\/www.voustensports.com\/nl\/#website\",\"url\":\"https:\/\/www.voustensports.com\/nl\/\",\"name\":\"Vousten Sports\",\"description\":\"\",\"potentialAction\":[{\"@type\":\"SearchAction\",\"target\":{\"@type\":\"EntryPoint\",\"urlTemplate\":\"https:\/\/www.voustensports.com\/nl\/?s={search_term_string}\"},\"query-input\":{\"@type\":\"PropertyValueSpecification\",\"valueRequired\":true,\"valueName\":\"search_term_string\"}}],\"inLanguage\":\"fr-FR\"}]}<\/script>\n<!-- \/ Yoast SEO plugin. -->","yoast_head_json":{"title":"C.P. Company - Surchemise Chrome-R Pocket bleu fonc\u00e9 (38868) - Vousten Sports","robots":{"index":"index","follow":"follow","max-snippet":"max-snippet:-1","max-image-preview":"max-image-preview:large","max-video-preview":"max-video-preview:-1"},"canonical":"https:\/\/www.voustensports.com\/fr\/c-p-company-surchemise-chrome-r-pocket-bleu-fonce-38868-2\/","og_locale":"fr_FR","og_type":"article","og_title":"C.P. Company - Surchemise Chrome-R Pocket bleu fonc\u00e9 (38868) - Vousten Sports","og_description":"Surchemise \u00e0 col classique, fermeture \u00e9clair dissimul\u00e9e et une poche poitrine, d\u00e9tail lentille sur la manche gauche et poignets r\u00e9glables. Chrome-R utilise du nylon 100 % recycl\u00e9 avant consommation, formul\u00e9 \u00e0 partir de d\u00e9chets de fabrication d\u00e9tourn\u00e9s du flux de d\u00e9chets et r\u00e9\u00e9valu\u00e9s, revitalisant le tissu et teignant le v\u00eatement pour une profondeur et une [...]","og_url":"https:\/\/www.voustensports.com\/fr\/c-p-company-surchemise-chrome-r-pocket-bleu-fonce-38868-2\/","og_site_name":"Vousten Sports","article_modified_time":"2026-02-05T11:13:44+00:00","og_image":[{"width":1638,"height":2048,"url":"https:\/\/www.voustensports.com\/wp-content\/uploads\/2023\/06\/Chrome-R-Pocket-Overshirt-dark-blue-38868-1.jpg","type":"image\/jpeg"}],"twitter_card":"summary_large_image","schema":{"@context":"https:\/\/schema.org","@graph":[{"@type":"WebPage","@id":"https:\/\/www.voustensports.com\/fr\/c-p-company-surchemise-chrome-r-pocket-bleu-fonce-38868-2\/","url":"https:\/\/www.voustensports.com\/fr\/c-p-company-surchemise-chrome-r-pocket-bleu-fonce-38868-2\/","name":"C.P. Company - Surchemise Chrome-R Pocket bleu fonc\u00e9 (38868) - Vousten Sports","isPartOf":{"@id":"https:\/\/www.voustensports.com\/nl\/#website"},"primaryImageOfPage":{"@id":"https:\/\/www.voustensports.com\/fr\/c-p-company-surchemise-chrome-r-pocket-bleu-fonce-38868-2\/#primaryimage"},"image":{"@id":"https:\/\/www.voustensports.com\/fr\/c-p-company-surchemise-chrome-r-pocket-bleu-fonce-38868-2\/#primaryimage"},"thumbnailUrl":"https:\/\/www.voustensports.com\/wp-content\/uploads\/2023\/06\/Chrome-R-Pocket-Overshirt-dark-blue-38868-1.jpg","datePublished":"2025-03-26T10:10:06+00:00","dateModified":"2026-02-05T11:13:44+00:00","breadcrumb":{"@id":"https:\/\/www.voustensports.com\/fr\/c-p-company-surchemise-chrome-r-pocket-bleu-fonce-38868-2\/#breadcrumb"},"inLanguage":"fr-FR","potentialAction":[{"@type":"ReadAction","target":["https:\/\/www.voustensports.com\/fr\/c-p-company-surchemise-chrome-r-pocket-bleu-fonce-38868-2\/"]}]},{"@type":"ImageObject","inLanguage":"fr-FR","@id":"https:\/\/www.voustensports.com\/fr\/c-p-company-surchemise-chrome-r-pocket-bleu-fonce-38868-2\/#primaryimage","url":"https:\/\/www.voustensports.com\/wp-content\/uploads\/2023\/06\/Chrome-R-Pocket-Overshirt-dark-blue-38868-1.jpg","contentUrl":"https:\/\/www.voustensports.com\/wp-content\/uploads\/2023\/06\/Chrome-R-Pocket-Overshirt-dark-blue-38868-1.jpg","width":1638,"height":2048},{"@type":"BreadcrumbList","@id":"https:\/\/www.voustensports.com\/fr\/c-p-company-surchemise-chrome-r-pocket-bleu-fonce-38868-2\/#breadcrumb","itemListElement":[{"@type":"ListItem","position":1,"name":"Home","item":"https:\/\/www.voustensports.com\/fr\/"},{"@type":"ListItem","position":2,"name":"Boutique","item":"https:\/\/www.voustensports.com\/fr\/shop\/"},{"@type":"ListItem","position":3,"name":"C.P. Company &#8211; Surchemise Chrome-R Pocket bleu fonc\u00e9 (38868)"}]},{"@type":"WebSite","@id":"https:\/\/www.voustensports.com\/nl\/#website","url":"https:\/\/www.voustensports.com\/nl\/","name":"Vousten Sports","description":"","potentialAction":[{"@type":"SearchAction","target":{"@type":"EntryPoint","urlTemplate":"https:\/\/www.voustensports.com\/nl\/?s={search_term_string}"},"query-input":{"@type":"PropertyValueSpecification","valueRequired":true,"valueName":"search_term_string"}}],"inLanguage":"fr-FR"}]}},"_links":{"self":[{"href":"https:\/\/www.voustensports.com\/fr\/wp-json\/wp\/v2\/product\/200790","targetHints":{"allow":["GET"]}}],"collection":[{"href":"https:\/\/www.voustensports.com\/fr\/wp-json\/wp\/v2\/product"}],"about":[{"href":"https:\/\/www.voustensports.com\/fr\/wp-json\/wp\/v2\/types\/product"}],"replies":[{"embeddable":true,"href":"https:\/\/www.voustensports.com\/fr\/wp-json\/wp\/v2\/comments?post=200790"}],"wp:featuredmedia":[{"embeddable":true,"href":"https:\/\/www.voustensports.com\/fr\/wp-json\/wp\/v2\/media\/173155"}],"wp:attachment":[{"href":"https:\/\/www.voustensports.com\/fr\/wp-json\/wp\/v2\/media?parent=200790"}],"wp:term":[{"taxonomy":"product_cat","embeddable":true,"href":"https:\/\/www.voustensports.com\/fr\/wp-json\/wp\/v2\/product_cat?post=200790"},{"taxonomy":"product_tag","embeddable":true,"href":"https:\/\/www.voustensports.com\/fr\/wp-json\/wp\/v2\/product_tag?post=200790"}],"curies":[{"name":"wp","href":"https:\/\/api.w.org\/{rel}","templated":true}]}}