{"id":200766,"date":"2025-03-26T10:50:07","date_gmt":"2025-03-26T09:50:07","guid":{"rendered":"https:\/\/www.voustensports.com\/stone-island-sweat-shirt-de-survetement-traitement-ancien-bleu-avion-38761\/"},"modified":"2026-02-05T12:12:09","modified_gmt":"2026-02-05T11:12:09","slug":"stone-island-sweat-shirt-de-survetement-traitement-ancien-bleu-avion-38761-2","status":"publish","type":"product","link":"https:\/\/www.voustensports.com\/fr\/stone-island-sweat-shirt-de-survetement-traitement-ancien-bleu-avion-38761-2\/","title":{"rendered":"STONE ISLAND &#8211; Sweat-shirt de surv\u00eatement traitement &#8216;ancien&#8217; bleu avion (38761)"},"content":{"rendered":"<p>D\u00c9TAILS DU PRODUIT<\/p>\n<p>TRAITEMENT &lsquo;OLD&rsquo; : Sweat-shirt track top en polaire malfil\u00e9. V\u00eatement teint en pi\u00e8ce avec l&rsquo;effet \u00ab OLD \u00bb, un traitement de teinture exclusif suivi d&rsquo;une d\u00e9coloration sur le v\u00eatement fini pour cr\u00e9er un aspect l\u00e9g\u00e8rement us\u00e9 et tridimensionnel.<\/p>\n<p>STYLE<br \/>\nCoupe r\u00e9guli\u00e8re.<br \/>\nCol montant avec voiturier.<br \/>\n\u00c9paules raglan au dos.<br \/>\nFines coutures overlock sur les \u00e9paules, les emmanchures et les manches.<br \/>\nPoches dans les coutures avec bouton-pression.<br \/>\n\u00c9cusson Stone Island sur la manche gauche.<br \/>\nPoignets et bande inf\u00e9rieure c\u00f4tel\u00e9s.<br \/>\nFermeture \u00e0 glissi\u00e8re.<\/p>\n<p>COMPOSITION<br \/>\n100% Coton<\/p>\n<p>Num\u00e9ro de Stone Island\u00a0: 65960<br \/>\nNum\u00e9ro de couleur: V0124<br \/>\nN\u00b0 d&rsquo;identification : 38761<\/p>\n","protected":false},"excerpt":{"rendered":"<p>D\u00c9TAILS DU PRODUIT TRAITEMENT &lsquo;OLD&rsquo; : Sweat-shirt track top en polaire malfil\u00e9. V\u00eatement teint en pi\u00e8ce avec l&rsquo;effet \u00ab OLD \u00bb, un traitement de teinture exclusif suivi d&rsquo;une d\u00e9coloration sur le v\u00eatement fini pour cr\u00e9er un aspect l\u00e9g\u00e8rement us\u00e9 et tridimensionnel. STYLE Coupe r\u00e9guli\u00e8re. Col montant avec voiturier. \u00c9paules raglan au dos. Fines coutures overlock [&#8230;]\n","protected":false},"featured_media":167984,"comment_status":"open","ping_status":"closed","template":"","meta":{"rank_math_lock_modified_date":false},"product_cat":[462,482,677,694,843,442,446,450],"product_tag":[],"class_list":{"0":"post-200766","1":"product","2":"type-product","3":"status-publish","4":"has-post-thumbnail","6":"product_cat-vousten-sports-fr-2","7":"product_cat-stone-island-fr-2","8":"product_cat-gilets-fr","9":"product_cat-truien-vesten-fr-2","10":"product_cat-stone-presale-23-fr","11":"product_cat-fleece-fr","12":"product_cat-kleding-fr","13":"product_cat-heren-fr","15":"first","16":"outofstock","17":"taxable","18":"shipping-taxable","19":"purchasable","20":"product-type-variable"},"acf":[],"yoast_head":"<!-- This site is optimized with the Yoast SEO plugin v23.9 - https:\/\/yoast.com\/wordpress\/plugins\/seo\/ -->\n<title>STONE ISLAND - Sweat-shirt de surv\u00eatement traitement &#8216;ancien&#8217; bleu avion (38761) - Vousten Sports<\/title>\n<meta name=\"robots\" content=\"index, follow, max-snippet:-1, max-image-preview:large, max-video-preview:-1\" \/>\n<link rel=\"canonical\" href=\"https:\/\/www.voustensports.com\/fr\/stone-island-sweat-shirt-de-survetement-traitement-ancien-bleu-avion-38761-2\/\" \/>\n<meta property=\"og:locale\" content=\"fr_FR\" \/>\n<meta property=\"og:type\" content=\"article\" \/>\n<meta property=\"og:title\" content=\"STONE ISLAND - Sweat-shirt de surv\u00eatement traitement &#8216;ancien&#8217; bleu avion (38761) - Vousten Sports\" \/>\n<meta property=\"og:description\" content=\"D\u00c9TAILS DU PRODUIT TRAITEMENT &lsquo;OLD&rsquo; : Sweat-shirt track top en polaire malfil\u00e9. V\u00eatement teint en pi\u00e8ce avec l&rsquo;effet \u00ab OLD \u00bb, un traitement de teinture exclusif suivi d&rsquo;une d\u00e9coloration sur le v\u00eatement fini pour cr\u00e9er un aspect l\u00e9g\u00e8rement us\u00e9 et tridimensionnel. STYLE Coupe r\u00e9guli\u00e8re. Col montant avec voiturier. \u00c9paules raglan au dos. Fines coutures overlock [...]\" \/>\n<meta property=\"og:url\" content=\"https:\/\/www.voustensports.com\/fr\/stone-island-sweat-shirt-de-survetement-traitement-ancien-bleu-avion-38761-2\/\" \/>\n<meta property=\"og:site_name\" content=\"Vousten Sports\" \/>\n<meta property=\"article:modified_time\" content=\"2026-02-05T11:12:09+00:00\" \/>\n<meta property=\"og:image\" content=\"https:\/\/www.voustensports.com\/wp-content\/uploads\/2023\/06\/Track-top-sweatshirt-old-treatment-avio-blue-38761-1.png\" \/>\n\t<meta property=\"og:image:width\" content=\"1365\" \/>\n\t<meta property=\"og:image:height\" content=\"2048\" \/>\n\t<meta property=\"og:image:type\" content=\"image\/png\" \/>\n<meta name=\"twitter:card\" content=\"summary_large_image\" \/>\n<meta name=\"twitter:label1\" content=\"Est. reading time\" \/>\n\t<meta name=\"twitter:data1\" content=\"1 minute\" \/>\n<script type=\"application\/ld+json\" class=\"yoast-schema-graph\">{\"@context\":\"https:\/\/schema.org\",\"@graph\":[{\"@type\":\"WebPage\",\"@id\":\"https:\/\/www.voustensports.com\/fr\/stone-island-sweat-shirt-de-survetement-traitement-ancien-bleu-avion-38761-2\/\",\"url\":\"https:\/\/www.voustensports.com\/fr\/stone-island-sweat-shirt-de-survetement-traitement-ancien-bleu-avion-38761-2\/\",\"name\":\"STONE ISLAND - Sweat-shirt de surv\u00eatement traitement &#8216;ancien&#8217; bleu avion (38761) - Vousten Sports\",\"isPartOf\":{\"@id\":\"https:\/\/www.voustensports.com\/nl\/#website\"},\"primaryImageOfPage\":{\"@id\":\"https:\/\/www.voustensports.com\/fr\/stone-island-sweat-shirt-de-survetement-traitement-ancien-bleu-avion-38761-2\/#primaryimage\"},\"image\":{\"@id\":\"https:\/\/www.voustensports.com\/fr\/stone-island-sweat-shirt-de-survetement-traitement-ancien-bleu-avion-38761-2\/#primaryimage\"},\"thumbnailUrl\":\"https:\/\/www.voustensports.com\/wp-content\/uploads\/2023\/06\/Track-top-sweatshirt-old-treatment-avio-blue-38761-1.png\",\"datePublished\":\"2025-03-26T09:50:07+00:00\",\"dateModified\":\"2026-02-05T11:12:09+00:00\",\"breadcrumb\":{\"@id\":\"https:\/\/www.voustensports.com\/fr\/stone-island-sweat-shirt-de-survetement-traitement-ancien-bleu-avion-38761-2\/#breadcrumb\"},\"inLanguage\":\"fr-FR\",\"potentialAction\":[{\"@type\":\"ReadAction\",\"target\":[\"https:\/\/www.voustensports.com\/fr\/stone-island-sweat-shirt-de-survetement-traitement-ancien-bleu-avion-38761-2\/\"]}]},{\"@type\":\"ImageObject\",\"inLanguage\":\"fr-FR\",\"@id\":\"https:\/\/www.voustensports.com\/fr\/stone-island-sweat-shirt-de-survetement-traitement-ancien-bleu-avion-38761-2\/#primaryimage\",\"url\":\"https:\/\/www.voustensports.com\/wp-content\/uploads\/2023\/06\/Track-top-sweatshirt-old-treatment-avio-blue-38761-1.png\",\"contentUrl\":\"https:\/\/www.voustensports.com\/wp-content\/uploads\/2023\/06\/Track-top-sweatshirt-old-treatment-avio-blue-38761-1.png\",\"width\":1365,\"height\":2048},{\"@type\":\"BreadcrumbList\",\"@id\":\"https:\/\/www.voustensports.com\/fr\/stone-island-sweat-shirt-de-survetement-traitement-ancien-bleu-avion-38761-2\/#breadcrumb\",\"itemListElement\":[{\"@type\":\"ListItem\",\"position\":1,\"name\":\"Home\",\"item\":\"https:\/\/www.voustensports.com\/fr\/\"},{\"@type\":\"ListItem\",\"position\":2,\"name\":\"Boutique\",\"item\":\"https:\/\/www.voustensports.com\/fr\/shop\/\"},{\"@type\":\"ListItem\",\"position\":3,\"name\":\"STONE ISLAND &#8211; Sweat-shirt de surv\u00eatement traitement &#8216;ancien&#8217; bleu avion (38761)\"}]},{\"@type\":\"WebSite\",\"@id\":\"https:\/\/www.voustensports.com\/nl\/#website\",\"url\":\"https:\/\/www.voustensports.com\/nl\/\",\"name\":\"Vousten Sports\",\"description\":\"\",\"potentialAction\":[{\"@type\":\"SearchAction\",\"target\":{\"@type\":\"EntryPoint\",\"urlTemplate\":\"https:\/\/www.voustensports.com\/nl\/?s={search_term_string}\"},\"query-input\":{\"@type\":\"PropertyValueSpecification\",\"valueRequired\":true,\"valueName\":\"search_term_string\"}}],\"inLanguage\":\"fr-FR\"}]}<\/script>\n<!-- \/ Yoast SEO plugin. -->","yoast_head_json":{"title":"STONE ISLAND - Sweat-shirt de surv\u00eatement traitement &#8216;ancien&#8217; bleu avion (38761) - Vousten Sports","robots":{"index":"index","follow":"follow","max-snippet":"max-snippet:-1","max-image-preview":"max-image-preview:large","max-video-preview":"max-video-preview:-1"},"canonical":"https:\/\/www.voustensports.com\/fr\/stone-island-sweat-shirt-de-survetement-traitement-ancien-bleu-avion-38761-2\/","og_locale":"fr_FR","og_type":"article","og_title":"STONE ISLAND - Sweat-shirt de surv\u00eatement traitement &#8216;ancien&#8217; bleu avion (38761) - Vousten Sports","og_description":"D\u00c9TAILS DU PRODUIT TRAITEMENT &lsquo;OLD&rsquo; : Sweat-shirt track top en polaire malfil\u00e9. V\u00eatement teint en pi\u00e8ce avec l&rsquo;effet \u00ab OLD \u00bb, un traitement de teinture exclusif suivi d&rsquo;une d\u00e9coloration sur le v\u00eatement fini pour cr\u00e9er un aspect l\u00e9g\u00e8rement us\u00e9 et tridimensionnel. STYLE Coupe r\u00e9guli\u00e8re. Col montant avec voiturier. \u00c9paules raglan au dos. Fines coutures overlock [...]","og_url":"https:\/\/www.voustensports.com\/fr\/stone-island-sweat-shirt-de-survetement-traitement-ancien-bleu-avion-38761-2\/","og_site_name":"Vousten Sports","article_modified_time":"2026-02-05T11:12:09+00:00","og_image":[{"width":1365,"height":2048,"url":"https:\/\/www.voustensports.com\/wp-content\/uploads\/2023\/06\/Track-top-sweatshirt-old-treatment-avio-blue-38761-1.png","type":"image\/png"}],"twitter_card":"summary_large_image","twitter_misc":{"Est. reading time":"1 minute"},"schema":{"@context":"https:\/\/schema.org","@graph":[{"@type":"WebPage","@id":"https:\/\/www.voustensports.com\/fr\/stone-island-sweat-shirt-de-survetement-traitement-ancien-bleu-avion-38761-2\/","url":"https:\/\/www.voustensports.com\/fr\/stone-island-sweat-shirt-de-survetement-traitement-ancien-bleu-avion-38761-2\/","name":"STONE ISLAND - Sweat-shirt de surv\u00eatement traitement &#8216;ancien&#8217; bleu avion (38761) - Vousten Sports","isPartOf":{"@id":"https:\/\/www.voustensports.com\/nl\/#website"},"primaryImageOfPage":{"@id":"https:\/\/www.voustensports.com\/fr\/stone-island-sweat-shirt-de-survetement-traitement-ancien-bleu-avion-38761-2\/#primaryimage"},"image":{"@id":"https:\/\/www.voustensports.com\/fr\/stone-island-sweat-shirt-de-survetement-traitement-ancien-bleu-avion-38761-2\/#primaryimage"},"thumbnailUrl":"https:\/\/www.voustensports.com\/wp-content\/uploads\/2023\/06\/Track-top-sweatshirt-old-treatment-avio-blue-38761-1.png","datePublished":"2025-03-26T09:50:07+00:00","dateModified":"2026-02-05T11:12:09+00:00","breadcrumb":{"@id":"https:\/\/www.voustensports.com\/fr\/stone-island-sweat-shirt-de-survetement-traitement-ancien-bleu-avion-38761-2\/#breadcrumb"},"inLanguage":"fr-FR","potentialAction":[{"@type":"ReadAction","target":["https:\/\/www.voustensports.com\/fr\/stone-island-sweat-shirt-de-survetement-traitement-ancien-bleu-avion-38761-2\/"]}]},{"@type":"ImageObject","inLanguage":"fr-FR","@id":"https:\/\/www.voustensports.com\/fr\/stone-island-sweat-shirt-de-survetement-traitement-ancien-bleu-avion-38761-2\/#primaryimage","url":"https:\/\/www.voustensports.com\/wp-content\/uploads\/2023\/06\/Track-top-sweatshirt-old-treatment-avio-blue-38761-1.png","contentUrl":"https:\/\/www.voustensports.com\/wp-content\/uploads\/2023\/06\/Track-top-sweatshirt-old-treatment-avio-blue-38761-1.png","width":1365,"height":2048},{"@type":"BreadcrumbList","@id":"https:\/\/www.voustensports.com\/fr\/stone-island-sweat-shirt-de-survetement-traitement-ancien-bleu-avion-38761-2\/#breadcrumb","itemListElement":[{"@type":"ListItem","position":1,"name":"Home","item":"https:\/\/www.voustensports.com\/fr\/"},{"@type":"ListItem","position":2,"name":"Boutique","item":"https:\/\/www.voustensports.com\/fr\/shop\/"},{"@type":"ListItem","position":3,"name":"STONE ISLAND &#8211; Sweat-shirt de surv\u00eatement traitement &#8216;ancien&#8217; bleu avion (38761)"}]},{"@type":"WebSite","@id":"https:\/\/www.voustensports.com\/nl\/#website","url":"https:\/\/www.voustensports.com\/nl\/","name":"Vousten Sports","description":"","potentialAction":[{"@type":"SearchAction","target":{"@type":"EntryPoint","urlTemplate":"https:\/\/www.voustensports.com\/nl\/?s={search_term_string}"},"query-input":{"@type":"PropertyValueSpecification","valueRequired":true,"valueName":"search_term_string"}}],"inLanguage":"fr-FR"}]}},"_links":{"self":[{"href":"https:\/\/www.voustensports.com\/fr\/wp-json\/wp\/v2\/product\/200766","targetHints":{"allow":["GET"]}}],"collection":[{"href":"https:\/\/www.voustensports.com\/fr\/wp-json\/wp\/v2\/product"}],"about":[{"href":"https:\/\/www.voustensports.com\/fr\/wp-json\/wp\/v2\/types\/product"}],"replies":[{"embeddable":true,"href":"https:\/\/www.voustensports.com\/fr\/wp-json\/wp\/v2\/comments?post=200766"}],"wp:featuredmedia":[{"embeddable":true,"href":"https:\/\/www.voustensports.com\/fr\/wp-json\/wp\/v2\/media\/167984"}],"wp:attachment":[{"href":"https:\/\/www.voustensports.com\/fr\/wp-json\/wp\/v2\/media?parent=200766"}],"wp:term":[{"taxonomy":"product_cat","embeddable":true,"href":"https:\/\/www.voustensports.com\/fr\/wp-json\/wp\/v2\/product_cat?post=200766"},{"taxonomy":"product_tag","embeddable":true,"href":"https:\/\/www.voustensports.com\/fr\/wp-json\/wp\/v2\/product_tag?post=200766"}],"curies":[{"name":"wp","href":"https:\/\/api.w.org\/{rel}","templated":true}]}}