{"id":200458,"date":"2025-03-26T05:32:07","date_gmt":"2025-03-26T04:32:07","guid":{"rendered":"https:\/\/www.voustensports.com\/hogan-baskets-vert-36562\/"},"modified":"2026-02-05T11:59:25","modified_gmt":"2026-02-05T10:59:25","slug":"hogan-baskets-vert-36562-2","status":"publish","type":"product","link":"https:\/\/www.voustensports.com\/fr\/hogan-baskets-vert-36562-2\/","title":{"rendered":"HOGAN &#8211; Baskets vert (36562)"},"content":{"rendered":"<p id=\"tw-target-text\" class=\"tw-data-text tw-text-large tw-ta\" dir=\"ltr\" data-placeholder=\"Vertaling\"><span class=\"Y2IQFc\" lang=\"fr\">Baskets combin\u00e9es pour hommes de la marque Hogan. Cette sneaker basse est compos\u00e9e de daim et de toile dans diff\u00e9rentes nuances de vert. Les lacets multicolores sont enfil\u00e9s \u00e0 travers la mati\u00e8re. L&rsquo;int\u00e9rieur est en cuir et un contrefort robuste contribue \u00e0 la facilit\u00e9 de la marche. La semelle en caoutchouc de couleur violette a un profil grossier pour une prise ferme.<\/span><\/p>\n","protected":false},"excerpt":{"rendered":"<p>Baskets combin\u00e9es pour hommes de la marque Hogan. Cette sneaker basse est compos\u00e9e de daim et de toile dans diff\u00e9rentes nuances de vert. Les lacets multicolores sont enfil\u00e9s \u00e0 travers la mati\u00e8re. L&rsquo;int\u00e9rieur est en cuir et un contrefort robuste contribue \u00e0 la facilit\u00e9 de la marche. La semelle en caoutchouc de couleur violette a [&#8230;]\n","protected":false},"featured_media":26787,"comment_status":"open","ping_status":"closed","template":"","meta":{"rank_math_lock_modified_date":false},"product_cat":[450,462,518,522,526,530],"product_tag":[],"class_list":{"0":"post-200458","1":"product","2":"type-product","3":"status-publish","4":"has-post-thumbnail","6":"product_cat-heren-fr","7":"product_cat-vousten-sports-fr-2","8":"product_cat-hogan-fr","9":"product_cat-schoenen-fr-2","10":"product_cat-sneakers-fr-2","11":"product_cat-herenschoenen-fr","13":"first","14":"outofstock","15":"taxable","16":"shipping-taxable","17":"purchasable","18":"product-type-variable"},"acf":[],"yoast_head":"<!-- This site is optimized with the Yoast SEO plugin v23.9 - https:\/\/yoast.com\/wordpress\/plugins\/seo\/ -->\n<title>HOGAN - Baskets vert (36562) - Vousten Sports<\/title>\n<meta name=\"robots\" content=\"index, follow, max-snippet:-1, max-image-preview:large, max-video-preview:-1\" \/>\n<link rel=\"canonical\" href=\"https:\/\/www.voustensports.com\/fr\/hogan-baskets-vert-36562-2\/\" \/>\n<meta property=\"og:locale\" content=\"fr_FR\" \/>\n<meta property=\"og:type\" content=\"article\" \/>\n<meta property=\"og:title\" content=\"HOGAN - Baskets vert (36562) - Vousten Sports\" \/>\n<meta property=\"og:description\" content=\"Baskets combin\u00e9es pour hommes de la marque Hogan. Cette sneaker basse est compos\u00e9e de daim et de toile dans diff\u00e9rentes nuances de vert. Les lacets multicolores sont enfil\u00e9s \u00e0 travers la mati\u00e8re. L&rsquo;int\u00e9rieur est en cuir et un contrefort robuste contribue \u00e0 la facilit\u00e9 de la marche. La semelle en caoutchouc de couleur violette a [...]\" \/>\n<meta property=\"og:url\" content=\"https:\/\/www.voustensports.com\/fr\/hogan-baskets-vert-36562-2\/\" \/>\n<meta property=\"og:site_name\" content=\"Vousten Sports\" \/>\n<meta property=\"article:modified_time\" content=\"2026-02-05T10:59:25+00:00\" \/>\n<meta property=\"og:image\" content=\"https:\/\/www.voustensports.com\/wp-content\/uploads\/2023\/03\/HOGAN-neon-1-van-1.jpg\" \/>\n\t<meta property=\"og:image:width\" content=\"2000\" \/>\n\t<meta property=\"og:image:height\" content=\"2000\" \/>\n\t<meta property=\"og:image:type\" content=\"image\/jpeg\" \/>\n<meta name=\"twitter:card\" content=\"summary_large_image\" \/>\n<script type=\"application\/ld+json\" class=\"yoast-schema-graph\">{\"@context\":\"https:\/\/schema.org\",\"@graph\":[{\"@type\":\"WebPage\",\"@id\":\"https:\/\/www.voustensports.com\/fr\/hogan-baskets-vert-36562-2\/\",\"url\":\"https:\/\/www.voustensports.com\/fr\/hogan-baskets-vert-36562-2\/\",\"name\":\"HOGAN - Baskets vert (36562) - Vousten Sports\",\"isPartOf\":{\"@id\":\"https:\/\/www.voustensports.com\/nl\/#website\"},\"primaryImageOfPage\":{\"@id\":\"https:\/\/www.voustensports.com\/fr\/hogan-baskets-vert-36562-2\/#primaryimage\"},\"image\":{\"@id\":\"https:\/\/www.voustensports.com\/fr\/hogan-baskets-vert-36562-2\/#primaryimage\"},\"thumbnailUrl\":\"https:\/\/www.voustensports.com\/wp-content\/uploads\/2023\/03\/HOGAN-neon-1-van-1.jpg\",\"datePublished\":\"2025-03-26T04:32:07+00:00\",\"dateModified\":\"2026-02-05T10:59:25+00:00\",\"breadcrumb\":{\"@id\":\"https:\/\/www.voustensports.com\/fr\/hogan-baskets-vert-36562-2\/#breadcrumb\"},\"inLanguage\":\"fr-FR\",\"potentialAction\":[{\"@type\":\"ReadAction\",\"target\":[\"https:\/\/www.voustensports.com\/fr\/hogan-baskets-vert-36562-2\/\"]}]},{\"@type\":\"ImageObject\",\"inLanguage\":\"fr-FR\",\"@id\":\"https:\/\/www.voustensports.com\/fr\/hogan-baskets-vert-36562-2\/#primaryimage\",\"url\":\"https:\/\/www.voustensports.com\/wp-content\/uploads\/2023\/03\/HOGAN-neon-1-van-1.jpg\",\"contentUrl\":\"https:\/\/www.voustensports.com\/wp-content\/uploads\/2023\/03\/HOGAN-neon-1-van-1.jpg\",\"width\":2000,\"height\":2000},{\"@type\":\"BreadcrumbList\",\"@id\":\"https:\/\/www.voustensports.com\/fr\/hogan-baskets-vert-36562-2\/#breadcrumb\",\"itemListElement\":[{\"@type\":\"ListItem\",\"position\":1,\"name\":\"Home\",\"item\":\"https:\/\/www.voustensports.com\/fr\/\"},{\"@type\":\"ListItem\",\"position\":2,\"name\":\"Boutique\",\"item\":\"https:\/\/www.voustensports.com\/fr\/shop\/\"},{\"@type\":\"ListItem\",\"position\":3,\"name\":\"HOGAN &#8211; Baskets vert (36562)\"}]},{\"@type\":\"WebSite\",\"@id\":\"https:\/\/www.voustensports.com\/nl\/#website\",\"url\":\"https:\/\/www.voustensports.com\/nl\/\",\"name\":\"Vousten Sports\",\"description\":\"\",\"potentialAction\":[{\"@type\":\"SearchAction\",\"target\":{\"@type\":\"EntryPoint\",\"urlTemplate\":\"https:\/\/www.voustensports.com\/nl\/?s={search_term_string}\"},\"query-input\":{\"@type\":\"PropertyValueSpecification\",\"valueRequired\":true,\"valueName\":\"search_term_string\"}}],\"inLanguage\":\"fr-FR\"}]}<\/script>\n<!-- \/ Yoast SEO plugin. -->","yoast_head_json":{"title":"HOGAN - Baskets vert (36562) - Vousten Sports","robots":{"index":"index","follow":"follow","max-snippet":"max-snippet:-1","max-image-preview":"max-image-preview:large","max-video-preview":"max-video-preview:-1"},"canonical":"https:\/\/www.voustensports.com\/fr\/hogan-baskets-vert-36562-2\/","og_locale":"fr_FR","og_type":"article","og_title":"HOGAN - Baskets vert (36562) - Vousten Sports","og_description":"Baskets combin\u00e9es pour hommes de la marque Hogan. Cette sneaker basse est compos\u00e9e de daim et de toile dans diff\u00e9rentes nuances de vert. Les lacets multicolores sont enfil\u00e9s \u00e0 travers la mati\u00e8re. L&rsquo;int\u00e9rieur est en cuir et un contrefort robuste contribue \u00e0 la facilit\u00e9 de la marche. La semelle en caoutchouc de couleur violette a [...]","og_url":"https:\/\/www.voustensports.com\/fr\/hogan-baskets-vert-36562-2\/","og_site_name":"Vousten Sports","article_modified_time":"2026-02-05T10:59:25+00:00","og_image":[{"width":2000,"height":2000,"url":"https:\/\/www.voustensports.com\/wp-content\/uploads\/2023\/03\/HOGAN-neon-1-van-1.jpg","type":"image\/jpeg"}],"twitter_card":"summary_large_image","schema":{"@context":"https:\/\/schema.org","@graph":[{"@type":"WebPage","@id":"https:\/\/www.voustensports.com\/fr\/hogan-baskets-vert-36562-2\/","url":"https:\/\/www.voustensports.com\/fr\/hogan-baskets-vert-36562-2\/","name":"HOGAN - Baskets vert (36562) - Vousten Sports","isPartOf":{"@id":"https:\/\/www.voustensports.com\/nl\/#website"},"primaryImageOfPage":{"@id":"https:\/\/www.voustensports.com\/fr\/hogan-baskets-vert-36562-2\/#primaryimage"},"image":{"@id":"https:\/\/www.voustensports.com\/fr\/hogan-baskets-vert-36562-2\/#primaryimage"},"thumbnailUrl":"https:\/\/www.voustensports.com\/wp-content\/uploads\/2023\/03\/HOGAN-neon-1-van-1.jpg","datePublished":"2025-03-26T04:32:07+00:00","dateModified":"2026-02-05T10:59:25+00:00","breadcrumb":{"@id":"https:\/\/www.voustensports.com\/fr\/hogan-baskets-vert-36562-2\/#breadcrumb"},"inLanguage":"fr-FR","potentialAction":[{"@type":"ReadAction","target":["https:\/\/www.voustensports.com\/fr\/hogan-baskets-vert-36562-2\/"]}]},{"@type":"ImageObject","inLanguage":"fr-FR","@id":"https:\/\/www.voustensports.com\/fr\/hogan-baskets-vert-36562-2\/#primaryimage","url":"https:\/\/www.voustensports.com\/wp-content\/uploads\/2023\/03\/HOGAN-neon-1-van-1.jpg","contentUrl":"https:\/\/www.voustensports.com\/wp-content\/uploads\/2023\/03\/HOGAN-neon-1-van-1.jpg","width":2000,"height":2000},{"@type":"BreadcrumbList","@id":"https:\/\/www.voustensports.com\/fr\/hogan-baskets-vert-36562-2\/#breadcrumb","itemListElement":[{"@type":"ListItem","position":1,"name":"Home","item":"https:\/\/www.voustensports.com\/fr\/"},{"@type":"ListItem","position":2,"name":"Boutique","item":"https:\/\/www.voustensports.com\/fr\/shop\/"},{"@type":"ListItem","position":3,"name":"HOGAN &#8211; Baskets vert (36562)"}]},{"@type":"WebSite","@id":"https:\/\/www.voustensports.com\/nl\/#website","url":"https:\/\/www.voustensports.com\/nl\/","name":"Vousten Sports","description":"","potentialAction":[{"@type":"SearchAction","target":{"@type":"EntryPoint","urlTemplate":"https:\/\/www.voustensports.com\/nl\/?s={search_term_string}"},"query-input":{"@type":"PropertyValueSpecification","valueRequired":true,"valueName":"search_term_string"}}],"inLanguage":"fr-FR"}]}},"_links":{"self":[{"href":"https:\/\/www.voustensports.com\/fr\/wp-json\/wp\/v2\/product\/200458","targetHints":{"allow":["GET"]}}],"collection":[{"href":"https:\/\/www.voustensports.com\/fr\/wp-json\/wp\/v2\/product"}],"about":[{"href":"https:\/\/www.voustensports.com\/fr\/wp-json\/wp\/v2\/types\/product"}],"replies":[{"embeddable":true,"href":"https:\/\/www.voustensports.com\/fr\/wp-json\/wp\/v2\/comments?post=200458"}],"wp:featuredmedia":[{"embeddable":true,"href":"https:\/\/www.voustensports.com\/fr\/wp-json\/wp\/v2\/media\/26787"}],"wp:attachment":[{"href":"https:\/\/www.voustensports.com\/fr\/wp-json\/wp\/v2\/media?parent=200458"}],"wp:term":[{"taxonomy":"product_cat","embeddable":true,"href":"https:\/\/www.voustensports.com\/fr\/wp-json\/wp\/v2\/product_cat?post=200458"},{"taxonomy":"product_tag","embeddable":true,"href":"https:\/\/www.voustensports.com\/fr\/wp-json\/wp\/v2\/product_tag?post=200458"}],"curies":[{"name":"wp","href":"https:\/\/api.w.org\/{rel}","templated":true}]}}